{"id":507489,"date":"2025-07-24T09:32:05","date_gmt":"2025-07-24T09:32:07","guid":{"rendered":"https:\/\/www.erresse-shop.it\/?post_type=product&#038;p=507489"},"modified":"2025-07-24T09:42:48","modified_gmt":"2025-07-24T09:42:48","slug":"foppapedretti-leiter-lascala-3-0-walnuesse","status":"publish","type":"product","link":"https:\/\/www.erresse-shop.it\/de\/shop\/einrichtung-haus\/moebel\/foppapedretti-leiter-lascala-3-0-walnuesse\/","title":{"rendered":"FOPPAPEDRETTI Leiter laScala 3.0 Waln\u00fcsse"},"content":{"rendered":"<p>Die Holzleiter laScala 3.0 von Foppapedretti ist stabil und sicher: Sie steht auch im geschlossenen Zustand von selbst und nimmt wenig Platz ein. Es verf\u00fcgt \u00fcber Kippschutzf\u00fc\u00dfe und rutschfeste Stufen.<\/p>\n<p>Es verf\u00fcgt \u00fcber eine Struktur aus massivem Buchenholz, die mit Farbe auf Wasserbasis lackiert ist, und wird in Italien hergestellt. Komplettiert wird es durch eine Sicherheitsbarriere, eine gro\u00dfe Plattform und eine praktische Werkzeugablage.<\/p>\n<p>Das Sicherheitsverriegelungssystem verhindert das Zuklappen der Leiter und sorgt so f\u00fcr einen festen und sicheren Stand. Dank der kratzfesten Gummir\u00e4der l\u00e4sst er sich leicht verschieben.<br \/>\nMaximale Belastung: 150 kg.<br \/>\nH\u00f6he vom Boden der h\u00f6chsten Auflagefl\u00e4che: 67 cm.<\/p>\n<p><strong>Entspricht der europ\u00e4ischen Norm EN 131.<\/strong><\/p>\n<p>Das T\u00dcV S\u00dcD-Zeichen garantiert und zertifiziert die Produktsicherheit.<br \/>\nT\u00dcV S\u00dcD-zertifiziert (internationale Pr\u00fcf- und Zertifizierungsstelle, die die Sicherheit und Qualit\u00e4t von Produkten garantiert).<\/p>\n<p><strong>Die St\u00e4rken von Foppapedrettis laScala 3.0 sind:<\/strong><\/p>\n<ul>\n<li>T\u00dcV S\u00dcD-zertifiziert (internationale Pr\u00fcf- und Zertifizierungsstelle, die Produktsicherheit und -qualit\u00e4t garantiert).<\/li>\n<li>Hohe Stabilit\u00e4t dank Kippschutzf\u00fc\u00dfen, Sicherheitsverriegelung und Sicherheitsbarriere<\/li>\n<li>Praktische Handhabung dank breiter Plattform, rutschfesten Stufen und Ablagefach<\/li>\n<li>Leicht zu bewegen dank der kratzfesten Gummir\u00e4der<\/li>\n<li>Im geschlossenen Zustand nimmt es sehr wenig Platz ein: nur 17 Zentimeter<\/li>\n<li>Wasserbasiertes lackiertes Holz.<\/li>\n<\/ul>\n<p><strong>Ma\u00dfe:<\/strong><\/p>\n<ul>\n<li>Ma\u00dfe ge\u00f6ffnet cm: H 156 | S. 72 | L 64<\/li>\n<li>Ma\u00dfe geschlossen cm: H 92 | S. 17 | L 64<\/li>\n<\/ul>\n<p><strong>Gewicht:<\/strong> 10 kg<\/p>\n","protected":false},"excerpt":{"rendered":"<p>Die Holzleiter laScala 3.0 von Foppapedretti ist stabil und sicher: Sie steht auch im geschlossenen Zustand von selbst und nimmt<\/p>\n","protected":false},"featured_media":507510,"template":"","meta":{"_acf_changed":false,"inline_featured_image":false},"product_cat":[6817,17095],"product_tag":[],"acf":[],"yoast_head":"<!-- This site is optimized with the Yoast SEO Premium plugin v18.6 (Yoast SEO v19.13) - https:\/\/yoast.com\/wordpress\/plugins\/seo\/ -->\n<title>FOPPAPEDRETTI W\u00e4schest\u00e4nder SuoerGulliver 4.0 Holz<\/title>\n<meta name=\"description\" content=\"Entdecken Sie FOPPAPEDRETTI W\u00e4schest\u00e4nder SuoerGulliver 4.0 Holz bei ErresseShop. Qualit\u00e4t, Stil und Funktionalit\u00e4t \u2013 jetzt online bestellen!\" \/>\n<meta name=\"robots\" content=\"index, follow, max-snippet:-1, max-image-preview:large, max-video-preview:-1\" \/>\n<link rel=\"canonical\" href=\"https:\/\/www.erresse-shop.it\/de\/shop\/einrichtung-haus\/moebel\/foppapedretti-leiter-lascala-3-0-walnuesse\/\" \/>\n<meta property=\"og:locale\" content=\"de_DE\" \/>\n<meta property=\"og:type\" content=\"article\" \/>\n<meta property=\"og:title\" content=\"FOPPAPEDRETTI Leiter laScala 3.0 Waln\u00fcsse\" \/>\n<meta property=\"og:description\" content=\"Entdecken Sie FOPPAPEDRETTI W\u00e4schest\u00e4nder SuoerGulliver 4.0 Holz bei ErresseShop. Qualit\u00e4t, Stil und Funktionalit\u00e4t \u2013 jetzt online bestellen!\" \/>\n<meta property=\"og:url\" content=\"https:\/\/www.erresse-shop.it\/de\/shop\/einrichtung-haus\/moebel\/foppapedretti-leiter-lascala-3-0-walnuesse\/\" \/>\n<meta property=\"og:site_name\" content=\"Erresse Shop\" \/>\n<meta property=\"article:modified_time\" content=\"2025-07-24T09:42:48+00:00\" \/>\n<meta property=\"og:image\" content=\"https:\/\/www.erresse-shop.it\/wp-content\/uploads\/2025\/07\/FOPPAPEDRETTI-Scala-laScala-3.0-Noce.jpg\" \/>\n\t<meta property=\"og:image:width\" content=\"1200\" \/>\n\t<meta property=\"og:image:height\" content=\"1200\" \/>\n\t<meta property=\"og:image:type\" content=\"image\/jpeg\" \/>\n<meta name=\"twitter:card\" content=\"summary_large_image\" \/>\n<script type=\"application\/ld+json\" class=\"yoast-schema-graph\">{\"@context\":\"https:\/\/schema.org\",\"@graph\":[{\"@type\":\"WebPage\",\"@id\":\"https:\/\/www.erresse-shop.it\/de\/shop\/einrichtung-haus\/moebel\/foppapedretti-leiter-lascala-3-0-walnuesse\/\",\"url\":\"https:\/\/www.erresse-shop.it\/de\/shop\/einrichtung-haus\/moebel\/foppapedretti-leiter-lascala-3-0-walnuesse\/\",\"name\":\"FOPPAPEDRETTI W\u00e4schest\u00e4nder SuoerGulliver 4.0 Holz\",\"isPartOf\":{\"@id\":\"https:\/\/www.erresse-shop.it\/de\/#website\"},\"datePublished\":\"2025-07-24T09:32:07+00:00\",\"dateModified\":\"2025-07-24T09:42:48+00:00\",\"description\":\"Entdecken Sie FOPPAPEDRETTI W\u00e4schest\u00e4nder SuoerGulliver 4.0 Holz bei ErresseShop. Qualit\u00e4t, Stil und Funktionalit\u00e4t \u2013 jetzt online bestellen!\",\"breadcrumb\":{\"@id\":\"https:\/\/www.erresse-shop.it\/de\/shop\/einrichtung-haus\/moebel\/foppapedretti-leiter-lascala-3-0-walnuesse\/#breadcrumb\"},\"inLanguage\":\"de-DE\",\"potentialAction\":[{\"@type\":\"ReadAction\",\"target\":[\"https:\/\/www.erresse-shop.it\/de\/shop\/einrichtung-haus\/moebel\/foppapedretti-leiter-lascala-3-0-walnuesse\/\"]}]},{\"@type\":\"BreadcrumbList\",\"@id\":\"https:\/\/www.erresse-shop.it\/de\/shop\/einrichtung-haus\/moebel\/foppapedretti-leiter-lascala-3-0-walnuesse\/#breadcrumb\",\"itemListElement\":[{\"@type\":\"ListItem\",\"position\":1,\"name\":\"Home\",\"item\":\"https:\/\/www.erresse-shop.it\/de\/\"},{\"@type\":\"ListItem\",\"position\":2,\"name\":\"Shop\",\"item\":\"https:\/\/www.erresse-shop.it\/de\/shop\/\"},{\"@type\":\"ListItem\",\"position\":3,\"name\":\"FOPPAPEDRETTI Leiter laScala 3.0 Waln\u00fcsse\"}]},{\"@type\":\"WebSite\",\"@id\":\"https:\/\/www.erresse-shop.it\/de\/#website\",\"url\":\"https:\/\/www.erresse-shop.it\/de\/\",\"name\":\"Erresse Shop\",\"description\":\"Articoli di qualit\u00e0 per la casa\",\"potentialAction\":[{\"@type\":\"SearchAction\",\"target\":{\"@type\":\"EntryPoint\",\"urlTemplate\":\"https:\/\/www.erresse-shop.it\/de\/?s={search_term_string}\"},\"query-input\":\"required name=search_term_string\"}],\"inLanguage\":\"de-DE\"}]}<\/script>\n<!-- \/ Yoast SEO Premium plugin. -->","yoast_head_json":{"title":"FOPPAPEDRETTI W\u00e4schest\u00e4nder SuoerGulliver 4.0 Holz","description":"Entdecken Sie FOPPAPEDRETTI W\u00e4schest\u00e4nder SuoerGulliver 4.0 Holz bei ErresseShop. Qualit\u00e4t, Stil und Funktionalit\u00e4t \u2013 jetzt online bestellen!","robots":{"index":"index","follow":"follow","max-snippet":"max-snippet:-1","max-image-preview":"max-image-preview:large","max-video-preview":"max-video-preview:-1"},"canonical":"https:\/\/www.erresse-shop.it\/de\/shop\/einrichtung-haus\/moebel\/foppapedretti-leiter-lascala-3-0-walnuesse\/","og_locale":"de_DE","og_type":"article","og_title":"FOPPAPEDRETTI Leiter laScala 3.0 Waln\u00fcsse","og_description":"Entdecken Sie FOPPAPEDRETTI W\u00e4schest\u00e4nder SuoerGulliver 4.0 Holz bei ErresseShop. Qualit\u00e4t, Stil und Funktionalit\u00e4t \u2013 jetzt online bestellen!","og_url":"https:\/\/www.erresse-shop.it\/de\/shop\/einrichtung-haus\/moebel\/foppapedretti-leiter-lascala-3-0-walnuesse\/","og_site_name":"Erresse Shop","article_modified_time":"2025-07-24T09:42:48+00:00","og_image":[{"width":1200,"height":1200,"url":"https:\/\/www.erresse-shop.it\/wp-content\/uploads\/2025\/07\/FOPPAPEDRETTI-Scala-laScala-3.0-Noce.jpg","type":"image\/jpeg"}],"twitter_card":"summary_large_image","schema":{"@context":"https:\/\/schema.org","@graph":[{"@type":"WebPage","@id":"https:\/\/www.erresse-shop.it\/de\/shop\/einrichtung-haus\/moebel\/foppapedretti-leiter-lascala-3-0-walnuesse\/","url":"https:\/\/www.erresse-shop.it\/de\/shop\/einrichtung-haus\/moebel\/foppapedretti-leiter-lascala-3-0-walnuesse\/","name":"FOPPAPEDRETTI W\u00e4schest\u00e4nder SuoerGulliver 4.0 Holz","isPartOf":{"@id":"https:\/\/www.erresse-shop.it\/de\/#website"},"datePublished":"2025-07-24T09:32:07+00:00","dateModified":"2025-07-24T09:42:48+00:00","description":"Entdecken Sie FOPPAPEDRETTI W\u00e4schest\u00e4nder SuoerGulliver 4.0 Holz bei ErresseShop. Qualit\u00e4t, Stil und Funktionalit\u00e4t \u2013 jetzt online bestellen!","breadcrumb":{"@id":"https:\/\/www.erresse-shop.it\/de\/shop\/einrichtung-haus\/moebel\/foppapedretti-leiter-lascala-3-0-walnuesse\/#breadcrumb"},"inLanguage":"de-DE","potentialAction":[{"@type":"ReadAction","target":["https:\/\/www.erresse-shop.it\/de\/shop\/einrichtung-haus\/moebel\/foppapedretti-leiter-lascala-3-0-walnuesse\/"]}]},{"@type":"BreadcrumbList","@id":"https:\/\/www.erresse-shop.it\/de\/shop\/einrichtung-haus\/moebel\/foppapedretti-leiter-lascala-3-0-walnuesse\/#breadcrumb","itemListElement":[{"@type":"ListItem","position":1,"name":"Home","item":"https:\/\/www.erresse-shop.it\/de\/"},{"@type":"ListItem","position":2,"name":"Shop","item":"https:\/\/www.erresse-shop.it\/de\/shop\/"},{"@type":"ListItem","position":3,"name":"FOPPAPEDRETTI Leiter laScala 3.0 Waln\u00fcsse"}]},{"@type":"WebSite","@id":"https:\/\/www.erresse-shop.it\/de\/#website","url":"https:\/\/www.erresse-shop.it\/de\/","name":"Erresse Shop","description":"Articoli di qualit\u00e0 per la casa","potentialAction":[{"@type":"SearchAction","target":{"@type":"EntryPoint","urlTemplate":"https:\/\/www.erresse-shop.it\/de\/?s={search_term_string}"},"query-input":"required name=search_term_string"}],"inLanguage":"de-DE"}]}},"df_price":189.95,"df_sale_price":189.95,"df_regular_price":288.9,"df_image_link":"https:\/\/www.erresse-shop.it\/wp-content\/uploads\/2025\/07\/FOPPAPEDRETTI-Scala-laScala-3.0-Noce-300x300.jpg","_links":{"self":[{"href":"https:\/\/www.erresse-shop.it\/de\/wp-json\/wp\/v2\/product\/507489"}],"collection":[{"href":"https:\/\/www.erresse-shop.it\/de\/wp-json\/wp\/v2\/product"}],"about":[{"href":"https:\/\/www.erresse-shop.it\/de\/wp-json\/wp\/v2\/types\/product"}],"wp:featuredmedia":[{"embeddable":true,"href":"https:\/\/www.erresse-shop.it\/de\/wp-json\/wp\/v2\/media\/507510"}],"wp:attachment":[{"href":"https:\/\/www.erresse-shop.it\/de\/wp-json\/wp\/v2\/media?parent=507489"}],"wp:term":[{"taxonomy":"product_cat","embeddable":true,"href":"https:\/\/www.erresse-shop.it\/de\/wp-json\/wp\/v2\/product_cat?post=507489"},{"taxonomy":"product_tag","embeddable":true,"href":"https:\/\/www.erresse-shop.it\/de\/wp-json\/wp\/v2\/product_tag?post=507489"}],"curies":[{"name":"wp","href":"https:\/\/api.w.org\/{rel}","templated":true}]}}