{"id":507407,"date":"2025-07-24T08:43:36","date_gmt":"2025-07-24T08:43:38","guid":{"rendered":"https:\/\/www.erresse-shop.it\/?post_type=product&#038;p=507407"},"modified":"2025-11-08T14:39:37","modified_gmt":"2025-11-08T14:39:37","slug":"foppapedretti-waeschestaender-gulliver-4-0-holz","status":"publish","type":"product","link":"https:\/\/www.erresse-shop.it\/de\/shop\/einrichtung-haus\/waeschestaender\/foppapedretti-waeschestaender-gulliver-4-0-holz\/","title":{"rendered":"FOPPAPEDRETTI W\u00e4schest\u00e4nder Gulliver 4.0 Holz"},"content":{"rendered":"<p>Der neue faltbare W\u00e4schest\u00e4nder aus Holz Gulliver 4.0 von Foppapedretti ist nach 40 Jahren Erfolg eine Neuinterpretation unseres Bestsellers Gulliver mit modernem Design und innovativer Holzverarbeitung.<\/p>\n<p>Gulliver 4.0 verf\u00fcgt \u00fcber eine FSC-zertifizierte Massivholzstruktur, die sich durch abgerundete Formen auszeichnet und in 3 Farbvarianten erh\u00e4ltlich ist.<\/p>\n<p>Gulliver 4.0 l\u00e4sst sich an die Menge der zu trocknenden W\u00e4sche anpassen: Er verf\u00fcgt \u00fcber eine 27 Meter lange W\u00e4scheleine und \u00f6ffnet sich dank unabh\u00e4ngiger Seiten- und Vorderarme mit lackierten Aluminiumstangen je nach der zu trocknenden W\u00e4schemenge. Gulliver 4.0 l\u00e4sst sich auf eine sehr kleine Gr\u00f6\u00dfe von nur 14 Zentimetern zusammenfalten und kann sogar alleine aufrecht stehen \u2026 und kann dank seiner robusten gebremsten R\u00e4der leicht bewegt werden. Es kann \u00fcberall platziert werden.<\/p>\n<p>Im Lieferumfang sind sechs bunte Clothy-W\u00e4scheklammern enthalten, die in der praktischen Ablage an einer Seite des W\u00e4schest\u00e4nders aufbewahrt werden k\u00f6nnen oder auch separat erh\u00e4ltlich sind.<\/p>\n<p>Das T\u00dcV S\u00dcD-Zeichen garantiert und zertifiziert die Produktsicherheit.<br \/>\nT\u00dcV S\u00dcD-zertifiziert (internationale Pr\u00fcf- und Zertifizierungsstelle, die die Sicherheit und Qualit\u00e4t von Produkten garantiert).<\/p>\n<p><strong>Ma\u00dfe:<\/strong><\/p>\n<ul>\n<li>Ma\u00dfe ge\u00f6ffnet cm: H 105 | S. 80 | L 174<\/li>\n<li>Ma\u00dfe geschlossen cm: H 103 | S. 55 | L 14<\/li>\n<\/ul>\n<p><strong>Gewicht:<\/strong> 7,9 kg<\/p>\n","protected":false},"excerpt":{"rendered":"<p>Der neue faltbare W\u00e4schest\u00e4nder aus Holz Gulliver 4.0 von Foppapedretti ist nach 40 Jahren Erfolg eine Neuinterpretation unseres Bestsellers Gulliver<\/p>\n","protected":false},"featured_media":507428,"template":"","meta":{"_acf_changed":false,"inline_featured_image":false},"product_cat":[6817,18519],"product_tag":[21822,18475,18476],"acf":[],"yoast_head":"<!-- This site is optimized with the Yoast SEO Premium plugin v18.6 (Yoast SEO v19.13) - https:\/\/yoast.com\/wordpress\/plugins\/seo\/ -->\n<title>FOPPAPEDRETTI W\u00e4schest\u00e4nder SuoerGulliver 4.0 Holz<\/title>\n<meta name=\"description\" content=\"Entdecken Sie FOPPAPEDRETTI W\u00e4schest\u00e4nder SuoerGulliver 4.0 Holz bei ErresseShop. Qualit\u00e4t, Stil und Funktionalit\u00e4t \u2013 jetzt online bestellen!\" \/>\n<meta name=\"robots\" content=\"index, follow, max-snippet:-1, max-image-preview:large, max-video-preview:-1\" \/>\n<link rel=\"canonical\" href=\"https:\/\/www.erresse-shop.it\/de\/shop\/einrichtung-haus\/waeschestaender\/foppapedretti-waeschestaender-gulliver-4-0-holz\/\" \/>\n<meta property=\"og:locale\" content=\"de_DE\" \/>\n<meta property=\"og:type\" content=\"article\" \/>\n<meta property=\"og:title\" content=\"FOPPAPEDRETTI W\u00e4schest\u00e4nder Gulliver 4.0 Holz\" \/>\n<meta property=\"og:description\" content=\"Entdecken Sie FOPPAPEDRETTI W\u00e4schest\u00e4nder SuoerGulliver 4.0 Holz bei ErresseShop. Qualit\u00e4t, Stil und Funktionalit\u00e4t \u2013 jetzt online bestellen!\" \/>\n<meta property=\"og:url\" content=\"https:\/\/www.erresse-shop.it\/de\/shop\/einrichtung-haus\/waeschestaender\/foppapedretti-waeschestaender-gulliver-4-0-holz\/\" \/>\n<meta property=\"og:site_name\" content=\"Erresse Shop\" \/>\n<meta property=\"article:modified_time\" content=\"2025-11-08T14:39:37+00:00\" \/>\n<meta property=\"og:image\" content=\"https:\/\/www.erresse-shop.it\/wp-content\/uploads\/2025\/07\/FOPPAPEDRETTI-Stendibiancheria-Gulliver-4.0-Legno.jpg\" \/>\n\t<meta property=\"og:image:width\" content=\"1200\" \/>\n\t<meta property=\"og:image:height\" content=\"1200\" \/>\n\t<meta property=\"og:image:type\" content=\"image\/jpeg\" \/>\n<meta name=\"twitter:card\" content=\"summary_large_image\" \/>\n<script type=\"application\/ld+json\" class=\"yoast-schema-graph\">{\"@context\":\"https:\/\/schema.org\",\"@graph\":[{\"@type\":\"WebPage\",\"@id\":\"https:\/\/www.erresse-shop.it\/de\/shop\/einrichtung-haus\/waeschestaender\/foppapedretti-waeschestaender-gulliver-4-0-holz\/\",\"url\":\"https:\/\/www.erresse-shop.it\/de\/shop\/einrichtung-haus\/waeschestaender\/foppapedretti-waeschestaender-gulliver-4-0-holz\/\",\"name\":\"FOPPAPEDRETTI W\u00e4schest\u00e4nder SuoerGulliver 4.0 Holz\",\"isPartOf\":{\"@id\":\"https:\/\/www.erresse-shop.it\/de\/#website\"},\"datePublished\":\"2025-07-24T08:43:38+00:00\",\"dateModified\":\"2025-11-08T14:39:37+00:00\",\"description\":\"Entdecken Sie FOPPAPEDRETTI W\u00e4schest\u00e4nder SuoerGulliver 4.0 Holz bei ErresseShop. Qualit\u00e4t, Stil und Funktionalit\u00e4t \u2013 jetzt online bestellen!\",\"breadcrumb\":{\"@id\":\"https:\/\/www.erresse-shop.it\/de\/shop\/einrichtung-haus\/waeschestaender\/foppapedretti-waeschestaender-gulliver-4-0-holz\/#breadcrumb\"},\"inLanguage\":\"de-DE\",\"potentialAction\":[{\"@type\":\"ReadAction\",\"target\":[\"https:\/\/www.erresse-shop.it\/de\/shop\/einrichtung-haus\/waeschestaender\/foppapedretti-waeschestaender-gulliver-4-0-holz\/\"]}]},{\"@type\":\"BreadcrumbList\",\"@id\":\"https:\/\/www.erresse-shop.it\/de\/shop\/einrichtung-haus\/waeschestaender\/foppapedretti-waeschestaender-gulliver-4-0-holz\/#breadcrumb\",\"itemListElement\":[{\"@type\":\"ListItem\",\"position\":1,\"name\":\"Home\",\"item\":\"https:\/\/www.erresse-shop.it\/de\/\"},{\"@type\":\"ListItem\",\"position\":2,\"name\":\"Shop\",\"item\":\"https:\/\/www.erresse-shop.it\/de\/shop\/\"},{\"@type\":\"ListItem\",\"position\":3,\"name\":\"FOPPAPEDRETTI W\u00e4schest\u00e4nder Gulliver 4.0 Holz\"}]},{\"@type\":\"WebSite\",\"@id\":\"https:\/\/www.erresse-shop.it\/de\/#website\",\"url\":\"https:\/\/www.erresse-shop.it\/de\/\",\"name\":\"Erresse Shop\",\"description\":\"Articoli di qualit\u00e0 per la casa\",\"potentialAction\":[{\"@type\":\"SearchAction\",\"target\":{\"@type\":\"EntryPoint\",\"urlTemplate\":\"https:\/\/www.erresse-shop.it\/de\/?s={search_term_string}\"},\"query-input\":\"required name=search_term_string\"}],\"inLanguage\":\"de-DE\"}]}<\/script>\n<!-- \/ Yoast SEO Premium plugin. -->","yoast_head_json":{"title":"FOPPAPEDRETTI W\u00e4schest\u00e4nder SuoerGulliver 4.0 Holz","description":"Entdecken Sie FOPPAPEDRETTI W\u00e4schest\u00e4nder SuoerGulliver 4.0 Holz bei ErresseShop. Qualit\u00e4t, Stil und Funktionalit\u00e4t \u2013 jetzt online bestellen!","robots":{"index":"index","follow":"follow","max-snippet":"max-snippet:-1","max-image-preview":"max-image-preview:large","max-video-preview":"max-video-preview:-1"},"canonical":"https:\/\/www.erresse-shop.it\/de\/shop\/einrichtung-haus\/waeschestaender\/foppapedretti-waeschestaender-gulliver-4-0-holz\/","og_locale":"de_DE","og_type":"article","og_title":"FOPPAPEDRETTI W\u00e4schest\u00e4nder Gulliver 4.0 Holz","og_description":"Entdecken Sie FOPPAPEDRETTI W\u00e4schest\u00e4nder SuoerGulliver 4.0 Holz bei ErresseShop. Qualit\u00e4t, Stil und Funktionalit\u00e4t \u2013 jetzt online bestellen!","og_url":"https:\/\/www.erresse-shop.it\/de\/shop\/einrichtung-haus\/waeschestaender\/foppapedretti-waeschestaender-gulliver-4-0-holz\/","og_site_name":"Erresse Shop","article_modified_time":"2025-11-08T14:39:37+00:00","og_image":[{"width":1200,"height":1200,"url":"https:\/\/www.erresse-shop.it\/wp-content\/uploads\/2025\/07\/FOPPAPEDRETTI-Stendibiancheria-Gulliver-4.0-Legno.jpg","type":"image\/jpeg"}],"twitter_card":"summary_large_image","schema":{"@context":"https:\/\/schema.org","@graph":[{"@type":"WebPage","@id":"https:\/\/www.erresse-shop.it\/de\/shop\/einrichtung-haus\/waeschestaender\/foppapedretti-waeschestaender-gulliver-4-0-holz\/","url":"https:\/\/www.erresse-shop.it\/de\/shop\/einrichtung-haus\/waeschestaender\/foppapedretti-waeschestaender-gulliver-4-0-holz\/","name":"FOPPAPEDRETTI W\u00e4schest\u00e4nder SuoerGulliver 4.0 Holz","isPartOf":{"@id":"https:\/\/www.erresse-shop.it\/de\/#website"},"datePublished":"2025-07-24T08:43:38+00:00","dateModified":"2025-11-08T14:39:37+00:00","description":"Entdecken Sie FOPPAPEDRETTI W\u00e4schest\u00e4nder SuoerGulliver 4.0 Holz bei ErresseShop. Qualit\u00e4t, Stil und Funktionalit\u00e4t \u2013 jetzt online bestellen!","breadcrumb":{"@id":"https:\/\/www.erresse-shop.it\/de\/shop\/einrichtung-haus\/waeschestaender\/foppapedretti-waeschestaender-gulliver-4-0-holz\/#breadcrumb"},"inLanguage":"de-DE","potentialAction":[{"@type":"ReadAction","target":["https:\/\/www.erresse-shop.it\/de\/shop\/einrichtung-haus\/waeschestaender\/foppapedretti-waeschestaender-gulliver-4-0-holz\/"]}]},{"@type":"BreadcrumbList","@id":"https:\/\/www.erresse-shop.it\/de\/shop\/einrichtung-haus\/waeschestaender\/foppapedretti-waeschestaender-gulliver-4-0-holz\/#breadcrumb","itemListElement":[{"@type":"ListItem","position":1,"name":"Home","item":"https:\/\/www.erresse-shop.it\/de\/"},{"@type":"ListItem","position":2,"name":"Shop","item":"https:\/\/www.erresse-shop.it\/de\/shop\/"},{"@type":"ListItem","position":3,"name":"FOPPAPEDRETTI W\u00e4schest\u00e4nder Gulliver 4.0 Holz"}]},{"@type":"WebSite","@id":"https:\/\/www.erresse-shop.it\/de\/#website","url":"https:\/\/www.erresse-shop.it\/de\/","name":"Erresse Shop","description":"Articoli di qualit\u00e0 per la casa","potentialAction":[{"@type":"SearchAction","target":{"@type":"EntryPoint","urlTemplate":"https:\/\/www.erresse-shop.it\/de\/?s={search_term_string}"},"query-input":"required name=search_term_string"}],"inLanguage":"de-DE"}]}},"df_price":285.5,"df_sale_price":285.5,"df_regular_price":285.5,"df_image_link":"https:\/\/www.erresse-shop.it\/wp-content\/uploads\/2025\/07\/FOPPAPEDRETTI-Stendibiancheria-Gulliver-4.0-Legno-300x300.jpg","_links":{"self":[{"href":"https:\/\/www.erresse-shop.it\/de\/wp-json\/wp\/v2\/product\/507407"}],"collection":[{"href":"https:\/\/www.erresse-shop.it\/de\/wp-json\/wp\/v2\/product"}],"about":[{"href":"https:\/\/www.erresse-shop.it\/de\/wp-json\/wp\/v2\/types\/product"}],"wp:featuredmedia":[{"embeddable":true,"href":"https:\/\/www.erresse-shop.it\/de\/wp-json\/wp\/v2\/media\/507428"}],"wp:attachment":[{"href":"https:\/\/www.erresse-shop.it\/de\/wp-json\/wp\/v2\/media?parent=507407"}],"wp:term":[{"taxonomy":"product_cat","embeddable":true,"href":"https:\/\/www.erresse-shop.it\/de\/wp-json\/wp\/v2\/product_cat?post=507407"},{"taxonomy":"product_tag","embeddable":true,"href":"https:\/\/www.erresse-shop.it\/de\/wp-json\/wp\/v2\/product_tag?post=507407"}],"curies":[{"name":"wp","href":"https:\/\/api.w.org\/{rel}","templated":true}]}}