{"id":507376,"date":"2025-07-24T08:25:34","date_gmt":"2025-07-24T08:25:35","guid":{"rendered":"https:\/\/www.erresse-shop.it\/?post_type=product&#038;p=507376"},"modified":"2025-08-20T09:00:09","modified_gmt":"2025-08-20T09:00:09","slug":"foppapedretti-waeschestaender-gulliver-evo-natuerlich","status":"publish","type":"product","link":"https:\/\/www.erresse-shop.it\/de\/shop\/einrichtung-haus\/waeschestaender\/foppapedretti-waeschestaender-gulliver-evo-natuerlich\/","title":{"rendered":"FOPPAPEDRETTI W\u00e4schest\u00e4nder Gulliver Evo Nat\u00fcrlich"},"content":{"rendered":"<p>Der faltbare W\u00e4schest\u00e4nder Gulliver aus Holz von Foppapedretti l\u00e4sst sich je nach der Menge der aufzuh\u00e4ngenden W\u00e4sche anpassen. Und wenn er nicht ben\u00f6tigt wird, l\u00e4sst er sich platzsparend zusammenfalten (nur 14 Zentimeter gro\u00df) \u2026 und er steht sogar von alleine!<\/p>\n<p>Gulliver verf\u00fcgt \u00fcber eine ganze 27 Meter lange Leine zum Aufh\u00e4ngen von W\u00e4sche und \u00f6ffnet sich dank unabh\u00e4ngiger Seiten- und Vorderarme je nach der Menge der zu trocknenden W\u00e4sche.<\/p>\n<p>Die Struktur besteht aus Massivholz, es gibt jedoch auch eine f\u00fcr den Au\u00dfenbereich geeignete Variante aus wei\u00df lackiertem Aluminium. Gulliver l\u00e4sst sich dank seiner 4 robusten Schwenkr\u00e4der (2 davon mit Bremse) leicht bewegen und die lackierten Aluminiumstangen machen ihn stabil und widerstandsf\u00e4hig. Im Lieferumfang sind sechs bunte W\u00e4scheklammern \u201eClothy\u201c enthalten, die in der praktischen Ablage an einer Seite des W\u00e4schest\u00e4nders aufbewahrt werden k\u00f6nnen oder auch einzeln erh\u00e4ltlich sind.<\/p>\n<p>Gulliver ist in zwei Materialvarianten erh\u00e4ltlich: mit der klassischen Holzstruktur in den Farben Massivholz, Wenge und Canaletto oder in wei\u00df lackiertem Aluminium f\u00fcr den Au\u00dfenbereich. Die Aluminium-Farbvariante wiegt 7,3 kg.<\/p>\n<p>Das <strong>T\u00dcV S\u00dcD<\/strong>-Zeichen garantiert und zertifiziert die Produktsicherheit.<br \/>\n<strong>T\u00dcV S\u00dcD<\/strong>-zertifiziert (internationale Pr\u00fcf- und Zertifizierungsstelle, die die Sicherheit und Qualit\u00e4t von Produkten garantiert).<\/p>\n<p><strong>Gullivers St\u00e4rken sind:<\/strong><\/p>\n<ul>\n<li>27 Meter praktische Leine zum Aufh\u00e4ngen von W\u00e4sche<\/li>\n<li>Solide und stabil: Auch im geschlossenen Zustand steht es von alleine<\/li>\n<li>Im geschlossenen Zustand nimmt es nur 14 Zentimeter Platz ein und \u201everschwindet\u201c problemlos auch hinter T\u00fcren<\/li>\n<li>Dank der unabh\u00e4ngigen Seiten- und Vorderarme \u00f6ffnet er sich je nach der Menge der aufzuh\u00e4ngenden W\u00e4sche<\/li>\n<li>Dank der Schwenkr\u00e4der l\u00e4sst es sich leicht bewegen<\/li>\n<\/ul>\n<p><strong>Ma\u00dfe:<\/strong><\/p>\n<ul>\n<li>Ma\u00dfe ge\u00f6ffnet cm: H 105 | S. 80 | L 174<\/li>\n<li>Ma\u00dfe geschlossen cm: H 103 | S. 55 | L 14<\/li>\n<\/ul>\n<p><strong>Gewicht: <\/strong>7,9 kg<\/p>\n","protected":false},"excerpt":{"rendered":"<p>Der faltbare W\u00e4schest\u00e4nder Gulliver aus Holz von Foppapedretti l\u00e4sst sich je nach der Menge der aufzuh\u00e4ngenden W\u00e4sche anpassen. Und wenn<\/p>\n","protected":false},"featured_media":507399,"template":"","meta":{"_acf_changed":false,"inline_featured_image":false},"product_cat":[6817,18519],"product_tag":[21822,18475,18476],"acf":[],"yoast_head":"<!-- This site is optimized with the Yoast SEO Premium plugin v18.6 (Yoast SEO v19.13) - https:\/\/yoast.com\/wordpress\/plugins\/seo\/ -->\n<title>FOPPAPEDRETTI W\u00e4schest\u00e4nder SuoerGulliver 4.0 Holz<\/title>\n<meta name=\"description\" content=\"Entdecken Sie FOPPAPEDRETTI W\u00e4schest\u00e4nder SuoerGulliver 4.0 Holz bei ErresseShop. Qualit\u00e4t, Stil und Funktionalit\u00e4t \u2013 jetzt online bestellen!\" \/>\n<meta name=\"robots\" content=\"index, follow, max-snippet:-1, max-image-preview:large, max-video-preview:-1\" \/>\n<link rel=\"canonical\" href=\"https:\/\/www.erresse-shop.it\/de\/shop\/einrichtung-haus\/waeschestaender\/foppapedretti-waeschestaender-gulliver-evo-natuerlich\/\" \/>\n<meta property=\"og:locale\" content=\"de_DE\" \/>\n<meta property=\"og:type\" content=\"article\" \/>\n<meta property=\"og:title\" content=\"FOPPAPEDRETTI W\u00e4schest\u00e4nder Gulliver Evo Nat\u00fcrlich\" \/>\n<meta property=\"og:description\" content=\"Entdecken Sie FOPPAPEDRETTI W\u00e4schest\u00e4nder SuoerGulliver 4.0 Holz bei ErresseShop. Qualit\u00e4t, Stil und Funktionalit\u00e4t \u2013 jetzt online bestellen!\" \/>\n<meta property=\"og:url\" content=\"https:\/\/www.erresse-shop.it\/de\/shop\/einrichtung-haus\/waeschestaender\/foppapedretti-waeschestaender-gulliver-evo-natuerlich\/\" \/>\n<meta property=\"og:site_name\" content=\"Erresse Shop\" \/>\n<meta property=\"article:modified_time\" content=\"2025-08-20T09:00:09+00:00\" \/>\n<meta property=\"og:image\" content=\"https:\/\/www.erresse-shop.it\/wp-content\/uploads\/2025\/07\/FOPPAPEDRETTI-Stendibiancheria-Gulliver-Evo-Naturale.jpg\" \/>\n\t<meta property=\"og:image:width\" content=\"1200\" \/>\n\t<meta property=\"og:image:height\" content=\"1200\" \/>\n\t<meta property=\"og:image:type\" content=\"image\/jpeg\" \/>\n<meta name=\"twitter:card\" content=\"summary_large_image\" \/>\n<script type=\"application\/ld+json\" class=\"yoast-schema-graph\">{\"@context\":\"https:\/\/schema.org\",\"@graph\":[{\"@type\":\"WebPage\",\"@id\":\"https:\/\/www.erresse-shop.it\/de\/shop\/einrichtung-haus\/waeschestaender\/foppapedretti-waeschestaender-gulliver-evo-natuerlich\/\",\"url\":\"https:\/\/www.erresse-shop.it\/de\/shop\/einrichtung-haus\/waeschestaender\/foppapedretti-waeschestaender-gulliver-evo-natuerlich\/\",\"name\":\"FOPPAPEDRETTI W\u00e4schest\u00e4nder SuoerGulliver 4.0 Holz\",\"isPartOf\":{\"@id\":\"https:\/\/www.erresse-shop.it\/de\/#website\"},\"datePublished\":\"2025-07-24T08:25:35+00:00\",\"dateModified\":\"2025-08-20T09:00:09+00:00\",\"description\":\"Entdecken Sie FOPPAPEDRETTI W\u00e4schest\u00e4nder SuoerGulliver 4.0 Holz bei ErresseShop. Qualit\u00e4t, Stil und Funktionalit\u00e4t \u2013 jetzt online bestellen!\",\"breadcrumb\":{\"@id\":\"https:\/\/www.erresse-shop.it\/de\/shop\/einrichtung-haus\/waeschestaender\/foppapedretti-waeschestaender-gulliver-evo-natuerlich\/#breadcrumb\"},\"inLanguage\":\"de-DE\",\"potentialAction\":[{\"@type\":\"ReadAction\",\"target\":[\"https:\/\/www.erresse-shop.it\/de\/shop\/einrichtung-haus\/waeschestaender\/foppapedretti-waeschestaender-gulliver-evo-natuerlich\/\"]}]},{\"@type\":\"BreadcrumbList\",\"@id\":\"https:\/\/www.erresse-shop.it\/de\/shop\/einrichtung-haus\/waeschestaender\/foppapedretti-waeschestaender-gulliver-evo-natuerlich\/#breadcrumb\",\"itemListElement\":[{\"@type\":\"ListItem\",\"position\":1,\"name\":\"Home\",\"item\":\"https:\/\/www.erresse-shop.it\/de\/\"},{\"@type\":\"ListItem\",\"position\":2,\"name\":\"Shop\",\"item\":\"https:\/\/www.erresse-shop.it\/de\/shop\/\"},{\"@type\":\"ListItem\",\"position\":3,\"name\":\"FOPPAPEDRETTI W\u00e4schest\u00e4nder Gulliver Evo Nat\u00fcrlich\"}]},{\"@type\":\"WebSite\",\"@id\":\"https:\/\/www.erresse-shop.it\/de\/#website\",\"url\":\"https:\/\/www.erresse-shop.it\/de\/\",\"name\":\"Erresse Shop\",\"description\":\"Articoli di qualit\u00e0 per la casa\",\"potentialAction\":[{\"@type\":\"SearchAction\",\"target\":{\"@type\":\"EntryPoint\",\"urlTemplate\":\"https:\/\/www.erresse-shop.it\/de\/?s={search_term_string}\"},\"query-input\":\"required name=search_term_string\"}],\"inLanguage\":\"de-DE\"}]}<\/script>\n<!-- \/ Yoast SEO Premium plugin. -->","yoast_head_json":{"title":"FOPPAPEDRETTI W\u00e4schest\u00e4nder SuoerGulliver 4.0 Holz","description":"Entdecken Sie FOPPAPEDRETTI W\u00e4schest\u00e4nder SuoerGulliver 4.0 Holz bei ErresseShop. Qualit\u00e4t, Stil und Funktionalit\u00e4t \u2013 jetzt online bestellen!","robots":{"index":"index","follow":"follow","max-snippet":"max-snippet:-1","max-image-preview":"max-image-preview:large","max-video-preview":"max-video-preview:-1"},"canonical":"https:\/\/www.erresse-shop.it\/de\/shop\/einrichtung-haus\/waeschestaender\/foppapedretti-waeschestaender-gulliver-evo-natuerlich\/","og_locale":"de_DE","og_type":"article","og_title":"FOPPAPEDRETTI W\u00e4schest\u00e4nder Gulliver Evo Nat\u00fcrlich","og_description":"Entdecken Sie FOPPAPEDRETTI W\u00e4schest\u00e4nder SuoerGulliver 4.0 Holz bei ErresseShop. Qualit\u00e4t, Stil und Funktionalit\u00e4t \u2013 jetzt online bestellen!","og_url":"https:\/\/www.erresse-shop.it\/de\/shop\/einrichtung-haus\/waeschestaender\/foppapedretti-waeschestaender-gulliver-evo-natuerlich\/","og_site_name":"Erresse Shop","article_modified_time":"2025-08-20T09:00:09+00:00","og_image":[{"width":1200,"height":1200,"url":"https:\/\/www.erresse-shop.it\/wp-content\/uploads\/2025\/07\/FOPPAPEDRETTI-Stendibiancheria-Gulliver-Evo-Naturale.jpg","type":"image\/jpeg"}],"twitter_card":"summary_large_image","schema":{"@context":"https:\/\/schema.org","@graph":[{"@type":"WebPage","@id":"https:\/\/www.erresse-shop.it\/de\/shop\/einrichtung-haus\/waeschestaender\/foppapedretti-waeschestaender-gulliver-evo-natuerlich\/","url":"https:\/\/www.erresse-shop.it\/de\/shop\/einrichtung-haus\/waeschestaender\/foppapedretti-waeschestaender-gulliver-evo-natuerlich\/","name":"FOPPAPEDRETTI W\u00e4schest\u00e4nder SuoerGulliver 4.0 Holz","isPartOf":{"@id":"https:\/\/www.erresse-shop.it\/de\/#website"},"datePublished":"2025-07-24T08:25:35+00:00","dateModified":"2025-08-20T09:00:09+00:00","description":"Entdecken Sie FOPPAPEDRETTI W\u00e4schest\u00e4nder SuoerGulliver 4.0 Holz bei ErresseShop. Qualit\u00e4t, Stil und Funktionalit\u00e4t \u2013 jetzt online bestellen!","breadcrumb":{"@id":"https:\/\/www.erresse-shop.it\/de\/shop\/einrichtung-haus\/waeschestaender\/foppapedretti-waeschestaender-gulliver-evo-natuerlich\/#breadcrumb"},"inLanguage":"de-DE","potentialAction":[{"@type":"ReadAction","target":["https:\/\/www.erresse-shop.it\/de\/shop\/einrichtung-haus\/waeschestaender\/foppapedretti-waeschestaender-gulliver-evo-natuerlich\/"]}]},{"@type":"BreadcrumbList","@id":"https:\/\/www.erresse-shop.it\/de\/shop\/einrichtung-haus\/waeschestaender\/foppapedretti-waeschestaender-gulliver-evo-natuerlich\/#breadcrumb","itemListElement":[{"@type":"ListItem","position":1,"name":"Home","item":"https:\/\/www.erresse-shop.it\/de\/"},{"@type":"ListItem","position":2,"name":"Shop","item":"https:\/\/www.erresse-shop.it\/de\/shop\/"},{"@type":"ListItem","position":3,"name":"FOPPAPEDRETTI W\u00e4schest\u00e4nder Gulliver Evo Nat\u00fcrlich"}]},{"@type":"WebSite","@id":"https:\/\/www.erresse-shop.it\/de\/#website","url":"https:\/\/www.erresse-shop.it\/de\/","name":"Erresse Shop","description":"Articoli di qualit\u00e0 per la casa","potentialAction":[{"@type":"SearchAction","target":{"@type":"EntryPoint","urlTemplate":"https:\/\/www.erresse-shop.it\/de\/?s={search_term_string}"},"query-input":"required name=search_term_string"}],"inLanguage":"de-DE"}]}},"df_price":250.8,"df_sale_price":250.8,"df_regular_price":250.8,"df_image_link":"https:\/\/www.erresse-shop.it\/wp-content\/uploads\/2025\/07\/FOPPAPEDRETTI-Stendibiancheria-Gulliver-Evo-Naturale-300x300.jpg","_links":{"self":[{"href":"https:\/\/www.erresse-shop.it\/de\/wp-json\/wp\/v2\/product\/507376"}],"collection":[{"href":"https:\/\/www.erresse-shop.it\/de\/wp-json\/wp\/v2\/product"}],"about":[{"href":"https:\/\/www.erresse-shop.it\/de\/wp-json\/wp\/v2\/types\/product"}],"wp:featuredmedia":[{"embeddable":true,"href":"https:\/\/www.erresse-shop.it\/de\/wp-json\/wp\/v2\/media\/507399"}],"wp:attachment":[{"href":"https:\/\/www.erresse-shop.it\/de\/wp-json\/wp\/v2\/media?parent=507376"}],"wp:term":[{"taxonomy":"product_cat","embeddable":true,"href":"https:\/\/www.erresse-shop.it\/de\/wp-json\/wp\/v2\/product_cat?post=507376"},{"taxonomy":"product_tag","embeddable":true,"href":"https:\/\/www.erresse-shop.it\/de\/wp-json\/wp\/v2\/product_tag?post=507376"}],"curies":[{"name":"wp","href":"https:\/\/api.w.org\/{rel}","templated":true}]}}