{"id":507347,"date":"2025-07-24T08:12:45","date_gmt":"2025-07-24T08:12:47","guid":{"rendered":"https:\/\/www.erresse-shop.it\/?post_type=product&#038;p=507347"},"modified":"2025-08-17T21:40:08","modified_gmt":"2025-08-17T21:40:08","slug":"foppapedretti-buegelbrett-asso-weiss","status":"publish","type":"product","link":"https:\/\/www.erresse-shop.it\/de\/shop\/einrichtung-haus\/buegelbretter\/foppapedretti-buegelbrett-asso-weiss\/","title":{"rendered":"FOPPAPEDRETTI B\u00fcgelbrett Asso Wei\u00df"},"content":{"rendered":"<p>Das Holzb\u00fcgelbrett Asso von Foppapedretti ist die historische B\u00fcgelstation aus Massivholz, die zusammenklappbar ist und so wenig Platz einnimmt. Ein echtes Ass im \u00c4rmel italienischer Hausfrauen (und nicht nur!) seit den 1980er Jahren.<\/p>\n<p>Asso wurde f\u00fcr maximalen Komfort konzipiert und ist auch ein gro\u00dfartiger Verb\u00fcndeter, um das Haus bei Nichtgebrauch aufger\u00e4umt zu halten: Es l\u00e4sst sich vollst\u00e4ndig schlie\u00dfen, nimmt nur minimalen Platz ein und h\u00e4lt das B\u00fcgeleisen an seinem Platz. Dank der kratzfesten Gummir\u00e4der l\u00e4sst er sich ganz einfach verschieben.<\/p>\n<p><strong>Assos St\u00e4rken sind:<\/strong><\/p>\n<ul>\n<li>Das gro\u00dfe, geformte Pappelholz-B\u00fcgelbrett mit atmungsaktiven L\u00f6chern erm\u00f6glicht bequemes B\u00fcgeln und optimale Ergebnisse<\/li>\n<li>Die robuste Struktur aus massivem, lackiertem Buchenholz ist solide und langlebig<\/li>\n<li>Praktische Ablagen zur Aufbewahrung geb\u00fcgelter W\u00e4sche<\/li>\n<li>Die praktische Seitenablage mit hitzebest\u00e4ndiger Gummimatte dient als Auflage f\u00fcr das B\u00fcgeleisen<\/li>\n<li>Das B\u00fcgelbrett, auf dem Sie geb\u00fcgelte Kleidung aufbewahren k\u00f6nnen<\/li>\n<\/ul>\n<p>Das <strong>T\u00dcV S\u00dcD<\/strong>-Zeichen garantiert und zertifiziert die Produktsicherheit.<br \/>\n<strong>T\u00dcV S\u00dcD<\/strong>-zertifiziert (internationale Pr\u00fcf- und Zertifizierungsstelle, die die Sicherheit und Qualit\u00e4t von Produkten garantiert).<\/p>\n<p>Das B\u00fcgelbrett aus Pappelholz mit Bel\u00fcftungsl\u00f6chern zur Vermeidung von Kondensation beim B\u00fcgeln ist mit \u201eLaCopertina\u201c aus hitzebest\u00e4ndiger Baumwolle und Aluminiumpulver \u00fcberzogen, w\u00e4hrend zwischen \u201eLaCopertina\u201c und B\u00fcgelbrett \u201eilMollettone\u201c aus 100 % Polyester eingelegt ist, um das Brett vor der Hitze des B\u00fcgeleisens zu sch\u00fctzen. Sowohl \u201eLaCopertina\u201c als auch \u201eilMollettone\u201c k\u00f6nnen separat als Ersatz f\u00fcr Bez\u00fcge erworben werden, die mit der Zeit abgenutzt sein k\u00f6nnten.<\/p>\n<p>Das Asso-B\u00fcgelbrett ist in verschiedenen Farben erh\u00e4ltlich, um jedem Geschmack gerecht zu werden und zu jeder Art von M\u00f6beln zu passen: von klassischem Walnuss und Naturlack bis hin zu modernerem Wei\u00df, Wenge und Canaletto-Walnuss.<\/p>\n<p><strong>F\u00fcr noch mehr B\u00fcgelkomfort gibt es f\u00fcr die B\u00fcgeltische auch Zubeh\u00f6r von Foppapedretti:<\/strong><\/p>\n<ul>\n<li>&#8220;loStiragonne&#8221; zum einfachen B\u00fcgeln von R\u00f6cken und kleinen Kleidungsst\u00fccken<\/li>\n<li>\u201eloStiramaniche\u201c zum einfacheren B\u00fcgeln von Hemd- und Pullover\u00e4rmeln<\/li>\n<\/ul>\n<p><strong>Ma\u00dfe:<\/strong><\/p>\n<ul>\n<li>Ma\u00dfe ge\u00f6ffnet cm: H 96 | S. 50 | L 178<\/li>\n<li>Ma\u00dfe geschlossen cm: H 106 | S. 50 | L 30<\/li>\n<li>B\u00fcgelbrettma\u00dfe cm: T 49 | L 101<\/li>\n<\/ul>\n<p><strong>Gewicht:<\/strong> 14,3 kg<\/p>\n","protected":false},"excerpt":{"rendered":"<p>Das Holzb\u00fcgelbrett Asso von Foppapedretti ist die historische B\u00fcgelstation aus Massivholz, die zusammenklappbar ist und so wenig Platz einnimmt. Ein<\/p>\n","protected":false},"featured_media":507368,"template":"","meta":{"_acf_changed":false,"inline_featured_image":false},"product_cat":[6817,18096],"product_tag":[14058,21822,18476],"acf":[],"yoast_head":"<!-- This site is optimized with the Yoast SEO Premium plugin v18.6 (Yoast SEO v19.13) - https:\/\/yoast.com\/wordpress\/plugins\/seo\/ -->\n<title>FOPPAPEDRETTI B\u00fcgelbrett Assai 4.0 Zweifarbig<\/title>\n<meta name=\"description\" content=\"Entdecken Sie FOPPAPEDRETTI B\u00fcgelbrett Assai 4.0 Zweifarbig bei ErresseShop. Qualit\u00e4t, Stil und Funktionalit\u00e4t \u2013 jetzt online bestellen!\" \/>\n<meta name=\"robots\" content=\"index, follow, max-snippet:-1, max-image-preview:large, max-video-preview:-1\" \/>\n<link rel=\"canonical\" href=\"https:\/\/www.erresse-shop.it\/de\/shop\/einrichtung-haus\/buegelbretter\/foppapedretti-buegelbrett-asso-weiss\/\" \/>\n<meta property=\"og:locale\" content=\"de_DE\" \/>\n<meta property=\"og:type\" content=\"article\" \/>\n<meta property=\"og:title\" content=\"FOPPAPEDRETTI B\u00fcgelbrett Asso Wei\u00df\" \/>\n<meta property=\"og:description\" content=\"Entdecken Sie FOPPAPEDRETTI B\u00fcgelbrett Assai 4.0 Zweifarbig bei ErresseShop. Qualit\u00e4t, Stil und Funktionalit\u00e4t \u2013 jetzt online bestellen!\" \/>\n<meta property=\"og:url\" content=\"https:\/\/www.erresse-shop.it\/de\/shop\/einrichtung-haus\/buegelbretter\/foppapedretti-buegelbrett-asso-weiss\/\" \/>\n<meta property=\"og:site_name\" content=\"Erresse Shop\" \/>\n<meta property=\"article:modified_time\" content=\"2025-08-17T21:40:08+00:00\" \/>\n<meta property=\"og:image\" content=\"https:\/\/www.erresse-shop.it\/wp-content\/uploads\/2025\/07\/FOPPAPEDRETTI-Asse-da-Stiro-Asso-Bianco.jpg\" \/>\n\t<meta property=\"og:image:width\" content=\"1200\" \/>\n\t<meta property=\"og:image:height\" content=\"1200\" \/>\n\t<meta property=\"og:image:type\" content=\"image\/jpeg\" \/>\n<meta name=\"twitter:card\" content=\"summary_large_image\" \/>\n<script type=\"application\/ld+json\" class=\"yoast-schema-graph\">{\"@context\":\"https:\/\/schema.org\",\"@graph\":[{\"@type\":\"WebPage\",\"@id\":\"https:\/\/www.erresse-shop.it\/de\/shop\/einrichtung-haus\/buegelbretter\/foppapedretti-buegelbrett-asso-weiss\/\",\"url\":\"https:\/\/www.erresse-shop.it\/de\/shop\/einrichtung-haus\/buegelbretter\/foppapedretti-buegelbrett-asso-weiss\/\",\"name\":\"FOPPAPEDRETTI B\u00fcgelbrett Assai 4.0 Zweifarbig\",\"isPartOf\":{\"@id\":\"https:\/\/www.erresse-shop.it\/de\/#website\"},\"datePublished\":\"2025-07-24T08:12:47+00:00\",\"dateModified\":\"2025-08-17T21:40:08+00:00\",\"description\":\"Entdecken Sie FOPPAPEDRETTI B\u00fcgelbrett Assai 4.0 Zweifarbig bei ErresseShop. Qualit\u00e4t, Stil und Funktionalit\u00e4t \u2013 jetzt online bestellen!\",\"breadcrumb\":{\"@id\":\"https:\/\/www.erresse-shop.it\/de\/shop\/einrichtung-haus\/buegelbretter\/foppapedretti-buegelbrett-asso-weiss\/#breadcrumb\"},\"inLanguage\":\"de-DE\",\"potentialAction\":[{\"@type\":\"ReadAction\",\"target\":[\"https:\/\/www.erresse-shop.it\/de\/shop\/einrichtung-haus\/buegelbretter\/foppapedretti-buegelbrett-asso-weiss\/\"]}]},{\"@type\":\"BreadcrumbList\",\"@id\":\"https:\/\/www.erresse-shop.it\/de\/shop\/einrichtung-haus\/buegelbretter\/foppapedretti-buegelbrett-asso-weiss\/#breadcrumb\",\"itemListElement\":[{\"@type\":\"ListItem\",\"position\":1,\"name\":\"Home\",\"item\":\"https:\/\/www.erresse-shop.it\/de\/\"},{\"@type\":\"ListItem\",\"position\":2,\"name\":\"Shop\",\"item\":\"https:\/\/www.erresse-shop.it\/de\/shop\/\"},{\"@type\":\"ListItem\",\"position\":3,\"name\":\"FOPPAPEDRETTI B\u00fcgelbrett Asso Wei\u00df\"}]},{\"@type\":\"WebSite\",\"@id\":\"https:\/\/www.erresse-shop.it\/de\/#website\",\"url\":\"https:\/\/www.erresse-shop.it\/de\/\",\"name\":\"Erresse Shop\",\"description\":\"Articoli di qualit\u00e0 per la casa\",\"potentialAction\":[{\"@type\":\"SearchAction\",\"target\":{\"@type\":\"EntryPoint\",\"urlTemplate\":\"https:\/\/www.erresse-shop.it\/de\/?s={search_term_string}\"},\"query-input\":\"required name=search_term_string\"}],\"inLanguage\":\"de-DE\"}]}<\/script>\n<!-- \/ Yoast SEO Premium plugin. -->","yoast_head_json":{"title":"FOPPAPEDRETTI B\u00fcgelbrett Assai 4.0 Zweifarbig","description":"Entdecken Sie FOPPAPEDRETTI B\u00fcgelbrett Assai 4.0 Zweifarbig bei ErresseShop. Qualit\u00e4t, Stil und Funktionalit\u00e4t \u2013 jetzt online bestellen!","robots":{"index":"index","follow":"follow","max-snippet":"max-snippet:-1","max-image-preview":"max-image-preview:large","max-video-preview":"max-video-preview:-1"},"canonical":"https:\/\/www.erresse-shop.it\/de\/shop\/einrichtung-haus\/buegelbretter\/foppapedretti-buegelbrett-asso-weiss\/","og_locale":"de_DE","og_type":"article","og_title":"FOPPAPEDRETTI B\u00fcgelbrett Asso Wei\u00df","og_description":"Entdecken Sie FOPPAPEDRETTI B\u00fcgelbrett Assai 4.0 Zweifarbig bei ErresseShop. Qualit\u00e4t, Stil und Funktionalit\u00e4t \u2013 jetzt online bestellen!","og_url":"https:\/\/www.erresse-shop.it\/de\/shop\/einrichtung-haus\/buegelbretter\/foppapedretti-buegelbrett-asso-weiss\/","og_site_name":"Erresse Shop","article_modified_time":"2025-08-17T21:40:08+00:00","og_image":[{"width":1200,"height":1200,"url":"https:\/\/www.erresse-shop.it\/wp-content\/uploads\/2025\/07\/FOPPAPEDRETTI-Asse-da-Stiro-Asso-Bianco.jpg","type":"image\/jpeg"}],"twitter_card":"summary_large_image","schema":{"@context":"https:\/\/schema.org","@graph":[{"@type":"WebPage","@id":"https:\/\/www.erresse-shop.it\/de\/shop\/einrichtung-haus\/buegelbretter\/foppapedretti-buegelbrett-asso-weiss\/","url":"https:\/\/www.erresse-shop.it\/de\/shop\/einrichtung-haus\/buegelbretter\/foppapedretti-buegelbrett-asso-weiss\/","name":"FOPPAPEDRETTI B\u00fcgelbrett Assai 4.0 Zweifarbig","isPartOf":{"@id":"https:\/\/www.erresse-shop.it\/de\/#website"},"datePublished":"2025-07-24T08:12:47+00:00","dateModified":"2025-08-17T21:40:08+00:00","description":"Entdecken Sie FOPPAPEDRETTI B\u00fcgelbrett Assai 4.0 Zweifarbig bei ErresseShop. Qualit\u00e4t, Stil und Funktionalit\u00e4t \u2013 jetzt online bestellen!","breadcrumb":{"@id":"https:\/\/www.erresse-shop.it\/de\/shop\/einrichtung-haus\/buegelbretter\/foppapedretti-buegelbrett-asso-weiss\/#breadcrumb"},"inLanguage":"de-DE","potentialAction":[{"@type":"ReadAction","target":["https:\/\/www.erresse-shop.it\/de\/shop\/einrichtung-haus\/buegelbretter\/foppapedretti-buegelbrett-asso-weiss\/"]}]},{"@type":"BreadcrumbList","@id":"https:\/\/www.erresse-shop.it\/de\/shop\/einrichtung-haus\/buegelbretter\/foppapedretti-buegelbrett-asso-weiss\/#breadcrumb","itemListElement":[{"@type":"ListItem","position":1,"name":"Home","item":"https:\/\/www.erresse-shop.it\/de\/"},{"@type":"ListItem","position":2,"name":"Shop","item":"https:\/\/www.erresse-shop.it\/de\/shop\/"},{"@type":"ListItem","position":3,"name":"FOPPAPEDRETTI B\u00fcgelbrett Asso Wei\u00df"}]},{"@type":"WebSite","@id":"https:\/\/www.erresse-shop.it\/de\/#website","url":"https:\/\/www.erresse-shop.it\/de\/","name":"Erresse Shop","description":"Articoli di qualit\u00e0 per la casa","potentialAction":[{"@type":"SearchAction","target":{"@type":"EntryPoint","urlTemplate":"https:\/\/www.erresse-shop.it\/de\/?s={search_term_string}"},"query-input":"required name=search_term_string"}],"inLanguage":"de-DE"}]}},"df_price":225,"df_sale_price":225,"df_regular_price":417.7,"df_image_link":"https:\/\/www.erresse-shop.it\/wp-content\/uploads\/2025\/07\/FOPPAPEDRETTI-Asse-da-Stiro-Asso-Bianco-300x300.jpg","_links":{"self":[{"href":"https:\/\/www.erresse-shop.it\/de\/wp-json\/wp\/v2\/product\/507347"}],"collection":[{"href":"https:\/\/www.erresse-shop.it\/de\/wp-json\/wp\/v2\/product"}],"about":[{"href":"https:\/\/www.erresse-shop.it\/de\/wp-json\/wp\/v2\/types\/product"}],"wp:featuredmedia":[{"embeddable":true,"href":"https:\/\/www.erresse-shop.it\/de\/wp-json\/wp\/v2\/media\/507368"}],"wp:attachment":[{"href":"https:\/\/www.erresse-shop.it\/de\/wp-json\/wp\/v2\/media?parent=507347"}],"wp:term":[{"taxonomy":"product_cat","embeddable":true,"href":"https:\/\/www.erresse-shop.it\/de\/wp-json\/wp\/v2\/product_cat?post=507347"},{"taxonomy":"product_tag","embeddable":true,"href":"https:\/\/www.erresse-shop.it\/de\/wp-json\/wp\/v2\/product_tag?post=507347"}],"curies":[{"name":"wp","href":"https:\/\/api.w.org\/{rel}","templated":true}]}}