{"id":506726,"date":"2025-07-21T06:42:06","date_gmt":"2025-07-21T06:42:11","guid":{"rendered":"https:\/\/www.erresse-shop.it\/?post_type=product&#038;p=506726"},"modified":"2025-07-21T07:06:09","modified_gmt":"2025-07-21T07:06:09","slug":"magimix-micro-cromo-tellerset-arthur-krupp-wood-essence","status":"publish","type":"product","link":"https:\/\/www.erresse-shop.it\/de\/shop\/tisch\/teller-geschirr\/magimix-micro-cromo-tellerset-arthur-krupp-wood-essence\/","title":{"rendered":"MAGIMIX Micro Cromo + Tellerset Arthur Krupp Wood Essence"},"content":{"rendered":"<h4 data-start=\"397\" data-end=\"441\"><strong data-start=\"402\" data-end=\"441\">MAGIMIX Micro Chrome K\u00fcchenroboter<\/strong><\/h4>\n<p data-start=\"442\" data-end=\"776\">Kompakt, leistungsstark und intuitiv: Die <strong data-start=\"492\" data-end=\"515\">MAGIMIX Micro Cromo<\/strong> K\u00fcchenmaschine ist der ideale Verb\u00fcndete, um jede Zubereitung in der K\u00fcche zu vereinfachen. Mit seinem eleganten Design aus verchromtem Stahl vereint es \u00c4sthetik und Funktionalit\u00e4t in einem vielseitigen Werkzeug, perfekt zum Hacken, Mixen, Emulgieren und Zubereiten unz\u00e4hliger Rezepte in nur wenigen Minuten.<\/p>\n<ul data-start=\"778\" data-end=\"910\">\n<li data-start=\"778\" data-end=\"821\">\n<p data-start=\"780\" data-end=\"821\"><strong data-start=\"780\" data-end=\"819\">Professionelle Leistung und Performance<\/strong><\/p>\n<\/li>\n<li data-start=\"822\" data-end=\"855\">\n<p data-start=\"824\" data-end=\"855\"><strong data-start=\"824\" data-end=\"855\">Einfach zu verwenden und zu reinigen<\/strong><\/p>\n<\/li>\n<li data-start=\"856\" data-end=\"910\">\n<p data-start=\"858\" data-end=\"910\"><strong data-start=\"858\" data-end=\"910\">Kompaktes Design, ideal auch f\u00fcr kleine K\u00fcchen<\/strong><\/p>\n<\/li>\n<\/ul>\n<p><strong>TECHNISCHE MERKMALE:<\/strong><\/p>\n<ul>\n<li><strong>Tankinhalt:<\/strong> 0,8 l<\/li>\n<li><strong>Motorleistung:<\/strong> 290 W<\/li>\n<li><strong>Abmessungen:<\/strong> 17 x 12 x 24 cm<\/li>\n<li><strong>Gewicht:<\/strong> 1,7 kg<\/li>\n<li><strong>Hergestellt in Frankreich<\/strong><\/li>\n<\/ul>\n<h4 data-start=\"912\" data-end=\"962\"><strong data-start=\"917\" data-end=\"962\">Arthur Krupp \u2013 12er-Set Holz-Essenz-Teller<\/strong><\/h4>\n<p data-start=\"963\" data-end=\"1237\">Vervollst\u00e4ndigen Sie Ihren Tisch mit dem anspruchsvollen Stil des 12-teiligen Tafelsets <strong data-start=\"1032\" data-end=\"1061\">Arthur Krupp Wood Essence<\/strong>. Ein elegantes Set mit nat\u00fcrlichem Design, inspiriert von Holzmaserung, perfekt, um jedem Anlass eine raffinierte Note zu verleihen, vom allt\u00e4glichen Mittagessen bis zum Abendessen mit G\u00e4sten.<\/p>\n<ul data-start=\"1239\" data-end=\"1366\">\n<li data-start=\"1239\" data-end=\"1286\">\n<p data-start=\"1241\" data-end=\"1286\"><strong data-start=\"1241\" data-end=\"1286\">Widerstandsf\u00e4hige Materialien und hochwertige Verarbeitung<\/strong><\/p>\n<\/li>\n<li data-start=\"1287\" data-end=\"1325\">\n<p data-start=\"1289\" data-end=\"1325\"><strong data-start=\"1289\" data-end=\"1325\">Modernes Design mit Holzoptik<\/strong><\/p>\n<\/li>\n<li data-start=\"1326\" data-end=\"1366\">\n<p data-start=\"1328\" data-end=\"1366\"><strong data-start=\"1328\" data-end=\"1366\">Geeignet f\u00fcr Sp\u00fclmaschine und Mikrowelle<\/strong><\/p>\n<\/li>\n<\/ul>\n<p><strong>Dieses Set enth\u00e4lt:<\/strong><\/p>\n<ul>\n<li>4 flache Teller 28 cm<\/li>\n<li>4 tiefe Teller 22 cm<\/li>\n<li>4 Obstteller 20 cm<\/li>\n<\/ul>\n<p><u><\/u><span style=\"text-decoration: underline;\"><strong>Nicht zum Verkauf au\u00dferhalb Europas<\/strong><\/span><\/p>\n","protected":false},"excerpt":{"rendered":"<p>MAGIMIX Micro Chrome K\u00fcchenroboter Kompakt, leistungsstark und intuitiv: Die MAGIMIX Micro Cromo K\u00fcchenmaschine ist der ideale Verb\u00fcndete, um jede Zubereitung<\/p>\n","protected":false},"featured_media":506749,"template":"","meta":{"_acf_changed":false,"inline_featured_image":false},"product_cat":[6703,6721,6793,6787],"product_tag":[12327,21971,23262,21062,20908,20172,11971,22042],"acf":[],"yoast_head":"<!-- This site is optimized with the Yoast SEO Premium plugin v18.6 (Yoast SEO v19.13) - https:\/\/yoast.com\/wordpress\/plugins\/seo\/ -->\n<title>MAGIMIX Micro Cromo + Tellerset Arthur Krupp Wood Essence - Erresse Shop<\/title>\n<meta name=\"description\" content=\"MAGIMIX Micro Chrome K\u00fcchenroboter Kompakt, leistungsstark und intuitiv: Die MAGIMIX Micro Cromo K\u00fcchenmaschine ist der ideale Verb\u00fcndete, um jede\" \/>\n<meta name=\"robots\" content=\"index, follow, max-snippet:-1, max-image-preview:large, max-video-preview:-1\" \/>\n<link rel=\"canonical\" href=\"https:\/\/www.erresse-shop.it\/de\/shop\/tisch\/teller-geschirr\/magimix-micro-cromo-tellerset-arthur-krupp-wood-essence\/\" \/>\n<meta property=\"og:locale\" content=\"de_DE\" \/>\n<meta property=\"og:type\" content=\"article\" \/>\n<meta property=\"og:title\" content=\"MAGIMIX Micro Cromo + Tellerset Arthur Krupp Wood Essence\" \/>\n<meta property=\"og:description\" content=\"MAGIMIX Micro Chrome K\u00fcchenroboter Kompakt, leistungsstark und intuitiv: Die MAGIMIX Micro Cromo K\u00fcchenmaschine ist der ideale Verb\u00fcndete, um jede\" \/>\n<meta property=\"og:url\" content=\"https:\/\/www.erresse-shop.it\/de\/shop\/tisch\/teller-geschirr\/magimix-micro-cromo-tellerset-arthur-krupp-wood-essence\/\" \/>\n<meta property=\"og:site_name\" content=\"Erresse Shop\" \/>\n<meta property=\"article:modified_time\" content=\"2025-07-21T07:06:09+00:00\" \/>\n<meta property=\"og:image\" content=\"https:\/\/www.erresse-shop.it\/wp-content\/uploads\/2025\/07\/MAGIMIX-Micro-Cromo-Set-Piatti-Arthur-Krupp.jpg\" \/>\n\t<meta property=\"og:image:width\" content=\"1200\" \/>\n\t<meta property=\"og:image:height\" content=\"1200\" \/>\n\t<meta property=\"og:image:type\" content=\"image\/jpeg\" \/>\n<meta name=\"twitter:card\" content=\"summary_large_image\" \/>\n<script type=\"application\/ld+json\" class=\"yoast-schema-graph\">{\"@context\":\"https:\/\/schema.org\",\"@graph\":[{\"@type\":\"WebPage\",\"@id\":\"https:\/\/www.erresse-shop.it\/de\/shop\/tisch\/teller-geschirr\/magimix-micro-cromo-tellerset-arthur-krupp-wood-essence\/\",\"url\":\"https:\/\/www.erresse-shop.it\/de\/shop\/tisch\/teller-geschirr\/magimix-micro-cromo-tellerset-arthur-krupp-wood-essence\/\",\"name\":\"MAGIMIX Micro Cromo + Tellerset Arthur Krupp Wood Essence - Erresse Shop\",\"isPartOf\":{\"@id\":\"https:\/\/www.erresse-shop.it\/de\/#website\"},\"datePublished\":\"2025-07-21T06:42:11+00:00\",\"dateModified\":\"2025-07-21T07:06:09+00:00\",\"description\":\"MAGIMIX Micro Chrome K\u00fcchenroboter Kompakt, leistungsstark und intuitiv: Die MAGIMIX Micro Cromo K\u00fcchenmaschine ist der ideale Verb\u00fcndete, um jede\",\"breadcrumb\":{\"@id\":\"https:\/\/www.erresse-shop.it\/de\/shop\/tisch\/teller-geschirr\/magimix-micro-cromo-tellerset-arthur-krupp-wood-essence\/#breadcrumb\"},\"inLanguage\":\"de-DE\",\"potentialAction\":[{\"@type\":\"ReadAction\",\"target\":[\"https:\/\/www.erresse-shop.it\/de\/shop\/tisch\/teller-geschirr\/magimix-micro-cromo-tellerset-arthur-krupp-wood-essence\/\"]}]},{\"@type\":\"BreadcrumbList\",\"@id\":\"https:\/\/www.erresse-shop.it\/de\/shop\/tisch\/teller-geschirr\/magimix-micro-cromo-tellerset-arthur-krupp-wood-essence\/#breadcrumb\",\"itemListElement\":[{\"@type\":\"ListItem\",\"position\":1,\"name\":\"Home\",\"item\":\"https:\/\/www.erresse-shop.it\/de\/\"},{\"@type\":\"ListItem\",\"position\":2,\"name\":\"Shop\",\"item\":\"https:\/\/www.erresse-shop.it\/de\/shop\/\"},{\"@type\":\"ListItem\",\"position\":3,\"name\":\"MAGIMIX Micro Cromo + Tellerset Arthur Krupp Wood Essence\"}]},{\"@type\":\"WebSite\",\"@id\":\"https:\/\/www.erresse-shop.it\/de\/#website\",\"url\":\"https:\/\/www.erresse-shop.it\/de\/\",\"name\":\"Erresse Shop\",\"description\":\"Articoli di qualit\u00e0 per la casa\",\"potentialAction\":[{\"@type\":\"SearchAction\",\"target\":{\"@type\":\"EntryPoint\",\"urlTemplate\":\"https:\/\/www.erresse-shop.it\/de\/?s={search_term_string}\"},\"query-input\":\"required name=search_term_string\"}],\"inLanguage\":\"de-DE\"}]}<\/script>\n<!-- \/ Yoast SEO Premium plugin. -->","yoast_head_json":{"title":"MAGIMIX Micro Cromo + Tellerset Arthur Krupp Wood Essence - Erresse Shop","description":"MAGIMIX Micro Chrome K\u00fcchenroboter Kompakt, leistungsstark und intuitiv: Die MAGIMIX Micro Cromo K\u00fcchenmaschine ist der ideale Verb\u00fcndete, um jede","robots":{"index":"index","follow":"follow","max-snippet":"max-snippet:-1","max-image-preview":"max-image-preview:large","max-video-preview":"max-video-preview:-1"},"canonical":"https:\/\/www.erresse-shop.it\/de\/shop\/tisch\/teller-geschirr\/magimix-micro-cromo-tellerset-arthur-krupp-wood-essence\/","og_locale":"de_DE","og_type":"article","og_title":"MAGIMIX Micro Cromo + Tellerset Arthur Krupp Wood Essence","og_description":"MAGIMIX Micro Chrome K\u00fcchenroboter Kompakt, leistungsstark und intuitiv: Die MAGIMIX Micro Cromo K\u00fcchenmaschine ist der ideale Verb\u00fcndete, um jede","og_url":"https:\/\/www.erresse-shop.it\/de\/shop\/tisch\/teller-geschirr\/magimix-micro-cromo-tellerset-arthur-krupp-wood-essence\/","og_site_name":"Erresse Shop","article_modified_time":"2025-07-21T07:06:09+00:00","og_image":[{"width":1200,"height":1200,"url":"https:\/\/www.erresse-shop.it\/wp-content\/uploads\/2025\/07\/MAGIMIX-Micro-Cromo-Set-Piatti-Arthur-Krupp.jpg","type":"image\/jpeg"}],"twitter_card":"summary_large_image","schema":{"@context":"https:\/\/schema.org","@graph":[{"@type":"WebPage","@id":"https:\/\/www.erresse-shop.it\/de\/shop\/tisch\/teller-geschirr\/magimix-micro-cromo-tellerset-arthur-krupp-wood-essence\/","url":"https:\/\/www.erresse-shop.it\/de\/shop\/tisch\/teller-geschirr\/magimix-micro-cromo-tellerset-arthur-krupp-wood-essence\/","name":"MAGIMIX Micro Cromo + Tellerset Arthur Krupp Wood Essence - Erresse Shop","isPartOf":{"@id":"https:\/\/www.erresse-shop.it\/de\/#website"},"datePublished":"2025-07-21T06:42:11+00:00","dateModified":"2025-07-21T07:06:09+00:00","description":"MAGIMIX Micro Chrome K\u00fcchenroboter Kompakt, leistungsstark und intuitiv: Die MAGIMIX Micro Cromo K\u00fcchenmaschine ist der ideale Verb\u00fcndete, um jede","breadcrumb":{"@id":"https:\/\/www.erresse-shop.it\/de\/shop\/tisch\/teller-geschirr\/magimix-micro-cromo-tellerset-arthur-krupp-wood-essence\/#breadcrumb"},"inLanguage":"de-DE","potentialAction":[{"@type":"ReadAction","target":["https:\/\/www.erresse-shop.it\/de\/shop\/tisch\/teller-geschirr\/magimix-micro-cromo-tellerset-arthur-krupp-wood-essence\/"]}]},{"@type":"BreadcrumbList","@id":"https:\/\/www.erresse-shop.it\/de\/shop\/tisch\/teller-geschirr\/magimix-micro-cromo-tellerset-arthur-krupp-wood-essence\/#breadcrumb","itemListElement":[{"@type":"ListItem","position":1,"name":"Home","item":"https:\/\/www.erresse-shop.it\/de\/"},{"@type":"ListItem","position":2,"name":"Shop","item":"https:\/\/www.erresse-shop.it\/de\/shop\/"},{"@type":"ListItem","position":3,"name":"MAGIMIX Micro Cromo + Tellerset Arthur Krupp Wood Essence"}]},{"@type":"WebSite","@id":"https:\/\/www.erresse-shop.it\/de\/#website","url":"https:\/\/www.erresse-shop.it\/de\/","name":"Erresse Shop","description":"Articoli di qualit\u00e0 per la casa","potentialAction":[{"@type":"SearchAction","target":{"@type":"EntryPoint","urlTemplate":"https:\/\/www.erresse-shop.it\/de\/?s={search_term_string}"},"query-input":"required name=search_term_string"}],"inLanguage":"de-DE"}]}},"df_price":99.9,"df_sale_price":99.9,"df_regular_price":324,"df_image_link":"https:\/\/www.erresse-shop.it\/wp-content\/uploads\/2025\/07\/MAGIMIX-Micro-Cromo-Set-Piatti-Arthur-Krupp-300x300.jpg","_links":{"self":[{"href":"https:\/\/www.erresse-shop.it\/de\/wp-json\/wp\/v2\/product\/506726"}],"collection":[{"href":"https:\/\/www.erresse-shop.it\/de\/wp-json\/wp\/v2\/product"}],"about":[{"href":"https:\/\/www.erresse-shop.it\/de\/wp-json\/wp\/v2\/types\/product"}],"wp:featuredmedia":[{"embeddable":true,"href":"https:\/\/www.erresse-shop.it\/de\/wp-json\/wp\/v2\/media\/506749"}],"wp:attachment":[{"href":"https:\/\/www.erresse-shop.it\/de\/wp-json\/wp\/v2\/media?parent=506726"}],"wp:term":[{"taxonomy":"product_cat","embeddable":true,"href":"https:\/\/www.erresse-shop.it\/de\/wp-json\/wp\/v2\/product_cat?post=506726"},{"taxonomy":"product_tag","embeddable":true,"href":"https:\/\/www.erresse-shop.it\/de\/wp-json\/wp\/v2\/product_tag?post=506726"}],"curies":[{"name":"wp","href":"https:\/\/api.w.org\/{rel}","templated":true}]}}