{"id":506641,"date":"2025-07-17T12:05:42","date_gmt":"2025-07-17T12:05:42","guid":{"rendered":"https:\/\/www.erresse-shop.it\/?post_type=product&#038;p=506641"},"modified":"2025-07-17T12:27:21","modified_gmt":"2025-07-17T12:27:21","slug":"kitchenaid-mini-haecksler-830-ml-imperial-red","status":"publish","type":"product","link":"https:\/\/www.erresse-shop.it\/de\/shop\/kleine-elektrogeraete\/kuechenmaschinen\/kitchenaid-mini-haecksler-830-ml-imperial-red\/","title":{"rendered":"KITCHENAID Mini H\u00e4cksler 830 ml Imperial Red"},"content":{"rendered":"<h3 class=\"c-hakerL c-hakerL-dgMgRV-heading-h1 c-hakerL-ibYpUUV-css\" data-component-id=\"heading-title\">Der Mini-Zerkleinerer reduziert Stress<\/h3>\n<div class=\"c-jUKCJJ\">\n<p class=\" c-jalOHX c-eScBxI\">Vergessen Sie das Zerkleinern und P\u00fcrieren von Zutaten. Dieser kompakte und leistungsstarke 830-ml-Zerkleinerer erledigt das f\u00fcr Sie. So\u00dfen, Vinaigrettes, Bratenso\u00dfen, Dips, Hummus und Dressings sind im Handumdrehen fertig \u2013 eine echte Zeitersparnis. Und er ist klein genug, um ihn auf der Arbeitsplatte stehen zu lassen und ist somit immer griffbereit.<\/p>\n<h3 class=\"c-hakerL c-hakerL-kAKwKq-heading-h2 c-hakerL-ifvayZa-css\" data-component-id=\"photo-title\">Zum Hacken, Mixen und P\u00fcrieren<\/h3>\n<div class=\"PJLV PJLV-iRIaNi-css\" data-component-id=\"photo-content\">\n<div class=\"c-jUKCJJ\">\n<p class=\" c-jalOHX\">Bereiten Sie alle m\u00f6glichen nahrhaften hausgemachten Gerichte zu und k\u00f6nnen Sie sogar Fleisch hacken oder Semmelbr\u00f6sel herstellen. Wie funktioniert es? W\u00e4hlen Sie zwischen zwei Geschwindigkeiten (zum Hacken oder P\u00fcrieren) und nutzen Sie die Pulsfunktion, um die gew\u00fcnschte Konsistenz von grob bis fein zu erreichen.<\/p>\n<p class=\" c-jalOHX\">Zerkleinern Sie rohes Obst, Gem\u00fcse oder N\u00fcsse, hacken Sie Petersilie oder Knoblauch und p\u00fcrieren Sie gekochtes Obst und Gem\u00fcse gleichm\u00e4\u00dfig. Die Edelstahlklinge des KitchenAid Mini-Zerkleinerers ist vielseitig einsetzbar. P\u00fcrieren Sie gekochtes Obst und Gem\u00fcse schnell und einfach. Ideal f\u00fcr nahrhafte Babynahrung oder Suppen wie Selleriep\u00fcree.<\/p>\n<h3 class=\"c-hakerL c-hakerL-kAKwKq-heading-h2 c-hakerL-ifvayZa-css\" data-component-id=\"photo-title\">Praktische und kompakte Gr\u00f6\u00dfe<\/h3>\n<div class=\"PJLV PJLV-iRIaNi-css\" data-component-id=\"photo-content\">\n<div class=\"c-jUKCJJ\">\n<p class=\" c-jalOHX\">Dieser Mini-Zerkleinerer hat die perfekte Gr\u00f6\u00dfe f\u00fcr die kleinen Aufgaben vieler Rezepte. Vom Hacken von Kr\u00e4utern, Knoblauch oder N\u00fcssen \u00fcber das P\u00fcrieren von Tomaten bis hin zur Zubereitung von Dressings und Saucen \u2013 alles ist im Handumdrehen erledigt.\n<\/p>\n<p class=\" c-jalOHX\">Er ist kleiner als eine K\u00fcchenmaschine und l\u00e4sst sich in jeder K\u00fcche leicht verstauen. Dank seiner geringen Stellfl\u00e4che und der einfachen Kabelaufwicklung l\u00e4sst er sich nach der Zubereitung bequem verstauen.<\/p>\n<p class=\" c-jalOHX\">Dank seines kompakten und leichten Designs nimmt er wenig Platz im Schrank oder auf der Arbeitsplatte ein. Das Multifunktionsmesser passt perfekt in die Sch\u00fcssel, und das Kabel l\u00e4sst sich beim Verstauen unter dem Sockel verstauen.<\/p>\n<h3 class=\"c-hakerL c-hakerL-kAKwKq-heading-h2 c-hakerL-ifvayZa-css\" data-component-id=\"photo-title\">Klein, aber funktionsreich<\/h3>\n<div class=\"PJLV PJLV-iRIaNi-css\" data-component-id=\"photo-content\">\n<div class=\"c-jUKCJJ\">\n<p class=\" c-jalOHX\">Dieser kleine Zerkleinerer unterst\u00fctzt Sie mit vielen praktischen Funktionen. Die Pulse\/On-Taste befindet sich direkt am Deckel \u00fcber dem Griff, sodass Sie sie mit nur einer Hand mit dem Daumen bedienen k\u00f6nnen. M\u00fcssen Sie Ihre Zutaten umf\u00fcllen? Dank des Ausgusses und der einrastenden Edelstahlklinge ist das Ausgie\u00dfen kinderleicht.<\/p>\n<p class=\" c-jalOHX\">Gie\u00dfen Sie beim Mixen Ihrer Zutaten die richtige Menge \u00d6l oder andere Fl\u00fcssigkeiten durch die Sch\u00fcssel im Deckel. Das \u00d6l tropft nach und nach mit der richtigen Geschwindigkeit, um Mayonnaise, Sauce oder Dressing f\u00fcr Ihre n\u00e4chste Mahlzeit vorzubereiten.<\/p>\n<h3 class=\"c-hakerL c-hakerL-kAKwKq-heading-h2 c-hakerL-ifvayZa-css\" data-component-id=\"photo-title\">Schnelle Reinigung nach dem Gebrauch<\/h3>\n<div class=\"PJLV PJLV-iRIaNi-css\" data-component-id=\"photo-content\">\n<p class=\" c-jalOHX\">Sie werden den <b>KitchenAid Mini-Zerkleinerer<\/b> jeden Tag zu Hause benutzen wollen, deshalb ist er leicht zu reinigen. Sch\u00fcssel, Deckel und Zubeh\u00f6r sind sp\u00fclmaschinenfest (oberer Korb).<\/p>\n<p class=\" c-jalOHX\">Nach Gebrauch den Boden einfach mit einem feuchten Tuch abwischen.<\/p>\n<p><strong>TECHNISCHE DATEN:<\/strong><\/p>\n<ul>\n<li><strong>Frequenz (Hz):<\/strong> 50\/60<\/li>\n<li><strong>Spannung (V):<\/strong> 220\u2013240<\/li>\n<li><strong>Maximale Drehzahl:<\/strong> 3450<\/li>\n<li><strong>Minimale Drehzahl:<\/strong> 2450<\/li>\n<li><strong>Produkttiefe:<\/strong> 143,0<\/li>\n<\/ul>\n<p><strong>ABMESSUNGEN:<\/strong><\/p>\n<ul>\n<li><strong>Produktl\u00e4nge:<\/strong> 21 cm<\/li>\n<li><strong>Produktbreite:<\/strong> 18 cm<\/li>\n<li><strong>Produkth\u00f6he:<\/strong> 24 cm<\/li>\n<li><strong>Bruttogewicht (kg):<\/strong> 1,85<\/li>\n<li><strong>Nettogewicht (kg):<\/strong> 1,2<\/li>\n<\/ul>\n<\/div>\n<\/div>\n<\/div>\n<\/div>\n<\/div>\n<\/div>\n<\/div>\n","protected":false},"excerpt":{"rendered":"<p>Der Mini-Zerkleinerer reduziert Stress Vergessen Sie das Zerkleinern und P\u00fcrieren von Zutaten. Dieser kompakte und leistungsstarke 830-ml-Zerkleinerer erledigt das f\u00fcr<\/p>\n","protected":false},"featured_media":506669,"template":"","meta":{"_acf_changed":false,"inline_featured_image":false},"product_cat":[6703,6721],"product_tag":[17957,15614,20908,21535],"acf":[],"yoast_head":"<!-- This site is optimized with the Yoast SEO Premium plugin v18.6 (Yoast SEO v19.13) - https:\/\/yoast.com\/wordpress\/plugins\/seo\/ -->\n<title>KITCHENAID H\u00e4cksler 1,19 L Onyx Schwarz<\/title>\n<meta name=\"description\" content=\"Entdecken Sie KITCHENAID H\u00e4cksler 1,19 L Onyx Schwarz bei ErresseShop. Qualit\u00e4t, Stil und Funktionalit\u00e4t \u2013 jetzt online bestellen!\" \/>\n<meta name=\"robots\" content=\"index, follow, max-snippet:-1, max-image-preview:large, max-video-preview:-1\" \/>\n<link rel=\"canonical\" href=\"https:\/\/www.erresse-shop.it\/de\/shop\/kleine-elektrogeraete\/kuechenmaschinen\/kitchenaid-mini-haecksler-830-ml-imperial-red\/\" \/>\n<meta property=\"og:locale\" content=\"de_DE\" \/>\n<meta property=\"og:type\" content=\"article\" \/>\n<meta property=\"og:title\" content=\"KITCHENAID Mini H\u00e4cksler 830 ml Imperial Red\" \/>\n<meta property=\"og:description\" content=\"Entdecken Sie KITCHENAID H\u00e4cksler 1,19 L Onyx Schwarz bei ErresseShop. Qualit\u00e4t, Stil und Funktionalit\u00e4t \u2013 jetzt online bestellen!\" \/>\n<meta property=\"og:url\" content=\"https:\/\/www.erresse-shop.it\/de\/shop\/kleine-elektrogeraete\/kuechenmaschinen\/kitchenaid-mini-haecksler-830-ml-imperial-red\/\" \/>\n<meta property=\"og:site_name\" content=\"Erresse Shop\" \/>\n<meta property=\"article:modified_time\" content=\"2025-07-17T12:27:21+00:00\" \/>\n<meta property=\"og:image\" content=\"https:\/\/www.erresse-shop.it\/wp-content\/uploads\/2025\/07\/KITCHENAID-Mini-Tritatutto-Rosso.jpg\" \/>\n\t<meta property=\"og:image:width\" content=\"1200\" \/>\n\t<meta property=\"og:image:height\" content=\"1200\" \/>\n\t<meta property=\"og:image:type\" content=\"image\/jpeg\" \/>\n<meta name=\"twitter:card\" content=\"summary_large_image\" \/>\n<script type=\"application\/ld+json\" class=\"yoast-schema-graph\">{\"@context\":\"https:\/\/schema.org\",\"@graph\":[{\"@type\":\"WebPage\",\"@id\":\"https:\/\/www.erresse-shop.it\/de\/shop\/kleine-elektrogeraete\/kuechenmaschinen\/kitchenaid-mini-haecksler-830-ml-imperial-red\/\",\"url\":\"https:\/\/www.erresse-shop.it\/de\/shop\/kleine-elektrogeraete\/kuechenmaschinen\/kitchenaid-mini-haecksler-830-ml-imperial-red\/\",\"name\":\"KITCHENAID H\u00e4cksler 1,19 L Onyx Schwarz\",\"isPartOf\":{\"@id\":\"https:\/\/www.erresse-shop.it\/de\/#website\"},\"datePublished\":\"2025-07-17T12:05:42+00:00\",\"dateModified\":\"2025-07-17T12:27:21+00:00\",\"description\":\"Entdecken Sie KITCHENAID H\u00e4cksler 1,19 L Onyx Schwarz bei ErresseShop. Qualit\u00e4t, Stil und Funktionalit\u00e4t \u2013 jetzt online bestellen!\",\"breadcrumb\":{\"@id\":\"https:\/\/www.erresse-shop.it\/de\/shop\/kleine-elektrogeraete\/kuechenmaschinen\/kitchenaid-mini-haecksler-830-ml-imperial-red\/#breadcrumb\"},\"inLanguage\":\"de-DE\",\"potentialAction\":[{\"@type\":\"ReadAction\",\"target\":[\"https:\/\/www.erresse-shop.it\/de\/shop\/kleine-elektrogeraete\/kuechenmaschinen\/kitchenaid-mini-haecksler-830-ml-imperial-red\/\"]}]},{\"@type\":\"BreadcrumbList\",\"@id\":\"https:\/\/www.erresse-shop.it\/de\/shop\/kleine-elektrogeraete\/kuechenmaschinen\/kitchenaid-mini-haecksler-830-ml-imperial-red\/#breadcrumb\",\"itemListElement\":[{\"@type\":\"ListItem\",\"position\":1,\"name\":\"Home\",\"item\":\"https:\/\/www.erresse-shop.it\/de\/\"},{\"@type\":\"ListItem\",\"position\":2,\"name\":\"Shop\",\"item\":\"https:\/\/www.erresse-shop.it\/de\/shop\/\"},{\"@type\":\"ListItem\",\"position\":3,\"name\":\"KITCHENAID Mini H\u00e4cksler 830 ml Imperial Red\"}]},{\"@type\":\"WebSite\",\"@id\":\"https:\/\/www.erresse-shop.it\/de\/#website\",\"url\":\"https:\/\/www.erresse-shop.it\/de\/\",\"name\":\"Erresse Shop\",\"description\":\"Articoli di qualit\u00e0 per la casa\",\"potentialAction\":[{\"@type\":\"SearchAction\",\"target\":{\"@type\":\"EntryPoint\",\"urlTemplate\":\"https:\/\/www.erresse-shop.it\/de\/?s={search_term_string}\"},\"query-input\":\"required name=search_term_string\"}],\"inLanguage\":\"de-DE\"}]}<\/script>\n<!-- \/ Yoast SEO Premium plugin. -->","yoast_head_json":{"title":"KITCHENAID H\u00e4cksler 1,19 L Onyx Schwarz","description":"Entdecken Sie KITCHENAID H\u00e4cksler 1,19 L Onyx Schwarz bei ErresseShop. Qualit\u00e4t, Stil und Funktionalit\u00e4t \u2013 jetzt online bestellen!","robots":{"index":"index","follow":"follow","max-snippet":"max-snippet:-1","max-image-preview":"max-image-preview:large","max-video-preview":"max-video-preview:-1"},"canonical":"https:\/\/www.erresse-shop.it\/de\/shop\/kleine-elektrogeraete\/kuechenmaschinen\/kitchenaid-mini-haecksler-830-ml-imperial-red\/","og_locale":"de_DE","og_type":"article","og_title":"KITCHENAID Mini H\u00e4cksler 830 ml Imperial Red","og_description":"Entdecken Sie KITCHENAID H\u00e4cksler 1,19 L Onyx Schwarz bei ErresseShop. Qualit\u00e4t, Stil und Funktionalit\u00e4t \u2013 jetzt online bestellen!","og_url":"https:\/\/www.erresse-shop.it\/de\/shop\/kleine-elektrogeraete\/kuechenmaschinen\/kitchenaid-mini-haecksler-830-ml-imperial-red\/","og_site_name":"Erresse Shop","article_modified_time":"2025-07-17T12:27:21+00:00","og_image":[{"width":1200,"height":1200,"url":"https:\/\/www.erresse-shop.it\/wp-content\/uploads\/2025\/07\/KITCHENAID-Mini-Tritatutto-Rosso.jpg","type":"image\/jpeg"}],"twitter_card":"summary_large_image","schema":{"@context":"https:\/\/schema.org","@graph":[{"@type":"WebPage","@id":"https:\/\/www.erresse-shop.it\/de\/shop\/kleine-elektrogeraete\/kuechenmaschinen\/kitchenaid-mini-haecksler-830-ml-imperial-red\/","url":"https:\/\/www.erresse-shop.it\/de\/shop\/kleine-elektrogeraete\/kuechenmaschinen\/kitchenaid-mini-haecksler-830-ml-imperial-red\/","name":"KITCHENAID H\u00e4cksler 1,19 L Onyx Schwarz","isPartOf":{"@id":"https:\/\/www.erresse-shop.it\/de\/#website"},"datePublished":"2025-07-17T12:05:42+00:00","dateModified":"2025-07-17T12:27:21+00:00","description":"Entdecken Sie KITCHENAID H\u00e4cksler 1,19 L Onyx Schwarz bei ErresseShop. Qualit\u00e4t, Stil und Funktionalit\u00e4t \u2013 jetzt online bestellen!","breadcrumb":{"@id":"https:\/\/www.erresse-shop.it\/de\/shop\/kleine-elektrogeraete\/kuechenmaschinen\/kitchenaid-mini-haecksler-830-ml-imperial-red\/#breadcrumb"},"inLanguage":"de-DE","potentialAction":[{"@type":"ReadAction","target":["https:\/\/www.erresse-shop.it\/de\/shop\/kleine-elektrogeraete\/kuechenmaschinen\/kitchenaid-mini-haecksler-830-ml-imperial-red\/"]}]},{"@type":"BreadcrumbList","@id":"https:\/\/www.erresse-shop.it\/de\/shop\/kleine-elektrogeraete\/kuechenmaschinen\/kitchenaid-mini-haecksler-830-ml-imperial-red\/#breadcrumb","itemListElement":[{"@type":"ListItem","position":1,"name":"Home","item":"https:\/\/www.erresse-shop.it\/de\/"},{"@type":"ListItem","position":2,"name":"Shop","item":"https:\/\/www.erresse-shop.it\/de\/shop\/"},{"@type":"ListItem","position":3,"name":"KITCHENAID Mini H\u00e4cksler 830 ml Imperial Red"}]},{"@type":"WebSite","@id":"https:\/\/www.erresse-shop.it\/de\/#website","url":"https:\/\/www.erresse-shop.it\/de\/","name":"Erresse Shop","description":"Articoli di qualit\u00e0 per la casa","potentialAction":[{"@type":"SearchAction","target":{"@type":"EntryPoint","urlTemplate":"https:\/\/www.erresse-shop.it\/de\/?s={search_term_string}"},"query-input":"required name=search_term_string"}],"inLanguage":"de-DE"}]}},"df_price":74.25,"df_sale_price":74.25,"df_regular_price":99,"df_image_link":"https:\/\/www.erresse-shop.it\/wp-content\/uploads\/2025\/07\/KITCHENAID-Mini-Tritatutto-Rosso-300x300.jpg","_links":{"self":[{"href":"https:\/\/www.erresse-shop.it\/de\/wp-json\/wp\/v2\/product\/506641"}],"collection":[{"href":"https:\/\/www.erresse-shop.it\/de\/wp-json\/wp\/v2\/product"}],"about":[{"href":"https:\/\/www.erresse-shop.it\/de\/wp-json\/wp\/v2\/types\/product"}],"wp:featuredmedia":[{"embeddable":true,"href":"https:\/\/www.erresse-shop.it\/de\/wp-json\/wp\/v2\/media\/506669"}],"wp:attachment":[{"href":"https:\/\/www.erresse-shop.it\/de\/wp-json\/wp\/v2\/media?parent=506641"}],"wp:term":[{"taxonomy":"product_cat","embeddable":true,"href":"https:\/\/www.erresse-shop.it\/de\/wp-json\/wp\/v2\/product_cat?post=506641"},{"taxonomy":"product_tag","embeddable":true,"href":"https:\/\/www.erresse-shop.it\/de\/wp-json\/wp\/v2\/product_tag?post=506641"}],"curies":[{"name":"wp","href":"https:\/\/api.w.org\/{rel}","templated":true}]}}