{"id":506478,"date":"2025-07-11T10:20:17","date_gmt":"2025-07-11T10:20:18","guid":{"rendered":"https:\/\/www.erresse-shop.it\/?post_type=product&#038;p=506478"},"modified":"2026-02-04T08:49:26","modified_gmt":"2026-02-04T08:49:26","slug":"bordallo-pinheiro-lily-kaeseplatte-mit-maeusen-315-cm-gruen","status":"publish","type":"product","link":"https:\/\/www.erresse-shop.it\/de\/shop\/tisch\/serviertablette\/bordallo-pinheiro-lily-kaeseplatte-mit-maeusen-315-cm-gruen\/","title":{"rendered":"BORDALLO PINHEIRO Lily  K\u00e4seplatte mit M\u00e4usen 31,5 cm Gr\u00fcn"},"content":{"rendered":"<p>Servieren Sie eine k\u00f6stliche Auswahl an K\u00e4se und Vorspeisen auf diesem kunstvoll gestalteten K\u00e4sebrett von Bordallo Pinheiro. Bordallo Pinheiro ist tief in der portugiesischen Tradition verwurzelt und bleibt mit dieser organischen Kollektion seiner Tradition treu, alt\u00fcberlieferte Verarbeitungstechniken und naturalistische Motive zu verwenden.<\/p>\n<p>Dieses K\u00e4sebrett aus strukturierter Keramik mit handglasiertem Smaragd-Finish verf\u00fcgt \u00fcber ein bezauberndes Liliendekor und zwei M\u00e4use am Rand. Perfekt, um Ihrem Tisch Pers\u00f6nlichkeit zu verleihen.<\/p>\n<p>Pflegehinweise: Sp\u00fclmaschinen- und mikrowellengeeignet; Vor dem Dampftrocknen muss der Gegenstand aus der Sp\u00fclmaschine genommen werden.<\/p>\n<p><strong>Material:<\/strong> Terrakotta<br \/>\n<strong>Abmessungen: <\/strong>31,5 x 31,5 x 5<br \/>\n<strong>Gewicht:<\/strong> 1,26 kg<\/p>\n","protected":false},"excerpt":{"rendered":"<p>Servieren Sie eine k\u00f6stliche Auswahl an K\u00e4se und Vorspeisen auf diesem kunstvoll gestalteten K\u00e4sebrett von Bordallo Pinheiro. Bordallo Pinheiro ist<\/p>\n","protected":false},"featured_media":506487,"template":"","meta":{"_acf_changed":false,"inline_featured_image":false},"product_cat":[6853,6787],"product_tag":[23911,22621,11587],"acf":[],"yoast_head":"<!-- This site is optimized with the Yoast SEO Premium plugin v18.6 (Yoast SEO v19.13) - https:\/\/yoast.com\/wordpress\/plugins\/seo\/ -->\n<title>BORDALLO PINHEIRO Lily K\u00e4seplatte mit M\u00e4usen 31,5 cm Gr\u00fcn - Erresse Shop<\/title>\n<meta name=\"description\" content=\"Servieren Sie eine k\u00f6stliche Auswahl an K\u00e4se und Vorspeisen auf diesem kunstvoll gestalteten K\u00e4sebrett von Bordallo Pinheiro. Bordallo Pinheiro ist tief\" \/>\n<meta name=\"robots\" content=\"index, follow, max-snippet:-1, max-image-preview:large, max-video-preview:-1\" \/>\n<link rel=\"canonical\" href=\"https:\/\/www.erresse-shop.it\/de\/shop\/tisch\/serviertablette\/bordallo-pinheiro-lily-kaeseplatte-mit-maeusen-315-cm-gruen\/\" \/>\n<meta property=\"og:locale\" content=\"de_DE\" \/>\n<meta property=\"og:type\" content=\"article\" \/>\n<meta property=\"og:title\" content=\"BORDALLO PINHEIRO Lily K\u00e4seplatte mit M\u00e4usen 31,5 cm Gr\u00fcn\" \/>\n<meta property=\"og:description\" content=\"Servieren Sie eine k\u00f6stliche Auswahl an K\u00e4se und Vorspeisen auf diesem kunstvoll gestalteten K\u00e4sebrett von Bordallo Pinheiro. Bordallo Pinheiro ist tief\" \/>\n<meta property=\"og:url\" content=\"https:\/\/www.erresse-shop.it\/de\/shop\/tisch\/serviertablette\/bordallo-pinheiro-lily-kaeseplatte-mit-maeusen-315-cm-gruen\/\" \/>\n<meta property=\"og:site_name\" content=\"Erresse Shop\" \/>\n<meta property=\"article:modified_time\" content=\"2026-02-04T08:49:26+00:00\" \/>\n<meta property=\"og:image\" content=\"https:\/\/www.erresse-shop.it\/wp-content\/uploads\/2025\/07\/BORDALLO-PINHEIRO-Lily-Vassoio-Per-formaggi-con-topi-315-cm-Verde.jpg\" \/>\n\t<meta property=\"og:image:width\" content=\"1200\" \/>\n\t<meta property=\"og:image:height\" content=\"1200\" \/>\n\t<meta property=\"og:image:type\" content=\"image\/jpeg\" \/>\n<meta name=\"twitter:card\" content=\"summary_large_image\" \/>\n<script type=\"application\/ld+json\" class=\"yoast-schema-graph\">{\"@context\":\"https:\/\/schema.org\",\"@graph\":[{\"@type\":\"WebPage\",\"@id\":\"https:\/\/www.erresse-shop.it\/de\/shop\/tisch\/serviertablette\/bordallo-pinheiro-lily-kaeseplatte-mit-maeusen-315-cm-gruen\/\",\"url\":\"https:\/\/www.erresse-shop.it\/de\/shop\/tisch\/serviertablette\/bordallo-pinheiro-lily-kaeseplatte-mit-maeusen-315-cm-gruen\/\",\"name\":\"BORDALLO PINHEIRO Lily K\u00e4seplatte mit M\u00e4usen 31,5 cm Gr\u00fcn - Erresse Shop\",\"isPartOf\":{\"@id\":\"https:\/\/www.erresse-shop.it\/de\/#website\"},\"datePublished\":\"2025-07-11T10:20:18+00:00\",\"dateModified\":\"2026-02-04T08:49:26+00:00\",\"description\":\"Servieren Sie eine k\u00f6stliche Auswahl an K\u00e4se und Vorspeisen auf diesem kunstvoll gestalteten K\u00e4sebrett von Bordallo Pinheiro. Bordallo Pinheiro ist tief\",\"breadcrumb\":{\"@id\":\"https:\/\/www.erresse-shop.it\/de\/shop\/tisch\/serviertablette\/bordallo-pinheiro-lily-kaeseplatte-mit-maeusen-315-cm-gruen\/#breadcrumb\"},\"inLanguage\":\"de-DE\",\"potentialAction\":[{\"@type\":\"ReadAction\",\"target\":[\"https:\/\/www.erresse-shop.it\/de\/shop\/tisch\/serviertablette\/bordallo-pinheiro-lily-kaeseplatte-mit-maeusen-315-cm-gruen\/\"]}]},{\"@type\":\"BreadcrumbList\",\"@id\":\"https:\/\/www.erresse-shop.it\/de\/shop\/tisch\/serviertablette\/bordallo-pinheiro-lily-kaeseplatte-mit-maeusen-315-cm-gruen\/#breadcrumb\",\"itemListElement\":[{\"@type\":\"ListItem\",\"position\":1,\"name\":\"Home\",\"item\":\"https:\/\/www.erresse-shop.it\/de\/\"},{\"@type\":\"ListItem\",\"position\":2,\"name\":\"Shop\",\"item\":\"https:\/\/www.erresse-shop.it\/de\/shop\/\"},{\"@type\":\"ListItem\",\"position\":3,\"name\":\"BORDALLO PINHEIRO Lily K\u00e4seplatte mit M\u00e4usen 31,5 cm Gr\u00fcn\"}]},{\"@type\":\"WebSite\",\"@id\":\"https:\/\/www.erresse-shop.it\/de\/#website\",\"url\":\"https:\/\/www.erresse-shop.it\/de\/\",\"name\":\"Erresse Shop\",\"description\":\"Articoli di qualit\u00e0 per la casa\",\"potentialAction\":[{\"@type\":\"SearchAction\",\"target\":{\"@type\":\"EntryPoint\",\"urlTemplate\":\"https:\/\/www.erresse-shop.it\/de\/?s={search_term_string}\"},\"query-input\":\"required name=search_term_string\"}],\"inLanguage\":\"de-DE\"}]}<\/script>\n<!-- \/ Yoast SEO Premium plugin. -->","yoast_head_json":{"title":"BORDALLO PINHEIRO Lily K\u00e4seplatte mit M\u00e4usen 31,5 cm Gr\u00fcn - Erresse Shop","description":"Servieren Sie eine k\u00f6stliche Auswahl an K\u00e4se und Vorspeisen auf diesem kunstvoll gestalteten K\u00e4sebrett von Bordallo Pinheiro. Bordallo Pinheiro ist tief","robots":{"index":"index","follow":"follow","max-snippet":"max-snippet:-1","max-image-preview":"max-image-preview:large","max-video-preview":"max-video-preview:-1"},"canonical":"https:\/\/www.erresse-shop.it\/de\/shop\/tisch\/serviertablette\/bordallo-pinheiro-lily-kaeseplatte-mit-maeusen-315-cm-gruen\/","og_locale":"de_DE","og_type":"article","og_title":"BORDALLO PINHEIRO Lily K\u00e4seplatte mit M\u00e4usen 31,5 cm Gr\u00fcn","og_description":"Servieren Sie eine k\u00f6stliche Auswahl an K\u00e4se und Vorspeisen auf diesem kunstvoll gestalteten K\u00e4sebrett von Bordallo Pinheiro. Bordallo Pinheiro ist tief","og_url":"https:\/\/www.erresse-shop.it\/de\/shop\/tisch\/serviertablette\/bordallo-pinheiro-lily-kaeseplatte-mit-maeusen-315-cm-gruen\/","og_site_name":"Erresse Shop","article_modified_time":"2026-02-04T08:49:26+00:00","og_image":[{"width":1200,"height":1200,"url":"https:\/\/www.erresse-shop.it\/wp-content\/uploads\/2025\/07\/BORDALLO-PINHEIRO-Lily-Vassoio-Per-formaggi-con-topi-315-cm-Verde.jpg","type":"image\/jpeg"}],"twitter_card":"summary_large_image","schema":{"@context":"https:\/\/schema.org","@graph":[{"@type":"WebPage","@id":"https:\/\/www.erresse-shop.it\/de\/shop\/tisch\/serviertablette\/bordallo-pinheiro-lily-kaeseplatte-mit-maeusen-315-cm-gruen\/","url":"https:\/\/www.erresse-shop.it\/de\/shop\/tisch\/serviertablette\/bordallo-pinheiro-lily-kaeseplatte-mit-maeusen-315-cm-gruen\/","name":"BORDALLO PINHEIRO Lily K\u00e4seplatte mit M\u00e4usen 31,5 cm Gr\u00fcn - Erresse Shop","isPartOf":{"@id":"https:\/\/www.erresse-shop.it\/de\/#website"},"datePublished":"2025-07-11T10:20:18+00:00","dateModified":"2026-02-04T08:49:26+00:00","description":"Servieren Sie eine k\u00f6stliche Auswahl an K\u00e4se und Vorspeisen auf diesem kunstvoll gestalteten K\u00e4sebrett von Bordallo Pinheiro. Bordallo Pinheiro ist tief","breadcrumb":{"@id":"https:\/\/www.erresse-shop.it\/de\/shop\/tisch\/serviertablette\/bordallo-pinheiro-lily-kaeseplatte-mit-maeusen-315-cm-gruen\/#breadcrumb"},"inLanguage":"de-DE","potentialAction":[{"@type":"ReadAction","target":["https:\/\/www.erresse-shop.it\/de\/shop\/tisch\/serviertablette\/bordallo-pinheiro-lily-kaeseplatte-mit-maeusen-315-cm-gruen\/"]}]},{"@type":"BreadcrumbList","@id":"https:\/\/www.erresse-shop.it\/de\/shop\/tisch\/serviertablette\/bordallo-pinheiro-lily-kaeseplatte-mit-maeusen-315-cm-gruen\/#breadcrumb","itemListElement":[{"@type":"ListItem","position":1,"name":"Home","item":"https:\/\/www.erresse-shop.it\/de\/"},{"@type":"ListItem","position":2,"name":"Shop","item":"https:\/\/www.erresse-shop.it\/de\/shop\/"},{"@type":"ListItem","position":3,"name":"BORDALLO PINHEIRO Lily K\u00e4seplatte mit M\u00e4usen 31,5 cm Gr\u00fcn"}]},{"@type":"WebSite","@id":"https:\/\/www.erresse-shop.it\/de\/#website","url":"https:\/\/www.erresse-shop.it\/de\/","name":"Erresse Shop","description":"Articoli di qualit\u00e0 per la casa","potentialAction":[{"@type":"SearchAction","target":{"@type":"EntryPoint","urlTemplate":"https:\/\/www.erresse-shop.it\/de\/?s={search_term_string}"},"query-input":"required name=search_term_string"}],"inLanguage":"de-DE"}]}},"df_price":38.25,"df_sale_price":38.25,"df_regular_price":85,"df_image_link":"https:\/\/www.erresse-shop.it\/wp-content\/uploads\/2025\/07\/BORDALLO-PINHEIRO-Lily-Vassoio-Per-formaggi-con-topi-315-cm-Verde-300x300.jpg","_links":{"self":[{"href":"https:\/\/www.erresse-shop.it\/de\/wp-json\/wp\/v2\/product\/506478"}],"collection":[{"href":"https:\/\/www.erresse-shop.it\/de\/wp-json\/wp\/v2\/product"}],"about":[{"href":"https:\/\/www.erresse-shop.it\/de\/wp-json\/wp\/v2\/types\/product"}],"wp:featuredmedia":[{"embeddable":true,"href":"https:\/\/www.erresse-shop.it\/de\/wp-json\/wp\/v2\/media\/506487"}],"wp:attachment":[{"href":"https:\/\/www.erresse-shop.it\/de\/wp-json\/wp\/v2\/media?parent=506478"}],"wp:term":[{"taxonomy":"product_cat","embeddable":true,"href":"https:\/\/www.erresse-shop.it\/de\/wp-json\/wp\/v2\/product_cat?post=506478"},{"taxonomy":"product_tag","embeddable":true,"href":"https:\/\/www.erresse-shop.it\/de\/wp-json\/wp\/v2\/product_tag?post=506478"}],"curies":[{"name":"wp","href":"https:\/\/api.w.org\/{rel}","templated":true}]}}