{"id":506448,"date":"2025-07-11T09:25:52","date_gmt":"2025-07-11T09:25:53","guid":{"rendered":"https:\/\/www.erresse-shop.it\/?post_type=product&#038;p=506448"},"modified":"2026-02-04T08:54:55","modified_gmt":"2026-02-04T08:54:55","slug":"bordallo-pinheiro-servierplatte-kohl-43-cm","status":"publish","type":"product","link":"https:\/\/www.erresse-shop.it\/de\/shop\/tisch\/teller-geschirr\/servierplatten\/bordallo-pinheiro-servierplatte-kohl-43-cm\/","title":{"rendered":"BORDALLO PINHEIRO Servierplatte Kohl 43 cm"},"content":{"rendered":"<p>Der Kohl in seiner rohen, flachen Form k\u00f6nnte als Metapher f\u00fcr die b\u00e4uerliche Lebensweise in Portugal dienen, die Bordallo so oft karikiert hatte. Das ist eine geschickte Art und Weise, sie zu ehren, sie auf die Tische der Bourgeoisie zu bringen, wo sie sonst nie aufgetaucht w\u00e4re.<\/p>\n<p><strong>Material:<\/strong> Terrakotta<br \/>\n<strong>Abmessungen:<\/strong> 43 x 32 x 3 cm<br \/>\n<strong>Gewicht:<\/strong> 1,7 kg<\/p>\n","protected":false},"excerpt":{"rendered":"<p>Der Kohl in seiner rohen, flachen Form k\u00f6nnte als Metapher f\u00fcr die b\u00e4uerliche Lebensweise in Portugal dienen, die Bordallo so<\/p>\n","protected":false},"featured_media":506458,"template":"","meta":{"_acf_changed":false,"inline_featured_image":false},"product_cat":[6796,6787],"product_tag":[23911,24604,18168,11971,14262,14558,22621,11827],"acf":[],"yoast_head":"<!-- This site is optimized with the Yoast SEO Premium plugin v18.6 (Yoast SEO v19.13) - https:\/\/yoast.com\/wordpress\/plugins\/seo\/ -->\n<title>BORDALLO PINHEIRO Servierplatte Kohl 43 cm - Erresse Shop<\/title>\n<meta name=\"description\" content=\"Der Kohl in seiner rohen, flachen Form k\u00f6nnte als Metapher f\u00fcr die b\u00e4uerliche Lebensweise in Portugal dienen, die Bordallo so oft karikiert hatte. Das ist\" \/>\n<meta name=\"robots\" content=\"index, follow, max-snippet:-1, max-image-preview:large, max-video-preview:-1\" \/>\n<link rel=\"canonical\" href=\"https:\/\/www.erresse-shop.it\/de\/shop\/tisch\/teller-geschirr\/servierplatten\/bordallo-pinheiro-servierplatte-kohl-43-cm\/\" \/>\n<meta property=\"og:locale\" content=\"de_DE\" \/>\n<meta property=\"og:type\" content=\"article\" \/>\n<meta property=\"og:title\" content=\"BORDALLO PINHEIRO Servierplatte Kohl 43 cm\" \/>\n<meta property=\"og:description\" content=\"Der Kohl in seiner rohen, flachen Form k\u00f6nnte als Metapher f\u00fcr die b\u00e4uerliche Lebensweise in Portugal dienen, die Bordallo so oft karikiert hatte. Das ist\" \/>\n<meta property=\"og:url\" content=\"https:\/\/www.erresse-shop.it\/de\/shop\/tisch\/teller-geschirr\/servierplatten\/bordallo-pinheiro-servierplatte-kohl-43-cm\/\" \/>\n<meta property=\"og:site_name\" content=\"Erresse Shop\" \/>\n<meta property=\"article:modified_time\" content=\"2026-02-04T08:54:55+00:00\" \/>\n<meta property=\"og:image\" content=\"https:\/\/www.erresse-shop.it\/wp-content\/uploads\/2025\/07\/BORDALLO-PINHEIRO-Piatto-da-Portata-43-cm.jpg\" \/>\n\t<meta property=\"og:image:width\" content=\"1200\" \/>\n\t<meta property=\"og:image:height\" content=\"1200\" \/>\n\t<meta property=\"og:image:type\" content=\"image\/jpeg\" \/>\n<meta name=\"twitter:card\" content=\"summary_large_image\" \/>\n<script type=\"application\/ld+json\" class=\"yoast-schema-graph\">{\"@context\":\"https:\/\/schema.org\",\"@graph\":[{\"@type\":\"WebPage\",\"@id\":\"https:\/\/www.erresse-shop.it\/de\/shop\/tisch\/teller-geschirr\/servierplatten\/bordallo-pinheiro-servierplatte-kohl-43-cm\/\",\"url\":\"https:\/\/www.erresse-shop.it\/de\/shop\/tisch\/teller-geschirr\/servierplatten\/bordallo-pinheiro-servierplatte-kohl-43-cm\/\",\"name\":\"BORDALLO PINHEIRO Servierplatte Kohl 43 cm - Erresse Shop\",\"isPartOf\":{\"@id\":\"https:\/\/www.erresse-shop.it\/de\/#website\"},\"datePublished\":\"2025-07-11T09:25:53+00:00\",\"dateModified\":\"2026-02-04T08:54:55+00:00\",\"description\":\"Der Kohl in seiner rohen, flachen Form k\u00f6nnte als Metapher f\u00fcr die b\u00e4uerliche Lebensweise in Portugal dienen, die Bordallo so oft karikiert hatte. Das ist\",\"breadcrumb\":{\"@id\":\"https:\/\/www.erresse-shop.it\/de\/shop\/tisch\/teller-geschirr\/servierplatten\/bordallo-pinheiro-servierplatte-kohl-43-cm\/#breadcrumb\"},\"inLanguage\":\"de-DE\",\"potentialAction\":[{\"@type\":\"ReadAction\",\"target\":[\"https:\/\/www.erresse-shop.it\/de\/shop\/tisch\/teller-geschirr\/servierplatten\/bordallo-pinheiro-servierplatte-kohl-43-cm\/\"]}]},{\"@type\":\"BreadcrumbList\",\"@id\":\"https:\/\/www.erresse-shop.it\/de\/shop\/tisch\/teller-geschirr\/servierplatten\/bordallo-pinheiro-servierplatte-kohl-43-cm\/#breadcrumb\",\"itemListElement\":[{\"@type\":\"ListItem\",\"position\":1,\"name\":\"Home\",\"item\":\"https:\/\/www.erresse-shop.it\/de\/\"},{\"@type\":\"ListItem\",\"position\":2,\"name\":\"Shop\",\"item\":\"https:\/\/www.erresse-shop.it\/de\/shop\/\"},{\"@type\":\"ListItem\",\"position\":3,\"name\":\"BORDALLO PINHEIRO Servierplatte Kohl 43 cm\"}]},{\"@type\":\"WebSite\",\"@id\":\"https:\/\/www.erresse-shop.it\/de\/#website\",\"url\":\"https:\/\/www.erresse-shop.it\/de\/\",\"name\":\"Erresse Shop\",\"description\":\"Articoli di qualit\u00e0 per la casa\",\"potentialAction\":[{\"@type\":\"SearchAction\",\"target\":{\"@type\":\"EntryPoint\",\"urlTemplate\":\"https:\/\/www.erresse-shop.it\/de\/?s={search_term_string}\"},\"query-input\":\"required name=search_term_string\"}],\"inLanguage\":\"de-DE\"}]}<\/script>\n<!-- \/ Yoast SEO Premium plugin. -->","yoast_head_json":{"title":"BORDALLO PINHEIRO Servierplatte Kohl 43 cm - Erresse Shop","description":"Der Kohl in seiner rohen, flachen Form k\u00f6nnte als Metapher f\u00fcr die b\u00e4uerliche Lebensweise in Portugal dienen, die Bordallo so oft karikiert hatte. Das ist","robots":{"index":"index","follow":"follow","max-snippet":"max-snippet:-1","max-image-preview":"max-image-preview:large","max-video-preview":"max-video-preview:-1"},"canonical":"https:\/\/www.erresse-shop.it\/de\/shop\/tisch\/teller-geschirr\/servierplatten\/bordallo-pinheiro-servierplatte-kohl-43-cm\/","og_locale":"de_DE","og_type":"article","og_title":"BORDALLO PINHEIRO Servierplatte Kohl 43 cm","og_description":"Der Kohl in seiner rohen, flachen Form k\u00f6nnte als Metapher f\u00fcr die b\u00e4uerliche Lebensweise in Portugal dienen, die Bordallo so oft karikiert hatte. Das ist","og_url":"https:\/\/www.erresse-shop.it\/de\/shop\/tisch\/teller-geschirr\/servierplatten\/bordallo-pinheiro-servierplatte-kohl-43-cm\/","og_site_name":"Erresse Shop","article_modified_time":"2026-02-04T08:54:55+00:00","og_image":[{"width":1200,"height":1200,"url":"https:\/\/www.erresse-shop.it\/wp-content\/uploads\/2025\/07\/BORDALLO-PINHEIRO-Piatto-da-Portata-43-cm.jpg","type":"image\/jpeg"}],"twitter_card":"summary_large_image","schema":{"@context":"https:\/\/schema.org","@graph":[{"@type":"WebPage","@id":"https:\/\/www.erresse-shop.it\/de\/shop\/tisch\/teller-geschirr\/servierplatten\/bordallo-pinheiro-servierplatte-kohl-43-cm\/","url":"https:\/\/www.erresse-shop.it\/de\/shop\/tisch\/teller-geschirr\/servierplatten\/bordallo-pinheiro-servierplatte-kohl-43-cm\/","name":"BORDALLO PINHEIRO Servierplatte Kohl 43 cm - Erresse Shop","isPartOf":{"@id":"https:\/\/www.erresse-shop.it\/de\/#website"},"datePublished":"2025-07-11T09:25:53+00:00","dateModified":"2026-02-04T08:54:55+00:00","description":"Der Kohl in seiner rohen, flachen Form k\u00f6nnte als Metapher f\u00fcr die b\u00e4uerliche Lebensweise in Portugal dienen, die Bordallo so oft karikiert hatte. Das ist","breadcrumb":{"@id":"https:\/\/www.erresse-shop.it\/de\/shop\/tisch\/teller-geschirr\/servierplatten\/bordallo-pinheiro-servierplatte-kohl-43-cm\/#breadcrumb"},"inLanguage":"de-DE","potentialAction":[{"@type":"ReadAction","target":["https:\/\/www.erresse-shop.it\/de\/shop\/tisch\/teller-geschirr\/servierplatten\/bordallo-pinheiro-servierplatte-kohl-43-cm\/"]}]},{"@type":"BreadcrumbList","@id":"https:\/\/www.erresse-shop.it\/de\/shop\/tisch\/teller-geschirr\/servierplatten\/bordallo-pinheiro-servierplatte-kohl-43-cm\/#breadcrumb","itemListElement":[{"@type":"ListItem","position":1,"name":"Home","item":"https:\/\/www.erresse-shop.it\/de\/"},{"@type":"ListItem","position":2,"name":"Shop","item":"https:\/\/www.erresse-shop.it\/de\/shop\/"},{"@type":"ListItem","position":3,"name":"BORDALLO PINHEIRO Servierplatte Kohl 43 cm"}]},{"@type":"WebSite","@id":"https:\/\/www.erresse-shop.it\/de\/#website","url":"https:\/\/www.erresse-shop.it\/de\/","name":"Erresse Shop","description":"Articoli di qualit\u00e0 per la casa","potentialAction":[{"@type":"SearchAction","target":{"@type":"EntryPoint","urlTemplate":"https:\/\/www.erresse-shop.it\/de\/?s={search_term_string}"},"query-input":"required name=search_term_string"}],"inLanguage":"de-DE"}]}},"df_price":26.55,"df_sale_price":26.55,"df_regular_price":59,"df_image_link":"https:\/\/www.erresse-shop.it\/wp-content\/uploads\/2025\/07\/BORDALLO-PINHEIRO-Piatto-da-Portata-43-cm-300x300.jpg","_links":{"self":[{"href":"https:\/\/www.erresse-shop.it\/de\/wp-json\/wp\/v2\/product\/506448"}],"collection":[{"href":"https:\/\/www.erresse-shop.it\/de\/wp-json\/wp\/v2\/product"}],"about":[{"href":"https:\/\/www.erresse-shop.it\/de\/wp-json\/wp\/v2\/types\/product"}],"wp:featuredmedia":[{"embeddable":true,"href":"https:\/\/www.erresse-shop.it\/de\/wp-json\/wp\/v2\/media\/506458"}],"wp:attachment":[{"href":"https:\/\/www.erresse-shop.it\/de\/wp-json\/wp\/v2\/media?parent=506448"}],"wp:term":[{"taxonomy":"product_cat","embeddable":true,"href":"https:\/\/www.erresse-shop.it\/de\/wp-json\/wp\/v2\/product_cat?post=506448"},{"taxonomy":"product_tag","embeddable":true,"href":"https:\/\/www.erresse-shop.it\/de\/wp-json\/wp\/v2\/product_tag?post=506448"}],"curies":[{"name":"wp","href":"https:\/\/api.w.org\/{rel}","templated":true}]}}