{"id":505651,"date":"2025-06-27T12:39:43","date_gmt":"2025-06-27T12:39:45","guid":{"rendered":"https:\/\/www.erresse-shop.it\/?post_type=product&#038;p=505651"},"modified":"2025-06-27T13:01:11","modified_gmt":"2025-06-27T13:01:11","slug":"fissler-adamant-comfort-2er-set-pfannen","status":"publish","type":"product","link":"https:\/\/www.erresse-shop.it\/de\/shop\/toepfe-pfannen\/pfannen\/fissler-adamant-comfort-2er-set-pfannen\/","title":{"rendered":"FISSLER Adamant Comfort 2er-Set Pfannen"},"content":{"rendered":"<p>Adamant Comfort 2-teiliges Set \u2013 Bestehend aus einer 24 cm (2,1 l) und einer 28 cm (3,2 l) Bratpfanne vereint dieses Set Langlebigkeit und Funktionalit\u00e4t. Die mit Mineralpartikeln verst\u00e4rkte Antihaftbeschichtung sorgt f\u00fcr langanhaltendes und gleichm\u00e4\u00dfiges Braten \u2013 ideal f\u00fcr den t\u00e4glichen Gebrauch auf allen Herdarten, einschlie\u00dflich Induktion.<\/p>\n<p><strong>Set bestehend aus:<\/strong><\/p>\n<ul>\n<li>24 cm \u00d8 2,1 l Bratpfanne<\/li>\n<li>28 cm \u00d8 3,2 l Bratpfanne<\/li>\n<\/ul>\n<p><strong>Kompatible Herdarten:<\/strong> Alle Herdarten, einschlie\u00dflich Induktion<br \/>\n<strong>Backofengeeignet:<\/strong> Nicht backofengeeignet<br \/>\n<strong>Reinigung:<\/strong> Sp\u00fclmaschinenfest, Handw\u00e4sche empfohlen.<\/p>\n","protected":false},"excerpt":{"rendered":"<p><br data-mce-bogus=\"1\"><\/p>\n","protected":false},"featured_media":505660,"template":"","meta":{"_acf_changed":false,"inline_featured_image":false},"product_cat":[6709,14801],"product_tag":[21533,11605,11829,25022],"acf":[],"yoast_head":"<!-- This site is optimized with the Yoast SEO Premium plugin v18.6 (Yoast SEO v19.13) - https:\/\/yoast.com\/wordpress\/plugins\/seo\/ -->\n<title>ZWILLING Vitality Set 5 Kochgeschirr<\/title>\n<meta name=\"description\" content=\"Entdecken Sie ZWILLING Vitality Set 5 Kochgeschirr bei ErresseShop. Qualit\u00e4t, Stil und Funktionalit\u00e4t \u2013 jetzt online bestellen!\" \/>\n<meta name=\"robots\" content=\"index, follow, max-snippet:-1, max-image-preview:large, max-video-preview:-1\" \/>\n<link rel=\"canonical\" href=\"https:\/\/www.erresse-shop.it\/de\/shop\/toepfe-pfannen\/pfannen\/fissler-adamant-comfort-2er-set-pfannen\/\" \/>\n<meta property=\"og:locale\" content=\"de_DE\" \/>\n<meta property=\"og:type\" content=\"article\" \/>\n<meta property=\"og:title\" content=\"FISSLER Adamant Comfort 2er-Set Pfannen\" \/>\n<meta property=\"og:description\" content=\"Entdecken Sie ZWILLING Vitality Set 5 Kochgeschirr bei ErresseShop. Qualit\u00e4t, Stil und Funktionalit\u00e4t \u2013 jetzt online bestellen!\" \/>\n<meta property=\"og:url\" content=\"https:\/\/www.erresse-shop.it\/de\/shop\/toepfe-pfannen\/pfannen\/fissler-adamant-comfort-2er-set-pfannen\/\" \/>\n<meta property=\"og:site_name\" content=\"Erresse Shop\" \/>\n<meta property=\"article:modified_time\" content=\"2025-06-27T13:01:11+00:00\" \/>\n<meta property=\"og:image\" content=\"https:\/\/www.erresse-shop.it\/wp-content\/uploads\/2025\/06\/FISSLER-Adamant-Comfort-Set-2-Padelle.jpg\" \/>\n\t<meta property=\"og:image:width\" content=\"1200\" \/>\n\t<meta property=\"og:image:height\" content=\"1200\" \/>\n\t<meta property=\"og:image:type\" content=\"image\/jpeg\" \/>\n<meta name=\"twitter:card\" content=\"summary_large_image\" \/>\n<script type=\"application\/ld+json\" class=\"yoast-schema-graph\">{\"@context\":\"https:\/\/schema.org\",\"@graph\":[{\"@type\":\"WebPage\",\"@id\":\"https:\/\/www.erresse-shop.it\/de\/shop\/toepfe-pfannen\/pfannen\/fissler-adamant-comfort-2er-set-pfannen\/\",\"url\":\"https:\/\/www.erresse-shop.it\/de\/shop\/toepfe-pfannen\/pfannen\/fissler-adamant-comfort-2er-set-pfannen\/\",\"name\":\"ZWILLING Vitality Set 5 Kochgeschirr\",\"isPartOf\":{\"@id\":\"https:\/\/www.erresse-shop.it\/de\/#website\"},\"datePublished\":\"2025-06-27T12:39:45+00:00\",\"dateModified\":\"2025-06-27T13:01:11+00:00\",\"description\":\"Entdecken Sie ZWILLING Vitality Set 5 Kochgeschirr bei ErresseShop. Qualit\u00e4t, Stil und Funktionalit\u00e4t \u2013 jetzt online bestellen!\",\"breadcrumb\":{\"@id\":\"https:\/\/www.erresse-shop.it\/de\/shop\/toepfe-pfannen\/pfannen\/fissler-adamant-comfort-2er-set-pfannen\/#breadcrumb\"},\"inLanguage\":\"de-DE\",\"potentialAction\":[{\"@type\":\"ReadAction\",\"target\":[\"https:\/\/www.erresse-shop.it\/de\/shop\/toepfe-pfannen\/pfannen\/fissler-adamant-comfort-2er-set-pfannen\/\"]}]},{\"@type\":\"BreadcrumbList\",\"@id\":\"https:\/\/www.erresse-shop.it\/de\/shop\/toepfe-pfannen\/pfannen\/fissler-adamant-comfort-2er-set-pfannen\/#breadcrumb\",\"itemListElement\":[{\"@type\":\"ListItem\",\"position\":1,\"name\":\"Home\",\"item\":\"https:\/\/www.erresse-shop.it\/de\/\"},{\"@type\":\"ListItem\",\"position\":2,\"name\":\"Shop\",\"item\":\"https:\/\/www.erresse-shop.it\/de\/shop\/\"},{\"@type\":\"ListItem\",\"position\":3,\"name\":\"FISSLER Adamant Comfort 2er-Set Pfannen\"}]},{\"@type\":\"WebSite\",\"@id\":\"https:\/\/www.erresse-shop.it\/de\/#website\",\"url\":\"https:\/\/www.erresse-shop.it\/de\/\",\"name\":\"Erresse Shop\",\"description\":\"Articoli di qualit\u00e0 per la casa\",\"potentialAction\":[{\"@type\":\"SearchAction\",\"target\":{\"@type\":\"EntryPoint\",\"urlTemplate\":\"https:\/\/www.erresse-shop.it\/de\/?s={search_term_string}\"},\"query-input\":\"required name=search_term_string\"}],\"inLanguage\":\"de-DE\"}]}<\/script>\n<!-- \/ Yoast SEO Premium plugin. -->","yoast_head_json":{"title":"ZWILLING Vitality Set 5 Kochgeschirr","description":"Entdecken Sie ZWILLING Vitality Set 5 Kochgeschirr bei ErresseShop. Qualit\u00e4t, Stil und Funktionalit\u00e4t \u2013 jetzt online bestellen!","robots":{"index":"index","follow":"follow","max-snippet":"max-snippet:-1","max-image-preview":"max-image-preview:large","max-video-preview":"max-video-preview:-1"},"canonical":"https:\/\/www.erresse-shop.it\/de\/shop\/toepfe-pfannen\/pfannen\/fissler-adamant-comfort-2er-set-pfannen\/","og_locale":"de_DE","og_type":"article","og_title":"FISSLER Adamant Comfort 2er-Set Pfannen","og_description":"Entdecken Sie ZWILLING Vitality Set 5 Kochgeschirr bei ErresseShop. Qualit\u00e4t, Stil und Funktionalit\u00e4t \u2013 jetzt online bestellen!","og_url":"https:\/\/www.erresse-shop.it\/de\/shop\/toepfe-pfannen\/pfannen\/fissler-adamant-comfort-2er-set-pfannen\/","og_site_name":"Erresse Shop","article_modified_time":"2025-06-27T13:01:11+00:00","og_image":[{"width":1200,"height":1200,"url":"https:\/\/www.erresse-shop.it\/wp-content\/uploads\/2025\/06\/FISSLER-Adamant-Comfort-Set-2-Padelle.jpg","type":"image\/jpeg"}],"twitter_card":"summary_large_image","schema":{"@context":"https:\/\/schema.org","@graph":[{"@type":"WebPage","@id":"https:\/\/www.erresse-shop.it\/de\/shop\/toepfe-pfannen\/pfannen\/fissler-adamant-comfort-2er-set-pfannen\/","url":"https:\/\/www.erresse-shop.it\/de\/shop\/toepfe-pfannen\/pfannen\/fissler-adamant-comfort-2er-set-pfannen\/","name":"ZWILLING Vitality Set 5 Kochgeschirr","isPartOf":{"@id":"https:\/\/www.erresse-shop.it\/de\/#website"},"datePublished":"2025-06-27T12:39:45+00:00","dateModified":"2025-06-27T13:01:11+00:00","description":"Entdecken Sie ZWILLING Vitality Set 5 Kochgeschirr bei ErresseShop. Qualit\u00e4t, Stil und Funktionalit\u00e4t \u2013 jetzt online bestellen!","breadcrumb":{"@id":"https:\/\/www.erresse-shop.it\/de\/shop\/toepfe-pfannen\/pfannen\/fissler-adamant-comfort-2er-set-pfannen\/#breadcrumb"},"inLanguage":"de-DE","potentialAction":[{"@type":"ReadAction","target":["https:\/\/www.erresse-shop.it\/de\/shop\/toepfe-pfannen\/pfannen\/fissler-adamant-comfort-2er-set-pfannen\/"]}]},{"@type":"BreadcrumbList","@id":"https:\/\/www.erresse-shop.it\/de\/shop\/toepfe-pfannen\/pfannen\/fissler-adamant-comfort-2er-set-pfannen\/#breadcrumb","itemListElement":[{"@type":"ListItem","position":1,"name":"Home","item":"https:\/\/www.erresse-shop.it\/de\/"},{"@type":"ListItem","position":2,"name":"Shop","item":"https:\/\/www.erresse-shop.it\/de\/shop\/"},{"@type":"ListItem","position":3,"name":"FISSLER Adamant Comfort 2er-Set Pfannen"}]},{"@type":"WebSite","@id":"https:\/\/www.erresse-shop.it\/de\/#website","url":"https:\/\/www.erresse-shop.it\/de\/","name":"Erresse Shop","description":"Articoli di qualit\u00e0 per la casa","potentialAction":[{"@type":"SearchAction","target":{"@type":"EntryPoint","urlTemplate":"https:\/\/www.erresse-shop.it\/de\/?s={search_term_string}"},"query-input":"required name=search_term_string"}],"inLanguage":"de-DE"}]}},"df_price":149.95,"df_sale_price":149.95,"df_regular_price":169,"df_image_link":"https:\/\/www.erresse-shop.it\/wp-content\/uploads\/2025\/06\/FISSLER-Adamant-Comfort-Set-2-Padelle-300x300.jpg","_links":{"self":[{"href":"https:\/\/www.erresse-shop.it\/de\/wp-json\/wp\/v2\/product\/505651"}],"collection":[{"href":"https:\/\/www.erresse-shop.it\/de\/wp-json\/wp\/v2\/product"}],"about":[{"href":"https:\/\/www.erresse-shop.it\/de\/wp-json\/wp\/v2\/types\/product"}],"wp:featuredmedia":[{"embeddable":true,"href":"https:\/\/www.erresse-shop.it\/de\/wp-json\/wp\/v2\/media\/505660"}],"wp:attachment":[{"href":"https:\/\/www.erresse-shop.it\/de\/wp-json\/wp\/v2\/media?parent=505651"}],"wp:term":[{"taxonomy":"product_cat","embeddable":true,"href":"https:\/\/www.erresse-shop.it\/de\/wp-json\/wp\/v2\/product_cat?post=505651"},{"taxonomy":"product_tag","embeddable":true,"href":"https:\/\/www.erresse-shop.it\/de\/wp-json\/wp\/v2\/product_tag?post=505651"}],"curies":[{"name":"wp","href":"https:\/\/api.w.org\/{rel}","templated":true}]}}