{"id":505552,"date":"2025-06-27T10:25:33","date_gmt":"2025-06-27T10:25:34","guid":{"rendered":"https:\/\/www.erresse-shop.it\/?post_type=product&#038;p=505552"},"modified":"2025-06-27T10:32:29","modified_gmt":"2025-06-27T10:32:29","slug":"fissler-adamant-wok-26-cm","status":"publish","type":"product","link":"https:\/\/www.erresse-shop.it\/de\/shop\/toepfe-pfannen\/wok-topf-pfanne\/fissler-adamant-wok-26-cm\/","title":{"rendered":"FISSLER Adamant Wok 26 cm"},"content":{"rendered":"<p>Die Fissler Adamant\u00ae Wokpfanne ist ein echter Allrounder. Sie ist f\u00fcr alle K\u00f6che konzipiert, die Komfort und Vielseitigkeit \u201eMade in Germany\u201c sch\u00e4tzen. Die wasserbasierte Adamant\u00ae-Beschichtung ist besonders kratzfest und verf\u00fcgt \u00fcber einen sehr guten Antihafteffekt. Sie eignet sich zum knusprigen Anbraten von Fleisch, zum Braten von Gem\u00fcse und zum schonenden Braten empfindlicher, leicht anhaftender Speisen. Die Fissler Wokpfanne mit ihrer abgerundeten Form und dem extra hohen Rand erm\u00f6glicht bequemes Wenden und R\u00fchren ohne Kleckern. So gelingen asiatische Gerichte im Handumdrehen. Dank der Pfannenbeschichtung wird der Abwasch zum Kinderspiel. Nachhaltig aus bis zu 60 % recyceltem Aluminium in Hoppst\u00e4dten-Weiersbach, Rheinland-Pfalz, hergestellt, ist die Fissler Adamant\u00ae Kollektion ein vielseitiger Begleiter f\u00fcr den t\u00e4glichen K\u00fcchengebrauch.<\/p>\n<p>PFOA-frei gem\u00e4\u00df EU-Verordnung Nr. 2019\/1021.<\/p>\n<p><strong>Technische Merkmale:<\/strong><\/p>\n<p><strong>Durchmesser:<\/strong> 26 cm<br \/>\n<strong>Fassungsverm\u00f6gen:<\/strong> 3,8 Liter<br \/>\n<strong>Kompatible Herdarten:<\/strong> Alle Herdarten, einschlie\u00dflich Induktion<br \/>\n<strong>Backofengeeignet:<\/strong> Backofenfest bis 180 \u00b0C (350 \u00b0F)<br \/>\n<strong>Reinigung:<\/strong> Sp\u00fclmaschinenfest<\/p>\n<p>&nbsp;<\/p>\n","protected":false},"excerpt":{"rendered":"<p><br data-mce-bogus=\"1\"><\/p>\n","protected":false},"featured_media":505567,"template":"","meta":{"_acf_changed":false,"inline_featured_image":false},"product_cat":[6709,6781],"product_tag":[21533,25022,11690],"acf":[],"yoast_head":"<!-- This site is optimized with the Yoast SEO Premium plugin v18.6 (Yoast SEO v19.13) - https:\/\/yoast.com\/wordpress\/plugins\/seo\/ -->\n<title>ZWILLING Vitality Set 5 Kochgeschirr<\/title>\n<meta name=\"description\" content=\"Entdecken Sie ZWILLING Vitality Set 5 Kochgeschirr bei ErresseShop. Qualit\u00e4t, Stil und Funktionalit\u00e4t \u2013 jetzt online bestellen!\" \/>\n<meta name=\"robots\" content=\"index, follow, max-snippet:-1, max-image-preview:large, max-video-preview:-1\" \/>\n<link rel=\"canonical\" href=\"https:\/\/www.erresse-shop.it\/de\/shop\/toepfe-pfannen\/wok-topf-pfanne\/fissler-adamant-wok-26-cm\/\" \/>\n<meta property=\"og:locale\" content=\"de_DE\" \/>\n<meta property=\"og:type\" content=\"article\" \/>\n<meta property=\"og:title\" content=\"FISSLER Adamant Wok 26 cm\" \/>\n<meta property=\"og:description\" content=\"Entdecken Sie ZWILLING Vitality Set 5 Kochgeschirr bei ErresseShop. Qualit\u00e4t, Stil und Funktionalit\u00e4t \u2013 jetzt online bestellen!\" \/>\n<meta property=\"og:url\" content=\"https:\/\/www.erresse-shop.it\/de\/shop\/toepfe-pfannen\/wok-topf-pfanne\/fissler-adamant-wok-26-cm\/\" \/>\n<meta property=\"og:site_name\" content=\"Erresse Shop\" \/>\n<meta property=\"article:modified_time\" content=\"2025-06-27T10:32:29+00:00\" \/>\n<meta property=\"og:image\" content=\"https:\/\/www.erresse-shop.it\/wp-content\/uploads\/2025\/06\/FISSLER-Adamant-Wok-26-cm.jpg\" \/>\n\t<meta property=\"og:image:width\" content=\"1200\" \/>\n\t<meta property=\"og:image:height\" content=\"1200\" \/>\n\t<meta property=\"og:image:type\" content=\"image\/jpeg\" \/>\n<meta name=\"twitter:card\" content=\"summary_large_image\" \/>\n<script type=\"application\/ld+json\" class=\"yoast-schema-graph\">{\"@context\":\"https:\/\/schema.org\",\"@graph\":[{\"@type\":\"WebPage\",\"@id\":\"https:\/\/www.erresse-shop.it\/de\/shop\/toepfe-pfannen\/wok-topf-pfanne\/fissler-adamant-wok-26-cm\/\",\"url\":\"https:\/\/www.erresse-shop.it\/de\/shop\/toepfe-pfannen\/wok-topf-pfanne\/fissler-adamant-wok-26-cm\/\",\"name\":\"ZWILLING Vitality Set 5 Kochgeschirr\",\"isPartOf\":{\"@id\":\"https:\/\/www.erresse-shop.it\/de\/#website\"},\"datePublished\":\"2025-06-27T10:25:34+00:00\",\"dateModified\":\"2025-06-27T10:32:29+00:00\",\"description\":\"Entdecken Sie ZWILLING Vitality Set 5 Kochgeschirr bei ErresseShop. Qualit\u00e4t, Stil und Funktionalit\u00e4t \u2013 jetzt online bestellen!\",\"breadcrumb\":{\"@id\":\"https:\/\/www.erresse-shop.it\/de\/shop\/toepfe-pfannen\/wok-topf-pfanne\/fissler-adamant-wok-26-cm\/#breadcrumb\"},\"inLanguage\":\"de-DE\",\"potentialAction\":[{\"@type\":\"ReadAction\",\"target\":[\"https:\/\/www.erresse-shop.it\/de\/shop\/toepfe-pfannen\/wok-topf-pfanne\/fissler-adamant-wok-26-cm\/\"]}]},{\"@type\":\"BreadcrumbList\",\"@id\":\"https:\/\/www.erresse-shop.it\/de\/shop\/toepfe-pfannen\/wok-topf-pfanne\/fissler-adamant-wok-26-cm\/#breadcrumb\",\"itemListElement\":[{\"@type\":\"ListItem\",\"position\":1,\"name\":\"Home\",\"item\":\"https:\/\/www.erresse-shop.it\/de\/\"},{\"@type\":\"ListItem\",\"position\":2,\"name\":\"Shop\",\"item\":\"https:\/\/www.erresse-shop.it\/de\/shop\/\"},{\"@type\":\"ListItem\",\"position\":3,\"name\":\"FISSLER Adamant Wok 26 cm\"}]},{\"@type\":\"WebSite\",\"@id\":\"https:\/\/www.erresse-shop.it\/de\/#website\",\"url\":\"https:\/\/www.erresse-shop.it\/de\/\",\"name\":\"Erresse Shop\",\"description\":\"Articoli di qualit\u00e0 per la casa\",\"potentialAction\":[{\"@type\":\"SearchAction\",\"target\":{\"@type\":\"EntryPoint\",\"urlTemplate\":\"https:\/\/www.erresse-shop.it\/de\/?s={search_term_string}\"},\"query-input\":\"required name=search_term_string\"}],\"inLanguage\":\"de-DE\"}]}<\/script>\n<!-- \/ Yoast SEO Premium plugin. -->","yoast_head_json":{"title":"ZWILLING Vitality Set 5 Kochgeschirr","description":"Entdecken Sie ZWILLING Vitality Set 5 Kochgeschirr bei ErresseShop. Qualit\u00e4t, Stil und Funktionalit\u00e4t \u2013 jetzt online bestellen!","robots":{"index":"index","follow":"follow","max-snippet":"max-snippet:-1","max-image-preview":"max-image-preview:large","max-video-preview":"max-video-preview:-1"},"canonical":"https:\/\/www.erresse-shop.it\/de\/shop\/toepfe-pfannen\/wok-topf-pfanne\/fissler-adamant-wok-26-cm\/","og_locale":"de_DE","og_type":"article","og_title":"FISSLER Adamant Wok 26 cm","og_description":"Entdecken Sie ZWILLING Vitality Set 5 Kochgeschirr bei ErresseShop. Qualit\u00e4t, Stil und Funktionalit\u00e4t \u2013 jetzt online bestellen!","og_url":"https:\/\/www.erresse-shop.it\/de\/shop\/toepfe-pfannen\/wok-topf-pfanne\/fissler-adamant-wok-26-cm\/","og_site_name":"Erresse Shop","article_modified_time":"2025-06-27T10:32:29+00:00","og_image":[{"width":1200,"height":1200,"url":"https:\/\/www.erresse-shop.it\/wp-content\/uploads\/2025\/06\/FISSLER-Adamant-Wok-26-cm.jpg","type":"image\/jpeg"}],"twitter_card":"summary_large_image","schema":{"@context":"https:\/\/schema.org","@graph":[{"@type":"WebPage","@id":"https:\/\/www.erresse-shop.it\/de\/shop\/toepfe-pfannen\/wok-topf-pfanne\/fissler-adamant-wok-26-cm\/","url":"https:\/\/www.erresse-shop.it\/de\/shop\/toepfe-pfannen\/wok-topf-pfanne\/fissler-adamant-wok-26-cm\/","name":"ZWILLING Vitality Set 5 Kochgeschirr","isPartOf":{"@id":"https:\/\/www.erresse-shop.it\/de\/#website"},"datePublished":"2025-06-27T10:25:34+00:00","dateModified":"2025-06-27T10:32:29+00:00","description":"Entdecken Sie ZWILLING Vitality Set 5 Kochgeschirr bei ErresseShop. Qualit\u00e4t, Stil und Funktionalit\u00e4t \u2013 jetzt online bestellen!","breadcrumb":{"@id":"https:\/\/www.erresse-shop.it\/de\/shop\/toepfe-pfannen\/wok-topf-pfanne\/fissler-adamant-wok-26-cm\/#breadcrumb"},"inLanguage":"de-DE","potentialAction":[{"@type":"ReadAction","target":["https:\/\/www.erresse-shop.it\/de\/shop\/toepfe-pfannen\/wok-topf-pfanne\/fissler-adamant-wok-26-cm\/"]}]},{"@type":"BreadcrumbList","@id":"https:\/\/www.erresse-shop.it\/de\/shop\/toepfe-pfannen\/wok-topf-pfanne\/fissler-adamant-wok-26-cm\/#breadcrumb","itemListElement":[{"@type":"ListItem","position":1,"name":"Home","item":"https:\/\/www.erresse-shop.it\/de\/"},{"@type":"ListItem","position":2,"name":"Shop","item":"https:\/\/www.erresse-shop.it\/de\/shop\/"},{"@type":"ListItem","position":3,"name":"FISSLER Adamant Wok 26 cm"}]},{"@type":"WebSite","@id":"https:\/\/www.erresse-shop.it\/de\/#website","url":"https:\/\/www.erresse-shop.it\/de\/","name":"Erresse Shop","description":"Articoli di qualit\u00e0 per la casa","potentialAction":[{"@type":"SearchAction","target":{"@type":"EntryPoint","urlTemplate":"https:\/\/www.erresse-shop.it\/de\/?s={search_term_string}"},"query-input":"required name=search_term_string"}],"inLanguage":"de-DE"}]}},"df_price":119,"df_sale_price":119,"df_regular_price":119,"df_image_link":"https:\/\/www.erresse-shop.it\/wp-content\/uploads\/2025\/06\/FISSLER-Adamant-Wok-26-cm-300x300.jpg","_links":{"self":[{"href":"https:\/\/www.erresse-shop.it\/de\/wp-json\/wp\/v2\/product\/505552"}],"collection":[{"href":"https:\/\/www.erresse-shop.it\/de\/wp-json\/wp\/v2\/product"}],"about":[{"href":"https:\/\/www.erresse-shop.it\/de\/wp-json\/wp\/v2\/types\/product"}],"wp:featuredmedia":[{"embeddable":true,"href":"https:\/\/www.erresse-shop.it\/de\/wp-json\/wp\/v2\/media\/505567"}],"wp:attachment":[{"href":"https:\/\/www.erresse-shop.it\/de\/wp-json\/wp\/v2\/media?parent=505552"}],"wp:term":[{"taxonomy":"product_cat","embeddable":true,"href":"https:\/\/www.erresse-shop.it\/de\/wp-json\/wp\/v2\/product_cat?post=505552"},{"taxonomy":"product_tag","embeddable":true,"href":"https:\/\/www.erresse-shop.it\/de\/wp-json\/wp\/v2\/product_tag?post=505552"}],"curies":[{"name":"wp","href":"https:\/\/api.w.org\/{rel}","templated":true}]}}