{"id":505460,"date":"2025-06-27T09:06:06","date_gmt":"2025-06-27T09:06:07","guid":{"rendered":"https:\/\/www.erresse-shop.it\/?post_type=product&#038;p=505460"},"modified":"2026-02-04T09:11:28","modified_gmt":"2026-02-04T09:11:28","slug":"fissler-original-profi-collection-5-teiliges-set-bratpfanne","status":"publish","type":"product","link":"https:\/\/www.erresse-shop.it\/de\/shop\/toepfe-pfannen\/topfsets\/fissler-original-profi-collection-5-teiliges-set-bratpfanne\/","title":{"rendered":"FISSLER Original-Profi Collection 5-teiliges Set Bratpfanne"},"content":{"rendered":"<p>Die Original-Profi Collection\u00ae wurde in Zusammenarbeit mit Sternek\u00f6chen entwickelt und \u00fcberzeugt in Sternek\u00fcchen ebenso wie am heimischen Herd.<\/p>\n<p>Das Design der Serie basiert auf h\u00f6chsten Qualit\u00e4tsstandards und ist schlicht, puristisch und zugleich klar.<\/p>\n<p><strong>Das Set besteht aus:<\/strong><\/p>\n<ul>\n<li>Topf 16 cm \u00d8 2,1 l<\/li>\n<li>Topf 20 cm \u00d8 4,0 l<\/li>\n<li>Topf 24 cm \u00d8 6,3 l<\/li>\n<li>Stieltopf ohne Deckel 16 cm \u00d8 1,4 l<\/li>\n<li>Bratpfanne ohne Deckel 24 cm \u00d8 2,0 l<\/li>\n<\/ul>\n<p><strong>Vorteile auf einen Blick:<\/strong><\/p>\n<ul>\n<li>Pflegeleicht und sp\u00fclmaschinenfest<\/li>\n<li>Modernes, harmonisches Design mit polierten und mattierten Elementen<\/li>\n<li>Abgewinkelter Griff und Rand mit umlaufendem Punktedekor<\/li>\n<li>Robuster Topfk\u00f6rper aus hochwertigem 18\/10 Edelstahl<\/li>\n<li>Die gew\u00f6lbten Metalldeckel sorgen daf\u00fcr, dass kondensierter Dampf abtropft Das macht Gerichte noch aromatischer und saftiger.<\/li>\n<li>Die kalten Metallgriffe aus Edelstahl sorgen f\u00fcr eine angenehme Temperatur beim Kochen und k\u00f6nnen ohne Ofenhandschuhe ber\u00fchrt werden.<\/li>\n<li>Der extra breite Sch\u00fcttrand erm\u00f6glicht pr\u00e4zises Ausgie\u00dfen und Umf\u00fcllen ohne Tropfen.<\/li>\n<li>Die integrierte, lasergravierte Skala mit Ma\u00dfeinheiten in Litern und Quarts macht das Dosieren von Fl\u00fcssigkeiten praktisch und komfortabel.<\/li>\n<li>Der Cookstar\u00ae Allherdboden sorgt f\u00fcr optimale W\u00e4rmeregulierung auf allen Herdarten.<\/li>\n<li>Backofengeeignet bis 230 \u00b0C.<\/li>\n<li>Made in Germany \u2013 15 Jahre Garantie*.<\/li>\n<\/ul>\n<p>Die Original-Profi Collection\u00ae besteht aus hochwertigem, geschliffenem Edelstahl 18\/10 und ist pflegeleicht, extrem langlebig und rostbest\u00e4ndig. Die Setkomponenten sind dank Cookstar\u00ae Allherdboden allherdtauglich und f\u00fcr Induktionsherde optimiert. Ihr durchdachtes Design sorgt f\u00fcr optimale W\u00e4rmeaufnahme, -verteilung und -speicherung. Die charakteristischen k\u00fchlen Metallgriffe der Serie gew\u00e4hrleisten eine angenehme Kochtemperatur.<\/p>\n<p>Die Metalldeckel der Original-Profi Collection\u00ae sorgen dank der Kondensat-Plus-Funktion daf\u00fcr, dass kondensierter Dampf gezielt abtropft und Speisen saftig und aromatisch bleiben.<\/p>\n<p>Das macht die Kollektion zu einem langlebigen Begleiter, auf den Sie nie wieder verzichten m\u00f6chten.<\/p>\n<p>Vollkonturiert und perfekt f\u00fcr anspruchsvolles Kochen!<\/p>\n<p>*Nur f\u00fcr Edelstahlteile<\/p>\n","protected":false},"excerpt":{"rendered":"<p>Die Original-Profi Collection\u00ae wurde in Zusammenarbeit mit Sternek\u00f6chen entwickelt und \u00fcberzeugt in Sternek\u00fcchen ebenso wie am heimischen Herd. Das Design<\/p>\n","protected":false},"featured_media":505476,"template":"","meta":{"_acf_changed":false,"inline_featured_image":false},"product_cat":[6709,14781],"product_tag":[20302,21533,12992,25022,11607],"acf":[],"yoast_head":"<!-- This site is optimized with the Yoast SEO Premium plugin v18.6 (Yoast SEO v19.13) - https:\/\/yoast.com\/wordpress\/plugins\/seo\/ -->\n<title>FISSLER Original-Profi Collection 5-teiliges Set Bratpfanne - Erresse Shop<\/title>\n<meta name=\"description\" content=\"Die Original-Profi Collection\u00ae wurde in Zusammenarbeit mit Sternek\u00f6chen entwickelt und \u00fcberzeugt in Sternek\u00fcchen ebenso wie am heimischen Herd. Das Design\" \/>\n<meta name=\"robots\" content=\"index, follow, max-snippet:-1, max-image-preview:large, max-video-preview:-1\" \/>\n<link rel=\"canonical\" href=\"https:\/\/www.erresse-shop.it\/de\/shop\/toepfe-pfannen\/topfsets\/fissler-original-profi-collection-5-teiliges-set-bratpfanne\/\" \/>\n<meta property=\"og:locale\" content=\"de_DE\" \/>\n<meta property=\"og:type\" content=\"article\" \/>\n<meta property=\"og:title\" content=\"FISSLER Original-Profi Collection 5-teiliges Set Bratpfanne\" \/>\n<meta property=\"og:description\" content=\"Die Original-Profi Collection\u00ae wurde in Zusammenarbeit mit Sternek\u00f6chen entwickelt und \u00fcberzeugt in Sternek\u00fcchen ebenso wie am heimischen Herd. Das Design\" \/>\n<meta property=\"og:url\" content=\"https:\/\/www.erresse-shop.it\/de\/shop\/toepfe-pfannen\/topfsets\/fissler-original-profi-collection-5-teiliges-set-bratpfanne\/\" \/>\n<meta property=\"og:site_name\" content=\"Erresse Shop\" \/>\n<meta property=\"article:modified_time\" content=\"2026-02-04T09:11:28+00:00\" \/>\n<meta property=\"og:image\" content=\"https:\/\/www.erresse-shop.it\/wp-content\/uploads\/2025\/06\/FISSLER-Original-Profi-Collection-Set-5-Pezzi-Tegame.jpg\" \/>\n\t<meta property=\"og:image:width\" content=\"1200\" \/>\n\t<meta property=\"og:image:height\" content=\"1200\" \/>\n\t<meta property=\"og:image:type\" content=\"image\/jpeg\" \/>\n<meta name=\"twitter:card\" content=\"summary_large_image\" \/>\n<script type=\"application\/ld+json\" class=\"yoast-schema-graph\">{\"@context\":\"https:\/\/schema.org\",\"@graph\":[{\"@type\":\"WebPage\",\"@id\":\"https:\/\/www.erresse-shop.it\/de\/shop\/toepfe-pfannen\/topfsets\/fissler-original-profi-collection-5-teiliges-set-bratpfanne\/\",\"url\":\"https:\/\/www.erresse-shop.it\/de\/shop\/toepfe-pfannen\/topfsets\/fissler-original-profi-collection-5-teiliges-set-bratpfanne\/\",\"name\":\"FISSLER Original-Profi Collection 5-teiliges Set Bratpfanne - Erresse Shop\",\"isPartOf\":{\"@id\":\"https:\/\/www.erresse-shop.it\/de\/#website\"},\"datePublished\":\"2025-06-27T09:06:07+00:00\",\"dateModified\":\"2026-02-04T09:11:28+00:00\",\"description\":\"Die Original-Profi Collection\u00ae wurde in Zusammenarbeit mit Sternek\u00f6chen entwickelt und \u00fcberzeugt in Sternek\u00fcchen ebenso wie am heimischen Herd. Das Design\",\"breadcrumb\":{\"@id\":\"https:\/\/www.erresse-shop.it\/de\/shop\/toepfe-pfannen\/topfsets\/fissler-original-profi-collection-5-teiliges-set-bratpfanne\/#breadcrumb\"},\"inLanguage\":\"de-DE\",\"potentialAction\":[{\"@type\":\"ReadAction\",\"target\":[\"https:\/\/www.erresse-shop.it\/de\/shop\/toepfe-pfannen\/topfsets\/fissler-original-profi-collection-5-teiliges-set-bratpfanne\/\"]}]},{\"@type\":\"BreadcrumbList\",\"@id\":\"https:\/\/www.erresse-shop.it\/de\/shop\/toepfe-pfannen\/topfsets\/fissler-original-profi-collection-5-teiliges-set-bratpfanne\/#breadcrumb\",\"itemListElement\":[{\"@type\":\"ListItem\",\"position\":1,\"name\":\"Home\",\"item\":\"https:\/\/www.erresse-shop.it\/de\/\"},{\"@type\":\"ListItem\",\"position\":2,\"name\":\"Shop\",\"item\":\"https:\/\/www.erresse-shop.it\/de\/shop\/\"},{\"@type\":\"ListItem\",\"position\":3,\"name\":\"FISSLER Original-Profi Collection 5-teiliges Set Bratpfanne\"}]},{\"@type\":\"WebSite\",\"@id\":\"https:\/\/www.erresse-shop.it\/de\/#website\",\"url\":\"https:\/\/www.erresse-shop.it\/de\/\",\"name\":\"Erresse Shop\",\"description\":\"Articoli di qualit\u00e0 per la casa\",\"potentialAction\":[{\"@type\":\"SearchAction\",\"target\":{\"@type\":\"EntryPoint\",\"urlTemplate\":\"https:\/\/www.erresse-shop.it\/de\/?s={search_term_string}\"},\"query-input\":\"required name=search_term_string\"}],\"inLanguage\":\"de-DE\"}]}<\/script>\n<!-- \/ Yoast SEO Premium plugin. -->","yoast_head_json":{"title":"FISSLER Original-Profi Collection 5-teiliges Set Bratpfanne - Erresse Shop","description":"Die Original-Profi Collection\u00ae wurde in Zusammenarbeit mit Sternek\u00f6chen entwickelt und \u00fcberzeugt in Sternek\u00fcchen ebenso wie am heimischen Herd. Das Design","robots":{"index":"index","follow":"follow","max-snippet":"max-snippet:-1","max-image-preview":"max-image-preview:large","max-video-preview":"max-video-preview:-1"},"canonical":"https:\/\/www.erresse-shop.it\/de\/shop\/toepfe-pfannen\/topfsets\/fissler-original-profi-collection-5-teiliges-set-bratpfanne\/","og_locale":"de_DE","og_type":"article","og_title":"FISSLER Original-Profi Collection 5-teiliges Set Bratpfanne","og_description":"Die Original-Profi Collection\u00ae wurde in Zusammenarbeit mit Sternek\u00f6chen entwickelt und \u00fcberzeugt in Sternek\u00fcchen ebenso wie am heimischen Herd. Das Design","og_url":"https:\/\/www.erresse-shop.it\/de\/shop\/toepfe-pfannen\/topfsets\/fissler-original-profi-collection-5-teiliges-set-bratpfanne\/","og_site_name":"Erresse Shop","article_modified_time":"2026-02-04T09:11:28+00:00","og_image":[{"width":1200,"height":1200,"url":"https:\/\/www.erresse-shop.it\/wp-content\/uploads\/2025\/06\/FISSLER-Original-Profi-Collection-Set-5-Pezzi-Tegame.jpg","type":"image\/jpeg"}],"twitter_card":"summary_large_image","schema":{"@context":"https:\/\/schema.org","@graph":[{"@type":"WebPage","@id":"https:\/\/www.erresse-shop.it\/de\/shop\/toepfe-pfannen\/topfsets\/fissler-original-profi-collection-5-teiliges-set-bratpfanne\/","url":"https:\/\/www.erresse-shop.it\/de\/shop\/toepfe-pfannen\/topfsets\/fissler-original-profi-collection-5-teiliges-set-bratpfanne\/","name":"FISSLER Original-Profi Collection 5-teiliges Set Bratpfanne - Erresse Shop","isPartOf":{"@id":"https:\/\/www.erresse-shop.it\/de\/#website"},"datePublished":"2025-06-27T09:06:07+00:00","dateModified":"2026-02-04T09:11:28+00:00","description":"Die Original-Profi Collection\u00ae wurde in Zusammenarbeit mit Sternek\u00f6chen entwickelt und \u00fcberzeugt in Sternek\u00fcchen ebenso wie am heimischen Herd. Das Design","breadcrumb":{"@id":"https:\/\/www.erresse-shop.it\/de\/shop\/toepfe-pfannen\/topfsets\/fissler-original-profi-collection-5-teiliges-set-bratpfanne\/#breadcrumb"},"inLanguage":"de-DE","potentialAction":[{"@type":"ReadAction","target":["https:\/\/www.erresse-shop.it\/de\/shop\/toepfe-pfannen\/topfsets\/fissler-original-profi-collection-5-teiliges-set-bratpfanne\/"]}]},{"@type":"BreadcrumbList","@id":"https:\/\/www.erresse-shop.it\/de\/shop\/toepfe-pfannen\/topfsets\/fissler-original-profi-collection-5-teiliges-set-bratpfanne\/#breadcrumb","itemListElement":[{"@type":"ListItem","position":1,"name":"Home","item":"https:\/\/www.erresse-shop.it\/de\/"},{"@type":"ListItem","position":2,"name":"Shop","item":"https:\/\/www.erresse-shop.it\/de\/shop\/"},{"@type":"ListItem","position":3,"name":"FISSLER Original-Profi Collection 5-teiliges Set Bratpfanne"}]},{"@type":"WebSite","@id":"https:\/\/www.erresse-shop.it\/de\/#website","url":"https:\/\/www.erresse-shop.it\/de\/","name":"Erresse Shop","description":"Articoli di qualit\u00e0 per la casa","potentialAction":[{"@type":"SearchAction","target":{"@type":"EntryPoint","urlTemplate":"https:\/\/www.erresse-shop.it\/de\/?s={search_term_string}"},"query-input":"required name=search_term_string"}],"inLanguage":"de-DE"}]}},"df_price":559.95,"df_sale_price":559.95,"df_regular_price":729,"df_image_link":"https:\/\/www.erresse-shop.it\/wp-content\/uploads\/2025\/06\/FISSLER-Original-Profi-Collection-Set-5-Pezzi-Tegame-300x300.jpg","_links":{"self":[{"href":"https:\/\/www.erresse-shop.it\/de\/wp-json\/wp\/v2\/product\/505460"}],"collection":[{"href":"https:\/\/www.erresse-shop.it\/de\/wp-json\/wp\/v2\/product"}],"about":[{"href":"https:\/\/www.erresse-shop.it\/de\/wp-json\/wp\/v2\/types\/product"}],"wp:featuredmedia":[{"embeddable":true,"href":"https:\/\/www.erresse-shop.it\/de\/wp-json\/wp\/v2\/media\/505476"}],"wp:attachment":[{"href":"https:\/\/www.erresse-shop.it\/de\/wp-json\/wp\/v2\/media?parent=505460"}],"wp:term":[{"taxonomy":"product_cat","embeddable":true,"href":"https:\/\/www.erresse-shop.it\/de\/wp-json\/wp\/v2\/product_cat?post=505460"},{"taxonomy":"product_tag","embeddable":true,"href":"https:\/\/www.erresse-shop.it\/de\/wp-json\/wp\/v2\/product_tag?post=505460"}],"curies":[{"name":"wp","href":"https:\/\/api.w.org\/{rel}","templated":true}]}}