{"id":505399,"date":"2025-06-27T08:11:00","date_gmt":"2025-06-27T08:11:02","guid":{"rendered":"https:\/\/www.erresse-shop.it\/?post_type=product&#038;p=505399"},"modified":"2025-06-27T08:21:35","modified_gmt":"2025-06-27T08:21:35","slug":"fissler-san-francisco-satz-mit-5-stueck","status":"publish","type":"product","link":"https:\/\/www.erresse-shop.it\/de\/shop\/toepfe-pfannen\/topfsets\/fissler-san-francisco-satz-mit-5-stueck\/","title":{"rendered":"FISSLER San Francisco Satz mit 5 St\u00fcck"},"content":{"rendered":"<p>Die geschwungenen Griffe und das Satin-Finish der Kochgeschirrserie San Francisco verleihen einen Hauch von Stil.<\/p>\n<p>Der Superthermalboden sorgt f\u00fcr eine gleichm\u00e4\u00dfige und energieeffiziente W\u00e4rmeverteilung auf allen Herdarten, einschlie\u00dflich Induktion. Die integrierte Messskala ist ein praktisches Hilfsmittel zum Abmessen von Fl\u00fcssigkeiten ohne zus\u00e4tzlichen Messbecher, w\u00e4hrend der Antihaft-Rand ein einfaches, tropffreies Ausgie\u00dfen von So\u00dfen oder Suppen gew\u00e4hrleistet. Die T\u00f6pfe sind zudem mit einem hochwertigen Glasdeckel mit luftdichtem Verschluss ausgestattet, der beste Kochbedingungen und energiesparendes Sichtkochen erm\u00f6glicht.<\/p>\n<p><strong>Das Set besteht aus:<\/strong><\/p>\n<ul>\n<li>Schmortopf 16 cm<\/li>\n<li>Schmortopf 20 cm<\/li>\n<li>Schmortopf 24 cm<\/li>\n<li>20 cm Kochtopf<\/li>\n<li>Stieltopf ohne Deckel 16 cm<\/li>\n<\/ul>\n<h4 data-start=\"826\" data-end=\"862\"><strong data-start=\"831\" data-end=\"862\">Hauptmerkmale:<\/strong><\/h4>\n<ul>\n<li data-start=\"865\" data-end=\"956\"><strong data-start=\"865\" data-end=\"887\">Superthermic-Boden<\/strong>: gleichm\u00e4\u00dfige W\u00e4rmeverteilung und maximale Energieeffizienz<\/li>\n<li data-start=\"959\" data-end=\"1045\"><strong data-start=\"959\" data-end=\"1000\">Kompatibel mit allen Herdarten<\/strong>, einschlie\u00dflich Induktion und Backofen (bis 180 \u00b0C)<\/li>\n<li data-start=\"1048\" data-end=\"1138\"><strong data-start=\"1048\" data-end=\"1079\">Deckel aus geh\u00e4rtetem Glas<\/strong>: Beobachten Sie den Kochvorgang, ohne den Deckel anzuheben<\/li>\n<li data-start=\"1141\" data-end=\"1201\"><strong data-start=\"1141\" data-end=\"1167\">Edelstahlgriffe<\/strong>: robust und hitzebest\u00e4ndig<\/li>\n<li data-start=\"1204\" data-end=\"1256\"><strong data-start=\"1204\" data-end=\"1233\">Sp\u00fclmaschinenfest<\/strong>: einfache Pflege<\/li>\n<li data-start=\"1259\" data-end=\"1303\"><strong data-start=\"1259\" data-end=\"1278\">Ausgie\u00dfrand<\/strong>: f\u00fcr tropffreies Ausgie\u00dfen<\/li>\n<\/ul>\n","protected":false},"excerpt":{"rendered":"<p>Die geschwungenen Griffe und das Satin-Finish der Kochgeschirrserie San Francisco verleihen einen Hauch von Stil. Der Superthermalboden sorgt f\u00fcr eine<\/p>\n","protected":false},"featured_media":505414,"template":"","meta":{"_acf_changed":false,"inline_featured_image":false},"product_cat":[6709,14781],"product_tag":[21533,11718,12992,25022],"acf":[],"yoast_head":"<!-- This site is optimized with the Yoast SEO Premium plugin v18.6 (Yoast SEO v19.13) - https:\/\/yoast.com\/wordpress\/plugins\/seo\/ -->\n<title>ZWILLING Vitality Set 5 Kochgeschirr<\/title>\n<meta name=\"description\" content=\"Entdecken Sie ZWILLING Vitality Set 5 Kochgeschirr bei ErresseShop. Qualit\u00e4t, Stil und Funktionalit\u00e4t \u2013 jetzt online bestellen!\" \/>\n<meta name=\"robots\" content=\"index, follow, max-snippet:-1, max-image-preview:large, max-video-preview:-1\" \/>\n<link rel=\"canonical\" href=\"https:\/\/www.erresse-shop.it\/de\/shop\/toepfe-pfannen\/topfsets\/fissler-san-francisco-satz-mit-5-stueck\/\" \/>\n<meta property=\"og:locale\" content=\"de_DE\" \/>\n<meta property=\"og:type\" content=\"article\" \/>\n<meta property=\"og:title\" content=\"FISSLER San Francisco Satz mit 5 St\u00fcck\" \/>\n<meta property=\"og:description\" content=\"Entdecken Sie ZWILLING Vitality Set 5 Kochgeschirr bei ErresseShop. Qualit\u00e4t, Stil und Funktionalit\u00e4t \u2013 jetzt online bestellen!\" \/>\n<meta property=\"og:url\" content=\"https:\/\/www.erresse-shop.it\/de\/shop\/toepfe-pfannen\/topfsets\/fissler-san-francisco-satz-mit-5-stueck\/\" \/>\n<meta property=\"og:site_name\" content=\"Erresse Shop\" \/>\n<meta property=\"article:modified_time\" content=\"2025-06-27T08:21:35+00:00\" \/>\n<meta property=\"og:image\" content=\"https:\/\/www.erresse-shop.it\/wp-content\/uploads\/2025\/06\/FISSLER-San-Francisco-Set-5-Pezzi.jpg\" \/>\n\t<meta property=\"og:image:width\" content=\"1200\" \/>\n\t<meta property=\"og:image:height\" content=\"1200\" \/>\n\t<meta property=\"og:image:type\" content=\"image\/jpeg\" \/>\n<meta name=\"twitter:card\" content=\"summary_large_image\" \/>\n<script type=\"application\/ld+json\" class=\"yoast-schema-graph\">{\"@context\":\"https:\/\/schema.org\",\"@graph\":[{\"@type\":\"WebPage\",\"@id\":\"https:\/\/www.erresse-shop.it\/de\/shop\/toepfe-pfannen\/topfsets\/fissler-san-francisco-satz-mit-5-stueck\/\",\"url\":\"https:\/\/www.erresse-shop.it\/de\/shop\/toepfe-pfannen\/topfsets\/fissler-san-francisco-satz-mit-5-stueck\/\",\"name\":\"ZWILLING Vitality Set 5 Kochgeschirr\",\"isPartOf\":{\"@id\":\"https:\/\/www.erresse-shop.it\/de\/#website\"},\"datePublished\":\"2025-06-27T08:11:02+00:00\",\"dateModified\":\"2025-06-27T08:21:35+00:00\",\"description\":\"Entdecken Sie ZWILLING Vitality Set 5 Kochgeschirr bei ErresseShop. Qualit\u00e4t, Stil und Funktionalit\u00e4t \u2013 jetzt online bestellen!\",\"breadcrumb\":{\"@id\":\"https:\/\/www.erresse-shop.it\/de\/shop\/toepfe-pfannen\/topfsets\/fissler-san-francisco-satz-mit-5-stueck\/#breadcrumb\"},\"inLanguage\":\"de-DE\",\"potentialAction\":[{\"@type\":\"ReadAction\",\"target\":[\"https:\/\/www.erresse-shop.it\/de\/shop\/toepfe-pfannen\/topfsets\/fissler-san-francisco-satz-mit-5-stueck\/\"]}]},{\"@type\":\"BreadcrumbList\",\"@id\":\"https:\/\/www.erresse-shop.it\/de\/shop\/toepfe-pfannen\/topfsets\/fissler-san-francisco-satz-mit-5-stueck\/#breadcrumb\",\"itemListElement\":[{\"@type\":\"ListItem\",\"position\":1,\"name\":\"Home\",\"item\":\"https:\/\/www.erresse-shop.it\/de\/\"},{\"@type\":\"ListItem\",\"position\":2,\"name\":\"Shop\",\"item\":\"https:\/\/www.erresse-shop.it\/de\/shop\/\"},{\"@type\":\"ListItem\",\"position\":3,\"name\":\"FISSLER San Francisco Satz mit 5 St\u00fcck\"}]},{\"@type\":\"WebSite\",\"@id\":\"https:\/\/www.erresse-shop.it\/de\/#website\",\"url\":\"https:\/\/www.erresse-shop.it\/de\/\",\"name\":\"Erresse Shop\",\"description\":\"Articoli di qualit\u00e0 per la casa\",\"potentialAction\":[{\"@type\":\"SearchAction\",\"target\":{\"@type\":\"EntryPoint\",\"urlTemplate\":\"https:\/\/www.erresse-shop.it\/de\/?s={search_term_string}\"},\"query-input\":\"required name=search_term_string\"}],\"inLanguage\":\"de-DE\"}]}<\/script>\n<!-- \/ Yoast SEO Premium plugin. -->","yoast_head_json":{"title":"ZWILLING Vitality Set 5 Kochgeschirr","description":"Entdecken Sie ZWILLING Vitality Set 5 Kochgeschirr bei ErresseShop. Qualit\u00e4t, Stil und Funktionalit\u00e4t \u2013 jetzt online bestellen!","robots":{"index":"index","follow":"follow","max-snippet":"max-snippet:-1","max-image-preview":"max-image-preview:large","max-video-preview":"max-video-preview:-1"},"canonical":"https:\/\/www.erresse-shop.it\/de\/shop\/toepfe-pfannen\/topfsets\/fissler-san-francisco-satz-mit-5-stueck\/","og_locale":"de_DE","og_type":"article","og_title":"FISSLER San Francisco Satz mit 5 St\u00fcck","og_description":"Entdecken Sie ZWILLING Vitality Set 5 Kochgeschirr bei ErresseShop. Qualit\u00e4t, Stil und Funktionalit\u00e4t \u2013 jetzt online bestellen!","og_url":"https:\/\/www.erresse-shop.it\/de\/shop\/toepfe-pfannen\/topfsets\/fissler-san-francisco-satz-mit-5-stueck\/","og_site_name":"Erresse Shop","article_modified_time":"2025-06-27T08:21:35+00:00","og_image":[{"width":1200,"height":1200,"url":"https:\/\/www.erresse-shop.it\/wp-content\/uploads\/2025\/06\/FISSLER-San-Francisco-Set-5-Pezzi.jpg","type":"image\/jpeg"}],"twitter_card":"summary_large_image","schema":{"@context":"https:\/\/schema.org","@graph":[{"@type":"WebPage","@id":"https:\/\/www.erresse-shop.it\/de\/shop\/toepfe-pfannen\/topfsets\/fissler-san-francisco-satz-mit-5-stueck\/","url":"https:\/\/www.erresse-shop.it\/de\/shop\/toepfe-pfannen\/topfsets\/fissler-san-francisco-satz-mit-5-stueck\/","name":"ZWILLING Vitality Set 5 Kochgeschirr","isPartOf":{"@id":"https:\/\/www.erresse-shop.it\/de\/#website"},"datePublished":"2025-06-27T08:11:02+00:00","dateModified":"2025-06-27T08:21:35+00:00","description":"Entdecken Sie ZWILLING Vitality Set 5 Kochgeschirr bei ErresseShop. Qualit\u00e4t, Stil und Funktionalit\u00e4t \u2013 jetzt online bestellen!","breadcrumb":{"@id":"https:\/\/www.erresse-shop.it\/de\/shop\/toepfe-pfannen\/topfsets\/fissler-san-francisco-satz-mit-5-stueck\/#breadcrumb"},"inLanguage":"de-DE","potentialAction":[{"@type":"ReadAction","target":["https:\/\/www.erresse-shop.it\/de\/shop\/toepfe-pfannen\/topfsets\/fissler-san-francisco-satz-mit-5-stueck\/"]}]},{"@type":"BreadcrumbList","@id":"https:\/\/www.erresse-shop.it\/de\/shop\/toepfe-pfannen\/topfsets\/fissler-san-francisco-satz-mit-5-stueck\/#breadcrumb","itemListElement":[{"@type":"ListItem","position":1,"name":"Home","item":"https:\/\/www.erresse-shop.it\/de\/"},{"@type":"ListItem","position":2,"name":"Shop","item":"https:\/\/www.erresse-shop.it\/de\/shop\/"},{"@type":"ListItem","position":3,"name":"FISSLER San Francisco Satz mit 5 St\u00fcck"}]},{"@type":"WebSite","@id":"https:\/\/www.erresse-shop.it\/de\/#website","url":"https:\/\/www.erresse-shop.it\/de\/","name":"Erresse Shop","description":"Articoli di qualit\u00e0 per la casa","potentialAction":[{"@type":"SearchAction","target":{"@type":"EntryPoint","urlTemplate":"https:\/\/www.erresse-shop.it\/de\/?s={search_term_string}"},"query-input":"required name=search_term_string"}],"inLanguage":"de-DE"}]}},"df_price":209.95,"df_sale_price":209.95,"df_regular_price":249,"df_image_link":"https:\/\/www.erresse-shop.it\/wp-content\/uploads\/2025\/06\/FISSLER-San-Francisco-Set-5-Pezzi-300x300.jpg","_links":{"self":[{"href":"https:\/\/www.erresse-shop.it\/de\/wp-json\/wp\/v2\/product\/505399"}],"collection":[{"href":"https:\/\/www.erresse-shop.it\/de\/wp-json\/wp\/v2\/product"}],"about":[{"href":"https:\/\/www.erresse-shop.it\/de\/wp-json\/wp\/v2\/types\/product"}],"wp:featuredmedia":[{"embeddable":true,"href":"https:\/\/www.erresse-shop.it\/de\/wp-json\/wp\/v2\/media\/505414"}],"wp:attachment":[{"href":"https:\/\/www.erresse-shop.it\/de\/wp-json\/wp\/v2\/media?parent=505399"}],"wp:term":[{"taxonomy":"product_cat","embeddable":true,"href":"https:\/\/www.erresse-shop.it\/de\/wp-json\/wp\/v2\/product_cat?post=505399"},{"taxonomy":"product_tag","embeddable":true,"href":"https:\/\/www.erresse-shop.it\/de\/wp-json\/wp\/v2\/product_tag?post=505399"}],"curies":[{"name":"wp","href":"https:\/\/api.w.org\/{rel}","templated":true}]}}