{"id":505308,"date":"2025-06-27T06:02:32","date_gmt":"2025-06-27T06:02:33","guid":{"rendered":"https:\/\/www.erresse-shop.it\/?post_type=product&#038;p=505308"},"modified":"2025-06-27T06:33:59","modified_gmt":"2025-06-27T06:33:59","slug":"fissler-palermo-satz-mit-5-stueck","status":"publish","type":"product","link":"https:\/\/www.erresse-shop.it\/de\/shop\/toepfe-pfannen\/topfsets\/fissler-palermo-satz-mit-5-stueck\/","title":{"rendered":"FISSLER Palermo Satz mit 5 St\u00fcck"},"content":{"rendered":"<p data-start=\"213\" data-end=\"564\">D\u00e9couvrez la qualit\u00e9 allemande de Fissler avec la <strong data-start=\"274\" data-end=\"296\">batterie de cuisine 5 pi\u00e8ces Palermo<\/strong>, con\u00e7ue pour ceux qui recherchent fonctionnalit\u00e9, durabilit\u00e9 et design intemporel. Fabriqu\u00e9 en <strong data-start=\"377\" data-end=\"415\">acier inoxydable 18\/10 de haute qualit\u00e9<\/strong>, cet ensemble offre d&#8217;excellentes performances sur tous les types de plaques de cuisson, <strong data-start=\"493\" data-end=\"516\">y compris l&#8217;induction<\/strong>, et est parfait pour une utilisation quotidienne intensive.<\/p>\n<h4 data-start=\"566\" data-end=\"593\"><strong data-start=\"571\" data-end=\"593\">Contenu de l&#8217;ensemble\u00a0:<\/strong><\/h4>\n<ul>\n<li data-start=\"596\" data-end=\"640\">1 casserole avec couvercle en verre \u2013 \u00d8 16 cm<\/li>\n<li data-start=\"643\" data-end=\"687\">1 casserole avec couvercle en verre \u2013 \u00d8 20 cm<\/li>\n<li data-start=\"690\" data-end=\"734\">1 casserole avec couvercle en verre \u2013 \u00d8 24 cm<\/li>\n<li data-start=\"737\" data-end=\"784\">1 casserole avec couvercle en verre \u2013 \u00d8 20 cm<\/li>\n<li data-start=\"787\" data-end=\"824\">1 casserole sans couvercle \u2013 \u00d8 16 cm<\/li>\n<\/ul>\n<h4 data-start=\"826\" data-end=\"862\"><strong data-start=\"831\" data-end=\"862\">Principales caract\u00e9ristiques\u00a0:<\/strong><\/h4>\n<ul>\n<li data-start=\"865\" data-end=\"956\"><strong data-start=\"865\" data-end=\"887\">Fond superthermique<\/strong>\u00a0: r\u00e9partition uniforme de la chaleur et efficacit\u00e9 \u00e9nerg\u00e9tique maximale<\/li>\n<li data-start=\"959\" data-end=\"1045\"><strong data-start=\"959\" data-end=\"1000\">Compatible avec tous les feux<\/strong>, y compris l&#8217;induction et le four (jusqu&#8217;\u00e0 180 \u00b0C)<\/li>\n<li data-start=\"1048\" data-end=\"1138\"><strong data-start=\"1048\" data-end=\"1079\">Couvercles en verre tremp\u00e9<\/strong>\u00a0: surveillez la cuisson sans soulever le couvercle<\/li>\n<li data-start=\"1141\" data-end=\"1201\"><strong data-start=\"1141\" data-end=\"1167\">Poign\u00e9es en acier inoxydable<\/strong>\u00a0: robustes et r\u00e9sistantes \u00e0 la chaleur<\/li>\n<li data-start=\"1204\" data-end=\"1256\"><strong data-start=\"1204\" data-end=\"1233\">Lavable au lave-vaisselle<\/strong>\u00a0: entretien facile<\/li>\n<li data-start=\"1259\" data-end=\"1303\"><strong data-start=\"1259\" data-end=\"1278\">Bord verseur<\/strong>\u00a0: pour un versement sans gouttes<\/li>\n<\/ul>\n","protected":false},"excerpt":{"rendered":"<p>D\u00e9couvrez la qualit\u00e9 allemande de Fissler avec la batterie de cuisine 5 pi\u00e8ces Palermo, con\u00e7ue pour ceux qui recherchent fonctionnalit\u00e9,<\/p>\n","protected":false},"featured_media":505338,"template":"","meta":{"_acf_changed":false,"inline_featured_image":false},"product_cat":[6709,14781],"product_tag":[11609,21533,12992,25022],"acf":[],"yoast_head":"<!-- This site is optimized with the Yoast SEO Premium plugin v18.6 (Yoast SEO v19.13) - https:\/\/yoast.com\/wordpress\/plugins\/seo\/ -->\n<title>ZWILLING Vitality Set 5 Kochgeschirr<\/title>\n<meta name=\"description\" content=\"Entdecken Sie ZWILLING Vitality Set 5 Kochgeschirr bei ErresseShop. Qualit\u00e4t, Stil und Funktionalit\u00e4t \u2013 jetzt online bestellen!\" \/>\n<meta name=\"robots\" content=\"index, follow, max-snippet:-1, max-image-preview:large, max-video-preview:-1\" \/>\n<link rel=\"canonical\" href=\"https:\/\/www.erresse-shop.it\/de\/shop\/toepfe-pfannen\/topfsets\/fissler-palermo-satz-mit-5-stueck\/\" \/>\n<meta property=\"og:locale\" content=\"de_DE\" \/>\n<meta property=\"og:type\" content=\"article\" \/>\n<meta property=\"og:title\" content=\"FISSLER Palermo Satz mit 5 St\u00fcck\" \/>\n<meta property=\"og:description\" content=\"Entdecken Sie ZWILLING Vitality Set 5 Kochgeschirr bei ErresseShop. Qualit\u00e4t, Stil und Funktionalit\u00e4t \u2013 jetzt online bestellen!\" \/>\n<meta property=\"og:url\" content=\"https:\/\/www.erresse-shop.it\/de\/shop\/toepfe-pfannen\/topfsets\/fissler-palermo-satz-mit-5-stueck\/\" \/>\n<meta property=\"og:site_name\" content=\"Erresse Shop\" \/>\n<meta property=\"article:modified_time\" content=\"2025-06-27T06:33:59+00:00\" \/>\n<meta property=\"og:image\" content=\"https:\/\/www.erresse-shop.it\/wp-content\/uploads\/2025\/06\/BARAZZONI-Palermo-Set-5-Pezzi.jpg\" \/>\n\t<meta property=\"og:image:width\" content=\"1200\" \/>\n\t<meta property=\"og:image:height\" content=\"1200\" \/>\n\t<meta property=\"og:image:type\" content=\"image\/jpeg\" \/>\n<meta name=\"twitter:card\" content=\"summary_large_image\" \/>\n<script type=\"application\/ld+json\" class=\"yoast-schema-graph\">{\"@context\":\"https:\/\/schema.org\",\"@graph\":[{\"@type\":\"WebPage\",\"@id\":\"https:\/\/www.erresse-shop.it\/de\/shop\/toepfe-pfannen\/topfsets\/fissler-palermo-satz-mit-5-stueck\/\",\"url\":\"https:\/\/www.erresse-shop.it\/de\/shop\/toepfe-pfannen\/topfsets\/fissler-palermo-satz-mit-5-stueck\/\",\"name\":\"ZWILLING Vitality Set 5 Kochgeschirr\",\"isPartOf\":{\"@id\":\"https:\/\/www.erresse-shop.it\/de\/#website\"},\"datePublished\":\"2025-06-27T06:02:33+00:00\",\"dateModified\":\"2025-06-27T06:33:59+00:00\",\"description\":\"Entdecken Sie ZWILLING Vitality Set 5 Kochgeschirr bei ErresseShop. Qualit\u00e4t, Stil und Funktionalit\u00e4t \u2013 jetzt online bestellen!\",\"breadcrumb\":{\"@id\":\"https:\/\/www.erresse-shop.it\/de\/shop\/toepfe-pfannen\/topfsets\/fissler-palermo-satz-mit-5-stueck\/#breadcrumb\"},\"inLanguage\":\"de-DE\",\"potentialAction\":[{\"@type\":\"ReadAction\",\"target\":[\"https:\/\/www.erresse-shop.it\/de\/shop\/toepfe-pfannen\/topfsets\/fissler-palermo-satz-mit-5-stueck\/\"]}]},{\"@type\":\"BreadcrumbList\",\"@id\":\"https:\/\/www.erresse-shop.it\/de\/shop\/toepfe-pfannen\/topfsets\/fissler-palermo-satz-mit-5-stueck\/#breadcrumb\",\"itemListElement\":[{\"@type\":\"ListItem\",\"position\":1,\"name\":\"Home\",\"item\":\"https:\/\/www.erresse-shop.it\/de\/\"},{\"@type\":\"ListItem\",\"position\":2,\"name\":\"Shop\",\"item\":\"https:\/\/www.erresse-shop.it\/de\/shop\/\"},{\"@type\":\"ListItem\",\"position\":3,\"name\":\"FISSLER Palermo Satz mit 5 St\u00fcck\"}]},{\"@type\":\"WebSite\",\"@id\":\"https:\/\/www.erresse-shop.it\/de\/#website\",\"url\":\"https:\/\/www.erresse-shop.it\/de\/\",\"name\":\"Erresse Shop\",\"description\":\"Articoli di qualit\u00e0 per la casa\",\"potentialAction\":[{\"@type\":\"SearchAction\",\"target\":{\"@type\":\"EntryPoint\",\"urlTemplate\":\"https:\/\/www.erresse-shop.it\/de\/?s={search_term_string}\"},\"query-input\":\"required name=search_term_string\"}],\"inLanguage\":\"de-DE\"}]}<\/script>\n<!-- \/ Yoast SEO Premium plugin. -->","yoast_head_json":{"title":"ZWILLING Vitality Set 5 Kochgeschirr","description":"Entdecken Sie ZWILLING Vitality Set 5 Kochgeschirr bei ErresseShop. Qualit\u00e4t, Stil und Funktionalit\u00e4t \u2013 jetzt online bestellen!","robots":{"index":"index","follow":"follow","max-snippet":"max-snippet:-1","max-image-preview":"max-image-preview:large","max-video-preview":"max-video-preview:-1"},"canonical":"https:\/\/www.erresse-shop.it\/de\/shop\/toepfe-pfannen\/topfsets\/fissler-palermo-satz-mit-5-stueck\/","og_locale":"de_DE","og_type":"article","og_title":"FISSLER Palermo Satz mit 5 St\u00fcck","og_description":"Entdecken Sie ZWILLING Vitality Set 5 Kochgeschirr bei ErresseShop. Qualit\u00e4t, Stil und Funktionalit\u00e4t \u2013 jetzt online bestellen!","og_url":"https:\/\/www.erresse-shop.it\/de\/shop\/toepfe-pfannen\/topfsets\/fissler-palermo-satz-mit-5-stueck\/","og_site_name":"Erresse Shop","article_modified_time":"2025-06-27T06:33:59+00:00","og_image":[{"width":1200,"height":1200,"url":"https:\/\/www.erresse-shop.it\/wp-content\/uploads\/2025\/06\/BARAZZONI-Palermo-Set-5-Pezzi.jpg","type":"image\/jpeg"}],"twitter_card":"summary_large_image","schema":{"@context":"https:\/\/schema.org","@graph":[{"@type":"WebPage","@id":"https:\/\/www.erresse-shop.it\/de\/shop\/toepfe-pfannen\/topfsets\/fissler-palermo-satz-mit-5-stueck\/","url":"https:\/\/www.erresse-shop.it\/de\/shop\/toepfe-pfannen\/topfsets\/fissler-palermo-satz-mit-5-stueck\/","name":"ZWILLING Vitality Set 5 Kochgeschirr","isPartOf":{"@id":"https:\/\/www.erresse-shop.it\/de\/#website"},"datePublished":"2025-06-27T06:02:33+00:00","dateModified":"2025-06-27T06:33:59+00:00","description":"Entdecken Sie ZWILLING Vitality Set 5 Kochgeschirr bei ErresseShop. Qualit\u00e4t, Stil und Funktionalit\u00e4t \u2013 jetzt online bestellen!","breadcrumb":{"@id":"https:\/\/www.erresse-shop.it\/de\/shop\/toepfe-pfannen\/topfsets\/fissler-palermo-satz-mit-5-stueck\/#breadcrumb"},"inLanguage":"de-DE","potentialAction":[{"@type":"ReadAction","target":["https:\/\/www.erresse-shop.it\/de\/shop\/toepfe-pfannen\/topfsets\/fissler-palermo-satz-mit-5-stueck\/"]}]},{"@type":"BreadcrumbList","@id":"https:\/\/www.erresse-shop.it\/de\/shop\/toepfe-pfannen\/topfsets\/fissler-palermo-satz-mit-5-stueck\/#breadcrumb","itemListElement":[{"@type":"ListItem","position":1,"name":"Home","item":"https:\/\/www.erresse-shop.it\/de\/"},{"@type":"ListItem","position":2,"name":"Shop","item":"https:\/\/www.erresse-shop.it\/de\/shop\/"},{"@type":"ListItem","position":3,"name":"FISSLER Palermo Satz mit 5 St\u00fcck"}]},{"@type":"WebSite","@id":"https:\/\/www.erresse-shop.it\/de\/#website","url":"https:\/\/www.erresse-shop.it\/de\/","name":"Erresse Shop","description":"Articoli di qualit\u00e0 per la casa","potentialAction":[{"@type":"SearchAction","target":{"@type":"EntryPoint","urlTemplate":"https:\/\/www.erresse-shop.it\/de\/?s={search_term_string}"},"query-input":"required name=search_term_string"}],"inLanguage":"de-DE"}]}},"df_price":199.95,"df_sale_price":199.95,"df_regular_price":239,"df_image_link":"https:\/\/www.erresse-shop.it\/wp-content\/uploads\/2025\/06\/FISSLER-Palermo-Set-5-Pezzi-300x300.jpg","_links":{"self":[{"href":"https:\/\/www.erresse-shop.it\/de\/wp-json\/wp\/v2\/product\/505308"}],"collection":[{"href":"https:\/\/www.erresse-shop.it\/de\/wp-json\/wp\/v2\/product"}],"about":[{"href":"https:\/\/www.erresse-shop.it\/de\/wp-json\/wp\/v2\/types\/product"}],"wp:featuredmedia":[{"embeddable":true,"href":"https:\/\/www.erresse-shop.it\/de\/wp-json\/wp\/v2\/media\/505338"}],"wp:attachment":[{"href":"https:\/\/www.erresse-shop.it\/de\/wp-json\/wp\/v2\/media?parent=505308"}],"wp:term":[{"taxonomy":"product_cat","embeddable":true,"href":"https:\/\/www.erresse-shop.it\/de\/wp-json\/wp\/v2\/product_cat?post=505308"},{"taxonomy":"product_tag","embeddable":true,"href":"https:\/\/www.erresse-shop.it\/de\/wp-json\/wp\/v2\/product_tag?post=505308"}],"curies":[{"name":"wp","href":"https:\/\/api.w.org\/{rel}","templated":true}]}}