{"id":505154,"date":"2025-06-26T08:22:57","date_gmt":"2025-06-26T08:22:58","guid":{"rendered":"https:\/\/www.erresse-shop.it\/?post_type=product&#038;p=505154"},"modified":"2025-06-26T08:38:30","modified_gmt":"2025-06-26T08:38:30","slug":"fissler-vitaquick-premium-schnellkochtopf-8-l","status":"publish","type":"product","link":"https:\/\/www.erresse-shop.it\/de\/shop\/toepfe-pfannen\/toepfe-und-kochtoepfen\/fissler-vitaquick-premium-schnellkochtopf-8-l\/","title":{"rendered":"FISSLER Vitaquick Premium Schnellkochtopf 8 L"},"content":{"rendered":"<p>Mit einfachen Hilfsmitteln macht das Kochen noch mehr Spa\u00df. Mit den leicht zu bedienenden Schnellkocht\u00f6pfen von Fissler wird die Zubereitung Ihrer gesunden und leckeren Mahlzeit zu einem absolut entspannten Erlebnis.<\/p>\n<p>Neben der praktischen Positionierungshilfe bietet der benutzerfreundliche Vitaquick\u00ae auch eine Verriegelungsstatusanzeigefunktion, sodass Sie wissen, wann der Deckel richtig positioniert ist. Der hochwertige Super-Thermoboden sorgt f\u00fcr eine gleichm\u00e4\u00dfige W\u00e4rmeaufnahme, -verteilung und -haltung auf allen Herdarten, einschlie\u00dflich Induktion.<\/p>\n<ul>\n<li>Induktionskochfelder kompatibel<\/li>\n<li>Superthermalfonds<\/li>\n<li>Vitaquick\u00ae Positionierungshilfe<\/li>\n<li>Sperranzeige<\/li>\n<li>abnehmbarer Griff<\/li>\n<li>Stapelfunktion<\/li>\n<\/ul>\n<p><strong>Technische Merkmale:<\/strong><\/p>\n<ul>\n<li>Fassungsverm\u00f6gen 10 l<\/li>\n<li>Material: 18\/10 Edelstahl<\/li>\n<li>Durchmesser: Basis 23 cm<\/li>\n<li>Hergestellt in Deutschland<\/li>\n<li>Farbe: Edelstahl \/ Silber<\/li>\n<li>Griffmaterial: Kunststoff<\/li>\n<li>Glatte Innenfl\u00e4che<\/li>\n<li>Polierte Au\u00dfenfl\u00e4che<\/li>\n<li>Empfohlene Herdgr\u00f6\u00dfe: 21 cm<\/li>\n<\/ul>\n<p><strong>Abmessungen:<\/strong> 29 x 47 x 21,5 cm<br \/>\n<strong>Gewicht:<\/strong> 4,069 kg<\/p>\n<p><strong>\u00a0Sp\u00fclmaschinenfest, au\u00dfer abnehmbare Teile<\/strong><\/p>\n","protected":false},"excerpt":{"rendered":"<p>Mit einfachen Hilfsmitteln macht das Kochen noch mehr Spa\u00df. Mit den leicht zu bedienenden Schnellkocht\u00f6pfen von Fissler wird die Zubereitung<\/p>\n","protected":false},"featured_media":505169,"template":"","meta":{"_acf_changed":false,"inline_featured_image":false},"product_cat":[6709,14776],"product_tag":[21533,13436,17643,25022,12205],"acf":[],"yoast_head":"<!-- This site is optimized with the Yoast SEO Premium plugin v18.6 (Yoast SEO v19.13) - https:\/\/yoast.com\/wordpress\/plugins\/seo\/ -->\n<title>ZWILLING Vitality Set 5 Kochgeschirr<\/title>\n<meta name=\"description\" content=\"Entdecken Sie ZWILLING Vitality Set 5 Kochgeschirr bei ErresseShop. Qualit\u00e4t, Stil und Funktionalit\u00e4t \u2013 jetzt online bestellen!\" \/>\n<meta name=\"robots\" content=\"index, follow, max-snippet:-1, max-image-preview:large, max-video-preview:-1\" \/>\n<link rel=\"canonical\" href=\"https:\/\/www.erresse-shop.it\/de\/shop\/toepfe-pfannen\/toepfe-und-kochtoepfen\/fissler-vitaquick-premium-schnellkochtopf-8-l\/\" \/>\n<meta property=\"og:locale\" content=\"de_DE\" \/>\n<meta property=\"og:type\" content=\"article\" \/>\n<meta property=\"og:title\" content=\"FISSLER Vitaquick Premium Schnellkochtopf 8 L\" \/>\n<meta property=\"og:description\" content=\"Entdecken Sie ZWILLING Vitality Set 5 Kochgeschirr bei ErresseShop. Qualit\u00e4t, Stil und Funktionalit\u00e4t \u2013 jetzt online bestellen!\" \/>\n<meta property=\"og:url\" content=\"https:\/\/www.erresse-shop.it\/de\/shop\/toepfe-pfannen\/toepfe-und-kochtoepfen\/fissler-vitaquick-premium-schnellkochtopf-8-l\/\" \/>\n<meta property=\"og:site_name\" content=\"Erresse Shop\" \/>\n<meta property=\"article:modified_time\" content=\"2025-06-26T08:38:30+00:00\" \/>\n<meta property=\"og:image\" content=\"https:\/\/www.erresse-shop.it\/wp-content\/uploads\/2025\/06\/FISSLER-Vitaquick-Premium-Pentola-a-Pressione-8-L.jpg\" \/>\n\t<meta property=\"og:image:width\" content=\"1200\" \/>\n\t<meta property=\"og:image:height\" content=\"1200\" \/>\n\t<meta property=\"og:image:type\" content=\"image\/jpeg\" \/>\n<meta name=\"twitter:card\" content=\"summary_large_image\" \/>\n<script type=\"application\/ld+json\" class=\"yoast-schema-graph\">{\"@context\":\"https:\/\/schema.org\",\"@graph\":[{\"@type\":\"WebPage\",\"@id\":\"https:\/\/www.erresse-shop.it\/de\/shop\/toepfe-pfannen\/toepfe-und-kochtoepfen\/fissler-vitaquick-premium-schnellkochtopf-8-l\/\",\"url\":\"https:\/\/www.erresse-shop.it\/de\/shop\/toepfe-pfannen\/toepfe-und-kochtoepfen\/fissler-vitaquick-premium-schnellkochtopf-8-l\/\",\"name\":\"ZWILLING Vitality Set 5 Kochgeschirr\",\"isPartOf\":{\"@id\":\"https:\/\/www.erresse-shop.it\/de\/#website\"},\"datePublished\":\"2025-06-26T08:22:58+00:00\",\"dateModified\":\"2025-06-26T08:38:30+00:00\",\"description\":\"Entdecken Sie ZWILLING Vitality Set 5 Kochgeschirr bei ErresseShop. Qualit\u00e4t, Stil und Funktionalit\u00e4t \u2013 jetzt online bestellen!\",\"breadcrumb\":{\"@id\":\"https:\/\/www.erresse-shop.it\/de\/shop\/toepfe-pfannen\/toepfe-und-kochtoepfen\/fissler-vitaquick-premium-schnellkochtopf-8-l\/#breadcrumb\"},\"inLanguage\":\"de-DE\",\"potentialAction\":[{\"@type\":\"ReadAction\",\"target\":[\"https:\/\/www.erresse-shop.it\/de\/shop\/toepfe-pfannen\/toepfe-und-kochtoepfen\/fissler-vitaquick-premium-schnellkochtopf-8-l\/\"]}]},{\"@type\":\"BreadcrumbList\",\"@id\":\"https:\/\/www.erresse-shop.it\/de\/shop\/toepfe-pfannen\/toepfe-und-kochtoepfen\/fissler-vitaquick-premium-schnellkochtopf-8-l\/#breadcrumb\",\"itemListElement\":[{\"@type\":\"ListItem\",\"position\":1,\"name\":\"Home\",\"item\":\"https:\/\/www.erresse-shop.it\/de\/\"},{\"@type\":\"ListItem\",\"position\":2,\"name\":\"Shop\",\"item\":\"https:\/\/www.erresse-shop.it\/de\/shop\/\"},{\"@type\":\"ListItem\",\"position\":3,\"name\":\"FISSLER Vitaquick Premium Schnellkochtopf 8 L\"}]},{\"@type\":\"WebSite\",\"@id\":\"https:\/\/www.erresse-shop.it\/de\/#website\",\"url\":\"https:\/\/www.erresse-shop.it\/de\/\",\"name\":\"Erresse Shop\",\"description\":\"Articoli di qualit\u00e0 per la casa\",\"potentialAction\":[{\"@type\":\"SearchAction\",\"target\":{\"@type\":\"EntryPoint\",\"urlTemplate\":\"https:\/\/www.erresse-shop.it\/de\/?s={search_term_string}\"},\"query-input\":\"required name=search_term_string\"}],\"inLanguage\":\"de-DE\"}]}<\/script>\n<!-- \/ Yoast SEO Premium plugin. -->","yoast_head_json":{"title":"ZWILLING Vitality Set 5 Kochgeschirr","description":"Entdecken Sie ZWILLING Vitality Set 5 Kochgeschirr bei ErresseShop. Qualit\u00e4t, Stil und Funktionalit\u00e4t \u2013 jetzt online bestellen!","robots":{"index":"index","follow":"follow","max-snippet":"max-snippet:-1","max-image-preview":"max-image-preview:large","max-video-preview":"max-video-preview:-1"},"canonical":"https:\/\/www.erresse-shop.it\/de\/shop\/toepfe-pfannen\/toepfe-und-kochtoepfen\/fissler-vitaquick-premium-schnellkochtopf-8-l\/","og_locale":"de_DE","og_type":"article","og_title":"FISSLER Vitaquick Premium Schnellkochtopf 8 L","og_description":"Entdecken Sie ZWILLING Vitality Set 5 Kochgeschirr bei ErresseShop. Qualit\u00e4t, Stil und Funktionalit\u00e4t \u2013 jetzt online bestellen!","og_url":"https:\/\/www.erresse-shop.it\/de\/shop\/toepfe-pfannen\/toepfe-und-kochtoepfen\/fissler-vitaquick-premium-schnellkochtopf-8-l\/","og_site_name":"Erresse Shop","article_modified_time":"2025-06-26T08:38:30+00:00","og_image":[{"width":1200,"height":1200,"url":"https:\/\/www.erresse-shop.it\/wp-content\/uploads\/2025\/06\/FISSLER-Vitaquick-Premium-Pentola-a-Pressione-8-L.jpg","type":"image\/jpeg"}],"twitter_card":"summary_large_image","schema":{"@context":"https:\/\/schema.org","@graph":[{"@type":"WebPage","@id":"https:\/\/www.erresse-shop.it\/de\/shop\/toepfe-pfannen\/toepfe-und-kochtoepfen\/fissler-vitaquick-premium-schnellkochtopf-8-l\/","url":"https:\/\/www.erresse-shop.it\/de\/shop\/toepfe-pfannen\/toepfe-und-kochtoepfen\/fissler-vitaquick-premium-schnellkochtopf-8-l\/","name":"ZWILLING Vitality Set 5 Kochgeschirr","isPartOf":{"@id":"https:\/\/www.erresse-shop.it\/de\/#website"},"datePublished":"2025-06-26T08:22:58+00:00","dateModified":"2025-06-26T08:38:30+00:00","description":"Entdecken Sie ZWILLING Vitality Set 5 Kochgeschirr bei ErresseShop. Qualit\u00e4t, Stil und Funktionalit\u00e4t \u2013 jetzt online bestellen!","breadcrumb":{"@id":"https:\/\/www.erresse-shop.it\/de\/shop\/toepfe-pfannen\/toepfe-und-kochtoepfen\/fissler-vitaquick-premium-schnellkochtopf-8-l\/#breadcrumb"},"inLanguage":"de-DE","potentialAction":[{"@type":"ReadAction","target":["https:\/\/www.erresse-shop.it\/de\/shop\/toepfe-pfannen\/toepfe-und-kochtoepfen\/fissler-vitaquick-premium-schnellkochtopf-8-l\/"]}]},{"@type":"BreadcrumbList","@id":"https:\/\/www.erresse-shop.it\/de\/shop\/toepfe-pfannen\/toepfe-und-kochtoepfen\/fissler-vitaquick-premium-schnellkochtopf-8-l\/#breadcrumb","itemListElement":[{"@type":"ListItem","position":1,"name":"Home","item":"https:\/\/www.erresse-shop.it\/de\/"},{"@type":"ListItem","position":2,"name":"Shop","item":"https:\/\/www.erresse-shop.it\/de\/shop\/"},{"@type":"ListItem","position":3,"name":"FISSLER Vitaquick Premium Schnellkochtopf 8 L"}]},{"@type":"WebSite","@id":"https:\/\/www.erresse-shop.it\/de\/#website","url":"https:\/\/www.erresse-shop.it\/de\/","name":"Erresse Shop","description":"Articoli di qualit\u00e0 per la casa","potentialAction":[{"@type":"SearchAction","target":{"@type":"EntryPoint","urlTemplate":"https:\/\/www.erresse-shop.it\/de\/?s={search_term_string}"},"query-input":"required name=search_term_string"}],"inLanguage":"de-DE"}]}},"df_price":234.95,"df_sale_price":234.95,"df_regular_price":269,"df_image_link":"https:\/\/www.erresse-shop.it\/wp-content\/uploads\/2025\/06\/FISSLER-Vitaquick-Premium-Pentola-a-Pressione-8-L-300x300.jpg","_links":{"self":[{"href":"https:\/\/www.erresse-shop.it\/de\/wp-json\/wp\/v2\/product\/505154"}],"collection":[{"href":"https:\/\/www.erresse-shop.it\/de\/wp-json\/wp\/v2\/product"}],"about":[{"href":"https:\/\/www.erresse-shop.it\/de\/wp-json\/wp\/v2\/types\/product"}],"wp:featuredmedia":[{"embeddable":true,"href":"https:\/\/www.erresse-shop.it\/de\/wp-json\/wp\/v2\/media\/505169"}],"wp:attachment":[{"href":"https:\/\/www.erresse-shop.it\/de\/wp-json\/wp\/v2\/media?parent=505154"}],"wp:term":[{"taxonomy":"product_cat","embeddable":true,"href":"https:\/\/www.erresse-shop.it\/de\/wp-json\/wp\/v2\/product_cat?post=505154"},{"taxonomy":"product_tag","embeddable":true,"href":"https:\/\/www.erresse-shop.it\/de\/wp-json\/wp\/v2\/product_tag?post=505154"}],"curies":[{"name":"wp","href":"https:\/\/api.w.org\/{rel}","templated":true}]}}