{"id":505104,"date":"2025-06-26T07:35:35","date_gmt":"2025-06-26T07:35:36","guid":{"rendered":"https:\/\/www.erresse-shop.it\/?post_type=product&#038;p=505104"},"modified":"2025-06-26T07:45:24","modified_gmt":"2025-06-26T07:45:24","slug":"fissler-vitavit-premium-schnellkochtopf-25-l","status":"publish","type":"product","link":"https:\/\/www.erresse-shop.it\/de\/shop\/toepfe-pfannen\/toepfe-und-kochtoepfen\/fissler-vitavit-premium-schnellkochtopf-25-l\/","title":{"rendered":"FISSLER Vitavit Premium Schnellkochtopf 2,5 L"},"content":{"rendered":"<p>1953 erlebte die Vitavit\u00ae-Reihe ihren Siegeszug, die erste mit einem mehrstufigen Kochventil, das das Schnellkochen in Privathaushalten auf der ganzen Welt sicher machte. In den letzten 65 Jahren wurde die Vitavit\u00ae-Reihe f\u00fcr ihr Design und ihre Funktionalit\u00e4t mehrfach ausgezeichnet. Vitavit\u00ae Premium stellt die Weiterentwicklung des legend\u00e4ren Schnellkochtopfs aus dem Jahr 1953 dar und \u00fcberzeugt durch eine Vielzahl intelligenter Funktionen.<\/p>\n<ul>\n<li>4 Kochstufen<\/li>\n<li>Abnehmbarer Griff mit Verriegelungsanzeige<\/li>\n<li>Cookstar\u00ae-Boden f\u00fcr alle Herdarten geeignet<\/li>\n<li>Interner graduierter Abschluss<\/li>\n<li>Stapelbar<\/li>\n<\/ul>\n<p>Hergestellt aus hochwertigem satiniertem Edelstahl 18\/10 ist es \u00e4u\u00dferst widerstandsf\u00e4hig und resistent gegen Rost.<\/p>\n<p>Vier einstellbare Garstufen erm\u00f6glichen schonendes oder schnelles Garen und sorgen so f\u00fcr den Erhalt wichtiger Vitamine. Auch eine drucklose Dampfgarphase ist integriert.<\/p>\n<p>Dank der Kochanzeige mit Ampelfunktion k\u00f6nnen Sie den Druck im Topf bequem \u00fcberwachen. Dank der Dampfabsperrfunktion an Kochkrone und Griff l\u00e4sst sich der Druck bei Bedarf einfach und bequem reduzieren.<\/p>\n<p>Die Novogrill\u00ae Grillfl\u00e4che eignet sich ideal f\u00fcr die fettarme Zubereitung von Gem\u00fcse und Fleisch mit Grilleffekt. Mithilfe des Einsatzes k\u00f6nnen Sie auch komplette Gerichte, Beilagen und Desserts gleichzeitig zubereiten.<\/p>\n<p>Vitavit\u00ae Premium ist f\u00fcr alle Herdarten geeignet und mit dem allherdtauglichen Cookstar\u00ae-Boden ausgestattet. Dadurch bietet es eine optimale W\u00e4rmeaufnahme, -verteilung und -speicherung.<\/p>\n<p>Der perfekte Schnellkochtopf f\u00fcr die anspruchsvollsten Genie\u00dfer, die schnell und gesund kochen m\u00f6chten!<\/p>\n<p><strong>Abmessungen: <\/strong>39 x 21 x 16,5<\/p>\n<p><strong>\u00a0Sp\u00fclmaschinenfest, au\u00dfer abnehmbare Teile<\/strong><\/p>\n","protected":false},"excerpt":{"rendered":"<p>1953 erlebte die Vitavit\u00ae-Reihe ihren Siegeszug, die erste mit einem mehrstufigen Kochventil, das das Schnellkochen in Privathaushalten auf der ganzen<\/p>\n","protected":false},"featured_media":505120,"template":"","meta":{"_acf_changed":false,"inline_featured_image":false},"product_cat":[6709,14776],"product_tag":[21533,13436,17643,25022,12205],"acf":[],"yoast_head":"<!-- This site is optimized with the Yoast SEO Premium plugin v18.6 (Yoast SEO v19.13) - https:\/\/yoast.com\/wordpress\/plugins\/seo\/ -->\n<title>ZWILLING Vitality Set 5 Kochgeschirr<\/title>\n<meta name=\"description\" content=\"Entdecken Sie ZWILLING Vitality Set 5 Kochgeschirr bei ErresseShop. Qualit\u00e4t, Stil und Funktionalit\u00e4t \u2013 jetzt online bestellen!\" \/>\n<meta name=\"robots\" content=\"index, follow, max-snippet:-1, max-image-preview:large, max-video-preview:-1\" \/>\n<link rel=\"canonical\" href=\"https:\/\/www.erresse-shop.it\/de\/shop\/toepfe-pfannen\/toepfe-und-kochtoepfen\/fissler-vitavit-premium-schnellkochtopf-25-l\/\" \/>\n<meta property=\"og:locale\" content=\"de_DE\" \/>\n<meta property=\"og:type\" content=\"article\" \/>\n<meta property=\"og:title\" content=\"FISSLER Vitavit Premium Schnellkochtopf 2,5 L\" \/>\n<meta property=\"og:description\" content=\"Entdecken Sie ZWILLING Vitality Set 5 Kochgeschirr bei ErresseShop. Qualit\u00e4t, Stil und Funktionalit\u00e4t \u2013 jetzt online bestellen!\" \/>\n<meta property=\"og:url\" content=\"https:\/\/www.erresse-shop.it\/de\/shop\/toepfe-pfannen\/toepfe-und-kochtoepfen\/fissler-vitavit-premium-schnellkochtopf-25-l\/\" \/>\n<meta property=\"og:site_name\" content=\"Erresse Shop\" \/>\n<meta property=\"article:modified_time\" content=\"2025-06-26T07:45:24+00:00\" \/>\n<meta property=\"og:image\" content=\"https:\/\/www.erresse-shop.it\/wp-content\/uploads\/2025\/06\/FISSLER-Vitavit-Premium-Pentola-a-Pressione-25.jpg\" \/>\n\t<meta property=\"og:image:width\" content=\"1200\" \/>\n\t<meta property=\"og:image:height\" content=\"1200\" \/>\n\t<meta property=\"og:image:type\" content=\"image\/jpeg\" \/>\n<meta name=\"twitter:card\" content=\"summary_large_image\" \/>\n<script type=\"application\/ld+json\" class=\"yoast-schema-graph\">{\"@context\":\"https:\/\/schema.org\",\"@graph\":[{\"@type\":\"WebPage\",\"@id\":\"https:\/\/www.erresse-shop.it\/de\/shop\/toepfe-pfannen\/toepfe-und-kochtoepfen\/fissler-vitavit-premium-schnellkochtopf-25-l\/\",\"url\":\"https:\/\/www.erresse-shop.it\/de\/shop\/toepfe-pfannen\/toepfe-und-kochtoepfen\/fissler-vitavit-premium-schnellkochtopf-25-l\/\",\"name\":\"ZWILLING Vitality Set 5 Kochgeschirr\",\"isPartOf\":{\"@id\":\"https:\/\/www.erresse-shop.it\/de\/#website\"},\"datePublished\":\"2025-06-26T07:35:36+00:00\",\"dateModified\":\"2025-06-26T07:45:24+00:00\",\"description\":\"Entdecken Sie ZWILLING Vitality Set 5 Kochgeschirr bei ErresseShop. Qualit\u00e4t, Stil und Funktionalit\u00e4t \u2013 jetzt online bestellen!\",\"breadcrumb\":{\"@id\":\"https:\/\/www.erresse-shop.it\/de\/shop\/toepfe-pfannen\/toepfe-und-kochtoepfen\/fissler-vitavit-premium-schnellkochtopf-25-l\/#breadcrumb\"},\"inLanguage\":\"de-DE\",\"potentialAction\":[{\"@type\":\"ReadAction\",\"target\":[\"https:\/\/www.erresse-shop.it\/de\/shop\/toepfe-pfannen\/toepfe-und-kochtoepfen\/fissler-vitavit-premium-schnellkochtopf-25-l\/\"]}]},{\"@type\":\"BreadcrumbList\",\"@id\":\"https:\/\/www.erresse-shop.it\/de\/shop\/toepfe-pfannen\/toepfe-und-kochtoepfen\/fissler-vitavit-premium-schnellkochtopf-25-l\/#breadcrumb\",\"itemListElement\":[{\"@type\":\"ListItem\",\"position\":1,\"name\":\"Home\",\"item\":\"https:\/\/www.erresse-shop.it\/de\/\"},{\"@type\":\"ListItem\",\"position\":2,\"name\":\"Shop\",\"item\":\"https:\/\/www.erresse-shop.it\/de\/shop\/\"},{\"@type\":\"ListItem\",\"position\":3,\"name\":\"FISSLER Vitavit Premium Schnellkochtopf 2,5 L\"}]},{\"@type\":\"WebSite\",\"@id\":\"https:\/\/www.erresse-shop.it\/de\/#website\",\"url\":\"https:\/\/www.erresse-shop.it\/de\/\",\"name\":\"Erresse Shop\",\"description\":\"Articoli di qualit\u00e0 per la casa\",\"potentialAction\":[{\"@type\":\"SearchAction\",\"target\":{\"@type\":\"EntryPoint\",\"urlTemplate\":\"https:\/\/www.erresse-shop.it\/de\/?s={search_term_string}\"},\"query-input\":\"required name=search_term_string\"}],\"inLanguage\":\"de-DE\"}]}<\/script>\n<!-- \/ Yoast SEO Premium plugin. -->","yoast_head_json":{"title":"ZWILLING Vitality Set 5 Kochgeschirr","description":"Entdecken Sie ZWILLING Vitality Set 5 Kochgeschirr bei ErresseShop. Qualit\u00e4t, Stil und Funktionalit\u00e4t \u2013 jetzt online bestellen!","robots":{"index":"index","follow":"follow","max-snippet":"max-snippet:-1","max-image-preview":"max-image-preview:large","max-video-preview":"max-video-preview:-1"},"canonical":"https:\/\/www.erresse-shop.it\/de\/shop\/toepfe-pfannen\/toepfe-und-kochtoepfen\/fissler-vitavit-premium-schnellkochtopf-25-l\/","og_locale":"de_DE","og_type":"article","og_title":"FISSLER Vitavit Premium Schnellkochtopf 2,5 L","og_description":"Entdecken Sie ZWILLING Vitality Set 5 Kochgeschirr bei ErresseShop. Qualit\u00e4t, Stil und Funktionalit\u00e4t \u2013 jetzt online bestellen!","og_url":"https:\/\/www.erresse-shop.it\/de\/shop\/toepfe-pfannen\/toepfe-und-kochtoepfen\/fissler-vitavit-premium-schnellkochtopf-25-l\/","og_site_name":"Erresse Shop","article_modified_time":"2025-06-26T07:45:24+00:00","og_image":[{"width":1200,"height":1200,"url":"https:\/\/www.erresse-shop.it\/wp-content\/uploads\/2025\/06\/FISSLER-Vitavit-Premium-Pentola-a-Pressione-25.jpg","type":"image\/jpeg"}],"twitter_card":"summary_large_image","schema":{"@context":"https:\/\/schema.org","@graph":[{"@type":"WebPage","@id":"https:\/\/www.erresse-shop.it\/de\/shop\/toepfe-pfannen\/toepfe-und-kochtoepfen\/fissler-vitavit-premium-schnellkochtopf-25-l\/","url":"https:\/\/www.erresse-shop.it\/de\/shop\/toepfe-pfannen\/toepfe-und-kochtoepfen\/fissler-vitavit-premium-schnellkochtopf-25-l\/","name":"ZWILLING Vitality Set 5 Kochgeschirr","isPartOf":{"@id":"https:\/\/www.erresse-shop.it\/de\/#website"},"datePublished":"2025-06-26T07:35:36+00:00","dateModified":"2025-06-26T07:45:24+00:00","description":"Entdecken Sie ZWILLING Vitality Set 5 Kochgeschirr bei ErresseShop. Qualit\u00e4t, Stil und Funktionalit\u00e4t \u2013 jetzt online bestellen!","breadcrumb":{"@id":"https:\/\/www.erresse-shop.it\/de\/shop\/toepfe-pfannen\/toepfe-und-kochtoepfen\/fissler-vitavit-premium-schnellkochtopf-25-l\/#breadcrumb"},"inLanguage":"de-DE","potentialAction":[{"@type":"ReadAction","target":["https:\/\/www.erresse-shop.it\/de\/shop\/toepfe-pfannen\/toepfe-und-kochtoepfen\/fissler-vitavit-premium-schnellkochtopf-25-l\/"]}]},{"@type":"BreadcrumbList","@id":"https:\/\/www.erresse-shop.it\/de\/shop\/toepfe-pfannen\/toepfe-und-kochtoepfen\/fissler-vitavit-premium-schnellkochtopf-25-l\/#breadcrumb","itemListElement":[{"@type":"ListItem","position":1,"name":"Home","item":"https:\/\/www.erresse-shop.it\/de\/"},{"@type":"ListItem","position":2,"name":"Shop","item":"https:\/\/www.erresse-shop.it\/de\/shop\/"},{"@type":"ListItem","position":3,"name":"FISSLER Vitavit Premium Schnellkochtopf 2,5 L"}]},{"@type":"WebSite","@id":"https:\/\/www.erresse-shop.it\/de\/#website","url":"https:\/\/www.erresse-shop.it\/de\/","name":"Erresse Shop","description":"Articoli di qualit\u00e0 per la casa","potentialAction":[{"@type":"SearchAction","target":{"@type":"EntryPoint","urlTemplate":"https:\/\/www.erresse-shop.it\/de\/?s={search_term_string}"},"query-input":"required name=search_term_string"}],"inLanguage":"de-DE"}]}},"df_price":214.95,"df_sale_price":214.95,"df_regular_price":239,"df_image_link":"https:\/\/www.erresse-shop.it\/wp-content\/uploads\/2025\/06\/FISSLER-Vitavit-Premium-Pentola-a-Pressione-25-300x300.jpg","_links":{"self":[{"href":"https:\/\/www.erresse-shop.it\/de\/wp-json\/wp\/v2\/product\/505104"}],"collection":[{"href":"https:\/\/www.erresse-shop.it\/de\/wp-json\/wp\/v2\/product"}],"about":[{"href":"https:\/\/www.erresse-shop.it\/de\/wp-json\/wp\/v2\/types\/product"}],"wp:featuredmedia":[{"embeddable":true,"href":"https:\/\/www.erresse-shop.it\/de\/wp-json\/wp\/v2\/media\/505120"}],"wp:attachment":[{"href":"https:\/\/www.erresse-shop.it\/de\/wp-json\/wp\/v2\/media?parent=505104"}],"wp:term":[{"taxonomy":"product_cat","embeddable":true,"href":"https:\/\/www.erresse-shop.it\/de\/wp-json\/wp\/v2\/product_cat?post=505104"},{"taxonomy":"product_tag","embeddable":true,"href":"https:\/\/www.erresse-shop.it\/de\/wp-json\/wp\/v2\/product_tag?post=505104"}],"curies":[{"name":"wp","href":"https:\/\/api.w.org\/{rel}","templated":true}]}}