{"id":505024,"date":"2025-06-26T05:51:05","date_gmt":"2025-06-26T05:51:07","guid":{"rendered":"https:\/\/www.erresse-shop.it\/?post_type=product&#038;p=505024"},"modified":"2025-06-26T06:15:04","modified_gmt":"2025-06-26T06:15:04","slug":"bamix-mehrzweckklinge","status":"publish","type":"product","link":"https:\/\/www.erresse-shop.it\/de\/shop\/kleine-elektrogeraete\/mixer\/bamix-mehrzweckklinge\/","title":{"rendered":"BAMIX Mehrzweckklinge"},"content":{"rendered":"<div class=\"metafield-rich_text_field\">\n<h3>Das Universalmesser f\u00fcr jede Zubereitung<\/h3>\n<p><strong><span style=\"color: #333333; font-size: 16px;\">Das bamix Universalmesser ist das ideale Werkzeug f\u00fcr alle, die Zutaten pr\u00e4zise zerkleinern, schneiden und mixen m\u00f6chten.<\/span><\/strong><\/p>\n<\/div>\n<div class=\"product__description-formated \">\n<div class=\"metafield-rich_text_field\">\n<p>Es verarbeitet sogar Tiefk\u00fchlkost und Eisw\u00fcrfel und eignet sich perfekt f\u00fcr kalte und warme Rezepte.<\/p>\n<p>Dank seiner Vielseitigkeit k\u00f6nnen Sie es direkt in T\u00f6pfen auf dem Herd verwenden, sodass Sie Lebensmittel nicht umf\u00fcllen m\u00fcssen.<\/p>\n<p><span style=\"font-size: 18pt;\"><strong>Hei\u00dfe Zubereitungen: M\u00fchelose Suppen und Cremes<\/strong><\/span><\/p>\n<p>Mit dem Universalmesser wird die Zubereitung von Suppen, Cremes und Velout\u00e9s zum Kinderspiel.<\/p>\n<p>Sie k\u00f6nnen die Zutaten direkt im Beh\u00e4lter verarbeiten und erhalten so eine glatte, homogene Konsistenz, ohne andere Utensilien zu verschmutzen. Dank seiner Leistung zerkleinert er alle Lebensmittel in Sekundenschnelle und macht Ihre Arbeit einfacher und effizienter.<\/p>\n<p><span style=\"font-size: 18pt;\"><strong>Perfekt f\u00fcr frische Saucen und Dressings<\/strong><\/span><\/p>\n<p>Das Universalmesser eignet sich ideal f\u00fcr die pr\u00e4zise und schnelle Zubereitung von Pesto, Marmelade und Cold Cream. Ob aromatische Saucen f\u00fcr Ihre Gerichte oder selbstgemachte Marmelade \u2013 Sie erzielen stets einwandfreie Ergebnisse.<\/p>\n<p>Der Bamix bewahrt Aromen und Konsistenzen und macht jedes Rezept zum Erfolg.<\/p>\n<p><span style=\"font-size: 18pt;\"><strong>Von Eiscreme bis Smoothies: Frische und Qualit\u00e4t<\/strong><\/span><\/p>\n<p>M\u00f6chten Sie frische Getr\u00e4nke und Desserts zubereiten? Das Universalmesser zerkleinert Eisw\u00fcrfel f\u00fcr cremiges und erfrischendes Eis, Milchshakes und Smoothies.<\/p>\n<p>Experimentieren Sie mit frischen Zutaten und zaubern Sie in wenigen Minuten perfekte Desserts \u2013 ganz einfach.<\/p>\n<p><span style=\"font-size: 18pt;\"><strong>Pr\u00e4zise s\u00fc\u00dfe und herzhafte Teige<\/strong><\/span><\/p>\n<p>Das Universalmesser eignet sich auch hervorragend f\u00fcr weiche Teige wie Pizzateig oder Kuchen. Es sorgt f\u00fcr gleichm\u00e4\u00dfiges Verr\u00fchren und garantiert weiche und perfekt p\u00fcrierte Teige.<\/p>\n<p>Vom Fr\u00fchst\u00fccksgeb\u00e4ck bis zur selbstgemachten Pizza \u2013 mit dem Bamix gelingt die Zubereitung schnell und reibungslos.<\/p>\n<\/div>\n<p><strong>Material:<\/strong> Edelstahl<\/p>\n<\/div>\n","protected":false},"excerpt":{"rendered":"<p>Das Universalmesser f\u00fcr jede Zubereitung Das bamix Universalmesser ist das ideale Werkzeug f\u00fcr alle, die Zutaten pr\u00e4zise zerkleinern, schneiden und<\/p>\n","protected":false},"featured_media":505033,"template":"","meta":{"_acf_changed":false,"inline_featured_image":false},"product_cat":[6703,6886],"product_tag":[11415,11413,11925,20851],"acf":[],"yoast_head":"<!-- This site is optimized with the Yoast SEO Premium plugin v18.6 (Yoast SEO v19.13) - https:\/\/yoast.com\/wordpress\/plugins\/seo\/ -->\n<title>BAMIX MAXX Stabmixer Schwarz<\/title>\n<meta name=\"description\" content=\"Entdecken Sie BAMIX MAXX Stabmixer Schwarz bei ErresseShop. Qualit\u00e4t, Stil und Funktionalit\u00e4t \u2013 jetzt online bestellen!\" \/>\n<meta name=\"robots\" content=\"index, follow, max-snippet:-1, max-image-preview:large, max-video-preview:-1\" \/>\n<link rel=\"canonical\" href=\"https:\/\/www.erresse-shop.it\/de\/shop\/kleine-elektrogeraete\/mixer\/bamix-mehrzweckklinge\/\" \/>\n<meta property=\"og:locale\" content=\"de_DE\" \/>\n<meta property=\"og:type\" content=\"article\" \/>\n<meta property=\"og:title\" content=\"BAMIX Mehrzweckklinge\" \/>\n<meta property=\"og:description\" content=\"Entdecken Sie BAMIX MAXX Stabmixer Schwarz bei ErresseShop. Qualit\u00e4t, Stil und Funktionalit\u00e4t \u2013 jetzt online bestellen!\" \/>\n<meta property=\"og:url\" content=\"https:\/\/www.erresse-shop.it\/de\/shop\/kleine-elektrogeraete\/mixer\/bamix-mehrzweckklinge\/\" \/>\n<meta property=\"og:site_name\" content=\"Erresse Shop\" \/>\n<meta property=\"article:modified_time\" content=\"2025-06-26T06:15:04+00:00\" \/>\n<meta property=\"og:image\" content=\"https:\/\/www.erresse-shop.it\/wp-content\/uploads\/2025\/06\/BAMIX-MAXX-Lama-Multiuso.jpg\" \/>\n\t<meta property=\"og:image:width\" content=\"1200\" \/>\n\t<meta property=\"og:image:height\" content=\"1200\" \/>\n\t<meta property=\"og:image:type\" content=\"image\/jpeg\" \/>\n<meta name=\"twitter:card\" content=\"summary_large_image\" \/>\n<script type=\"application\/ld+json\" class=\"yoast-schema-graph\">{\"@context\":\"https:\/\/schema.org\",\"@graph\":[{\"@type\":\"WebPage\",\"@id\":\"https:\/\/www.erresse-shop.it\/de\/shop\/kleine-elektrogeraete\/mixer\/bamix-mehrzweckklinge\/\",\"url\":\"https:\/\/www.erresse-shop.it\/de\/shop\/kleine-elektrogeraete\/mixer\/bamix-mehrzweckklinge\/\",\"name\":\"BAMIX MAXX Stabmixer Schwarz\",\"isPartOf\":{\"@id\":\"https:\/\/www.erresse-shop.it\/de\/#website\"},\"datePublished\":\"2025-06-26T05:51:07+00:00\",\"dateModified\":\"2025-06-26T06:15:04+00:00\",\"description\":\"Entdecken Sie BAMIX MAXX Stabmixer Schwarz bei ErresseShop. Qualit\u00e4t, Stil und Funktionalit\u00e4t \u2013 jetzt online bestellen!\",\"breadcrumb\":{\"@id\":\"https:\/\/www.erresse-shop.it\/de\/shop\/kleine-elektrogeraete\/mixer\/bamix-mehrzweckklinge\/#breadcrumb\"},\"inLanguage\":\"de-DE\",\"potentialAction\":[{\"@type\":\"ReadAction\",\"target\":[\"https:\/\/www.erresse-shop.it\/de\/shop\/kleine-elektrogeraete\/mixer\/bamix-mehrzweckklinge\/\"]}]},{\"@type\":\"BreadcrumbList\",\"@id\":\"https:\/\/www.erresse-shop.it\/de\/shop\/kleine-elektrogeraete\/mixer\/bamix-mehrzweckklinge\/#breadcrumb\",\"itemListElement\":[{\"@type\":\"ListItem\",\"position\":1,\"name\":\"Home\",\"item\":\"https:\/\/www.erresse-shop.it\/de\/\"},{\"@type\":\"ListItem\",\"position\":2,\"name\":\"Shop\",\"item\":\"https:\/\/www.erresse-shop.it\/de\/shop\/\"},{\"@type\":\"ListItem\",\"position\":3,\"name\":\"BAMIX Mehrzweckklinge\"}]},{\"@type\":\"WebSite\",\"@id\":\"https:\/\/www.erresse-shop.it\/de\/#website\",\"url\":\"https:\/\/www.erresse-shop.it\/de\/\",\"name\":\"Erresse Shop\",\"description\":\"Articoli di qualit\u00e0 per la casa\",\"potentialAction\":[{\"@type\":\"SearchAction\",\"target\":{\"@type\":\"EntryPoint\",\"urlTemplate\":\"https:\/\/www.erresse-shop.it\/de\/?s={search_term_string}\"},\"query-input\":\"required name=search_term_string\"}],\"inLanguage\":\"de-DE\"}]}<\/script>\n<!-- \/ Yoast SEO Premium plugin. -->","yoast_head_json":{"title":"BAMIX MAXX Stabmixer Schwarz","description":"Entdecken Sie BAMIX MAXX Stabmixer Schwarz bei ErresseShop. Qualit\u00e4t, Stil und Funktionalit\u00e4t \u2013 jetzt online bestellen!","robots":{"index":"index","follow":"follow","max-snippet":"max-snippet:-1","max-image-preview":"max-image-preview:large","max-video-preview":"max-video-preview:-1"},"canonical":"https:\/\/www.erresse-shop.it\/de\/shop\/kleine-elektrogeraete\/mixer\/bamix-mehrzweckklinge\/","og_locale":"de_DE","og_type":"article","og_title":"BAMIX Mehrzweckklinge","og_description":"Entdecken Sie BAMIX MAXX Stabmixer Schwarz bei ErresseShop. Qualit\u00e4t, Stil und Funktionalit\u00e4t \u2013 jetzt online bestellen!","og_url":"https:\/\/www.erresse-shop.it\/de\/shop\/kleine-elektrogeraete\/mixer\/bamix-mehrzweckklinge\/","og_site_name":"Erresse Shop","article_modified_time":"2025-06-26T06:15:04+00:00","og_image":[{"width":1200,"height":1200,"url":"https:\/\/www.erresse-shop.it\/wp-content\/uploads\/2025\/06\/BAMIX-MAXX-Lama-Multiuso.jpg","type":"image\/jpeg"}],"twitter_card":"summary_large_image","schema":{"@context":"https:\/\/schema.org","@graph":[{"@type":"WebPage","@id":"https:\/\/www.erresse-shop.it\/de\/shop\/kleine-elektrogeraete\/mixer\/bamix-mehrzweckklinge\/","url":"https:\/\/www.erresse-shop.it\/de\/shop\/kleine-elektrogeraete\/mixer\/bamix-mehrzweckklinge\/","name":"BAMIX MAXX Stabmixer Schwarz","isPartOf":{"@id":"https:\/\/www.erresse-shop.it\/de\/#website"},"datePublished":"2025-06-26T05:51:07+00:00","dateModified":"2025-06-26T06:15:04+00:00","description":"Entdecken Sie BAMIX MAXX Stabmixer Schwarz bei ErresseShop. Qualit\u00e4t, Stil und Funktionalit\u00e4t \u2013 jetzt online bestellen!","breadcrumb":{"@id":"https:\/\/www.erresse-shop.it\/de\/shop\/kleine-elektrogeraete\/mixer\/bamix-mehrzweckklinge\/#breadcrumb"},"inLanguage":"de-DE","potentialAction":[{"@type":"ReadAction","target":["https:\/\/www.erresse-shop.it\/de\/shop\/kleine-elektrogeraete\/mixer\/bamix-mehrzweckklinge\/"]}]},{"@type":"BreadcrumbList","@id":"https:\/\/www.erresse-shop.it\/de\/shop\/kleine-elektrogeraete\/mixer\/bamix-mehrzweckklinge\/#breadcrumb","itemListElement":[{"@type":"ListItem","position":1,"name":"Home","item":"https:\/\/www.erresse-shop.it\/de\/"},{"@type":"ListItem","position":2,"name":"Shop","item":"https:\/\/www.erresse-shop.it\/de\/shop\/"},{"@type":"ListItem","position":3,"name":"BAMIX Mehrzweckklinge"}]},{"@type":"WebSite","@id":"https:\/\/www.erresse-shop.it\/de\/#website","url":"https:\/\/www.erresse-shop.it\/de\/","name":"Erresse Shop","description":"Articoli di qualit\u00e0 per la casa","potentialAction":[{"@type":"SearchAction","target":{"@type":"EntryPoint","urlTemplate":"https:\/\/www.erresse-shop.it\/de\/?s={search_term_string}"},"query-input":"required name=search_term_string"}],"inLanguage":"de-DE"}]}},"df_price":19,"df_sale_price":19,"df_regular_price":19,"df_image_link":"https:\/\/www.erresse-shop.it\/wp-content\/uploads\/2025\/06\/BAMIX-MAXX-Lama-Multiuso-300x300.jpg","_links":{"self":[{"href":"https:\/\/www.erresse-shop.it\/de\/wp-json\/wp\/v2\/product\/505024"}],"collection":[{"href":"https:\/\/www.erresse-shop.it\/de\/wp-json\/wp\/v2\/product"}],"about":[{"href":"https:\/\/www.erresse-shop.it\/de\/wp-json\/wp\/v2\/types\/product"}],"wp:featuredmedia":[{"embeddable":true,"href":"https:\/\/www.erresse-shop.it\/de\/wp-json\/wp\/v2\/media\/505033"}],"wp:attachment":[{"href":"https:\/\/www.erresse-shop.it\/de\/wp-json\/wp\/v2\/media?parent=505024"}],"wp:term":[{"taxonomy":"product_cat","embeddable":true,"href":"https:\/\/www.erresse-shop.it\/de\/wp-json\/wp\/v2\/product_cat?post=505024"},{"taxonomy":"product_tag","embeddable":true,"href":"https:\/\/www.erresse-shop.it\/de\/wp-json\/wp\/v2\/product_tag?post=505024"}],"curies":[{"name":"wp","href":"https:\/\/api.w.org\/{rel}","templated":true}]}}