{"id":504983,"date":"2025-06-25T13:33:05","date_gmt":"2025-06-25T13:33:06","guid":{"rendered":"https:\/\/www.erresse-shop.it\/?post_type=product&#038;p=504983"},"modified":"2026-02-27T07:50:38","modified_gmt":"2026-02-27T07:50:38","slug":"joseph-joseph-tota-luxe-waeschekorb-60-liter-ecru","status":"publish","type":"product","link":"https:\/\/www.erresse-shop.it\/de\/shop\/einrichtung-haus\/badezimmer\/joseph-joseph-tota-luxe-waeschekorb-60-liter-ecru\/","title":{"rendered":"JOSEPH JOSEPH Tota Luxe W\u00e4schekorb 60 Liter Ecru"},"content":{"rendered":"<p>Dank dieses ger\u00e4umigen ecrufarbenen 60-Liter-Korbs wird das W\u00e4schewaschen noch praktischer. Es ist ideal f\u00fcr Bettlaken und Handt\u00fccher und verf\u00fcgt \u00fcber ein schlankes Design und eine elegante Stoffau\u00dfenseite, die es zu einer vielseitigen Erg\u00e4nzung f\u00fcr Schlafzimmer, Badezimmer oder Kleiderschr\u00e4nke machen.<\/p>\n<ul>\n<li>Einzelnes 60-Liter-W\u00e4schefach, ideal f\u00fcr sperrigere Gegenst\u00e4nde wie Bettw\u00e4sche und Handt\u00fccher.<\/li>\n<li>Abnehmbare Umh\u00e4ngetasche mit Griffen f\u00fcr einfaches Tragen.<\/li>\n<li>St\u00fctzgriff am Beutel zum einfachen Entleeren.<\/li>\n<li>Schnelle R\u00fcckgabe: Die Tasche kehrt automatisch in den Korb zur\u00fcck.<\/li>\n<li>Perfekt f\u00fcr Schlafzimmer, Badezimmer oder Schr\u00e4nke.<\/li>\n<\/ul>\n<p><strong>Vorsichtsma\u00dfnahmen und Verwendung:<\/strong><\/p>\n<ul>\n<li>Montageanleitung enthalten.<\/li>\n<li>Taschen: Maschinenwaschbar \u2013 Anweisungen finden Sie auf dem Produktetikett.<\/li>\n<li>Entfernen Sie vor dem Waschen den Plastikrand.<\/li>\n<li>Alle anderen Teile: mit einem feuchten Tuch reinigen.<\/li>\n<li>Warnung: Setzen Sie sich nicht auf den Korb und stellen Sie keine schweren Gegenst\u00e4nde darauf.<\/li>\n<li>Erlauben Sie Kindern nicht, mit dem Korb zu spielen.<\/li>\n<\/ul>\n<p><strong>Abmessungen:<\/strong><\/p>\n<p>H 71 x B 39,5 x T 39,5 cm<\/p>\n","protected":false},"excerpt":{"rendered":"<p>Dank dieses ger\u00e4umigen ecrufarbenen 60-Liter-Korbs wird das W\u00e4schewaschen noch praktischer. Es ist ideal f\u00fcr Bettlaken und Handt\u00fccher und verf\u00fcgt \u00fcber<\/p>\n","protected":false},"featured_media":505005,"template":"","meta":{"_acf_changed":false,"inline_featured_image":false},"product_cat":[6817,19010],"product_tag":[25027,21369,21371,13487,21227,21370,25022,18475,21372],"acf":[],"yoast_head":"<!-- This site is optimized with the Yoast SEO Premium plugin v18.6 (Yoast SEO v19.13) - https:\/\/yoast.com\/wordpress\/plugins\/seo\/ -->\n<title>JOSEPH JOSEPH Tota Luxe W\u00e4schekorb 60 Liter Ecru - Erresse Shop<\/title>\n<meta name=\"description\" content=\"Dank dieses ger\u00e4umigen ecrufarbenen 60-Liter-Korbs wird das W\u00e4schewaschen noch praktischer. Es ist ideal f\u00fcr Bettlaken und Handt\u00fccher und verf\u00fcgt \u00fcber ein\" \/>\n<meta name=\"robots\" content=\"index, follow, max-snippet:-1, max-image-preview:large, max-video-preview:-1\" \/>\n<link rel=\"canonical\" href=\"https:\/\/www.erresse-shop.it\/de\/shop\/einrichtung-haus\/badezimmer\/joseph-joseph-tota-luxe-waeschekorb-60-liter-ecru\/\" \/>\n<meta property=\"og:locale\" content=\"de_DE\" \/>\n<meta property=\"og:type\" content=\"article\" \/>\n<meta property=\"og:title\" content=\"JOSEPH JOSEPH Tota Luxe W\u00e4schekorb 60 Liter Ecru\" \/>\n<meta property=\"og:description\" content=\"Dank dieses ger\u00e4umigen ecrufarbenen 60-Liter-Korbs wird das W\u00e4schewaschen noch praktischer. Es ist ideal f\u00fcr Bettlaken und Handt\u00fccher und verf\u00fcgt \u00fcber ein\" \/>\n<meta property=\"og:url\" content=\"https:\/\/www.erresse-shop.it\/de\/shop\/einrichtung-haus\/badezimmer\/joseph-joseph-tota-luxe-waeschekorb-60-liter-ecru\/\" \/>\n<meta property=\"og:site_name\" content=\"Erresse Shop\" \/>\n<meta property=\"article:modified_time\" content=\"2026-02-27T07:50:38+00:00\" \/>\n<meta property=\"og:image\" content=\"https:\/\/www.erresse-shop.it\/wp-content\/uploads\/2025\/06\/JOSEPH-JOSEPH-Tota-One-Cesto-da-Biancheria-60-litri-Ecru.jpg\" \/>\n\t<meta property=\"og:image:width\" content=\"1200\" \/>\n\t<meta property=\"og:image:height\" content=\"1200\" \/>\n\t<meta property=\"og:image:type\" content=\"image\/jpeg\" \/>\n<meta name=\"twitter:card\" content=\"summary_large_image\" \/>\n<script type=\"application\/ld+json\" class=\"yoast-schema-graph\">{\"@context\":\"https:\/\/schema.org\",\"@graph\":[{\"@type\":\"WebPage\",\"@id\":\"https:\/\/www.erresse-shop.it\/de\/shop\/einrichtung-haus\/badezimmer\/joseph-joseph-tota-luxe-waeschekorb-60-liter-ecru\/\",\"url\":\"https:\/\/www.erresse-shop.it\/de\/shop\/einrichtung-haus\/badezimmer\/joseph-joseph-tota-luxe-waeschekorb-60-liter-ecru\/\",\"name\":\"JOSEPH JOSEPH Tota Luxe W\u00e4schekorb 60 Liter Ecru - Erresse Shop\",\"isPartOf\":{\"@id\":\"https:\/\/www.erresse-shop.it\/de\/#website\"},\"datePublished\":\"2025-06-25T13:33:06+00:00\",\"dateModified\":\"2026-02-27T07:50:38+00:00\",\"description\":\"Dank dieses ger\u00e4umigen ecrufarbenen 60-Liter-Korbs wird das W\u00e4schewaschen noch praktischer. Es ist ideal f\u00fcr Bettlaken und Handt\u00fccher und verf\u00fcgt \u00fcber ein\",\"breadcrumb\":{\"@id\":\"https:\/\/www.erresse-shop.it\/de\/shop\/einrichtung-haus\/badezimmer\/joseph-joseph-tota-luxe-waeschekorb-60-liter-ecru\/#breadcrumb\"},\"inLanguage\":\"de-DE\",\"potentialAction\":[{\"@type\":\"ReadAction\",\"target\":[\"https:\/\/www.erresse-shop.it\/de\/shop\/einrichtung-haus\/badezimmer\/joseph-joseph-tota-luxe-waeschekorb-60-liter-ecru\/\"]}]},{\"@type\":\"BreadcrumbList\",\"@id\":\"https:\/\/www.erresse-shop.it\/de\/shop\/einrichtung-haus\/badezimmer\/joseph-joseph-tota-luxe-waeschekorb-60-liter-ecru\/#breadcrumb\",\"itemListElement\":[{\"@type\":\"ListItem\",\"position\":1,\"name\":\"Home\",\"item\":\"https:\/\/www.erresse-shop.it\/de\/\"},{\"@type\":\"ListItem\",\"position\":2,\"name\":\"Shop\",\"item\":\"https:\/\/www.erresse-shop.it\/de\/shop\/\"},{\"@type\":\"ListItem\",\"position\":3,\"name\":\"JOSEPH JOSEPH Tota Luxe W\u00e4schekorb 60 Liter Ecru\"}]},{\"@type\":\"WebSite\",\"@id\":\"https:\/\/www.erresse-shop.it\/de\/#website\",\"url\":\"https:\/\/www.erresse-shop.it\/de\/\",\"name\":\"Erresse Shop\",\"description\":\"Articoli di qualit\u00e0 per la casa\",\"potentialAction\":[{\"@type\":\"SearchAction\",\"target\":{\"@type\":\"EntryPoint\",\"urlTemplate\":\"https:\/\/www.erresse-shop.it\/de\/?s={search_term_string}\"},\"query-input\":\"required name=search_term_string\"}],\"inLanguage\":\"de-DE\"}]}<\/script>\n<!-- \/ Yoast SEO Premium plugin. -->","yoast_head_json":{"title":"JOSEPH JOSEPH Tota Luxe W\u00e4schekorb 60 Liter Ecru - Erresse Shop","description":"Dank dieses ger\u00e4umigen ecrufarbenen 60-Liter-Korbs wird das W\u00e4schewaschen noch praktischer. Es ist ideal f\u00fcr Bettlaken und Handt\u00fccher und verf\u00fcgt \u00fcber ein","robots":{"index":"index","follow":"follow","max-snippet":"max-snippet:-1","max-image-preview":"max-image-preview:large","max-video-preview":"max-video-preview:-1"},"canonical":"https:\/\/www.erresse-shop.it\/de\/shop\/einrichtung-haus\/badezimmer\/joseph-joseph-tota-luxe-waeschekorb-60-liter-ecru\/","og_locale":"de_DE","og_type":"article","og_title":"JOSEPH JOSEPH Tota Luxe W\u00e4schekorb 60 Liter Ecru","og_description":"Dank dieses ger\u00e4umigen ecrufarbenen 60-Liter-Korbs wird das W\u00e4schewaschen noch praktischer. Es ist ideal f\u00fcr Bettlaken und Handt\u00fccher und verf\u00fcgt \u00fcber ein","og_url":"https:\/\/www.erresse-shop.it\/de\/shop\/einrichtung-haus\/badezimmer\/joseph-joseph-tota-luxe-waeschekorb-60-liter-ecru\/","og_site_name":"Erresse Shop","article_modified_time":"2026-02-27T07:50:38+00:00","og_image":[{"width":1200,"height":1200,"url":"https:\/\/www.erresse-shop.it\/wp-content\/uploads\/2025\/06\/JOSEPH-JOSEPH-Tota-One-Cesto-da-Biancheria-60-litri-Ecru.jpg","type":"image\/jpeg"}],"twitter_card":"summary_large_image","schema":{"@context":"https:\/\/schema.org","@graph":[{"@type":"WebPage","@id":"https:\/\/www.erresse-shop.it\/de\/shop\/einrichtung-haus\/badezimmer\/joseph-joseph-tota-luxe-waeschekorb-60-liter-ecru\/","url":"https:\/\/www.erresse-shop.it\/de\/shop\/einrichtung-haus\/badezimmer\/joseph-joseph-tota-luxe-waeschekorb-60-liter-ecru\/","name":"JOSEPH JOSEPH Tota Luxe W\u00e4schekorb 60 Liter Ecru - Erresse Shop","isPartOf":{"@id":"https:\/\/www.erresse-shop.it\/de\/#website"},"datePublished":"2025-06-25T13:33:06+00:00","dateModified":"2026-02-27T07:50:38+00:00","description":"Dank dieses ger\u00e4umigen ecrufarbenen 60-Liter-Korbs wird das W\u00e4schewaschen noch praktischer. Es ist ideal f\u00fcr Bettlaken und Handt\u00fccher und verf\u00fcgt \u00fcber ein","breadcrumb":{"@id":"https:\/\/www.erresse-shop.it\/de\/shop\/einrichtung-haus\/badezimmer\/joseph-joseph-tota-luxe-waeschekorb-60-liter-ecru\/#breadcrumb"},"inLanguage":"de-DE","potentialAction":[{"@type":"ReadAction","target":["https:\/\/www.erresse-shop.it\/de\/shop\/einrichtung-haus\/badezimmer\/joseph-joseph-tota-luxe-waeschekorb-60-liter-ecru\/"]}]},{"@type":"BreadcrumbList","@id":"https:\/\/www.erresse-shop.it\/de\/shop\/einrichtung-haus\/badezimmer\/joseph-joseph-tota-luxe-waeschekorb-60-liter-ecru\/#breadcrumb","itemListElement":[{"@type":"ListItem","position":1,"name":"Home","item":"https:\/\/www.erresse-shop.it\/de\/"},{"@type":"ListItem","position":2,"name":"Shop","item":"https:\/\/www.erresse-shop.it\/de\/shop\/"},{"@type":"ListItem","position":3,"name":"JOSEPH JOSEPH Tota Luxe W\u00e4schekorb 60 Liter Ecru"}]},{"@type":"WebSite","@id":"https:\/\/www.erresse-shop.it\/de\/#website","url":"https:\/\/www.erresse-shop.it\/de\/","name":"Erresse Shop","description":"Articoli di qualit\u00e0 per la casa","potentialAction":[{"@type":"SearchAction","target":{"@type":"EntryPoint","urlTemplate":"https:\/\/www.erresse-shop.it\/de\/?s={search_term_string}"},"query-input":"required name=search_term_string"}],"inLanguage":"de-DE"}]}},"df_price":79.95,"df_sale_price":79.95,"df_regular_price":89.99,"df_image_link":"https:\/\/www.erresse-shop.it\/wp-content\/uploads\/2025\/06\/JOSEPH-JOSEPH-Tota-One-Cesto-da-Biancheria-60-litri-Ecru-300x300.jpg","_links":{"self":[{"href":"https:\/\/www.erresse-shop.it\/de\/wp-json\/wp\/v2\/product\/504983"}],"collection":[{"href":"https:\/\/www.erresse-shop.it\/de\/wp-json\/wp\/v2\/product"}],"about":[{"href":"https:\/\/www.erresse-shop.it\/de\/wp-json\/wp\/v2\/types\/product"}],"wp:featuredmedia":[{"embeddable":true,"href":"https:\/\/www.erresse-shop.it\/de\/wp-json\/wp\/v2\/media\/505005"}],"wp:attachment":[{"href":"https:\/\/www.erresse-shop.it\/de\/wp-json\/wp\/v2\/media?parent=504983"}],"wp:term":[{"taxonomy":"product_cat","embeddable":true,"href":"https:\/\/www.erresse-shop.it\/de\/wp-json\/wp\/v2\/product_cat?post=504983"},{"taxonomy":"product_tag","embeddable":true,"href":"https:\/\/www.erresse-shop.it\/de\/wp-json\/wp\/v2\/product_tag?post=504983"}],"curies":[{"name":"wp","href":"https:\/\/api.w.org\/{rel}","templated":true}]}}