{"id":504894,"date":"2025-06-25T12:41:29","date_gmt":"2025-06-25T12:41:31","guid":{"rendered":"https:\/\/www.erresse-shop.it\/?post_type=product&#038;p=504894"},"modified":"2026-02-09T06:56:10","modified_gmt":"2026-02-09T06:56:10","slug":"zafferano-poldina-keramikabdeckung-blauer-avio-fisch","status":"publish","type":"product","link":"https:\/\/www.erresse-shop.it\/de\/shop\/einrichtung-haus\/lampen\/zafferano-poldina-keramikabdeckung-blauer-avio-fisch\/","title":{"rendered":"ZAFFERANO Poldina Keramikabdeckung Blauer Avio-Fisch"},"content":{"rendered":"<p>Erneuern und personalisieren Sie Ihre Poldina-Lampe mit den neuen eleganten und widerstandsf\u00e4higen Metallabdeckungen, die in zehn lebhaften, von Federico de Majo ausgew\u00e4hlten Dekoren erh\u00e4ltlich sind.<\/p>\n<p>Diese Bez\u00fcge ver\u00e4ndern das Aussehen Ihrer Poldina vollst\u00e4ndig und verleihen jedem Raum einen Hauch von Charakter und Farbe.<\/p>\n<p>Dank einer innovativen Drucktechnologie, die die gesamte Oberfl\u00e4che bedeckt, sind au\u00dfergew\u00f6hnliche Qualit\u00e4t und Detailsch\u00e4rfe garantiert, was jedes Cover zu einem echten Unikat macht.<\/p>\n<p>Die Metallabdeckungen eignen sich perfekt zum Individualisieren der Poldina Pro Tischversionen (mit Ausnahme des Modells Poldina x Peanuts), Mini Tisch, Wand, Aufh\u00e4ngung und mit Spike.<\/p>\n<p>Entdecken Sie, wie ein einfaches Detail Ihre Poldina zu etwas Besonderem machen und eine gro\u00dfe \u00e4sthetische Wirkung erzielen kann: Dank ihres faszinierenden Designs bringen diese Bez\u00fcge Farbe und Freude in Ihre R\u00e4ume und bringen Ihren pers\u00f6nlichen Stil optimal zum Ausdruck.<\/p>\n<p><strong>Die Abdeckungen sind nicht f\u00fcr den Au\u00dfenbereich geeignet.<\/strong><\/p>\n<p><strong>Funktionen:<\/strong><\/p>\n<ul>\n<li class=\"accordion-content add-formatting\" data-variant-sku=\"BAC0104\">Durchmesser: 11,4 cm<\/li>\n<li class=\"accordion-content add-formatting\" data-variant-sku=\"BAC0104\">Gesamth\u00f6he: 8,9 cm<\/li>\n<\/ul>\n","protected":false},"excerpt":{"rendered":"<p>Erneuern und personalisieren Sie Ihre Poldina-Lampe mit den neuen eleganten und widerstandsf\u00e4higen Metallabdeckungen, die in zehn lebhaften, von Federico de<\/p>\n","protected":false},"featured_media":504902,"template":"","meta":{"_acf_changed":false,"inline_featured_image":false},"product_cat":[6817,6862],"product_tag":[25027,11455,12218,25022,21822],"acf":[],"yoast_head":"<!-- This site is optimized with the Yoast SEO Premium plugin v18.6 (Yoast SEO v19.13) - https:\/\/yoast.com\/wordpress\/plugins\/seo\/ -->\n<title>ZAFFERANO Poldina Keramikabdeckung Blauer Avio-Fisch - Erresse Shop<\/title>\n<meta name=\"description\" content=\"Erneuern und personalisieren Sie Ihre Poldina-Lampe mit den neuen eleganten und widerstandsf\u00e4higen Metallabdeckungen, die in zehn lebhaften, von Federico\" \/>\n<meta name=\"robots\" content=\"index, follow, max-snippet:-1, max-image-preview:large, max-video-preview:-1\" \/>\n<link rel=\"canonical\" href=\"https:\/\/www.erresse-shop.it\/de\/shop\/einrichtung-haus\/lampen\/zafferano-poldina-keramikabdeckung-blauer-avio-fisch\/\" \/>\n<meta property=\"og:locale\" content=\"de_DE\" \/>\n<meta property=\"og:type\" content=\"article\" \/>\n<meta property=\"og:title\" content=\"ZAFFERANO Poldina Keramikabdeckung Blauer Avio-Fisch\" \/>\n<meta property=\"og:description\" content=\"Erneuern und personalisieren Sie Ihre Poldina-Lampe mit den neuen eleganten und widerstandsf\u00e4higen Metallabdeckungen, die in zehn lebhaften, von Federico\" \/>\n<meta property=\"og:url\" content=\"https:\/\/www.erresse-shop.it\/de\/shop\/einrichtung-haus\/lampen\/zafferano-poldina-keramikabdeckung-blauer-avio-fisch\/\" \/>\n<meta property=\"og:site_name\" content=\"Erresse Shop\" \/>\n<meta property=\"article:modified_time\" content=\"2026-02-09T06:56:10+00:00\" \/>\n<meta property=\"og:image\" content=\"https:\/\/www.erresse-shop.it\/wp-content\/uploads\/2025\/06\/ZAFFERANO-Poldina-Cover-in-Metallo-Pesci-Blu-Avio.jpg\" \/>\n\t<meta property=\"og:image:width\" content=\"1200\" \/>\n\t<meta property=\"og:image:height\" content=\"1200\" \/>\n\t<meta property=\"og:image:type\" content=\"image\/jpeg\" \/>\n<meta name=\"twitter:card\" content=\"summary_large_image\" \/>\n<script type=\"application\/ld+json\" class=\"yoast-schema-graph\">{\"@context\":\"https:\/\/schema.org\",\"@graph\":[{\"@type\":\"WebPage\",\"@id\":\"https:\/\/www.erresse-shop.it\/de\/shop\/einrichtung-haus\/lampen\/zafferano-poldina-keramikabdeckung-blauer-avio-fisch\/\",\"url\":\"https:\/\/www.erresse-shop.it\/de\/shop\/einrichtung-haus\/lampen\/zafferano-poldina-keramikabdeckung-blauer-avio-fisch\/\",\"name\":\"ZAFFERANO Poldina Keramikabdeckung Blauer Avio-Fisch - Erresse Shop\",\"isPartOf\":{\"@id\":\"https:\/\/www.erresse-shop.it\/de\/#website\"},\"datePublished\":\"2025-06-25T12:41:31+00:00\",\"dateModified\":\"2026-02-09T06:56:10+00:00\",\"description\":\"Erneuern und personalisieren Sie Ihre Poldina-Lampe mit den neuen eleganten und widerstandsf\u00e4higen Metallabdeckungen, die in zehn lebhaften, von Federico\",\"breadcrumb\":{\"@id\":\"https:\/\/www.erresse-shop.it\/de\/shop\/einrichtung-haus\/lampen\/zafferano-poldina-keramikabdeckung-blauer-avio-fisch\/#breadcrumb\"},\"inLanguage\":\"de-DE\",\"potentialAction\":[{\"@type\":\"ReadAction\",\"target\":[\"https:\/\/www.erresse-shop.it\/de\/shop\/einrichtung-haus\/lampen\/zafferano-poldina-keramikabdeckung-blauer-avio-fisch\/\"]}]},{\"@type\":\"BreadcrumbList\",\"@id\":\"https:\/\/www.erresse-shop.it\/de\/shop\/einrichtung-haus\/lampen\/zafferano-poldina-keramikabdeckung-blauer-avio-fisch\/#breadcrumb\",\"itemListElement\":[{\"@type\":\"ListItem\",\"position\":1,\"name\":\"Home\",\"item\":\"https:\/\/www.erresse-shop.it\/de\/\"},{\"@type\":\"ListItem\",\"position\":2,\"name\":\"Shop\",\"item\":\"https:\/\/www.erresse-shop.it\/de\/shop\/\"},{\"@type\":\"ListItem\",\"position\":3,\"name\":\"ZAFFERANO Poldina Keramikabdeckung Blauer Avio-Fisch\"}]},{\"@type\":\"WebSite\",\"@id\":\"https:\/\/www.erresse-shop.it\/de\/#website\",\"url\":\"https:\/\/www.erresse-shop.it\/de\/\",\"name\":\"Erresse Shop\",\"description\":\"Articoli di qualit\u00e0 per la casa\",\"potentialAction\":[{\"@type\":\"SearchAction\",\"target\":{\"@type\":\"EntryPoint\",\"urlTemplate\":\"https:\/\/www.erresse-shop.it\/de\/?s={search_term_string}\"},\"query-input\":\"required name=search_term_string\"}],\"inLanguage\":\"de-DE\"}]}<\/script>\n<!-- \/ Yoast SEO Premium plugin. -->","yoast_head_json":{"title":"ZAFFERANO Poldina Keramikabdeckung Blauer Avio-Fisch - Erresse Shop","description":"Erneuern und personalisieren Sie Ihre Poldina-Lampe mit den neuen eleganten und widerstandsf\u00e4higen Metallabdeckungen, die in zehn lebhaften, von Federico","robots":{"index":"index","follow":"follow","max-snippet":"max-snippet:-1","max-image-preview":"max-image-preview:large","max-video-preview":"max-video-preview:-1"},"canonical":"https:\/\/www.erresse-shop.it\/de\/shop\/einrichtung-haus\/lampen\/zafferano-poldina-keramikabdeckung-blauer-avio-fisch\/","og_locale":"de_DE","og_type":"article","og_title":"ZAFFERANO Poldina Keramikabdeckung Blauer Avio-Fisch","og_description":"Erneuern und personalisieren Sie Ihre Poldina-Lampe mit den neuen eleganten und widerstandsf\u00e4higen Metallabdeckungen, die in zehn lebhaften, von Federico","og_url":"https:\/\/www.erresse-shop.it\/de\/shop\/einrichtung-haus\/lampen\/zafferano-poldina-keramikabdeckung-blauer-avio-fisch\/","og_site_name":"Erresse Shop","article_modified_time":"2026-02-09T06:56:10+00:00","og_image":[{"width":1200,"height":1200,"url":"https:\/\/www.erresse-shop.it\/wp-content\/uploads\/2025\/06\/ZAFFERANO-Poldina-Cover-in-Metallo-Pesci-Blu-Avio.jpg","type":"image\/jpeg"}],"twitter_card":"summary_large_image","schema":{"@context":"https:\/\/schema.org","@graph":[{"@type":"WebPage","@id":"https:\/\/www.erresse-shop.it\/de\/shop\/einrichtung-haus\/lampen\/zafferano-poldina-keramikabdeckung-blauer-avio-fisch\/","url":"https:\/\/www.erresse-shop.it\/de\/shop\/einrichtung-haus\/lampen\/zafferano-poldina-keramikabdeckung-blauer-avio-fisch\/","name":"ZAFFERANO Poldina Keramikabdeckung Blauer Avio-Fisch - Erresse Shop","isPartOf":{"@id":"https:\/\/www.erresse-shop.it\/de\/#website"},"datePublished":"2025-06-25T12:41:31+00:00","dateModified":"2026-02-09T06:56:10+00:00","description":"Erneuern und personalisieren Sie Ihre Poldina-Lampe mit den neuen eleganten und widerstandsf\u00e4higen Metallabdeckungen, die in zehn lebhaften, von Federico","breadcrumb":{"@id":"https:\/\/www.erresse-shop.it\/de\/shop\/einrichtung-haus\/lampen\/zafferano-poldina-keramikabdeckung-blauer-avio-fisch\/#breadcrumb"},"inLanguage":"de-DE","potentialAction":[{"@type":"ReadAction","target":["https:\/\/www.erresse-shop.it\/de\/shop\/einrichtung-haus\/lampen\/zafferano-poldina-keramikabdeckung-blauer-avio-fisch\/"]}]},{"@type":"BreadcrumbList","@id":"https:\/\/www.erresse-shop.it\/de\/shop\/einrichtung-haus\/lampen\/zafferano-poldina-keramikabdeckung-blauer-avio-fisch\/#breadcrumb","itemListElement":[{"@type":"ListItem","position":1,"name":"Home","item":"https:\/\/www.erresse-shop.it\/de\/"},{"@type":"ListItem","position":2,"name":"Shop","item":"https:\/\/www.erresse-shop.it\/de\/shop\/"},{"@type":"ListItem","position":3,"name":"ZAFFERANO Poldina Keramikabdeckung Blauer Avio-Fisch"}]},{"@type":"WebSite","@id":"https:\/\/www.erresse-shop.it\/de\/#website","url":"https:\/\/www.erresse-shop.it\/de\/","name":"Erresse Shop","description":"Articoli di qualit\u00e0 per la casa","potentialAction":[{"@type":"SearchAction","target":{"@type":"EntryPoint","urlTemplate":"https:\/\/www.erresse-shop.it\/de\/?s={search_term_string}"},"query-input":"required name=search_term_string"}],"inLanguage":"de-DE"}]}},"df_price":20,"df_sale_price":20,"df_regular_price":36,"df_image_link":"https:\/\/www.erresse-shop.it\/wp-content\/uploads\/2025\/06\/ZAFFERANO-Poldina-Cover-in-Metallo-Pesci-Blu-Avio-300x300.jpg","_links":{"self":[{"href":"https:\/\/www.erresse-shop.it\/de\/wp-json\/wp\/v2\/product\/504894"}],"collection":[{"href":"https:\/\/www.erresse-shop.it\/de\/wp-json\/wp\/v2\/product"}],"about":[{"href":"https:\/\/www.erresse-shop.it\/de\/wp-json\/wp\/v2\/types\/product"}],"wp:featuredmedia":[{"embeddable":true,"href":"https:\/\/www.erresse-shop.it\/de\/wp-json\/wp\/v2\/media\/504902"}],"wp:attachment":[{"href":"https:\/\/www.erresse-shop.it\/de\/wp-json\/wp\/v2\/media?parent=504894"}],"wp:term":[{"taxonomy":"product_cat","embeddable":true,"href":"https:\/\/www.erresse-shop.it\/de\/wp-json\/wp\/v2\/product_cat?post=504894"},{"taxonomy":"product_tag","embeddable":true,"href":"https:\/\/www.erresse-shop.it\/de\/wp-json\/wp\/v2\/product_tag?post=504894"}],"curies":[{"name":"wp","href":"https:\/\/api.w.org\/{rel}","templated":true}]}}