{"id":504725,"date":"2025-06-25T09:51:18","date_gmt":"2025-06-25T09:51:20","guid":{"rendered":"https:\/\/www.erresse-shop.it\/?post_type=product&#038;p=504725"},"modified":"2026-02-09T10:10:15","modified_gmt":"2026-02-09T10:10:15","slug":"zafferano-party-6er-set-glaeser-blau","status":"publish","type":"product","link":"https:\/\/www.erresse-shop.it\/de\/shop\/tisch\/trinkglaeser\/zafferano-party-6er-set-glaeser-blau\/","title":{"rendered":"ZAFFERANO Party 6er-Set Gl\u00e4ser Blau"},"content":{"rendered":"<p>Die Party-Kollektion von Zafferano bringt einen Regenbogen der Freude auf Ihren Tisch!<\/p>\n<p>Diese Trinkgl\u00e4ser aus Borosilikatglas sind mit bunten, konfetti\u00e4hnlichen Tupfen im venezianischen Stil verziert und verleihen jedem Anlass einen Hauch von verspieltem Stil.<\/p>\n<p>Handgefertigt und temperaturschockbest\u00e4ndig, eignen sie sich ideal f\u00fcr So\u00dfen, Lik\u00f6re oder Getr\u00e4nke. Partygl\u00e4ser machen jeden Toast zu einem besonderen und unvergesslichen Moment.<\/p>\n<p>&nbsp;<\/p>\n<p>Sp\u00fclmaschinenfest und mikrowellengeeignet.<\/p>\n<p><strong>Funktionen:<\/strong><\/p>\n<ul>\n<li class=\"accordion-content add-formatting\" data-variant-sku=\"TE00198\">Durchmesser: 9 cm<\/li>\n<li class=\"accordion-content add-formatting\" data-variant-sku=\"TE00198\">Gesamth\u00f6he: 10,3 cm<\/li>\n<li class=\"accordion-content add-formatting\" data-variant-sku=\"TE00198\">Fassungsverm\u00f6gen: 45 cl<\/li>\n<\/ul>\n","protected":false},"excerpt":{"rendered":"<p>Die Party-Kollektion von Zafferano bringt einen Regenbogen der Freude auf Ihren Tisch! Diese Trinkgl\u00e4ser aus Borosilikatglas sind mit bunten, konfetti\u00e4hnlichen<\/p>\n","protected":false},"featured_media":504739,"template":"","meta":{"_acf_changed":false,"inline_featured_image":false},"product_cat":[6787,6811],"product_tag":[25027,23705,11483,24604,11487,25022,21822,11489,11491],"acf":[],"yoast_head":"<!-- This site is optimized with the Yoast SEO Premium plugin v18.6 (Yoast SEO v19.13) - https:\/\/yoast.com\/wordpress\/plugins\/seo\/ -->\n<title>ZAFFERANO Party 6er-Set Gl\u00e4ser Blau - Erresse Shop<\/title>\n<meta name=\"description\" content=\"Die Party-Kollektion von Zafferano bringt einen Regenbogen der Freude auf Ihren Tisch! Diese Trinkgl\u00e4ser aus Borosilikatglas sind mit bunten,\" \/>\n<meta name=\"robots\" content=\"index, follow, max-snippet:-1, max-image-preview:large, max-video-preview:-1\" \/>\n<link rel=\"canonical\" href=\"https:\/\/www.erresse-shop.it\/de\/shop\/tisch\/trinkglaeser\/zafferano-party-6er-set-glaeser-blau\/\" \/>\n<meta property=\"og:locale\" content=\"de_DE\" \/>\n<meta property=\"og:type\" content=\"article\" \/>\n<meta property=\"og:title\" content=\"ZAFFERANO Party 6er-Set Gl\u00e4ser Blau\" \/>\n<meta property=\"og:description\" content=\"Die Party-Kollektion von Zafferano bringt einen Regenbogen der Freude auf Ihren Tisch! Diese Trinkgl\u00e4ser aus Borosilikatglas sind mit bunten,\" \/>\n<meta property=\"og:url\" content=\"https:\/\/www.erresse-shop.it\/de\/shop\/tisch\/trinkglaeser\/zafferano-party-6er-set-glaeser-blau\/\" \/>\n<meta property=\"og:site_name\" content=\"Erresse Shop\" \/>\n<meta property=\"article:modified_time\" content=\"2026-02-09T10:10:15+00:00\" \/>\n<meta property=\"og:image\" content=\"https:\/\/www.erresse-shop.it\/wp-content\/uploads\/2025\/06\/ZAFFERANO-Party-Set-6-Bicchieri-Blu.jpg\" \/>\n\t<meta property=\"og:image:width\" content=\"1200\" \/>\n\t<meta property=\"og:image:height\" content=\"1200\" \/>\n\t<meta property=\"og:image:type\" content=\"image\/jpeg\" \/>\n<meta name=\"twitter:card\" content=\"summary_large_image\" \/>\n<script type=\"application\/ld+json\" class=\"yoast-schema-graph\">{\"@context\":\"https:\/\/schema.org\",\"@graph\":[{\"@type\":\"WebPage\",\"@id\":\"https:\/\/www.erresse-shop.it\/de\/shop\/tisch\/trinkglaeser\/zafferano-party-6er-set-glaeser-blau\/\",\"url\":\"https:\/\/www.erresse-shop.it\/de\/shop\/tisch\/trinkglaeser\/zafferano-party-6er-set-glaeser-blau\/\",\"name\":\"ZAFFERANO Party 6er-Set Gl\u00e4ser Blau - Erresse Shop\",\"isPartOf\":{\"@id\":\"https:\/\/www.erresse-shop.it\/de\/#website\"},\"datePublished\":\"2025-06-25T09:51:20+00:00\",\"dateModified\":\"2026-02-09T10:10:15+00:00\",\"description\":\"Die Party-Kollektion von Zafferano bringt einen Regenbogen der Freude auf Ihren Tisch! Diese Trinkgl\u00e4ser aus Borosilikatglas sind mit bunten,\",\"breadcrumb\":{\"@id\":\"https:\/\/www.erresse-shop.it\/de\/shop\/tisch\/trinkglaeser\/zafferano-party-6er-set-glaeser-blau\/#breadcrumb\"},\"inLanguage\":\"de-DE\",\"potentialAction\":[{\"@type\":\"ReadAction\",\"target\":[\"https:\/\/www.erresse-shop.it\/de\/shop\/tisch\/trinkglaeser\/zafferano-party-6er-set-glaeser-blau\/\"]}]},{\"@type\":\"BreadcrumbList\",\"@id\":\"https:\/\/www.erresse-shop.it\/de\/shop\/tisch\/trinkglaeser\/zafferano-party-6er-set-glaeser-blau\/#breadcrumb\",\"itemListElement\":[{\"@type\":\"ListItem\",\"position\":1,\"name\":\"Home\",\"item\":\"https:\/\/www.erresse-shop.it\/de\/\"},{\"@type\":\"ListItem\",\"position\":2,\"name\":\"Shop\",\"item\":\"https:\/\/www.erresse-shop.it\/de\/shop\/\"},{\"@type\":\"ListItem\",\"position\":3,\"name\":\"ZAFFERANO Party 6er-Set Gl\u00e4ser Blau\"}]},{\"@type\":\"WebSite\",\"@id\":\"https:\/\/www.erresse-shop.it\/de\/#website\",\"url\":\"https:\/\/www.erresse-shop.it\/de\/\",\"name\":\"Erresse Shop\",\"description\":\"Articoli di qualit\u00e0 per la casa\",\"potentialAction\":[{\"@type\":\"SearchAction\",\"target\":{\"@type\":\"EntryPoint\",\"urlTemplate\":\"https:\/\/www.erresse-shop.it\/de\/?s={search_term_string}\"},\"query-input\":\"required name=search_term_string\"}],\"inLanguage\":\"de-DE\"}]}<\/script>\n<!-- \/ Yoast SEO Premium plugin. -->","yoast_head_json":{"title":"ZAFFERANO Party 6er-Set Gl\u00e4ser Blau - Erresse Shop","description":"Die Party-Kollektion von Zafferano bringt einen Regenbogen der Freude auf Ihren Tisch! Diese Trinkgl\u00e4ser aus Borosilikatglas sind mit bunten,","robots":{"index":"index","follow":"follow","max-snippet":"max-snippet:-1","max-image-preview":"max-image-preview:large","max-video-preview":"max-video-preview:-1"},"canonical":"https:\/\/www.erresse-shop.it\/de\/shop\/tisch\/trinkglaeser\/zafferano-party-6er-set-glaeser-blau\/","og_locale":"de_DE","og_type":"article","og_title":"ZAFFERANO Party 6er-Set Gl\u00e4ser Blau","og_description":"Die Party-Kollektion von Zafferano bringt einen Regenbogen der Freude auf Ihren Tisch! Diese Trinkgl\u00e4ser aus Borosilikatglas sind mit bunten,","og_url":"https:\/\/www.erresse-shop.it\/de\/shop\/tisch\/trinkglaeser\/zafferano-party-6er-set-glaeser-blau\/","og_site_name":"Erresse Shop","article_modified_time":"2026-02-09T10:10:15+00:00","og_image":[{"width":1200,"height":1200,"url":"https:\/\/www.erresse-shop.it\/wp-content\/uploads\/2025\/06\/ZAFFERANO-Party-Set-6-Bicchieri-Blu.jpg","type":"image\/jpeg"}],"twitter_card":"summary_large_image","schema":{"@context":"https:\/\/schema.org","@graph":[{"@type":"WebPage","@id":"https:\/\/www.erresse-shop.it\/de\/shop\/tisch\/trinkglaeser\/zafferano-party-6er-set-glaeser-blau\/","url":"https:\/\/www.erresse-shop.it\/de\/shop\/tisch\/trinkglaeser\/zafferano-party-6er-set-glaeser-blau\/","name":"ZAFFERANO Party 6er-Set Gl\u00e4ser Blau - Erresse Shop","isPartOf":{"@id":"https:\/\/www.erresse-shop.it\/de\/#website"},"datePublished":"2025-06-25T09:51:20+00:00","dateModified":"2026-02-09T10:10:15+00:00","description":"Die Party-Kollektion von Zafferano bringt einen Regenbogen der Freude auf Ihren Tisch! Diese Trinkgl\u00e4ser aus Borosilikatglas sind mit bunten,","breadcrumb":{"@id":"https:\/\/www.erresse-shop.it\/de\/shop\/tisch\/trinkglaeser\/zafferano-party-6er-set-glaeser-blau\/#breadcrumb"},"inLanguage":"de-DE","potentialAction":[{"@type":"ReadAction","target":["https:\/\/www.erresse-shop.it\/de\/shop\/tisch\/trinkglaeser\/zafferano-party-6er-set-glaeser-blau\/"]}]},{"@type":"BreadcrumbList","@id":"https:\/\/www.erresse-shop.it\/de\/shop\/tisch\/trinkglaeser\/zafferano-party-6er-set-glaeser-blau\/#breadcrumb","itemListElement":[{"@type":"ListItem","position":1,"name":"Home","item":"https:\/\/www.erresse-shop.it\/de\/"},{"@type":"ListItem","position":2,"name":"Shop","item":"https:\/\/www.erresse-shop.it\/de\/shop\/"},{"@type":"ListItem","position":3,"name":"ZAFFERANO Party 6er-Set Gl\u00e4ser Blau"}]},{"@type":"WebSite","@id":"https:\/\/www.erresse-shop.it\/de\/#website","url":"https:\/\/www.erresse-shop.it\/de\/","name":"Erresse Shop","description":"Articoli di qualit\u00e0 per la casa","potentialAction":[{"@type":"SearchAction","target":{"@type":"EntryPoint","urlTemplate":"https:\/\/www.erresse-shop.it\/de\/?s={search_term_string}"},"query-input":"required name=search_term_string"}],"inLanguage":"de-DE"}]}},"df_price":56.95,"df_sale_price":56.95,"df_regular_price":101.4,"df_image_link":"https:\/\/www.erresse-shop.it\/wp-content\/uploads\/2025\/06\/ZAFFERANO-Party-Set-6-Bicchieri-Blu-300x300.jpg","_links":{"self":[{"href":"https:\/\/www.erresse-shop.it\/de\/wp-json\/wp\/v2\/product\/504725"}],"collection":[{"href":"https:\/\/www.erresse-shop.it\/de\/wp-json\/wp\/v2\/product"}],"about":[{"href":"https:\/\/www.erresse-shop.it\/de\/wp-json\/wp\/v2\/types\/product"}],"wp:featuredmedia":[{"embeddable":true,"href":"https:\/\/www.erresse-shop.it\/de\/wp-json\/wp\/v2\/media\/504739"}],"wp:attachment":[{"href":"https:\/\/www.erresse-shop.it\/de\/wp-json\/wp\/v2\/media?parent=504725"}],"wp:term":[{"taxonomy":"product_cat","embeddable":true,"href":"https:\/\/www.erresse-shop.it\/de\/wp-json\/wp\/v2\/product_cat?post=504725"},{"taxonomy":"product_tag","embeddable":true,"href":"https:\/\/www.erresse-shop.it\/de\/wp-json\/wp\/v2\/product_tag?post=504725"}],"curies":[{"name":"wp","href":"https:\/\/api.w.org\/{rel}","templated":true}]}}