{"id":504629,"date":"2025-06-25T07:48:18","date_gmt":"2025-06-25T07:48:20","guid":{"rendered":"https:\/\/www.erresse-shop.it\/?post_type=product&#038;p=504629"},"modified":"2025-06-25T08:21:43","modified_gmt":"2025-06-25T08:21:43","slug":"smeg-manuelle-espressomaschine-mit-dampfduse-schwarz-copia-2","status":"publish","type":"product","link":"https:\/\/www.erresse-shop.it\/de\/shop\/kleine-elektrogeraete\/mixer\/smeg-manuelle-espressomaschine-mit-dampfduse-schwarz-copia-2\/","title":{"rendered":"SMEG 50er Jahre Stil Blauer Stabmixer mit Zubeh\u00f6r"},"content":{"rendered":"<h4 class=\"main__description\">Leistungsstarker und vielseitiger Stabmixer dank des mitgelieferten Zubeh\u00f6rsets<\/h4>\n<div>\n<ul>\n<li>Variable Geschwindigkeit und Turbofunktion f\u00fcr die vollst\u00e4ndige Kontrolle des Endergebnisses<\/li>\n<li>Ergonomischer, rutschfester Griff f\u00fcr einfache Handhabung<\/li>\n<li>Edelstahlklingen mit FlowBlend-System f\u00fcr beste Verarbeitungsergebnisse<\/li>\n<li>Messbecher, Zerkleinerer und Schneebesen sind das mitgelieferte Zubeh\u00f6r, ideal f\u00fcr maximale Vielseitigkeit in der K\u00fcche<\/li>\n<\/ul>\n<h4>Der Stabmixer wird <strong>durch ein komplettes Zubeh\u00f6rset<\/strong> bereichert:<\/h4>\n<ul>\n<li>Die 1,4 l fassende Tritan Renew-Karaffe mit Messbecher ist mit einem praktischen Deckel ausgestattet, um die Zubereitungen optimal aufzubewahren.<\/li>\n<li>Der\u00a0<strong>Schneebesen aus Edelstahl<\/strong>\u00a0zum Schlagen von Sahne und Eiwei\u00df.<\/li>\n<li>Der\u00a0<strong>Zerkleinerer<\/strong>\u00a0mit S-f\u00f6rmigen Edelstahlklingen f\u00fcr maximale Schneidleistung im Tritan Renew-Beh\u00e4lter. Sein rutschfester Boden kann als Deckel zur Aufbewahrung von Lebensmitteln verwendet werden.<\/li>\n<\/ul>\n<h4 class=\"title\">Hervorragende Leistung<\/h4>\n<div class=\"text\">Das <strong>FLOWBLENDTM<\/strong>-Schneidsystem und die <strong>Edelstahlklingen<\/strong> erzeugen einen optimalen Fluss, der die perfekte Homogenit\u00e4t der gemixten Zutaten f\u00fcr beste Verarbeitungsergebnisse garantiert.<\/div>\n<\/div>\n<div>\n<h4 class=\"title\">Bequem und vielseitig<\/h4>\n<div class=\"text\">Das Ger\u00e4t ist robust, funktional und dank seines praktischen <strong>ergonomischen<\/strong> <strong>und rutschfesten Griffs<\/strong> und des praktischen <strong>Drehknopfs zur Geschwindigkeitsregulierung<\/strong> leicht zu handhaben, sodass es mit nur einer Hand verwendet werden kann, ohne die Zubereitung zu unterbrechen.<\/div>\n<div class=\"text\">Die <strong>Turbofunktion<\/strong> nutzt die Leistung des <strong>700-W-Motors<\/strong> optimal aus, sodass Sie Ihre Zutaten in k\u00fcrzerer Zeit mixen k\u00f6nnen.<\/div>\n<\/div>\n<h4>Technische Merkmale<\/h4>\n<div>\n<div id=\"sectionDetail-13\" class=\"detail\"><span class=\"detail__label\"><strong>Schneidsystem<\/strong>: <\/span><span class=\"detail__txt\">Flowblend<\/span><\/div>\n<div id=\"sectionDetail-13\" class=\"detail\"><span class=\"detail__label\"><strong>MAX. U\/min<\/strong>: <\/span><span class=\"detail__txt\">14850 U\/min<\/span><\/div>\n<div id=\"sectionDetail-13\" class=\"detail\"><span class=\"detail__label\"><strong>MIN-U\/min<\/strong>: <\/span><span class=\"detail__txt\">8150 U\/min<\/span><\/div>\n<div id=\"sectionDetail-13\" class=\"detail\"><span class=\"detail__label\"><strong>Zubeh\u00f6rbefestigungssystem<\/strong>: <\/span><span class=\"detail__txt\">Bajonetttyp<\/span><\/div>\n<\/div>\n<div>\n<div id=\"sectionDetail-13\" class=\"detail\"><span class=\"detail__label\"><strong>Rutschfester Griff<\/strong>: <\/span><span class=\"detail__txt\">Ja<\/span><\/div>\n<div id=\"sectionDetail-13\" class=\"detail\"><span class=\"detail__label\"><strong>Integrierte Kabeltrommel<\/strong>: <\/span><span class=\"detail__txt\">Ja<\/span><\/div>\n<div>\n<div id=\"sectionDetail-15\" class=\"product-detail isAccordion open\">\n<div>\n<div>\n<div>\n<div id=\"sectionDetail-15\" class=\"detail\"><span class=\"detail__label\"><strong>Stecker<\/strong>: <\/span><span class=\"detail__txt\">(C) Eurospina<\/span><\/div>\n<div id=\"sectionDetail-15\" class=\"detail\"><span class=\"detail__label\"><strong>Spannung<\/strong>: <\/span><span class=\"detail__txt\">220\u2013240\u00a0V<\/span><\/div>\n<div id=\"sectionDetail-15\" class=\"detail\"><span class=\"detail__label\"><strong>Frequenz<\/strong>: <\/span><span class=\"detail__txt\">50\/60 Hz<\/span><\/div>\n<\/div>\n<div>\n<div id=\"sectionDetail-15\" class=\"detail\"><span class=\"detail__label\"><strong>Leistung<\/strong>: <\/span><span class=\"detail__txt\">700 W<\/span><\/div>\n<div id=\"sectionDetail-15\" class=\"detail\"><span class=\"detail__label\"><strong>L\u00e4nge des Netzkabels<\/strong>: <\/span><span class=\"detail__txt\">1,5 m<\/span><\/div>\n<div><\/div>\n<\/div>\n<\/div>\n<div><strong>Abmessungen: <\/strong>6,5 x 6,5 x 41,4 cm<\/div>\n<\/div>\n<\/div>\n<\/div>\n<\/div>\n<div><\/div>\n<div><strong>Not for sale outside Europe<\/strong><\/div>\n","protected":false},"excerpt":{"rendered":"<p>Leistungsstarker und vielseitiger Stabmixer dank des mitgelieferten Zubeh\u00f6rsets Variable Geschwindigkeit und Turbofunktion f\u00fcr die vollst\u00e4ndige Kontrolle des Endergebnisses Ergonomischer, rutschfester<\/p>\n","protected":false},"featured_media":504679,"template":"","meta":{"_acf_changed":false,"inline_featured_image":false},"product_cat":[6703,6886],"product_tag":[23312,11925,25022,20851],"acf":[],"yoast_head":"<!-- This site is optimized with the Yoast SEO Premium plugin v18.6 (Yoast SEO v19.13) - https:\/\/yoast.com\/wordpress\/plugins\/seo\/ -->\n<title>SMEG Manuelle Espresso-Kaffeemaschine Rosa<\/title>\n<meta name=\"description\" content=\"Entdecken Sie SMEG Manuelle Espresso-Kaffeemaschine Rosa bei ErresseShop. Qualit\u00e4t, Stil und Funktionalit\u00e4t \u2013 jetzt online bestellen!\" \/>\n<meta name=\"robots\" content=\"index, follow, max-snippet:-1, max-image-preview:large, max-video-preview:-1\" \/>\n<link rel=\"canonical\" href=\"https:\/\/www.erresse-shop.it\/de\/shop\/kleine-elektrogeraete\/mixer\/smeg-manuelle-espressomaschine-mit-dampfduse-schwarz-copia-2\/\" \/>\n<meta property=\"og:locale\" content=\"de_DE\" \/>\n<meta property=\"og:type\" content=\"article\" \/>\n<meta property=\"og:title\" content=\"SMEG 50er Jahre Stil Blauer Stabmixer mit Zubeh\u00f6r\" \/>\n<meta property=\"og:description\" content=\"Entdecken Sie SMEG Manuelle Espresso-Kaffeemaschine Rosa bei ErresseShop. Qualit\u00e4t, Stil und Funktionalit\u00e4t \u2013 jetzt online bestellen!\" \/>\n<meta property=\"og:url\" content=\"https:\/\/www.erresse-shop.it\/de\/shop\/kleine-elektrogeraete\/mixer\/smeg-manuelle-espressomaschine-mit-dampfduse-schwarz-copia-2\/\" \/>\n<meta property=\"og:site_name\" content=\"Erresse Shop\" \/>\n<meta property=\"article:modified_time\" content=\"2025-06-25T08:21:43+00:00\" \/>\n<meta property=\"og:image\" content=\"https:\/\/www.erresse-shop.it\/wp-content\/uploads\/2025\/06\/NuovSMEG-Frullatore-a-Immersione-Azzurro-con-Accessorio-progetto.jpg\" \/>\n\t<meta property=\"og:image:width\" content=\"1200\" \/>\n\t<meta property=\"og:image:height\" content=\"1200\" \/>\n\t<meta property=\"og:image:type\" content=\"image\/jpeg\" \/>\n<meta name=\"twitter:card\" content=\"summary_large_image\" \/>\n<script type=\"application\/ld+json\" class=\"yoast-schema-graph\">{\"@context\":\"https:\/\/schema.org\",\"@graph\":[{\"@type\":\"WebPage\",\"@id\":\"https:\/\/www.erresse-shop.it\/de\/shop\/kleine-elektrogeraete\/mixer\/smeg-manuelle-espressomaschine-mit-dampfduse-schwarz-copia-2\/\",\"url\":\"https:\/\/www.erresse-shop.it\/de\/shop\/kleine-elektrogeraete\/mixer\/smeg-manuelle-espressomaschine-mit-dampfduse-schwarz-copia-2\/\",\"name\":\"SMEG Manuelle Espresso-Kaffeemaschine Rosa\",\"isPartOf\":{\"@id\":\"https:\/\/www.erresse-shop.it\/de\/#website\"},\"datePublished\":\"2025-06-25T07:48:20+00:00\",\"dateModified\":\"2025-06-25T08:21:43+00:00\",\"description\":\"Entdecken Sie SMEG Manuelle Espresso-Kaffeemaschine Rosa bei ErresseShop. Qualit\u00e4t, Stil und Funktionalit\u00e4t \u2013 jetzt online bestellen!\",\"breadcrumb\":{\"@id\":\"https:\/\/www.erresse-shop.it\/de\/shop\/kleine-elektrogeraete\/mixer\/smeg-manuelle-espressomaschine-mit-dampfduse-schwarz-copia-2\/#breadcrumb\"},\"inLanguage\":\"de-DE\",\"potentialAction\":[{\"@type\":\"ReadAction\",\"target\":[\"https:\/\/www.erresse-shop.it\/de\/shop\/kleine-elektrogeraete\/mixer\/smeg-manuelle-espressomaschine-mit-dampfduse-schwarz-copia-2\/\"]}]},{\"@type\":\"BreadcrumbList\",\"@id\":\"https:\/\/www.erresse-shop.it\/de\/shop\/kleine-elektrogeraete\/mixer\/smeg-manuelle-espressomaschine-mit-dampfduse-schwarz-copia-2\/#breadcrumb\",\"itemListElement\":[{\"@type\":\"ListItem\",\"position\":1,\"name\":\"Home\",\"item\":\"https:\/\/www.erresse-shop.it\/de\/\"},{\"@type\":\"ListItem\",\"position\":2,\"name\":\"Shop\",\"item\":\"https:\/\/www.erresse-shop.it\/de\/shop\/\"},{\"@type\":\"ListItem\",\"position\":3,\"name\":\"SMEG 50er Jahre Stil Blauer Stabmixer mit Zubeh\u00f6r\"}]},{\"@type\":\"WebSite\",\"@id\":\"https:\/\/www.erresse-shop.it\/de\/#website\",\"url\":\"https:\/\/www.erresse-shop.it\/de\/\",\"name\":\"Erresse Shop\",\"description\":\"Articoli di qualit\u00e0 per la casa\",\"potentialAction\":[{\"@type\":\"SearchAction\",\"target\":{\"@type\":\"EntryPoint\",\"urlTemplate\":\"https:\/\/www.erresse-shop.it\/de\/?s={search_term_string}\"},\"query-input\":\"required name=search_term_string\"}],\"inLanguage\":\"de-DE\"}]}<\/script>\n<!-- \/ Yoast SEO Premium plugin. -->","yoast_head_json":{"title":"SMEG Manuelle Espresso-Kaffeemaschine Rosa","description":"Entdecken Sie SMEG Manuelle Espresso-Kaffeemaschine Rosa bei ErresseShop. Qualit\u00e4t, Stil und Funktionalit\u00e4t \u2013 jetzt online bestellen!","robots":{"index":"index","follow":"follow","max-snippet":"max-snippet:-1","max-image-preview":"max-image-preview:large","max-video-preview":"max-video-preview:-1"},"canonical":"https:\/\/www.erresse-shop.it\/de\/shop\/kleine-elektrogeraete\/mixer\/smeg-manuelle-espressomaschine-mit-dampfduse-schwarz-copia-2\/","og_locale":"de_DE","og_type":"article","og_title":"SMEG 50er Jahre Stil Blauer Stabmixer mit Zubeh\u00f6r","og_description":"Entdecken Sie SMEG Manuelle Espresso-Kaffeemaschine Rosa bei ErresseShop. Qualit\u00e4t, Stil und Funktionalit\u00e4t \u2013 jetzt online bestellen!","og_url":"https:\/\/www.erresse-shop.it\/de\/shop\/kleine-elektrogeraete\/mixer\/smeg-manuelle-espressomaschine-mit-dampfduse-schwarz-copia-2\/","og_site_name":"Erresse Shop","article_modified_time":"2025-06-25T08:21:43+00:00","og_image":[{"width":1200,"height":1200,"url":"https:\/\/www.erresse-shop.it\/wp-content\/uploads\/2025\/06\/NuovSMEG-Frullatore-a-Immersione-Azzurro-con-Accessorio-progetto.jpg","type":"image\/jpeg"}],"twitter_card":"summary_large_image","schema":{"@context":"https:\/\/schema.org","@graph":[{"@type":"WebPage","@id":"https:\/\/www.erresse-shop.it\/de\/shop\/kleine-elektrogeraete\/mixer\/smeg-manuelle-espressomaschine-mit-dampfduse-schwarz-copia-2\/","url":"https:\/\/www.erresse-shop.it\/de\/shop\/kleine-elektrogeraete\/mixer\/smeg-manuelle-espressomaschine-mit-dampfduse-schwarz-copia-2\/","name":"SMEG Manuelle Espresso-Kaffeemaschine Rosa","isPartOf":{"@id":"https:\/\/www.erresse-shop.it\/de\/#website"},"datePublished":"2025-06-25T07:48:20+00:00","dateModified":"2025-06-25T08:21:43+00:00","description":"Entdecken Sie SMEG Manuelle Espresso-Kaffeemaschine Rosa bei ErresseShop. Qualit\u00e4t, Stil und Funktionalit\u00e4t \u2013 jetzt online bestellen!","breadcrumb":{"@id":"https:\/\/www.erresse-shop.it\/de\/shop\/kleine-elektrogeraete\/mixer\/smeg-manuelle-espressomaschine-mit-dampfduse-schwarz-copia-2\/#breadcrumb"},"inLanguage":"de-DE","potentialAction":[{"@type":"ReadAction","target":["https:\/\/www.erresse-shop.it\/de\/shop\/kleine-elektrogeraete\/mixer\/smeg-manuelle-espressomaschine-mit-dampfduse-schwarz-copia-2\/"]}]},{"@type":"BreadcrumbList","@id":"https:\/\/www.erresse-shop.it\/de\/shop\/kleine-elektrogeraete\/mixer\/smeg-manuelle-espressomaschine-mit-dampfduse-schwarz-copia-2\/#breadcrumb","itemListElement":[{"@type":"ListItem","position":1,"name":"Home","item":"https:\/\/www.erresse-shop.it\/de\/"},{"@type":"ListItem","position":2,"name":"Shop","item":"https:\/\/www.erresse-shop.it\/de\/shop\/"},{"@type":"ListItem","position":3,"name":"SMEG 50er Jahre Stil Blauer Stabmixer mit Zubeh\u00f6r"}]},{"@type":"WebSite","@id":"https:\/\/www.erresse-shop.it\/de\/#website","url":"https:\/\/www.erresse-shop.it\/de\/","name":"Erresse Shop","description":"Articoli di qualit\u00e0 per la casa","potentialAction":[{"@type":"SearchAction","target":{"@type":"EntryPoint","urlTemplate":"https:\/\/www.erresse-shop.it\/de\/?s={search_term_string}"},"query-input":"required name=search_term_string"}],"inLanguage":"de-DE"}]}},"df_price":90.3,"df_sale_price":90.3,"df_regular_price":129,"df_image_link":"https:\/\/www.erresse-shop.it\/wp-content\/uploads\/2025\/06\/NuovSMEG-Frullatore-a-Immersione-Azzurro-con-Accessorio-progetto-300x300.jpg","_links":{"self":[{"href":"https:\/\/www.erresse-shop.it\/de\/wp-json\/wp\/v2\/product\/504629"}],"collection":[{"href":"https:\/\/www.erresse-shop.it\/de\/wp-json\/wp\/v2\/product"}],"about":[{"href":"https:\/\/www.erresse-shop.it\/de\/wp-json\/wp\/v2\/types\/product"}],"wp:featuredmedia":[{"embeddable":true,"href":"https:\/\/www.erresse-shop.it\/de\/wp-json\/wp\/v2\/media\/504679"}],"wp:attachment":[{"href":"https:\/\/www.erresse-shop.it\/de\/wp-json\/wp\/v2\/media?parent=504629"}],"wp:term":[{"taxonomy":"product_cat","embeddable":true,"href":"https:\/\/www.erresse-shop.it\/de\/wp-json\/wp\/v2\/product_cat?post=504629"},{"taxonomy":"product_tag","embeddable":true,"href":"https:\/\/www.erresse-shop.it\/de\/wp-json\/wp\/v2\/product_tag?post=504629"}],"curies":[{"name":"wp","href":"https:\/\/api.w.org\/{rel}","templated":true}]}}