{"id":504384,"date":"2025-06-24T07:56:00","date_gmt":"2025-06-24T07:56:01","guid":{"rendered":"https:\/\/www.erresse-shop.it\/?post_type=product&#038;p=504384"},"modified":"2026-02-09T10:17:33","modified_gmt":"2026-02-09T10:17:33","slug":"joseph-joseph-servierset","status":"publish","type":"product","link":"https:\/\/www.erresse-shop.it\/de\/shop\/tisch\/koerbe-und-schalen\/joseph-joseph-servierset\/","title":{"rendered":"JOSEPH JOSEPH Servierset"},"content":{"rendered":"<p>Stellen Sie Ihre F\u00e4higkeiten als Gastwirt unter Beweis mit diesem Servierset aus zwei praktischen K\u00fcchenutensilien. Enth\u00e4lt Uno\u2122, eine gro\u00dfe Salatsch\u00fcssel aus Stein mit zwei Edelstahlutensilien zum Abstellen am Rand, und Milltop\u2122, eine Salz- und Pfefferm\u00fchle mit umgedrehtem Design, das verhindert, dass \u00fcbersch\u00fcssiges Mahlgut auf den Tisch gelangt.<\/p>\n<ul>\n<li>Gro\u00dfe Serviersch\u00fcssel, perfekt f\u00fcr Salate, Reis oder Pasta und Desserts<\/li>\n<li>Das Besteck l\u00e4sst sich platzsparend am Sch\u00fcsselrand verstauen<\/li>\n<li>Die M\u00fchlen sind mit einem Keramikmahlwerk ausgestattet<\/li>\n<li>Umgedrehtes Design h\u00e4lt Tischplatten sauber<\/li>\n<li>Passen Sie den Mahlgrad durch Drehen des Edelstahldeckels an<\/li>\n<\/ul>\n<p><strong>Pflege und Verwendung:<\/strong><\/p>\n<ul>\n<li>Salatsch\u00fcssel: Sp\u00fclmaschinenfest<\/li>\n<li>Nicht mikrowellengeeignet<\/li>\n<li>Salz- und Pfefferm\u00fchle: Mit einem feuchten Tuch reinigen<\/li>\n<\/ul>\n<p><strong>Abmessungen:<\/strong><\/p>\n<p><strong>Salatsch\u00fcssel:<\/strong> H14 x B30 x T30 cm<\/p>\n<p><strong>Salz- und Pfefferm\u00fchle: <\/strong> H 16,9 x B 7 x T 7 cm<\/p>\n<p><strong>Erstellt von Morph f\u00fcr Joseph Joseph<\/strong><\/p>\n","protected":false},"excerpt":{"rendered":"<p>Stellen Sie Ihre F\u00e4higkeiten als Gastwirt unter Beweis mit diesem Servierset aus zwei praktischen K\u00fcchenutensilien. Enth\u00e4lt Uno\u2122, eine gro\u00dfe Salatsch\u00fcssel<\/p>\n","protected":false},"featured_media":504417,"template":"","meta":{"_acf_changed":false,"inline_featured_image":false},"product_cat":[6787,14243],"product_tag":[25027,21607,13044,22611,11565,25022],"acf":[],"yoast_head":"<!-- This site is optimized with the Yoast SEO Premium plugin v18.6 (Yoast SEO v19.13) - https:\/\/yoast.com\/wordpress\/plugins\/seo\/ -->\n<title>JOSEPH JOSEPH Servierset - Erresse Shop<\/title>\n<meta name=\"description\" content=\"Stellen Sie Ihre F\u00e4higkeiten als Gastwirt unter Beweis mit diesem Servierset aus zwei praktischen K\u00fcchenutensilien. Enth\u00e4lt Uno\u2122, eine gro\u00dfe Salatsch\u00fcssel\" \/>\n<meta name=\"robots\" content=\"index, follow, max-snippet:-1, max-image-preview:large, max-video-preview:-1\" \/>\n<link rel=\"canonical\" href=\"https:\/\/www.erresse-shop.it\/de\/shop\/tisch\/koerbe-und-schalen\/joseph-joseph-servierset\/\" \/>\n<meta property=\"og:locale\" content=\"de_DE\" \/>\n<meta property=\"og:type\" content=\"article\" \/>\n<meta property=\"og:title\" content=\"JOSEPH JOSEPH Servierset\" \/>\n<meta property=\"og:description\" content=\"Stellen Sie Ihre F\u00e4higkeiten als Gastwirt unter Beweis mit diesem Servierset aus zwei praktischen K\u00fcchenutensilien. Enth\u00e4lt Uno\u2122, eine gro\u00dfe Salatsch\u00fcssel\" \/>\n<meta property=\"og:url\" content=\"https:\/\/www.erresse-shop.it\/de\/shop\/tisch\/koerbe-und-schalen\/joseph-joseph-servierset\/\" \/>\n<meta property=\"og:site_name\" content=\"Erresse Shop\" \/>\n<meta property=\"article:modified_time\" content=\"2026-02-09T10:17:33+00:00\" \/>\n<meta property=\"og:image\" content=\"https:\/\/www.erresse-shop.it\/wp-content\/uploads\/2025\/06\/JOSEPH-JOSEPH-Set-da-Portata.jpg\" \/>\n\t<meta property=\"og:image:width\" content=\"1200\" \/>\n\t<meta property=\"og:image:height\" content=\"1200\" \/>\n\t<meta property=\"og:image:type\" content=\"image\/jpeg\" \/>\n<meta name=\"twitter:card\" content=\"summary_large_image\" \/>\n<script type=\"application\/ld+json\" class=\"yoast-schema-graph\">{\"@context\":\"https:\/\/schema.org\",\"@graph\":[{\"@type\":\"WebPage\",\"@id\":\"https:\/\/www.erresse-shop.it\/de\/shop\/tisch\/koerbe-und-schalen\/joseph-joseph-servierset\/\",\"url\":\"https:\/\/www.erresse-shop.it\/de\/shop\/tisch\/koerbe-und-schalen\/joseph-joseph-servierset\/\",\"name\":\"JOSEPH JOSEPH Servierset - Erresse Shop\",\"isPartOf\":{\"@id\":\"https:\/\/www.erresse-shop.it\/de\/#website\"},\"datePublished\":\"2025-06-24T07:56:01+00:00\",\"dateModified\":\"2026-02-09T10:17:33+00:00\",\"description\":\"Stellen Sie Ihre F\u00e4higkeiten als Gastwirt unter Beweis mit diesem Servierset aus zwei praktischen K\u00fcchenutensilien. Enth\u00e4lt Uno\u2122, eine gro\u00dfe Salatsch\u00fcssel\",\"breadcrumb\":{\"@id\":\"https:\/\/www.erresse-shop.it\/de\/shop\/tisch\/koerbe-und-schalen\/joseph-joseph-servierset\/#breadcrumb\"},\"inLanguage\":\"de-DE\",\"potentialAction\":[{\"@type\":\"ReadAction\",\"target\":[\"https:\/\/www.erresse-shop.it\/de\/shop\/tisch\/koerbe-und-schalen\/joseph-joseph-servierset\/\"]}]},{\"@type\":\"BreadcrumbList\",\"@id\":\"https:\/\/www.erresse-shop.it\/de\/shop\/tisch\/koerbe-und-schalen\/joseph-joseph-servierset\/#breadcrumb\",\"itemListElement\":[{\"@type\":\"ListItem\",\"position\":1,\"name\":\"Home\",\"item\":\"https:\/\/www.erresse-shop.it\/de\/\"},{\"@type\":\"ListItem\",\"position\":2,\"name\":\"Shop\",\"item\":\"https:\/\/www.erresse-shop.it\/de\/shop\/\"},{\"@type\":\"ListItem\",\"position\":3,\"name\":\"JOSEPH JOSEPH Servierset\"}]},{\"@type\":\"WebSite\",\"@id\":\"https:\/\/www.erresse-shop.it\/de\/#website\",\"url\":\"https:\/\/www.erresse-shop.it\/de\/\",\"name\":\"Erresse Shop\",\"description\":\"Articoli di qualit\u00e0 per la casa\",\"potentialAction\":[{\"@type\":\"SearchAction\",\"target\":{\"@type\":\"EntryPoint\",\"urlTemplate\":\"https:\/\/www.erresse-shop.it\/de\/?s={search_term_string}\"},\"query-input\":\"required name=search_term_string\"}],\"inLanguage\":\"de-DE\"}]}<\/script>\n<!-- \/ Yoast SEO Premium plugin. -->","yoast_head_json":{"title":"JOSEPH JOSEPH Servierset - Erresse Shop","description":"Stellen Sie Ihre F\u00e4higkeiten als Gastwirt unter Beweis mit diesem Servierset aus zwei praktischen K\u00fcchenutensilien. Enth\u00e4lt Uno\u2122, eine gro\u00dfe Salatsch\u00fcssel","robots":{"index":"index","follow":"follow","max-snippet":"max-snippet:-1","max-image-preview":"max-image-preview:large","max-video-preview":"max-video-preview:-1"},"canonical":"https:\/\/www.erresse-shop.it\/de\/shop\/tisch\/koerbe-und-schalen\/joseph-joseph-servierset\/","og_locale":"de_DE","og_type":"article","og_title":"JOSEPH JOSEPH Servierset","og_description":"Stellen Sie Ihre F\u00e4higkeiten als Gastwirt unter Beweis mit diesem Servierset aus zwei praktischen K\u00fcchenutensilien. Enth\u00e4lt Uno\u2122, eine gro\u00dfe Salatsch\u00fcssel","og_url":"https:\/\/www.erresse-shop.it\/de\/shop\/tisch\/koerbe-und-schalen\/joseph-joseph-servierset\/","og_site_name":"Erresse Shop","article_modified_time":"2026-02-09T10:17:33+00:00","og_image":[{"width":1200,"height":1200,"url":"https:\/\/www.erresse-shop.it\/wp-content\/uploads\/2025\/06\/JOSEPH-JOSEPH-Set-da-Portata.jpg","type":"image\/jpeg"}],"twitter_card":"summary_large_image","schema":{"@context":"https:\/\/schema.org","@graph":[{"@type":"WebPage","@id":"https:\/\/www.erresse-shop.it\/de\/shop\/tisch\/koerbe-und-schalen\/joseph-joseph-servierset\/","url":"https:\/\/www.erresse-shop.it\/de\/shop\/tisch\/koerbe-und-schalen\/joseph-joseph-servierset\/","name":"JOSEPH JOSEPH Servierset - Erresse Shop","isPartOf":{"@id":"https:\/\/www.erresse-shop.it\/de\/#website"},"datePublished":"2025-06-24T07:56:01+00:00","dateModified":"2026-02-09T10:17:33+00:00","description":"Stellen Sie Ihre F\u00e4higkeiten als Gastwirt unter Beweis mit diesem Servierset aus zwei praktischen K\u00fcchenutensilien. Enth\u00e4lt Uno\u2122, eine gro\u00dfe Salatsch\u00fcssel","breadcrumb":{"@id":"https:\/\/www.erresse-shop.it\/de\/shop\/tisch\/koerbe-und-schalen\/joseph-joseph-servierset\/#breadcrumb"},"inLanguage":"de-DE","potentialAction":[{"@type":"ReadAction","target":["https:\/\/www.erresse-shop.it\/de\/shop\/tisch\/koerbe-und-schalen\/joseph-joseph-servierset\/"]}]},{"@type":"BreadcrumbList","@id":"https:\/\/www.erresse-shop.it\/de\/shop\/tisch\/koerbe-und-schalen\/joseph-joseph-servierset\/#breadcrumb","itemListElement":[{"@type":"ListItem","position":1,"name":"Home","item":"https:\/\/www.erresse-shop.it\/de\/"},{"@type":"ListItem","position":2,"name":"Shop","item":"https:\/\/www.erresse-shop.it\/de\/shop\/"},{"@type":"ListItem","position":3,"name":"JOSEPH JOSEPH Servierset"}]},{"@type":"WebSite","@id":"https:\/\/www.erresse-shop.it\/de\/#website","url":"https:\/\/www.erresse-shop.it\/de\/","name":"Erresse Shop","description":"Articoli di qualit\u00e0 per la casa","potentialAction":[{"@type":"SearchAction","target":{"@type":"EntryPoint","urlTemplate":"https:\/\/www.erresse-shop.it\/de\/?s={search_term_string}"},"query-input":"required name=search_term_string"}],"inLanguage":"de-DE"}]}},"df_price":59.95,"df_sale_price":59.95,"df_regular_price":90,"df_image_link":"https:\/\/www.erresse-shop.it\/wp-content\/uploads\/2025\/06\/JOSEPH-JOSEPH-Set-da-Portata-300x300.jpg","_links":{"self":[{"href":"https:\/\/www.erresse-shop.it\/de\/wp-json\/wp\/v2\/product\/504384"}],"collection":[{"href":"https:\/\/www.erresse-shop.it\/de\/wp-json\/wp\/v2\/product"}],"about":[{"href":"https:\/\/www.erresse-shop.it\/de\/wp-json\/wp\/v2\/types\/product"}],"wp:featuredmedia":[{"embeddable":true,"href":"https:\/\/www.erresse-shop.it\/de\/wp-json\/wp\/v2\/media\/504417"}],"wp:attachment":[{"href":"https:\/\/www.erresse-shop.it\/de\/wp-json\/wp\/v2\/media?parent=504384"}],"wp:term":[{"taxonomy":"product_cat","embeddable":true,"href":"https:\/\/www.erresse-shop.it\/de\/wp-json\/wp\/v2\/product_cat?post=504384"},{"taxonomy":"product_tag","embeddable":true,"href":"https:\/\/www.erresse-shop.it\/de\/wp-json\/wp\/v2\/product_tag?post=504384"}],"curies":[{"name":"wp","href":"https:\/\/api.w.org\/{rel}","templated":true}]}}