{"id":503850,"date":"2025-06-19T10:53:44","date_gmt":"2025-06-19T10:53:45","guid":{"rendered":"https:\/\/www.erresse-shop.it\/?post_type=product&#038;p=503850"},"modified":"2026-02-09T10:26:40","modified_gmt":"2026-02-09T10:26:40","slug":"cookut-auflaufform-40-x-30-cm-marshmallow","status":"publish","type":"product","link":"https:\/\/www.erresse-shop.it\/de\/shop\/toepfe-pfannen\/toepfe-und-backformen\/cookut-auflaufform-40-x-30-cm-marshmallow\/","title":{"rendered":"COOKUT Auflaufform 40 x 30 cm Marshmallow"},"content":{"rendered":"<div class=\"elementor-element Elementor-element-02c3caf Elementor-widget Elementor-widget-product-name Elementor-widget-heading\" data-id=\"02c3caf\" data-element_type=\"widget\" data-widget_type=\"product-name.default\">\n<div class=\"elementor-widget-container\">\n<h1 class=\"ce-product-name Elementor-heading-title ce-display-large\"><span style=\"font-size: 14pt;\">Die unglaublich verstellbare Auflaufform<\/span><\/h1>\n<\/div>\n<\/div>\n<div class=\"elementor-element Elementor-element-4b0c4c3 Elementor-widget Elementor-widget-product-description-short Elementor-widget-text-editor\" data-id=\"4b0c4c3\" data-element_type=\"widget\" data-widget_type=\"product-description-short.default\">\n<div class=\"elementor-widget-container\">\n<div class=\"ce-product-description-short\">\n<h2><span style=\"font-size: 14pt;\">Eine Auflaufform f\u00fcr alle Gr\u00f6\u00dfen mit PFAS-freier Mineralbeschichtung<\/span><\/h2>\n<p>Diese einzigartige Auflaufform ist einzigartig: Dank des patentierten Trenners k\u00f6nnen Sie die Gr\u00f6\u00dfe Ihrer Form ganz einfach an Ihren Geschmack und die Anzahl Ihrer G\u00e4ste anpassen.<\/p>\n<p>Mit der Incroyable Form k\u00f6nnen Sie alles zubereiten: Von kleinen Gratins \u00fcber gro\u00dfe Pasteten und Quiches bis hin zum Sonntagsbraten \u2013 die M\u00f6glichkeiten sind endlos.<\/p>\n<p>Mehr als nur eine Form \u2013 sie ist eine komplette und intelligente L\u00f6sung f\u00fcr alle Ihre Backbed\u00fcrfnisse.<\/p>\n<ul>\n<li>Ultraleicht<\/li>\n<li>Nat\u00fcrliche Mineralbeschichtung frei von PFAS*<\/li>\n<li>Korpus aus 100 % recyceltem Metall<\/li>\n<li>Fettfreies Kochen<\/li>\n<li>Leicht zu reinigen<\/li>\n<li>Patentierter Trenner aus Silikon und geh\u00e4rtetem Glas<\/li>\n<li>Backofen- und sp\u00fclmaschinenfest<\/li>\n<li>Nicht f\u00fcr die Mikrowelle geeignet<\/li>\n<li>Nicht f\u00fcr die Mikrowelle geeignet<\/li>\n<li>Nicht f\u00fcr Induktions-, Gas-, Vitro- und Elektroherde geeignet<\/li>\n<\/ul>\n<p>Ma\u00dfe: 40 x 30 cm<\/p>\n<p>Mineralbeschichtung auf Basis von glasiertem Sand. Eine hochbest\u00e4ndige Beschichtung ohne PFAS (Per- und Polyfluoralkylsubstanzen, umstrittene Substanzen, die h\u00e4ufig in K\u00fcchenprodukten verwendet werden).<\/p>\n<\/div>\n<\/div>\n<\/div>\n","protected":false},"excerpt":{"rendered":"<p>Die unglaublich verstellbare Auflaufform Eine Auflaufform f\u00fcr alle Gr\u00f6\u00dfen mit PFAS-freier Mineralbeschichtung Diese einzigartige Auflaufform ist einzigartig: Dank des patentierten<\/p>\n","protected":false},"featured_media":503871,"template":"","meta":{"_acf_changed":false,"inline_featured_image":false},"product_cat":[6709,14806],"product_tag":[25038,17109,24604,21533,25022],"acf":[],"yoast_head":"<!-- This site is optimized with the Yoast SEO Premium plugin v18.6 (Yoast SEO v19.13) - https:\/\/yoast.com\/wordpress\/plugins\/seo\/ -->\n<title>COOKUT Auflaufform 40 x 30 cm Marshmallow - Erresse Shop<\/title>\n<meta name=\"description\" content=\"Die unglaublich verstellbare Auflaufform Eine Auflaufform f\u00fcr alle Gr\u00f6\u00dfen mit PFAS-freier Mineralbeschichtung Diese einzigartige Auflaufform ist\" \/>\n<meta name=\"robots\" content=\"index, follow, max-snippet:-1, max-image-preview:large, max-video-preview:-1\" \/>\n<link rel=\"canonical\" href=\"https:\/\/www.erresse-shop.it\/de\/shop\/toepfe-pfannen\/toepfe-und-backformen\/cookut-auflaufform-40-x-30-cm-marshmallow\/\" \/>\n<meta property=\"og:locale\" content=\"de_DE\" \/>\n<meta property=\"og:type\" content=\"article\" \/>\n<meta property=\"og:title\" content=\"COOKUT Auflaufform 40 x 30 cm Marshmallow\" \/>\n<meta property=\"og:description\" content=\"Die unglaublich verstellbare Auflaufform Eine Auflaufform f\u00fcr alle Gr\u00f6\u00dfen mit PFAS-freier Mineralbeschichtung Diese einzigartige Auflaufform ist\" \/>\n<meta property=\"og:url\" content=\"https:\/\/www.erresse-shop.it\/de\/shop\/toepfe-pfannen\/toepfe-und-backformen\/cookut-auflaufform-40-x-30-cm-marshmallow\/\" \/>\n<meta property=\"og:site_name\" content=\"Erresse Shop\" \/>\n<meta property=\"article:modified_time\" content=\"2026-02-09T10:26:40+00:00\" \/>\n<meta property=\"og:image\" content=\"https:\/\/www.erresse-shop.it\/wp-content\/uploads\/2025\/06\/COOKUT-Pirofila-40-x-30-cm-Marshmallow.jpg\" \/>\n\t<meta property=\"og:image:width\" content=\"1200\" \/>\n\t<meta property=\"og:image:height\" content=\"1200\" \/>\n\t<meta property=\"og:image:type\" content=\"image\/jpeg\" \/>\n<meta name=\"twitter:card\" content=\"summary_large_image\" \/>\n<script type=\"application\/ld+json\" class=\"yoast-schema-graph\">{\"@context\":\"https:\/\/schema.org\",\"@graph\":[{\"@type\":\"WebPage\",\"@id\":\"https:\/\/www.erresse-shop.it\/de\/shop\/toepfe-pfannen\/toepfe-und-backformen\/cookut-auflaufform-40-x-30-cm-marshmallow\/\",\"url\":\"https:\/\/www.erresse-shop.it\/de\/shop\/toepfe-pfannen\/toepfe-und-backformen\/cookut-auflaufform-40-x-30-cm-marshmallow\/\",\"name\":\"COOKUT Auflaufform 40 x 30 cm Marshmallow - Erresse Shop\",\"isPartOf\":{\"@id\":\"https:\/\/www.erresse-shop.it\/de\/#website\"},\"datePublished\":\"2025-06-19T10:53:45+00:00\",\"dateModified\":\"2026-02-09T10:26:40+00:00\",\"description\":\"Die unglaublich verstellbare Auflaufform Eine Auflaufform f\u00fcr alle Gr\u00f6\u00dfen mit PFAS-freier Mineralbeschichtung Diese einzigartige Auflaufform ist\",\"breadcrumb\":{\"@id\":\"https:\/\/www.erresse-shop.it\/de\/shop\/toepfe-pfannen\/toepfe-und-backformen\/cookut-auflaufform-40-x-30-cm-marshmallow\/#breadcrumb\"},\"inLanguage\":\"de-DE\",\"potentialAction\":[{\"@type\":\"ReadAction\",\"target\":[\"https:\/\/www.erresse-shop.it\/de\/shop\/toepfe-pfannen\/toepfe-und-backformen\/cookut-auflaufform-40-x-30-cm-marshmallow\/\"]}]},{\"@type\":\"BreadcrumbList\",\"@id\":\"https:\/\/www.erresse-shop.it\/de\/shop\/toepfe-pfannen\/toepfe-und-backformen\/cookut-auflaufform-40-x-30-cm-marshmallow\/#breadcrumb\",\"itemListElement\":[{\"@type\":\"ListItem\",\"position\":1,\"name\":\"Home\",\"item\":\"https:\/\/www.erresse-shop.it\/de\/\"},{\"@type\":\"ListItem\",\"position\":2,\"name\":\"Shop\",\"item\":\"https:\/\/www.erresse-shop.it\/de\/shop\/\"},{\"@type\":\"ListItem\",\"position\":3,\"name\":\"COOKUT Auflaufform 40 x 30 cm Marshmallow\"}]},{\"@type\":\"WebSite\",\"@id\":\"https:\/\/www.erresse-shop.it\/de\/#website\",\"url\":\"https:\/\/www.erresse-shop.it\/de\/\",\"name\":\"Erresse Shop\",\"description\":\"Articoli di qualit\u00e0 per la casa\",\"potentialAction\":[{\"@type\":\"SearchAction\",\"target\":{\"@type\":\"EntryPoint\",\"urlTemplate\":\"https:\/\/www.erresse-shop.it\/de\/?s={search_term_string}\"},\"query-input\":\"required name=search_term_string\"}],\"inLanguage\":\"de-DE\"}]}<\/script>\n<!-- \/ Yoast SEO Premium plugin. -->","yoast_head_json":{"title":"COOKUT Auflaufform 40 x 30 cm Marshmallow - Erresse Shop","description":"Die unglaublich verstellbare Auflaufform Eine Auflaufform f\u00fcr alle Gr\u00f6\u00dfen mit PFAS-freier Mineralbeschichtung Diese einzigartige Auflaufform ist","robots":{"index":"index","follow":"follow","max-snippet":"max-snippet:-1","max-image-preview":"max-image-preview:large","max-video-preview":"max-video-preview:-1"},"canonical":"https:\/\/www.erresse-shop.it\/de\/shop\/toepfe-pfannen\/toepfe-und-backformen\/cookut-auflaufform-40-x-30-cm-marshmallow\/","og_locale":"de_DE","og_type":"article","og_title":"COOKUT Auflaufform 40 x 30 cm Marshmallow","og_description":"Die unglaublich verstellbare Auflaufform Eine Auflaufform f\u00fcr alle Gr\u00f6\u00dfen mit PFAS-freier Mineralbeschichtung Diese einzigartige Auflaufform ist","og_url":"https:\/\/www.erresse-shop.it\/de\/shop\/toepfe-pfannen\/toepfe-und-backformen\/cookut-auflaufform-40-x-30-cm-marshmallow\/","og_site_name":"Erresse Shop","article_modified_time":"2026-02-09T10:26:40+00:00","og_image":[{"width":1200,"height":1200,"url":"https:\/\/www.erresse-shop.it\/wp-content\/uploads\/2025\/06\/COOKUT-Pirofila-40-x-30-cm-Marshmallow.jpg","type":"image\/jpeg"}],"twitter_card":"summary_large_image","schema":{"@context":"https:\/\/schema.org","@graph":[{"@type":"WebPage","@id":"https:\/\/www.erresse-shop.it\/de\/shop\/toepfe-pfannen\/toepfe-und-backformen\/cookut-auflaufform-40-x-30-cm-marshmallow\/","url":"https:\/\/www.erresse-shop.it\/de\/shop\/toepfe-pfannen\/toepfe-und-backformen\/cookut-auflaufform-40-x-30-cm-marshmallow\/","name":"COOKUT Auflaufform 40 x 30 cm Marshmallow - Erresse Shop","isPartOf":{"@id":"https:\/\/www.erresse-shop.it\/de\/#website"},"datePublished":"2025-06-19T10:53:45+00:00","dateModified":"2026-02-09T10:26:40+00:00","description":"Die unglaublich verstellbare Auflaufform Eine Auflaufform f\u00fcr alle Gr\u00f6\u00dfen mit PFAS-freier Mineralbeschichtung Diese einzigartige Auflaufform ist","breadcrumb":{"@id":"https:\/\/www.erresse-shop.it\/de\/shop\/toepfe-pfannen\/toepfe-und-backformen\/cookut-auflaufform-40-x-30-cm-marshmallow\/#breadcrumb"},"inLanguage":"de-DE","potentialAction":[{"@type":"ReadAction","target":["https:\/\/www.erresse-shop.it\/de\/shop\/toepfe-pfannen\/toepfe-und-backformen\/cookut-auflaufform-40-x-30-cm-marshmallow\/"]}]},{"@type":"BreadcrumbList","@id":"https:\/\/www.erresse-shop.it\/de\/shop\/toepfe-pfannen\/toepfe-und-backformen\/cookut-auflaufform-40-x-30-cm-marshmallow\/#breadcrumb","itemListElement":[{"@type":"ListItem","position":1,"name":"Home","item":"https:\/\/www.erresse-shop.it\/de\/"},{"@type":"ListItem","position":2,"name":"Shop","item":"https:\/\/www.erresse-shop.it\/de\/shop\/"},{"@type":"ListItem","position":3,"name":"COOKUT Auflaufform 40 x 30 cm Marshmallow"}]},{"@type":"WebSite","@id":"https:\/\/www.erresse-shop.it\/de\/#website","url":"https:\/\/www.erresse-shop.it\/de\/","name":"Erresse Shop","description":"Articoli di qualit\u00e0 per la casa","potentialAction":[{"@type":"SearchAction","target":{"@type":"EntryPoint","urlTemplate":"https:\/\/www.erresse-shop.it\/de\/?s={search_term_string}"},"query-input":"required name=search_term_string"}],"inLanguage":"de-DE"}]}},"df_price":49.44500000000001,"df_sale_price":49.44500000000001,"df_regular_price":89.9,"df_image_link":"https:\/\/www.erresse-shop.it\/wp-content\/uploads\/2025\/06\/COOKUT-Pirofila-40-x-30-cm-Marshmallow-300x300.jpg","_links":{"self":[{"href":"https:\/\/www.erresse-shop.it\/de\/wp-json\/wp\/v2\/product\/503850"}],"collection":[{"href":"https:\/\/www.erresse-shop.it\/de\/wp-json\/wp\/v2\/product"}],"about":[{"href":"https:\/\/www.erresse-shop.it\/de\/wp-json\/wp\/v2\/types\/product"}],"wp:featuredmedia":[{"embeddable":true,"href":"https:\/\/www.erresse-shop.it\/de\/wp-json\/wp\/v2\/media\/503871"}],"wp:attachment":[{"href":"https:\/\/www.erresse-shop.it\/de\/wp-json\/wp\/v2\/media?parent=503850"}],"wp:term":[{"taxonomy":"product_cat","embeddable":true,"href":"https:\/\/www.erresse-shop.it\/de\/wp-json\/wp\/v2\/product_cat?post=503850"},{"taxonomy":"product_tag","embeddable":true,"href":"https:\/\/www.erresse-shop.it\/de\/wp-json\/wp\/v2\/product_tag?post=503850"}],"curies":[{"name":"wp","href":"https:\/\/api.w.org\/{rel}","templated":true}]}}