{"id":503838,"date":"2025-06-19T10:34:11","date_gmt":"2025-06-19T10:34:13","guid":{"rendered":"https:\/\/www.erresse-shop.it\/?post_type=product&#038;p=503838"},"modified":"2026-02-09T10:29:25","modified_gmt":"2026-02-09T10:29:25","slug":"cookut-cocotte-33-cm-graphit","status":"publish","type":"product","link":"https:\/\/www.erresse-shop.it\/de\/shop\/toepfe-pfannen\/schalldaempfer-und-kokotten\/cookut-cocotte-33-cm-graphit\/","title":{"rendered":"COOKUT Cocotte 33 cm Graphit"},"content":{"rendered":"<p><strong>Im Paket enthalten sind der Knauf und zwei farblich passende Topflappen (das Zubeh\u00f6r auf dem Foto dient der Veranschaulichung und kann je nach Verf\u00fcgbarkeit variieren)<\/strong><\/p>\n<p><strong>Technologie f\u00fcr perfektes Kochen<\/strong><br \/>\nDank ihrer Materialien und ihres exklusiven Designs hat die Incredible Cocotte eine gleichm\u00e4\u00dfige Temperatur, die ideal f\u00fcr das langsame Garen von Eint\u00f6pfen ist. Es ist auch m\u00f6glich, Fleisch an- oder anzubraten.<\/p>\n<p><strong>Antihaftbeschichtung, fettfrei<\/strong><br \/>\nDank der Antihaftbeschichtung k\u00f6nnen Sie mit sehr wenig oder gar keinem Fett kochen.<\/p>\n<p><strong>Kein Befeuchten des Fleisches notwendig<\/strong><br \/>\nDie Ausbuchtungen unter dem Deckel sorgen f\u00fcr eine automatische, kontinuierliche Befeuchtung des Innenraums und f\u00f6rdern die Bildung von Kondenswasser unter dem Deckel. Das Ergebnis sind zartes Fleisch und Gerichte mit au\u00dfergew\u00f6hnlichem Geschmack.<\/p>\n<p><strong>Leicht zu reinigen, keine Fleckenbildung<\/strong><br \/>\nObwohl die Cocotte sp\u00fclmaschinenfest ist, kann sie dank ihrer Beschichtung mit einem einfachen Schwamm gereinigt werden, ohne zu schrubben.<br \/>\nDie keramische Beschichtung hinterl\u00e4sst keine Flecken, egal welche Sauce!<\/p>\n<p><strong>Kompatibel mit allen Herdarten<\/strong><\/p>\n<p><strong>Abmessungen:<\/strong><\/p>\n<p><strong>Volumen<\/strong>: 9 Liter<br \/>\n<strong>Deckeldurchmesser<\/strong>: 34 cm<br \/>\n<strong>Gesamtl\u00e4nge<\/strong>: 45 cm<br \/>\n<strong>Gesamtbreite<\/strong>: 28 cm<br \/>\n<strong>H\u00f6he<\/strong>: 17 cm<br \/>\n<strong>Gewicht<\/strong>: 2,4 kg<\/p>\n","protected":false},"excerpt":{"rendered":"<p>Im Paket enthalten sind der Knauf und zwei farblich passende Topflappen (das Zubeh\u00f6r auf dem Foto dient der Veranschaulichung und<\/p>\n","protected":false},"featured_media":503847,"template":"","meta":{"_acf_changed":false,"inline_featured_image":false},"product_cat":[6709,14793],"product_tag":[25038,11381,24604,25022],"acf":[],"yoast_head":"<!-- This site is optimized with the Yoast SEO Premium plugin v18.6 (Yoast SEO v19.13) - https:\/\/yoast.com\/wordpress\/plugins\/seo\/ -->\n<title>COOKUT Cocotte 33 cm Graphit - Erresse Shop<\/title>\n<meta name=\"description\" content=\"Im Paket enthalten sind der Knauf und zwei farblich passende Topflappen (das Zubeh\u00f6r auf dem Foto dient der Veranschaulichung und kann je nach\" \/>\n<meta name=\"robots\" content=\"index, follow, max-snippet:-1, max-image-preview:large, max-video-preview:-1\" \/>\n<link rel=\"canonical\" href=\"https:\/\/www.erresse-shop.it\/de\/shop\/toepfe-pfannen\/schalldaempfer-und-kokotten\/cookut-cocotte-33-cm-graphit\/\" \/>\n<meta property=\"og:locale\" content=\"de_DE\" \/>\n<meta property=\"og:type\" content=\"article\" \/>\n<meta property=\"og:title\" content=\"COOKUT Cocotte 33 cm Graphit\" \/>\n<meta property=\"og:description\" content=\"Im Paket enthalten sind der Knauf und zwei farblich passende Topflappen (das Zubeh\u00f6r auf dem Foto dient der Veranschaulichung und kann je nach\" \/>\n<meta property=\"og:url\" content=\"https:\/\/www.erresse-shop.it\/de\/shop\/toepfe-pfannen\/schalldaempfer-und-kokotten\/cookut-cocotte-33-cm-graphit\/\" \/>\n<meta property=\"og:site_name\" content=\"Erresse Shop\" \/>\n<meta property=\"article:modified_time\" content=\"2026-02-09T10:29:25+00:00\" \/>\n<meta property=\"og:image\" content=\"https:\/\/www.erresse-shop.it\/wp-content\/uploads\/2025\/06\/COOKUT-Cocotte-33-cm-Grafite.jpg\" \/>\n\t<meta property=\"og:image:width\" content=\"1200\" \/>\n\t<meta property=\"og:image:height\" content=\"1200\" \/>\n\t<meta property=\"og:image:type\" content=\"image\/jpeg\" \/>\n<meta name=\"twitter:card\" content=\"summary_large_image\" \/>\n<script type=\"application\/ld+json\" class=\"yoast-schema-graph\">{\"@context\":\"https:\/\/schema.org\",\"@graph\":[{\"@type\":\"WebPage\",\"@id\":\"https:\/\/www.erresse-shop.it\/de\/shop\/toepfe-pfannen\/schalldaempfer-und-kokotten\/cookut-cocotte-33-cm-graphit\/\",\"url\":\"https:\/\/www.erresse-shop.it\/de\/shop\/toepfe-pfannen\/schalldaempfer-und-kokotten\/cookut-cocotte-33-cm-graphit\/\",\"name\":\"COOKUT Cocotte 33 cm Graphit - Erresse Shop\",\"isPartOf\":{\"@id\":\"https:\/\/www.erresse-shop.it\/de\/#website\"},\"datePublished\":\"2025-06-19T10:34:13+00:00\",\"dateModified\":\"2026-02-09T10:29:25+00:00\",\"description\":\"Im Paket enthalten sind der Knauf und zwei farblich passende Topflappen (das Zubeh\u00f6r auf dem Foto dient der Veranschaulichung und kann je nach\",\"breadcrumb\":{\"@id\":\"https:\/\/www.erresse-shop.it\/de\/shop\/toepfe-pfannen\/schalldaempfer-und-kokotten\/cookut-cocotte-33-cm-graphit\/#breadcrumb\"},\"inLanguage\":\"de-DE\",\"potentialAction\":[{\"@type\":\"ReadAction\",\"target\":[\"https:\/\/www.erresse-shop.it\/de\/shop\/toepfe-pfannen\/schalldaempfer-und-kokotten\/cookut-cocotte-33-cm-graphit\/\"]}]},{\"@type\":\"BreadcrumbList\",\"@id\":\"https:\/\/www.erresse-shop.it\/de\/shop\/toepfe-pfannen\/schalldaempfer-und-kokotten\/cookut-cocotte-33-cm-graphit\/#breadcrumb\",\"itemListElement\":[{\"@type\":\"ListItem\",\"position\":1,\"name\":\"Home\",\"item\":\"https:\/\/www.erresse-shop.it\/de\/\"},{\"@type\":\"ListItem\",\"position\":2,\"name\":\"Shop\",\"item\":\"https:\/\/www.erresse-shop.it\/de\/shop\/\"},{\"@type\":\"ListItem\",\"position\":3,\"name\":\"COOKUT Cocotte 33 cm Graphit\"}]},{\"@type\":\"WebSite\",\"@id\":\"https:\/\/www.erresse-shop.it\/de\/#website\",\"url\":\"https:\/\/www.erresse-shop.it\/de\/\",\"name\":\"Erresse Shop\",\"description\":\"Articoli di qualit\u00e0 per la casa\",\"potentialAction\":[{\"@type\":\"SearchAction\",\"target\":{\"@type\":\"EntryPoint\",\"urlTemplate\":\"https:\/\/www.erresse-shop.it\/de\/?s={search_term_string}\"},\"query-input\":\"required name=search_term_string\"}],\"inLanguage\":\"de-DE\"}]}<\/script>\n<!-- \/ Yoast SEO Premium plugin. -->","yoast_head_json":{"title":"COOKUT Cocotte 33 cm Graphit - Erresse Shop","description":"Im Paket enthalten sind der Knauf und zwei farblich passende Topflappen (das Zubeh\u00f6r auf dem Foto dient der Veranschaulichung und kann je nach","robots":{"index":"index","follow":"follow","max-snippet":"max-snippet:-1","max-image-preview":"max-image-preview:large","max-video-preview":"max-video-preview:-1"},"canonical":"https:\/\/www.erresse-shop.it\/de\/shop\/toepfe-pfannen\/schalldaempfer-und-kokotten\/cookut-cocotte-33-cm-graphit\/","og_locale":"de_DE","og_type":"article","og_title":"COOKUT Cocotte 33 cm Graphit","og_description":"Im Paket enthalten sind der Knauf und zwei farblich passende Topflappen (das Zubeh\u00f6r auf dem Foto dient der Veranschaulichung und kann je nach","og_url":"https:\/\/www.erresse-shop.it\/de\/shop\/toepfe-pfannen\/schalldaempfer-und-kokotten\/cookut-cocotte-33-cm-graphit\/","og_site_name":"Erresse Shop","article_modified_time":"2026-02-09T10:29:25+00:00","og_image":[{"width":1200,"height":1200,"url":"https:\/\/www.erresse-shop.it\/wp-content\/uploads\/2025\/06\/COOKUT-Cocotte-33-cm-Grafite.jpg","type":"image\/jpeg"}],"twitter_card":"summary_large_image","schema":{"@context":"https:\/\/schema.org","@graph":[{"@type":"WebPage","@id":"https:\/\/www.erresse-shop.it\/de\/shop\/toepfe-pfannen\/schalldaempfer-und-kokotten\/cookut-cocotte-33-cm-graphit\/","url":"https:\/\/www.erresse-shop.it\/de\/shop\/toepfe-pfannen\/schalldaempfer-und-kokotten\/cookut-cocotte-33-cm-graphit\/","name":"COOKUT Cocotte 33 cm Graphit - Erresse Shop","isPartOf":{"@id":"https:\/\/www.erresse-shop.it\/de\/#website"},"datePublished":"2025-06-19T10:34:13+00:00","dateModified":"2026-02-09T10:29:25+00:00","description":"Im Paket enthalten sind der Knauf und zwei farblich passende Topflappen (das Zubeh\u00f6r auf dem Foto dient der Veranschaulichung und kann je nach","breadcrumb":{"@id":"https:\/\/www.erresse-shop.it\/de\/shop\/toepfe-pfannen\/schalldaempfer-und-kokotten\/cookut-cocotte-33-cm-graphit\/#breadcrumb"},"inLanguage":"de-DE","potentialAction":[{"@type":"ReadAction","target":["https:\/\/www.erresse-shop.it\/de\/shop\/toepfe-pfannen\/schalldaempfer-und-kokotten\/cookut-cocotte-33-cm-graphit\/"]}]},{"@type":"BreadcrumbList","@id":"https:\/\/www.erresse-shop.it\/de\/shop\/toepfe-pfannen\/schalldaempfer-und-kokotten\/cookut-cocotte-33-cm-graphit\/#breadcrumb","itemListElement":[{"@type":"ListItem","position":1,"name":"Home","item":"https:\/\/www.erresse-shop.it\/de\/"},{"@type":"ListItem","position":2,"name":"Shop","item":"https:\/\/www.erresse-shop.it\/de\/shop\/"},{"@type":"ListItem","position":3,"name":"COOKUT Cocotte 33 cm Graphit"}]},{"@type":"WebSite","@id":"https:\/\/www.erresse-shop.it\/de\/#website","url":"https:\/\/www.erresse-shop.it\/de\/","name":"Erresse Shop","description":"Articoli di qualit\u00e0 per la casa","potentialAction":[{"@type":"SearchAction","target":{"@type":"EntryPoint","urlTemplate":"https:\/\/www.erresse-shop.it\/de\/?s={search_term_string}"},"query-input":"required name=search_term_string"}],"inLanguage":"de-DE"}]}},"df_price":98.94500000000001,"df_sale_price":98.94500000000001,"df_regular_price":179.9,"df_image_link":"https:\/\/www.erresse-shop.it\/wp-content\/uploads\/2025\/06\/COOKUT-Cocotte-33-cm-Grafite-300x300.jpg","_links":{"self":[{"href":"https:\/\/www.erresse-shop.it\/de\/wp-json\/wp\/v2\/product\/503838"}],"collection":[{"href":"https:\/\/www.erresse-shop.it\/de\/wp-json\/wp\/v2\/product"}],"about":[{"href":"https:\/\/www.erresse-shop.it\/de\/wp-json\/wp\/v2\/types\/product"}],"wp:featuredmedia":[{"embeddable":true,"href":"https:\/\/www.erresse-shop.it\/de\/wp-json\/wp\/v2\/media\/503847"}],"wp:attachment":[{"href":"https:\/\/www.erresse-shop.it\/de\/wp-json\/wp\/v2\/media?parent=503838"}],"wp:term":[{"taxonomy":"product_cat","embeddable":true,"href":"https:\/\/www.erresse-shop.it\/de\/wp-json\/wp\/v2\/product_cat?post=503838"},{"taxonomy":"product_tag","embeddable":true,"href":"https:\/\/www.erresse-shop.it\/de\/wp-json\/wp\/v2\/product_tag?post=503838"}],"curies":[{"name":"wp","href":"https:\/\/api.w.org\/{rel}","templated":true}]}}