{"id":503565,"date":"2025-06-18T06:54:47","date_gmt":"2025-06-18T06:54:48","guid":{"rendered":"https:\/\/www.erresse-shop.it\/?post_type=product&#038;p=503565"},"modified":"2026-02-09T10:42:32","modified_gmt":"2026-02-09T10:42:32","slug":"barazzoni-amelia-schnellkochtopf-9-l","status":"publish","type":"product","link":"https:\/\/www.erresse-shop.it\/de\/shop\/toepfe-pfannen\/toepfe-und-kochtoepfen\/barazzoni-amelia-schnellkochtopf-9-l\/","title":{"rendered":"BARAZZONI Amelia+ Schnellkochtopf 9 L"},"content":{"rendered":"<p>Die Amelia+-Reihe ist ein Bestseller unter den Druckkochern und verf\u00fcgt \u00fcber einen Deckel, der ein einfaches und absolut sicheres \u00d6ffnen und Schlie\u00dfen garantiert.<\/p>\n<p>Er verf\u00fcgt \u00fcber ein zweistufiges Bedienventil, einen Hebelverschluss und ein Sicherheitsventil.<\/p>\n<p>Die Griffe sind ergonomisch.<\/p>\n<p>F\u00fcr alle Herdarten geeignet, einschlie\u00dflich Induktion.<\/p>\n<p><b>Technische Merkmale:<\/b><\/p>\n<p><strong>Material:<\/strong> Edelstahl 18\/10<br \/>\n<strong>Ma\u00dfe:<\/strong> \u00d8 26 cm<br \/>\n<strong>Fassungsverm\u00f6gen: <\/strong>9\u00a0l<\/p>\n<div class=\"uk-accordion-title\" aria-expanded=\"false\"><strong>W\u00e4rmequellen, Temperatur und Lagerung:<\/strong><\/div>\n<ul>\n<li aria-expanded=\"false\"><strong>Induktion:<\/strong> Ja<\/li>\n<li aria-expanded=\"false\"><strong>Gas:<\/strong> Ja<\/li>\n<li aria-expanded=\"false\"><strong>Halogen:<\/strong> Ja<\/li>\n<li aria-expanded=\"false\"><strong>Keramik:<\/strong> Ja<\/li>\n<li aria-expanded=\"false\"><strong>Elektro:<\/strong> Ja<\/li>\n<li aria-expanded=\"false\"><strong>Backofen:<\/strong> Nein<\/li>\n<li aria-expanded=\"false\"><strong>Mikrowelle:<\/strong> Nein<\/li>\n<\/ul>\n<p><strong>Sp\u00fclmaschinenfest.<\/strong><\/p>\n","protected":false},"excerpt":{"rendered":"<p>Die Amelia+-Reihe ist ein Bestseller unter den Druckkochern und verf\u00fcgt \u00fcber einen Deckel, der ein einfaches und absolut sicheres \u00d6ffnen<\/p>\n","protected":false},"featured_media":503574,"template":"","meta":{"_acf_changed":false,"inline_featured_image":false},"product_cat":[6709,14776],"product_tag":[21533,11718,13436,17643,25022,12205],"acf":[],"yoast_head":"<!-- This site is optimized with the Yoast SEO Premium plugin v18.6 (Yoast SEO v19.13) - https:\/\/yoast.com\/wordpress\/plugins\/seo\/ -->\n<title>BARAZZONI Amelia+ Schnellkochtopf 9 L - Erresse Shop<\/title>\n<meta name=\"description\" content=\"Die Amelia+-Reihe ist ein Bestseller unter den Druckkochern und verf\u00fcgt \u00fcber einen Deckel, der ein einfaches und absolut sicheres \u00d6ffnen und Schlie\u00dfen\" \/>\n<meta name=\"robots\" content=\"index, follow, max-snippet:-1, max-image-preview:large, max-video-preview:-1\" \/>\n<link rel=\"canonical\" href=\"https:\/\/www.erresse-shop.it\/de\/shop\/toepfe-pfannen\/toepfe-und-kochtoepfen\/barazzoni-amelia-schnellkochtopf-9-l\/\" \/>\n<meta property=\"og:locale\" content=\"de_DE\" \/>\n<meta property=\"og:type\" content=\"article\" \/>\n<meta property=\"og:title\" content=\"BARAZZONI Amelia+ Schnellkochtopf 9 L\" \/>\n<meta property=\"og:description\" content=\"Die Amelia+-Reihe ist ein Bestseller unter den Druckkochern und verf\u00fcgt \u00fcber einen Deckel, der ein einfaches und absolut sicheres \u00d6ffnen und Schlie\u00dfen\" \/>\n<meta property=\"og:url\" content=\"https:\/\/www.erresse-shop.it\/de\/shop\/toepfe-pfannen\/toepfe-und-kochtoepfen\/barazzoni-amelia-schnellkochtopf-9-l\/\" \/>\n<meta property=\"og:site_name\" content=\"Erresse Shop\" \/>\n<meta property=\"article:modified_time\" content=\"2026-02-09T10:42:32+00:00\" \/>\n<meta property=\"og:image\" content=\"https:\/\/www.erresse-shop.it\/wp-content\/uploads\/2025\/06\/BARAZZONI-Amelia-Pentola-a-Pressione-9-L.jpg\" \/>\n\t<meta property=\"og:image:width\" content=\"1200\" \/>\n\t<meta property=\"og:image:height\" content=\"1200\" \/>\n\t<meta property=\"og:image:type\" content=\"image\/jpeg\" \/>\n<meta name=\"twitter:card\" content=\"summary_large_image\" \/>\n<script type=\"application\/ld+json\" class=\"yoast-schema-graph\">{\"@context\":\"https:\/\/schema.org\",\"@graph\":[{\"@type\":\"WebPage\",\"@id\":\"https:\/\/www.erresse-shop.it\/de\/shop\/toepfe-pfannen\/toepfe-und-kochtoepfen\/barazzoni-amelia-schnellkochtopf-9-l\/\",\"url\":\"https:\/\/www.erresse-shop.it\/de\/shop\/toepfe-pfannen\/toepfe-und-kochtoepfen\/barazzoni-amelia-schnellkochtopf-9-l\/\",\"name\":\"BARAZZONI Amelia+ Schnellkochtopf 9 L - Erresse Shop\",\"isPartOf\":{\"@id\":\"https:\/\/www.erresse-shop.it\/de\/#website\"},\"datePublished\":\"2025-06-18T06:54:48+00:00\",\"dateModified\":\"2026-02-09T10:42:32+00:00\",\"description\":\"Die Amelia+-Reihe ist ein Bestseller unter den Druckkochern und verf\u00fcgt \u00fcber einen Deckel, der ein einfaches und absolut sicheres \u00d6ffnen und Schlie\u00dfen\",\"breadcrumb\":{\"@id\":\"https:\/\/www.erresse-shop.it\/de\/shop\/toepfe-pfannen\/toepfe-und-kochtoepfen\/barazzoni-amelia-schnellkochtopf-9-l\/#breadcrumb\"},\"inLanguage\":\"de-DE\",\"potentialAction\":[{\"@type\":\"ReadAction\",\"target\":[\"https:\/\/www.erresse-shop.it\/de\/shop\/toepfe-pfannen\/toepfe-und-kochtoepfen\/barazzoni-amelia-schnellkochtopf-9-l\/\"]}]},{\"@type\":\"BreadcrumbList\",\"@id\":\"https:\/\/www.erresse-shop.it\/de\/shop\/toepfe-pfannen\/toepfe-und-kochtoepfen\/barazzoni-amelia-schnellkochtopf-9-l\/#breadcrumb\",\"itemListElement\":[{\"@type\":\"ListItem\",\"position\":1,\"name\":\"Home\",\"item\":\"https:\/\/www.erresse-shop.it\/de\/\"},{\"@type\":\"ListItem\",\"position\":2,\"name\":\"Shop\",\"item\":\"https:\/\/www.erresse-shop.it\/de\/shop\/\"},{\"@type\":\"ListItem\",\"position\":3,\"name\":\"BARAZZONI Amelia+ Schnellkochtopf 9 L\"}]},{\"@type\":\"WebSite\",\"@id\":\"https:\/\/www.erresse-shop.it\/de\/#website\",\"url\":\"https:\/\/www.erresse-shop.it\/de\/\",\"name\":\"Erresse Shop\",\"description\":\"Articoli di qualit\u00e0 per la casa\",\"potentialAction\":[{\"@type\":\"SearchAction\",\"target\":{\"@type\":\"EntryPoint\",\"urlTemplate\":\"https:\/\/www.erresse-shop.it\/de\/?s={search_term_string}\"},\"query-input\":\"required name=search_term_string\"}],\"inLanguage\":\"de-DE\"}]}<\/script>\n<!-- \/ Yoast SEO Premium plugin. -->","yoast_head_json":{"title":"BARAZZONI Amelia+ Schnellkochtopf 9 L - Erresse Shop","description":"Die Amelia+-Reihe ist ein Bestseller unter den Druckkochern und verf\u00fcgt \u00fcber einen Deckel, der ein einfaches und absolut sicheres \u00d6ffnen und Schlie\u00dfen","robots":{"index":"index","follow":"follow","max-snippet":"max-snippet:-1","max-image-preview":"max-image-preview:large","max-video-preview":"max-video-preview:-1"},"canonical":"https:\/\/www.erresse-shop.it\/de\/shop\/toepfe-pfannen\/toepfe-und-kochtoepfen\/barazzoni-amelia-schnellkochtopf-9-l\/","og_locale":"de_DE","og_type":"article","og_title":"BARAZZONI Amelia+ Schnellkochtopf 9 L","og_description":"Die Amelia+-Reihe ist ein Bestseller unter den Druckkochern und verf\u00fcgt \u00fcber einen Deckel, der ein einfaches und absolut sicheres \u00d6ffnen und Schlie\u00dfen","og_url":"https:\/\/www.erresse-shop.it\/de\/shop\/toepfe-pfannen\/toepfe-und-kochtoepfen\/barazzoni-amelia-schnellkochtopf-9-l\/","og_site_name":"Erresse Shop","article_modified_time":"2026-02-09T10:42:32+00:00","og_image":[{"width":1200,"height":1200,"url":"https:\/\/www.erresse-shop.it\/wp-content\/uploads\/2025\/06\/BARAZZONI-Amelia-Pentola-a-Pressione-9-L.jpg","type":"image\/jpeg"}],"twitter_card":"summary_large_image","schema":{"@context":"https:\/\/schema.org","@graph":[{"@type":"WebPage","@id":"https:\/\/www.erresse-shop.it\/de\/shop\/toepfe-pfannen\/toepfe-und-kochtoepfen\/barazzoni-amelia-schnellkochtopf-9-l\/","url":"https:\/\/www.erresse-shop.it\/de\/shop\/toepfe-pfannen\/toepfe-und-kochtoepfen\/barazzoni-amelia-schnellkochtopf-9-l\/","name":"BARAZZONI Amelia+ Schnellkochtopf 9 L - Erresse Shop","isPartOf":{"@id":"https:\/\/www.erresse-shop.it\/de\/#website"},"datePublished":"2025-06-18T06:54:48+00:00","dateModified":"2026-02-09T10:42:32+00:00","description":"Die Amelia+-Reihe ist ein Bestseller unter den Druckkochern und verf\u00fcgt \u00fcber einen Deckel, der ein einfaches und absolut sicheres \u00d6ffnen und Schlie\u00dfen","breadcrumb":{"@id":"https:\/\/www.erresse-shop.it\/de\/shop\/toepfe-pfannen\/toepfe-und-kochtoepfen\/barazzoni-amelia-schnellkochtopf-9-l\/#breadcrumb"},"inLanguage":"de-DE","potentialAction":[{"@type":"ReadAction","target":["https:\/\/www.erresse-shop.it\/de\/shop\/toepfe-pfannen\/toepfe-und-kochtoepfen\/barazzoni-amelia-schnellkochtopf-9-l\/"]}]},{"@type":"BreadcrumbList","@id":"https:\/\/www.erresse-shop.it\/de\/shop\/toepfe-pfannen\/toepfe-und-kochtoepfen\/barazzoni-amelia-schnellkochtopf-9-l\/#breadcrumb","itemListElement":[{"@type":"ListItem","position":1,"name":"Home","item":"https:\/\/www.erresse-shop.it\/de\/"},{"@type":"ListItem","position":2,"name":"Shop","item":"https:\/\/www.erresse-shop.it\/de\/shop\/"},{"@type":"ListItem","position":3,"name":"BARAZZONI Amelia+ Schnellkochtopf 9 L"}]},{"@type":"WebSite","@id":"https:\/\/www.erresse-shop.it\/de\/#website","url":"https:\/\/www.erresse-shop.it\/de\/","name":"Erresse Shop","description":"Articoli di qualit\u00e0 per la casa","potentialAction":[{"@type":"SearchAction","target":{"@type":"EntryPoint","urlTemplate":"https:\/\/www.erresse-shop.it\/de\/?s={search_term_string}"},"query-input":"required name=search_term_string"}],"inLanguage":"de-DE"}]}},"df_price":99,"df_sale_price":99,"df_regular_price":170,"df_image_link":"https:\/\/www.erresse-shop.it\/wp-content\/uploads\/2025\/06\/BARAZZONI-Amelia-Pentola-a-Pressione-9-L-300x300.jpg","_links":{"self":[{"href":"https:\/\/www.erresse-shop.it\/de\/wp-json\/wp\/v2\/product\/503565"}],"collection":[{"href":"https:\/\/www.erresse-shop.it\/de\/wp-json\/wp\/v2\/product"}],"about":[{"href":"https:\/\/www.erresse-shop.it\/de\/wp-json\/wp\/v2\/types\/product"}],"wp:featuredmedia":[{"embeddable":true,"href":"https:\/\/www.erresse-shop.it\/de\/wp-json\/wp\/v2\/media\/503574"}],"wp:attachment":[{"href":"https:\/\/www.erresse-shop.it\/de\/wp-json\/wp\/v2\/media?parent=503565"}],"wp:term":[{"taxonomy":"product_cat","embeddable":true,"href":"https:\/\/www.erresse-shop.it\/de\/wp-json\/wp\/v2\/product_cat?post=503565"},{"taxonomy":"product_tag","embeddable":true,"href":"https:\/\/www.erresse-shop.it\/de\/wp-json\/wp\/v2\/product_tag?post=503565"}],"curies":[{"name":"wp","href":"https:\/\/api.w.org\/{rel}","templated":true}]}}