{"id":503517,"date":"2025-06-18T06:06:34","date_gmt":"2025-06-18T06:06:35","guid":{"rendered":"https:\/\/www.erresse-shop.it\/?post_type=product&#038;p=503517"},"modified":"2025-06-18T06:48:11","modified_gmt":"2025-06-18T06:48:11","slug":"barazzoni-dual-system-schnellkochtopf-45-l","status":"publish","type":"product","link":"https:\/\/www.erresse-shop.it\/de\/shop\/toepfe-pfannen\/toepfe-und-kochtoepfen\/barazzoni-dual-system-schnellkochtopf-45-l\/","title":{"rendered":"BARAZZONI Dual System Schnellkochtopf 4,5 L"},"content":{"rendered":"<p>Kochger\u00e4t mit zwei differenzierten Dr\u00fccken, je nach Lebensmittel.<\/p>\n<p>Dank des dicken Bodens und des Dual-System-Ventils k\u00f6nnen Sie die Kochzeiten im Vergleich zu einem herk\u00f6mmlichen Schnellkochtopf um bis zu 45 % verk\u00fcrzen.<\/p>\n<p>Das besondere Plus dieses Schnellkochtopfs ist der Backenmechanismus, mit dem Sie den Deckel m\u00fchelos und mit nur einer Hand \u00f6ffnen und schlie\u00dfen k\u00f6nnen, indem Sie den zentralen Knopf um 45\u00b0 drehen.<\/p>\n<p><b>Technische Merkmale:<\/b><\/p>\n<p><strong>Material:<\/strong> 18\/10 Edelstahl<br \/>\n<strong>Ma\u00dfe: <\/strong>\u00d8 cm 22<strong><br \/>\n<strong>Fassungsverm\u00f6gen: <\/strong><\/strong>4,5 l<\/p>\n<div class=\"uk-accordion-title\" aria-expanded=\"false\"><strong>W\u00e4rmequellen, Temperatur und Lagerung:<\/strong><\/div>\n<ul>\n<li aria-expanded=\"false\"><strong>Induktion:<\/strong> Ja<\/li>\n<li aria-expanded=\"false\"><strong>Gas:<\/strong> Ja<\/li>\n<li aria-expanded=\"false\"><strong>Halogen:<\/strong> Ja<\/li>\n<li aria-expanded=\"false\"><strong>Keramik:<\/strong> Ja<\/li>\n<li aria-expanded=\"false\"><strong>Elektro:<\/strong> Ja<\/li>\n<li aria-expanded=\"false\"><strong>Backofen:<\/strong> Nein<\/li>\n<li aria-expanded=\"false\"><strong>Mikrowelle:<\/strong> Nein<\/li>\n<\/ul>\n<p><strong>Sp\u00fclmaschinenfest.<\/strong><\/p>\n","protected":false},"excerpt":{"rendered":"<p>Kochger\u00e4t mit zwei differenzierten Dr\u00fccken, je nach Lebensmittel. Dank des dicken Bodens und des Dual-System-Ventils k\u00f6nnen Sie die Kochzeiten im<\/p>\n","protected":false},"featured_media":503532,"template":"","meta":{"_acf_changed":false,"inline_featured_image":false},"product_cat":[6709,14776],"product_tag":[21533,11718,13436,17643,25022,12205],"acf":[],"yoast_head":"<!-- This site is optimized with the Yoast SEO Premium plugin v18.6 (Yoast SEO v19.13) - https:\/\/yoast.com\/wordpress\/plugins\/seo\/ -->\n<title>ZWILLING Vitality Set 5 Kochgeschirr<\/title>\n<meta name=\"description\" content=\"Entdecken Sie ZWILLING Vitality Set 5 Kochgeschirr bei ErresseShop. Qualit\u00e4t, Stil und Funktionalit\u00e4t \u2013 jetzt online bestellen!\" \/>\n<meta name=\"robots\" content=\"index, follow, max-snippet:-1, max-image-preview:large, max-video-preview:-1\" \/>\n<link rel=\"canonical\" href=\"https:\/\/www.erresse-shop.it\/de\/shop\/toepfe-pfannen\/toepfe-und-kochtoepfen\/barazzoni-dual-system-schnellkochtopf-45-l\/\" \/>\n<meta property=\"og:locale\" content=\"de_DE\" \/>\n<meta property=\"og:type\" content=\"article\" \/>\n<meta property=\"og:title\" content=\"BARAZZONI Dual System Schnellkochtopf 4,5 L\" \/>\n<meta property=\"og:description\" content=\"Entdecken Sie ZWILLING Vitality Set 5 Kochgeschirr bei ErresseShop. Qualit\u00e4t, Stil und Funktionalit\u00e4t \u2013 jetzt online bestellen!\" \/>\n<meta property=\"og:url\" content=\"https:\/\/www.erresse-shop.it\/de\/shop\/toepfe-pfannen\/toepfe-und-kochtoepfen\/barazzoni-dual-system-schnellkochtopf-45-l\/\" \/>\n<meta property=\"og:site_name\" content=\"Erresse Shop\" \/>\n<meta property=\"article:modified_time\" content=\"2025-06-18T06:48:11+00:00\" \/>\n<meta property=\"og:image\" content=\"https:\/\/www.erresse-shop.it\/wp-content\/uploads\/2025\/06\/BARAZZONI-Dual-System-Pentola-a-Pressione-45-L.jpg\" \/>\n\t<meta property=\"og:image:width\" content=\"1200\" \/>\n\t<meta property=\"og:image:height\" content=\"1200\" \/>\n\t<meta property=\"og:image:type\" content=\"image\/jpeg\" \/>\n<meta name=\"twitter:card\" content=\"summary_large_image\" \/>\n<script type=\"application\/ld+json\" class=\"yoast-schema-graph\">{\"@context\":\"https:\/\/schema.org\",\"@graph\":[{\"@type\":\"WebPage\",\"@id\":\"https:\/\/www.erresse-shop.it\/de\/shop\/toepfe-pfannen\/toepfe-und-kochtoepfen\/barazzoni-dual-system-schnellkochtopf-45-l\/\",\"url\":\"https:\/\/www.erresse-shop.it\/de\/shop\/toepfe-pfannen\/toepfe-und-kochtoepfen\/barazzoni-dual-system-schnellkochtopf-45-l\/\",\"name\":\"ZWILLING Vitality Set 5 Kochgeschirr\",\"isPartOf\":{\"@id\":\"https:\/\/www.erresse-shop.it\/de\/#website\"},\"datePublished\":\"2025-06-18T06:06:35+00:00\",\"dateModified\":\"2025-06-18T06:48:11+00:00\",\"description\":\"Entdecken Sie ZWILLING Vitality Set 5 Kochgeschirr bei ErresseShop. Qualit\u00e4t, Stil und Funktionalit\u00e4t \u2013 jetzt online bestellen!\",\"breadcrumb\":{\"@id\":\"https:\/\/www.erresse-shop.it\/de\/shop\/toepfe-pfannen\/toepfe-und-kochtoepfen\/barazzoni-dual-system-schnellkochtopf-45-l\/#breadcrumb\"},\"inLanguage\":\"de-DE\",\"potentialAction\":[{\"@type\":\"ReadAction\",\"target\":[\"https:\/\/www.erresse-shop.it\/de\/shop\/toepfe-pfannen\/toepfe-und-kochtoepfen\/barazzoni-dual-system-schnellkochtopf-45-l\/\"]}]},{\"@type\":\"BreadcrumbList\",\"@id\":\"https:\/\/www.erresse-shop.it\/de\/shop\/toepfe-pfannen\/toepfe-und-kochtoepfen\/barazzoni-dual-system-schnellkochtopf-45-l\/#breadcrumb\",\"itemListElement\":[{\"@type\":\"ListItem\",\"position\":1,\"name\":\"Home\",\"item\":\"https:\/\/www.erresse-shop.it\/de\/\"},{\"@type\":\"ListItem\",\"position\":2,\"name\":\"Shop\",\"item\":\"https:\/\/www.erresse-shop.it\/de\/shop\/\"},{\"@type\":\"ListItem\",\"position\":3,\"name\":\"BARAZZONI Dual System Schnellkochtopf 4,5 L\"}]},{\"@type\":\"WebSite\",\"@id\":\"https:\/\/www.erresse-shop.it\/de\/#website\",\"url\":\"https:\/\/www.erresse-shop.it\/de\/\",\"name\":\"Erresse Shop\",\"description\":\"Articoli di qualit\u00e0 per la casa\",\"potentialAction\":[{\"@type\":\"SearchAction\",\"target\":{\"@type\":\"EntryPoint\",\"urlTemplate\":\"https:\/\/www.erresse-shop.it\/de\/?s={search_term_string}\"},\"query-input\":\"required name=search_term_string\"}],\"inLanguage\":\"de-DE\"}]}<\/script>\n<!-- \/ Yoast SEO Premium plugin. -->","yoast_head_json":{"title":"ZWILLING Vitality Set 5 Kochgeschirr","description":"Entdecken Sie ZWILLING Vitality Set 5 Kochgeschirr bei ErresseShop. Qualit\u00e4t, Stil und Funktionalit\u00e4t \u2013 jetzt online bestellen!","robots":{"index":"index","follow":"follow","max-snippet":"max-snippet:-1","max-image-preview":"max-image-preview:large","max-video-preview":"max-video-preview:-1"},"canonical":"https:\/\/www.erresse-shop.it\/de\/shop\/toepfe-pfannen\/toepfe-und-kochtoepfen\/barazzoni-dual-system-schnellkochtopf-45-l\/","og_locale":"de_DE","og_type":"article","og_title":"BARAZZONI Dual System Schnellkochtopf 4,5 L","og_description":"Entdecken Sie ZWILLING Vitality Set 5 Kochgeschirr bei ErresseShop. Qualit\u00e4t, Stil und Funktionalit\u00e4t \u2013 jetzt online bestellen!","og_url":"https:\/\/www.erresse-shop.it\/de\/shop\/toepfe-pfannen\/toepfe-und-kochtoepfen\/barazzoni-dual-system-schnellkochtopf-45-l\/","og_site_name":"Erresse Shop","article_modified_time":"2025-06-18T06:48:11+00:00","og_image":[{"width":1200,"height":1200,"url":"https:\/\/www.erresse-shop.it\/wp-content\/uploads\/2025\/06\/BARAZZONI-Dual-System-Pentola-a-Pressione-45-L.jpg","type":"image\/jpeg"}],"twitter_card":"summary_large_image","schema":{"@context":"https:\/\/schema.org","@graph":[{"@type":"WebPage","@id":"https:\/\/www.erresse-shop.it\/de\/shop\/toepfe-pfannen\/toepfe-und-kochtoepfen\/barazzoni-dual-system-schnellkochtopf-45-l\/","url":"https:\/\/www.erresse-shop.it\/de\/shop\/toepfe-pfannen\/toepfe-und-kochtoepfen\/barazzoni-dual-system-schnellkochtopf-45-l\/","name":"ZWILLING Vitality Set 5 Kochgeschirr","isPartOf":{"@id":"https:\/\/www.erresse-shop.it\/de\/#website"},"datePublished":"2025-06-18T06:06:35+00:00","dateModified":"2025-06-18T06:48:11+00:00","description":"Entdecken Sie ZWILLING Vitality Set 5 Kochgeschirr bei ErresseShop. Qualit\u00e4t, Stil und Funktionalit\u00e4t \u2013 jetzt online bestellen!","breadcrumb":{"@id":"https:\/\/www.erresse-shop.it\/de\/shop\/toepfe-pfannen\/toepfe-und-kochtoepfen\/barazzoni-dual-system-schnellkochtopf-45-l\/#breadcrumb"},"inLanguage":"de-DE","potentialAction":[{"@type":"ReadAction","target":["https:\/\/www.erresse-shop.it\/de\/shop\/toepfe-pfannen\/toepfe-und-kochtoepfen\/barazzoni-dual-system-schnellkochtopf-45-l\/"]}]},{"@type":"BreadcrumbList","@id":"https:\/\/www.erresse-shop.it\/de\/shop\/toepfe-pfannen\/toepfe-und-kochtoepfen\/barazzoni-dual-system-schnellkochtopf-45-l\/#breadcrumb","itemListElement":[{"@type":"ListItem","position":1,"name":"Home","item":"https:\/\/www.erresse-shop.it\/de\/"},{"@type":"ListItem","position":2,"name":"Shop","item":"https:\/\/www.erresse-shop.it\/de\/shop\/"},{"@type":"ListItem","position":3,"name":"BARAZZONI Dual System Schnellkochtopf 4,5 L"}]},{"@type":"WebSite","@id":"https:\/\/www.erresse-shop.it\/de\/#website","url":"https:\/\/www.erresse-shop.it\/de\/","name":"Erresse Shop","description":"Articoli di qualit\u00e0 per la casa","potentialAction":[{"@type":"SearchAction","target":{"@type":"EntryPoint","urlTemplate":"https:\/\/www.erresse-shop.it\/de\/?s={search_term_string}"},"query-input":"required name=search_term_string"}],"inLanguage":"de-DE"}]}},"df_price":114,"df_sale_price":114,"df_regular_price":190,"df_image_link":"https:\/\/www.erresse-shop.it\/wp-content\/uploads\/2025\/06\/BARAZZONI-Dual-System-Pentola-a-Pressione-45-L-300x300.jpg","_links":{"self":[{"href":"https:\/\/www.erresse-shop.it\/de\/wp-json\/wp\/v2\/product\/503517"}],"collection":[{"href":"https:\/\/www.erresse-shop.it\/de\/wp-json\/wp\/v2\/product"}],"about":[{"href":"https:\/\/www.erresse-shop.it\/de\/wp-json\/wp\/v2\/types\/product"}],"wp:featuredmedia":[{"embeddable":true,"href":"https:\/\/www.erresse-shop.it\/de\/wp-json\/wp\/v2\/media\/503532"}],"wp:attachment":[{"href":"https:\/\/www.erresse-shop.it\/de\/wp-json\/wp\/v2\/media?parent=503517"}],"wp:term":[{"taxonomy":"product_cat","embeddable":true,"href":"https:\/\/www.erresse-shop.it\/de\/wp-json\/wp\/v2\/product_cat?post=503517"},{"taxonomy":"product_tag","embeddable":true,"href":"https:\/\/www.erresse-shop.it\/de\/wp-json\/wp\/v2\/product_tag?post=503517"}],"curies":[{"name":"wp","href":"https:\/\/api.w.org\/{rel}","templated":true}]}}