{"id":503494,"date":"2025-06-17T14:03:38","date_gmt":"2025-06-17T14:03:39","guid":{"rendered":"https:\/\/www.erresse-shop.it\/?post_type=product&#038;p=503494"},"modified":"2025-06-17T14:18:19","modified_gmt":"2025-06-17T14:18:19","slug":"barazzoni-sapore-italiano-11-teiliges-set","status":"publish","type":"product","link":"https:\/\/www.erresse-shop.it\/de\/shop\/toepfe-pfannen\/topfsets\/barazzoni-sapore-italiano-11-teiliges-set\/","title":{"rendered":"BARAZZONI Sapore Italiano 11-teiliges Set"},"content":{"rendered":"<p>Eine Batterie, die sich durch eine elegante und geschwungene Bombta-Form auszeichnet. Passen Sie alle Teile des Gewebes an, komprimieren Sie die Induktion. Der \u00e4u\u00dfere Glanz und die innere Anti-Graffiti-Satinierung erleichtern die Poliervorg\u00e4nge. Die Griffe waren dick und sehr stark.<\/p>\n<p><strong>Das Set wird kompostiert:<\/strong><\/p>\n<ul>\n<li>1 <strong>Pentola<\/strong> \u00f8 18 cm<\/li>\n<li>1 <strong>Pentola<\/strong> \u00f8 22 cm<\/li>\n<li>1 <strong>Casseruola<\/strong> \u00f8 cm 18<\/li>\n<li>1 <strong>Casseruola<\/strong> \u00f8 cm 22<\/li>\n<li>1 <strong>Casseruola manico longo<\/strong> \u00f8 cm 14<\/li>\n<li>1 <strong>Tegame<\/strong> \u00f8 24 cm<\/li>\n<li>1 <strong>Bollilatte<\/strong> \u00f8 cm 12<\/li>\n<li>1 <strong>Coperchi<\/strong> \u00f8 cm 14\/18\/22\/24<\/li>\n<\/ul>\n<div class=\"uk-accordion-title\" aria-expanded=\"false\"><strong>W\u00e4rmequelle, Temperatur und Konservierung:<\/strong><\/div>\n<ul>\n<li aria-expanded=\"false\"><strong>Induzione:<\/strong> Ja<\/li>\n<li aria-expanded=\"false\"><strong>Gas:<\/strong> Ja<\/li>\n<li aria-expanded=\"false\"><strong>Allogen:<\/strong> Ja<\/li>\n<li aria-expanded=\"false\"><strong>Keramik:<\/strong> Ja<\/li>\n<li aria-expanded=\"false\"><strong>Elettrico:<\/strong> Ja<\/li>\n<li aria-expanded=\"false\"><strong>Herd:<\/strong> Ja<\/li>\n<li aria-expanded=\"false\"><strong>Mikrowelle:<\/strong> Nein<\/li>\n<\/ul>\n<p><strong>Sp\u00fclmaschinenfest.<\/strong><\/p>\n","protected":false},"excerpt":{"rendered":"<p>Eine Batterie, die sich durch eine elegante und geschwungene Bombta-Form auszeichnet. Passen Sie alle Teile des Gewebes an, komprimieren Sie<\/p>\n","protected":false},"featured_media":503503,"template":"","meta":{"_acf_changed":false,"inline_featured_image":false},"product_cat":[6709,14781],"product_tag":[11801,21533,11718,12992,25022],"acf":[],"yoast_head":"<!-- This site is optimized with the Yoast SEO Premium plugin v18.6 (Yoast SEO v19.13) - https:\/\/yoast.com\/wordpress\/plugins\/seo\/ -->\n<title>ZWILLING Vitality Set 5 Kochgeschirr<\/title>\n<meta name=\"description\" content=\"Entdecken Sie ZWILLING Vitality Set 5 Kochgeschirr bei ErresseShop. Qualit\u00e4t, Stil und Funktionalit\u00e4t \u2013 jetzt online bestellen!\" \/>\n<meta name=\"robots\" content=\"index, follow, max-snippet:-1, max-image-preview:large, max-video-preview:-1\" \/>\n<link rel=\"canonical\" href=\"https:\/\/www.erresse-shop.it\/de\/shop\/toepfe-pfannen\/topfsets\/barazzoni-sapore-italiano-11-teiliges-set\/\" \/>\n<meta property=\"og:locale\" content=\"de_DE\" \/>\n<meta property=\"og:type\" content=\"article\" \/>\n<meta property=\"og:title\" content=\"BARAZZONI Sapore Italiano 11-teiliges Set\" \/>\n<meta property=\"og:description\" content=\"Entdecken Sie ZWILLING Vitality Set 5 Kochgeschirr bei ErresseShop. Qualit\u00e4t, Stil und Funktionalit\u00e4t \u2013 jetzt online bestellen!\" \/>\n<meta property=\"og:url\" content=\"https:\/\/www.erresse-shop.it\/de\/shop\/toepfe-pfannen\/topfsets\/barazzoni-sapore-italiano-11-teiliges-set\/\" \/>\n<meta property=\"og:site_name\" content=\"Erresse Shop\" \/>\n<meta property=\"article:modified_time\" content=\"2025-06-17T14:18:19+00:00\" \/>\n<meta property=\"og:image\" content=\"https:\/\/www.erresse-shop.it\/wp-content\/uploads\/2025\/06\/BARAZZONI-Sapore-Italiano-Set-11-Pezzi.jpg\" \/>\n\t<meta property=\"og:image:width\" content=\"1200\" \/>\n\t<meta property=\"og:image:height\" content=\"1200\" \/>\n\t<meta property=\"og:image:type\" content=\"image\/jpeg\" \/>\n<meta name=\"twitter:card\" content=\"summary_large_image\" \/>\n<script type=\"application\/ld+json\" class=\"yoast-schema-graph\">{\"@context\":\"https:\/\/schema.org\",\"@graph\":[{\"@type\":\"WebPage\",\"@id\":\"https:\/\/www.erresse-shop.it\/de\/shop\/toepfe-pfannen\/topfsets\/barazzoni-sapore-italiano-11-teiliges-set\/\",\"url\":\"https:\/\/www.erresse-shop.it\/de\/shop\/toepfe-pfannen\/topfsets\/barazzoni-sapore-italiano-11-teiliges-set\/\",\"name\":\"ZWILLING Vitality Set 5 Kochgeschirr\",\"isPartOf\":{\"@id\":\"https:\/\/www.erresse-shop.it\/de\/#website\"},\"datePublished\":\"2025-06-17T14:03:39+00:00\",\"dateModified\":\"2025-06-17T14:18:19+00:00\",\"description\":\"Entdecken Sie ZWILLING Vitality Set 5 Kochgeschirr bei ErresseShop. Qualit\u00e4t, Stil und Funktionalit\u00e4t \u2013 jetzt online bestellen!\",\"breadcrumb\":{\"@id\":\"https:\/\/www.erresse-shop.it\/de\/shop\/toepfe-pfannen\/topfsets\/barazzoni-sapore-italiano-11-teiliges-set\/#breadcrumb\"},\"inLanguage\":\"de-DE\",\"potentialAction\":[{\"@type\":\"ReadAction\",\"target\":[\"https:\/\/www.erresse-shop.it\/de\/shop\/toepfe-pfannen\/topfsets\/barazzoni-sapore-italiano-11-teiliges-set\/\"]}]},{\"@type\":\"BreadcrumbList\",\"@id\":\"https:\/\/www.erresse-shop.it\/de\/shop\/toepfe-pfannen\/topfsets\/barazzoni-sapore-italiano-11-teiliges-set\/#breadcrumb\",\"itemListElement\":[{\"@type\":\"ListItem\",\"position\":1,\"name\":\"Home\",\"item\":\"https:\/\/www.erresse-shop.it\/de\/\"},{\"@type\":\"ListItem\",\"position\":2,\"name\":\"Shop\",\"item\":\"https:\/\/www.erresse-shop.it\/de\/shop\/\"},{\"@type\":\"ListItem\",\"position\":3,\"name\":\"BARAZZONI Sapore Italiano 11-teiliges Set\"}]},{\"@type\":\"WebSite\",\"@id\":\"https:\/\/www.erresse-shop.it\/de\/#website\",\"url\":\"https:\/\/www.erresse-shop.it\/de\/\",\"name\":\"Erresse Shop\",\"description\":\"Articoli di qualit\u00e0 per la casa\",\"potentialAction\":[{\"@type\":\"SearchAction\",\"target\":{\"@type\":\"EntryPoint\",\"urlTemplate\":\"https:\/\/www.erresse-shop.it\/de\/?s={search_term_string}\"},\"query-input\":\"required name=search_term_string\"}],\"inLanguage\":\"de-DE\"}]}<\/script>\n<!-- \/ Yoast SEO Premium plugin. -->","yoast_head_json":{"title":"ZWILLING Vitality Set 5 Kochgeschirr","description":"Entdecken Sie ZWILLING Vitality Set 5 Kochgeschirr bei ErresseShop. Qualit\u00e4t, Stil und Funktionalit\u00e4t \u2013 jetzt online bestellen!","robots":{"index":"index","follow":"follow","max-snippet":"max-snippet:-1","max-image-preview":"max-image-preview:large","max-video-preview":"max-video-preview:-1"},"canonical":"https:\/\/www.erresse-shop.it\/de\/shop\/toepfe-pfannen\/topfsets\/barazzoni-sapore-italiano-11-teiliges-set\/","og_locale":"de_DE","og_type":"article","og_title":"BARAZZONI Sapore Italiano 11-teiliges Set","og_description":"Entdecken Sie ZWILLING Vitality Set 5 Kochgeschirr bei ErresseShop. Qualit\u00e4t, Stil und Funktionalit\u00e4t \u2013 jetzt online bestellen!","og_url":"https:\/\/www.erresse-shop.it\/de\/shop\/toepfe-pfannen\/topfsets\/barazzoni-sapore-italiano-11-teiliges-set\/","og_site_name":"Erresse Shop","article_modified_time":"2025-06-17T14:18:19+00:00","og_image":[{"width":1200,"height":1200,"url":"https:\/\/www.erresse-shop.it\/wp-content\/uploads\/2025\/06\/BARAZZONI-Sapore-Italiano-Set-11-Pezzi.jpg","type":"image\/jpeg"}],"twitter_card":"summary_large_image","schema":{"@context":"https:\/\/schema.org","@graph":[{"@type":"WebPage","@id":"https:\/\/www.erresse-shop.it\/de\/shop\/toepfe-pfannen\/topfsets\/barazzoni-sapore-italiano-11-teiliges-set\/","url":"https:\/\/www.erresse-shop.it\/de\/shop\/toepfe-pfannen\/topfsets\/barazzoni-sapore-italiano-11-teiliges-set\/","name":"ZWILLING Vitality Set 5 Kochgeschirr","isPartOf":{"@id":"https:\/\/www.erresse-shop.it\/de\/#website"},"datePublished":"2025-06-17T14:03:39+00:00","dateModified":"2025-06-17T14:18:19+00:00","description":"Entdecken Sie ZWILLING Vitality Set 5 Kochgeschirr bei ErresseShop. Qualit\u00e4t, Stil und Funktionalit\u00e4t \u2013 jetzt online bestellen!","breadcrumb":{"@id":"https:\/\/www.erresse-shop.it\/de\/shop\/toepfe-pfannen\/topfsets\/barazzoni-sapore-italiano-11-teiliges-set\/#breadcrumb"},"inLanguage":"de-DE","potentialAction":[{"@type":"ReadAction","target":["https:\/\/www.erresse-shop.it\/de\/shop\/toepfe-pfannen\/topfsets\/barazzoni-sapore-italiano-11-teiliges-set\/"]}]},{"@type":"BreadcrumbList","@id":"https:\/\/www.erresse-shop.it\/de\/shop\/toepfe-pfannen\/topfsets\/barazzoni-sapore-italiano-11-teiliges-set\/#breadcrumb","itemListElement":[{"@type":"ListItem","position":1,"name":"Home","item":"https:\/\/www.erresse-shop.it\/de\/"},{"@type":"ListItem","position":2,"name":"Shop","item":"https:\/\/www.erresse-shop.it\/de\/shop\/"},{"@type":"ListItem","position":3,"name":"BARAZZONI Sapore Italiano 11-teiliges Set"}]},{"@type":"WebSite","@id":"https:\/\/www.erresse-shop.it\/de\/#website","url":"https:\/\/www.erresse-shop.it\/de\/","name":"Erresse Shop","description":"Articoli di qualit\u00e0 per la casa","potentialAction":[{"@type":"SearchAction","target":{"@type":"EntryPoint","urlTemplate":"https:\/\/www.erresse-shop.it\/de\/?s={search_term_string}"},"query-input":"required name=search_term_string"}],"inLanguage":"de-DE"}]}},"df_price":229,"df_sale_price":229,"df_regular_price":763.33,"df_image_link":"https:\/\/www.erresse-shop.it\/wp-content\/uploads\/2025\/06\/BARAZZONI-Sapore-Italiano-Set-11-Pezzi-300x300.jpg","_links":{"self":[{"href":"https:\/\/www.erresse-shop.it\/de\/wp-json\/wp\/v2\/product\/503494"}],"collection":[{"href":"https:\/\/www.erresse-shop.it\/de\/wp-json\/wp\/v2\/product"}],"about":[{"href":"https:\/\/www.erresse-shop.it\/de\/wp-json\/wp\/v2\/types\/product"}],"wp:featuredmedia":[{"embeddable":true,"href":"https:\/\/www.erresse-shop.it\/de\/wp-json\/wp\/v2\/media\/503503"}],"wp:attachment":[{"href":"https:\/\/www.erresse-shop.it\/de\/wp-json\/wp\/v2\/media?parent=503494"}],"wp:term":[{"taxonomy":"product_cat","embeddable":true,"href":"https:\/\/www.erresse-shop.it\/de\/wp-json\/wp\/v2\/product_cat?post=503494"},{"taxonomy":"product_tag","embeddable":true,"href":"https:\/\/www.erresse-shop.it\/de\/wp-json\/wp\/v2\/product_tag?post=503494"}],"curies":[{"name":"wp","href":"https:\/\/api.w.org\/{rel}","templated":true}]}}