{"id":503466,"date":"2025-06-17T13:47:51","date_gmt":"2025-06-17T13:47:52","guid":{"rendered":"https:\/\/www.erresse-shop.it\/?post_type=product&#038;p=503466"},"modified":"2025-06-17T14:00:42","modified_gmt":"2025-06-17T14:00:42","slug":"barazzoni-sapore-italiano-9-teiliges-set","status":"publish","type":"product","link":"https:\/\/www.erresse-shop.it\/de\/shop\/toepfe-pfannen\/topfsets\/barazzoni-sapore-italiano-9-teiliges-set\/","title":{"rendered":"BARAZZONI Sapore Italiano 9-teiliges Set"},"content":{"rendered":"<p>Ein Akku mit abgerundeter, eleganter und geschwungener Form. Geeignet f\u00fcr alle Herdarten, einschlie\u00dflich Induktion. Die Hochglanzpolitur au\u00dfen und die kratzfeste Satinierung innen erleichtern die Reinigung. Die Griffe bestehen aus dickem Stahl.<\/p>\n<p>Das Set besteht aus:<\/p>\n<ul>\n<li>1 <strong>Topf<\/strong> \u00f8 22 cm<\/li>\n<li>1 <strong>Stieltopf<\/strong> \u00f8 18 cm<\/li>\n<li>1 <strong>Stieltopf<\/strong> \u00f8 22 cm<\/li>\n<li>1 <strong>Stieltopf mit langem Griff<\/strong> \u00f8 14 cm<\/li>\n<li>1 <strong>Bratpfanne<\/strong> \u00f8 24 cm<\/li>\n<li>1 <strong>Deckel<\/strong> \u00f8 14\/18\/22\/24 cm<\/li>\n<\/ul>\n<div class=\"uk-accordion-title\" aria-expanded=\"false\"><strong>Herdquellen, Temperatur und Aufbewahrung:<\/strong><\/div>\n<ul>\n<li aria-expanded=\"false\"><strong>Induktion:<\/strong> Ja<\/li>\n<li aria-expanded=\"false\"><strong>Gas:<\/strong> Ja<\/li>\n<li aria-expanded=\"false\"><strong>Halogen:<\/strong> Ja<\/li>\n<li aria-expanded=\"false\"><strong>Ceran:<\/strong> Ja<\/li>\n<li aria-expanded=\"false\"><strong>Elektro:<\/strong> Ja<\/li>\n<li aria-expanded=\"false\"><strong>Backofen:<\/strong> Ja<\/li>\n<li aria-expanded=\"false\"><strong>Mikrowelle:<\/strong> Nein<\/li>\n<\/ul>\n<p><strong>Sp\u00fclmaschinenfest.<\/strong><\/p>\n","protected":false},"excerpt":{"rendered":"<p>Ein Akku mit abgerundeter, eleganter und geschwungener Form. Geeignet f\u00fcr alle Herdarten, einschlie\u00dflich Induktion. Die Hochglanzpolitur au\u00dfen und die kratzfeste<\/p>\n","protected":false},"featured_media":503488,"template":"","meta":{"_acf_changed":false,"inline_featured_image":false},"product_cat":[6709,14781],"product_tag":[11801,21533,11718,12992,25022],"acf":[],"yoast_head":"<!-- This site is optimized with the Yoast SEO Premium plugin v18.6 (Yoast SEO v19.13) - https:\/\/yoast.com\/wordpress\/plugins\/seo\/ -->\n<title>ZWILLING Vitality Set 5 Kochgeschirr<\/title>\n<meta name=\"description\" content=\"Entdecken Sie ZWILLING Vitality Set 5 Kochgeschirr bei ErresseShop. Qualit\u00e4t, Stil und Funktionalit\u00e4t \u2013 jetzt online bestellen!\" \/>\n<meta name=\"robots\" content=\"index, follow, max-snippet:-1, max-image-preview:large, max-video-preview:-1\" \/>\n<link rel=\"canonical\" href=\"https:\/\/www.erresse-shop.it\/de\/shop\/toepfe-pfannen\/topfsets\/barazzoni-sapore-italiano-9-teiliges-set\/\" \/>\n<meta property=\"og:locale\" content=\"de_DE\" \/>\n<meta property=\"og:type\" content=\"article\" \/>\n<meta property=\"og:title\" content=\"BARAZZONI Sapore Italiano 9-teiliges Set\" \/>\n<meta property=\"og:description\" content=\"Entdecken Sie ZWILLING Vitality Set 5 Kochgeschirr bei ErresseShop. Qualit\u00e4t, Stil und Funktionalit\u00e4t \u2013 jetzt online bestellen!\" \/>\n<meta property=\"og:url\" content=\"https:\/\/www.erresse-shop.it\/de\/shop\/toepfe-pfannen\/topfsets\/barazzoni-sapore-italiano-9-teiliges-set\/\" \/>\n<meta property=\"og:site_name\" content=\"Erresse Shop\" \/>\n<meta property=\"article:modified_time\" content=\"2025-06-17T14:00:42+00:00\" \/>\n<meta property=\"og:image\" content=\"https:\/\/www.erresse-shop.it\/wp-content\/uploads\/2025\/06\/BARAZZONI-Sapore-Italiano-Set-9-Pezzi.jpg\" \/>\n\t<meta property=\"og:image:width\" content=\"1200\" \/>\n\t<meta property=\"og:image:height\" content=\"1200\" \/>\n\t<meta property=\"og:image:type\" content=\"image\/jpeg\" \/>\n<meta name=\"twitter:card\" content=\"summary_large_image\" \/>\n<script type=\"application\/ld+json\" class=\"yoast-schema-graph\">{\"@context\":\"https:\/\/schema.org\",\"@graph\":[{\"@type\":\"WebPage\",\"@id\":\"https:\/\/www.erresse-shop.it\/de\/shop\/toepfe-pfannen\/topfsets\/barazzoni-sapore-italiano-9-teiliges-set\/\",\"url\":\"https:\/\/www.erresse-shop.it\/de\/shop\/toepfe-pfannen\/topfsets\/barazzoni-sapore-italiano-9-teiliges-set\/\",\"name\":\"ZWILLING Vitality Set 5 Kochgeschirr\",\"isPartOf\":{\"@id\":\"https:\/\/www.erresse-shop.it\/de\/#website\"},\"datePublished\":\"2025-06-17T13:47:52+00:00\",\"dateModified\":\"2025-06-17T14:00:42+00:00\",\"description\":\"Entdecken Sie ZWILLING Vitality Set 5 Kochgeschirr bei ErresseShop. Qualit\u00e4t, Stil und Funktionalit\u00e4t \u2013 jetzt online bestellen!\",\"breadcrumb\":{\"@id\":\"https:\/\/www.erresse-shop.it\/de\/shop\/toepfe-pfannen\/topfsets\/barazzoni-sapore-italiano-9-teiliges-set\/#breadcrumb\"},\"inLanguage\":\"de-DE\",\"potentialAction\":[{\"@type\":\"ReadAction\",\"target\":[\"https:\/\/www.erresse-shop.it\/de\/shop\/toepfe-pfannen\/topfsets\/barazzoni-sapore-italiano-9-teiliges-set\/\"]}]},{\"@type\":\"BreadcrumbList\",\"@id\":\"https:\/\/www.erresse-shop.it\/de\/shop\/toepfe-pfannen\/topfsets\/barazzoni-sapore-italiano-9-teiliges-set\/#breadcrumb\",\"itemListElement\":[{\"@type\":\"ListItem\",\"position\":1,\"name\":\"Home\",\"item\":\"https:\/\/www.erresse-shop.it\/de\/\"},{\"@type\":\"ListItem\",\"position\":2,\"name\":\"Shop\",\"item\":\"https:\/\/www.erresse-shop.it\/de\/shop\/\"},{\"@type\":\"ListItem\",\"position\":3,\"name\":\"BARAZZONI Sapore Italiano 9-teiliges Set\"}]},{\"@type\":\"WebSite\",\"@id\":\"https:\/\/www.erresse-shop.it\/de\/#website\",\"url\":\"https:\/\/www.erresse-shop.it\/de\/\",\"name\":\"Erresse Shop\",\"description\":\"Articoli di qualit\u00e0 per la casa\",\"potentialAction\":[{\"@type\":\"SearchAction\",\"target\":{\"@type\":\"EntryPoint\",\"urlTemplate\":\"https:\/\/www.erresse-shop.it\/de\/?s={search_term_string}\"},\"query-input\":\"required name=search_term_string\"}],\"inLanguage\":\"de-DE\"}]}<\/script>\n<!-- \/ Yoast SEO Premium plugin. -->","yoast_head_json":{"title":"ZWILLING Vitality Set 5 Kochgeschirr","description":"Entdecken Sie ZWILLING Vitality Set 5 Kochgeschirr bei ErresseShop. Qualit\u00e4t, Stil und Funktionalit\u00e4t \u2013 jetzt online bestellen!","robots":{"index":"index","follow":"follow","max-snippet":"max-snippet:-1","max-image-preview":"max-image-preview:large","max-video-preview":"max-video-preview:-1"},"canonical":"https:\/\/www.erresse-shop.it\/de\/shop\/toepfe-pfannen\/topfsets\/barazzoni-sapore-italiano-9-teiliges-set\/","og_locale":"de_DE","og_type":"article","og_title":"BARAZZONI Sapore Italiano 9-teiliges Set","og_description":"Entdecken Sie ZWILLING Vitality Set 5 Kochgeschirr bei ErresseShop. Qualit\u00e4t, Stil und Funktionalit\u00e4t \u2013 jetzt online bestellen!","og_url":"https:\/\/www.erresse-shop.it\/de\/shop\/toepfe-pfannen\/topfsets\/barazzoni-sapore-italiano-9-teiliges-set\/","og_site_name":"Erresse Shop","article_modified_time":"2025-06-17T14:00:42+00:00","og_image":[{"width":1200,"height":1200,"url":"https:\/\/www.erresse-shop.it\/wp-content\/uploads\/2025\/06\/BARAZZONI-Sapore-Italiano-Set-9-Pezzi.jpg","type":"image\/jpeg"}],"twitter_card":"summary_large_image","schema":{"@context":"https:\/\/schema.org","@graph":[{"@type":"WebPage","@id":"https:\/\/www.erresse-shop.it\/de\/shop\/toepfe-pfannen\/topfsets\/barazzoni-sapore-italiano-9-teiliges-set\/","url":"https:\/\/www.erresse-shop.it\/de\/shop\/toepfe-pfannen\/topfsets\/barazzoni-sapore-italiano-9-teiliges-set\/","name":"ZWILLING Vitality Set 5 Kochgeschirr","isPartOf":{"@id":"https:\/\/www.erresse-shop.it\/de\/#website"},"datePublished":"2025-06-17T13:47:52+00:00","dateModified":"2025-06-17T14:00:42+00:00","description":"Entdecken Sie ZWILLING Vitality Set 5 Kochgeschirr bei ErresseShop. Qualit\u00e4t, Stil und Funktionalit\u00e4t \u2013 jetzt online bestellen!","breadcrumb":{"@id":"https:\/\/www.erresse-shop.it\/de\/shop\/toepfe-pfannen\/topfsets\/barazzoni-sapore-italiano-9-teiliges-set\/#breadcrumb"},"inLanguage":"de-DE","potentialAction":[{"@type":"ReadAction","target":["https:\/\/www.erresse-shop.it\/de\/shop\/toepfe-pfannen\/topfsets\/barazzoni-sapore-italiano-9-teiliges-set\/"]}]},{"@type":"BreadcrumbList","@id":"https:\/\/www.erresse-shop.it\/de\/shop\/toepfe-pfannen\/topfsets\/barazzoni-sapore-italiano-9-teiliges-set\/#breadcrumb","itemListElement":[{"@type":"ListItem","position":1,"name":"Home","item":"https:\/\/www.erresse-shop.it\/de\/"},{"@type":"ListItem","position":2,"name":"Shop","item":"https:\/\/www.erresse-shop.it\/de\/shop\/"},{"@type":"ListItem","position":3,"name":"BARAZZONI Sapore Italiano 9-teiliges Set"}]},{"@type":"WebSite","@id":"https:\/\/www.erresse-shop.it\/de\/#website","url":"https:\/\/www.erresse-shop.it\/de\/","name":"Erresse Shop","description":"Articoli di qualit\u00e0 per la casa","potentialAction":[{"@type":"SearchAction","target":{"@type":"EntryPoint","urlTemplate":"https:\/\/www.erresse-shop.it\/de\/?s={search_term_string}"},"query-input":"required name=search_term_string"}],"inLanguage":"de-DE"}]}},"df_price":199,"df_sale_price":199,"df_regular_price":663.33,"df_image_link":"https:\/\/www.erresse-shop.it\/wp-content\/uploads\/2025\/06\/BARAZZONI-Sapore-Italiano-Set-9-Pezzi-300x300.jpg","_links":{"self":[{"href":"https:\/\/www.erresse-shop.it\/de\/wp-json\/wp\/v2\/product\/503466"}],"collection":[{"href":"https:\/\/www.erresse-shop.it\/de\/wp-json\/wp\/v2\/product"}],"about":[{"href":"https:\/\/www.erresse-shop.it\/de\/wp-json\/wp\/v2\/types\/product"}],"wp:featuredmedia":[{"embeddable":true,"href":"https:\/\/www.erresse-shop.it\/de\/wp-json\/wp\/v2\/media\/503488"}],"wp:attachment":[{"href":"https:\/\/www.erresse-shop.it\/de\/wp-json\/wp\/v2\/media?parent=503466"}],"wp:term":[{"taxonomy":"product_cat","embeddable":true,"href":"https:\/\/www.erresse-shop.it\/de\/wp-json\/wp\/v2\/product_cat?post=503466"},{"taxonomy":"product_tag","embeddable":true,"href":"https:\/\/www.erresse-shop.it\/de\/wp-json\/wp\/v2\/product_tag?post=503466"}],"curies":[{"name":"wp","href":"https:\/\/api.w.org\/{rel}","templated":true}]}}