{"id":501590,"date":"2025-05-30T09:01:09","date_gmt":"2025-05-30T09:01:11","guid":{"rendered":"https:\/\/www.erresse-shop.it\/?post_type=product&#038;p=501590"},"modified":"2025-05-30T09:27:36","modified_gmt":"2025-05-30T09:27:36","slug":"olimpia-splendid-dolceclima-air-pro-13-wifimobile-klimaanlage","status":"publish","type":"product","link":"https:\/\/www.erresse-shop.it\/de\/shop\/kleine-elektrogeraete\/ventilatoren\/olimpia-splendid-dolceclima-air-pro-13-wifimobile-klimaanlage\/","title":{"rendered":"OLIMPIA SPLENDID Dolceclima Air Pro 13 WiFiMobile Klimaanlage"},"content":{"rendered":"<p>Die mobile Klimaanlage mit einer K\u00fchlleistung von bis zu <strong>2,9 kW<\/strong> der <strong>Klasse A+<\/strong> sorgt f\u00fcr maximale Energieeinsparungen und minimale Umweltbelastung.<\/p>\n<p><strong>Dolceclima Air Pro 13 WiFi<\/strong> ist mit einer motorisierten Klappe mit automatischer Schwenkfunktion ausgestattet, die eine einfache Lenkung der Abluft erm\u00f6glicht, die zuvor mit elektrostatischen Filtern (Staubschutz) und Aktivkohlefiltern (wirksam gegen schlechte Ger\u00fcche) behandelt wurde.<\/p>\n<h3><span style=\"font-size: 14pt;\">MAXIMALE EFFIZIENZ<\/span><\/h3>\n<p>Klimaanlage der Klasse A+ mit reduziertem Energieverbrauch f\u00fcr mehr nachhaltigen Komfort.<\/p>\n<h3><span style=\"font-size: 14pt;\">MOTORISIERTE KLAPPE MIT AUTOMATISCHER SCHWENKUNG<\/span><\/h3>\n<p>Dank der motorisierten Klappe im oberen Bereich l\u00e4sst sich der Luftstrom leicht in den Raum lenken.<\/p>\n<h3><span style=\"font-size: 14pt;\">PURE SYSTEM<\/span><\/h3>\n<p>Ausgestattet mit einem Multifiltersystem bestehend aus einem elektrostatischen Filter (mit Staubschutzfunktion) und einem Aktivkohlefilter (wirksam gegen unangenehme Ger\u00fcche).<\/p>\n<h3><span style=\"font-size: 14pt;\">INTEGRIERTES WLAN<\/span><\/h3>\n<p>Mit der OS Comfort App k\u00f6nnen Sie alle Funktionen bequem von Ihrem Ger\u00e4t aus steuern.<\/p>\n<h3><span style=\"font-size: 14pt;\">FUNKTIONEN<\/span><\/h3>\n<ul>\n<li>K\u00fchlung, Entfeuchtung und Bel\u00fcftung (3 Geschwindigkeiten)<\/li>\n<li>24-Stunden-Timer<\/li>\n<li>Eco-Funktion: Passt die K\u00fchlung an die Raumtemperatur an, um den Verbrauch zu optimieren.<\/li>\n<li>Sleep- und Silent-Funktion: F\u00fcr mehr thermischen und akustischen Komfort.<\/li>\n<li>Turbo-Funktion: Maximale Bel\u00fcftungsgeschwindigkeit f\u00fcr angenehme K\u00fchle.<\/li>\n<li>Blue Air\/Auto-Funktion: Automatische Bel\u00fcftungsgeschwindigkeit f\u00fcr optimale Luftstromsteuerung.<\/li>\n<li>Follow-Me-Funktion: Pr\u00e4zise Temperaturmessung an der Fernbedienung.<\/li>\n<li>Auto-Restart-Funktion: Nach einem Stromausfall startet das Ger\u00e4t mit der letzten Funktion<\/li>\n<li>eingestellt.<\/li>\n<\/ul>\n<h3><span style=\"font-size: 14pt;\">MERKMALE<\/span><\/h3>\n<ul>\n<li>Nennk\u00fchlleistung: 2,9 kW**<\/li>\n<li>Energieklasse:<\/li>\n<li>Schallleistung: 62 dB(A)<\/li>\n<li>Nomineller Energieeffizienzindex: EER 3,1**<\/li>\n<li>K\u00e4ltemittel: R290<\/li>\n<li>Staub- und Aktivkohlefilter<\/li>\n<li>Multifunktionsfernbedienung und LCD-Display<\/li>\n<li>Praktische Seitengriffe und Rollen<\/li>\n<li>Fensterset und flexibler Abluftschlauch im Lieferumfang enthalten.<\/li>\n<\/ul>\n<p>&nbsp;<\/p>\n","protected":false},"excerpt":{"rendered":"<p>Die mobile Klimaanlage mit einer K\u00fchlleistung von bis zu 2,9 kW der Klasse A+ sorgt f\u00fcr maximale Energieeinsparungen und minimale<\/p>\n","protected":false},"featured_media":501604,"template":"","meta":{"_acf_changed":false,"inline_featured_image":false},"product_cat":[6703,25276],"product_tag":[11415],"acf":[],"yoast_head":"<!-- This site is optimized with the Yoast SEO Premium plugin v18.6 (Yoast SEO v19.13) - https:\/\/yoast.com\/wordpress\/plugins\/seo\/ -->\n<title>ILLY E.S.E. Kaffeepadmaschine Wei\u00df<\/title>\n<meta name=\"description\" content=\"Entdecken Sie ILLY E.S.E. Kaffeepadmaschine Wei\u00df bei ErresseShop. Qualit\u00e4t, Stil und Funktionalit\u00e4t \u2013 jetzt online bestellen!\" \/>\n<meta name=\"robots\" content=\"index, follow, max-snippet:-1, max-image-preview:large, max-video-preview:-1\" \/>\n<link rel=\"canonical\" href=\"https:\/\/www.erresse-shop.it\/de\/shop\/kleine-elektrogeraete\/ventilatoren\/olimpia-splendid-dolceclima-air-pro-13-wifimobile-klimaanlage\/\" \/>\n<meta property=\"og:locale\" content=\"de_DE\" \/>\n<meta property=\"og:type\" content=\"article\" \/>\n<meta property=\"og:title\" content=\"OLIMPIA SPLENDID Dolceclima Air Pro 13 WiFiMobile Klimaanlage\" \/>\n<meta property=\"og:description\" content=\"Entdecken Sie ILLY E.S.E. Kaffeepadmaschine Wei\u00df bei ErresseShop. Qualit\u00e4t, Stil und Funktionalit\u00e4t \u2013 jetzt online bestellen!\" \/>\n<meta property=\"og:url\" content=\"https:\/\/www.erresse-shop.it\/de\/shop\/kleine-elektrogeraete\/ventilatoren\/olimpia-splendid-dolceclima-air-pro-13-wifimobile-klimaanlage\/\" \/>\n<meta property=\"og:site_name\" content=\"Erresse Shop\" \/>\n<meta property=\"article:modified_time\" content=\"2025-05-30T09:27:36+00:00\" \/>\n<meta property=\"og:image\" content=\"https:\/\/www.erresse-shop.it\/wp-content\/uploads\/2025\/05\/OLIMPIA-SPLENDID-Dolceclima-Air-Pro-13-WiFi.jpg\" \/>\n\t<meta property=\"og:image:width\" content=\"1200\" \/>\n\t<meta property=\"og:image:height\" content=\"1200\" \/>\n\t<meta property=\"og:image:type\" content=\"image\/jpeg\" \/>\n<meta name=\"twitter:card\" content=\"summary_large_image\" \/>\n<script type=\"application\/ld+json\" class=\"yoast-schema-graph\">{\"@context\":\"https:\/\/schema.org\",\"@graph\":[{\"@type\":\"WebPage\",\"@id\":\"https:\/\/www.erresse-shop.it\/de\/shop\/kleine-elektrogeraete\/ventilatoren\/olimpia-splendid-dolceclima-air-pro-13-wifimobile-klimaanlage\/\",\"url\":\"https:\/\/www.erresse-shop.it\/de\/shop\/kleine-elektrogeraete\/ventilatoren\/olimpia-splendid-dolceclima-air-pro-13-wifimobile-klimaanlage\/\",\"name\":\"ILLY E.S.E. Kaffeepadmaschine Wei\u00df\",\"isPartOf\":{\"@id\":\"https:\/\/www.erresse-shop.it\/de\/#website\"},\"datePublished\":\"2025-05-30T09:01:11+00:00\",\"dateModified\":\"2025-05-30T09:27:36+00:00\",\"description\":\"Entdecken Sie ILLY E.S.E. Kaffeepadmaschine Wei\u00df bei ErresseShop. Qualit\u00e4t, Stil und Funktionalit\u00e4t \u2013 jetzt online bestellen!\",\"breadcrumb\":{\"@id\":\"https:\/\/www.erresse-shop.it\/de\/shop\/kleine-elektrogeraete\/ventilatoren\/olimpia-splendid-dolceclima-air-pro-13-wifimobile-klimaanlage\/#breadcrumb\"},\"inLanguage\":\"de-DE\",\"potentialAction\":[{\"@type\":\"ReadAction\",\"target\":[\"https:\/\/www.erresse-shop.it\/de\/shop\/kleine-elektrogeraete\/ventilatoren\/olimpia-splendid-dolceclima-air-pro-13-wifimobile-klimaanlage\/\"]}]},{\"@type\":\"BreadcrumbList\",\"@id\":\"https:\/\/www.erresse-shop.it\/de\/shop\/kleine-elektrogeraete\/ventilatoren\/olimpia-splendid-dolceclima-air-pro-13-wifimobile-klimaanlage\/#breadcrumb\",\"itemListElement\":[{\"@type\":\"ListItem\",\"position\":1,\"name\":\"Home\",\"item\":\"https:\/\/www.erresse-shop.it\/de\/\"},{\"@type\":\"ListItem\",\"position\":2,\"name\":\"Shop\",\"item\":\"https:\/\/www.erresse-shop.it\/de\/shop\/\"},{\"@type\":\"ListItem\",\"position\":3,\"name\":\"OLIMPIA SPLENDID Dolceclima Air Pro 13 WiFiMobile Klimaanlage\"}]},{\"@type\":\"WebSite\",\"@id\":\"https:\/\/www.erresse-shop.it\/de\/#website\",\"url\":\"https:\/\/www.erresse-shop.it\/de\/\",\"name\":\"Erresse Shop\",\"description\":\"Articoli di qualit\u00e0 per la casa\",\"potentialAction\":[{\"@type\":\"SearchAction\",\"target\":{\"@type\":\"EntryPoint\",\"urlTemplate\":\"https:\/\/www.erresse-shop.it\/de\/?s={search_term_string}\"},\"query-input\":\"required name=search_term_string\"}],\"inLanguage\":\"de-DE\"}]}<\/script>\n<!-- \/ Yoast SEO Premium plugin. -->","yoast_head_json":{"title":"ILLY E.S.E. Kaffeepadmaschine Wei\u00df","description":"Entdecken Sie ILLY E.S.E. Kaffeepadmaschine Wei\u00df bei ErresseShop. Qualit\u00e4t, Stil und Funktionalit\u00e4t \u2013 jetzt online bestellen!","robots":{"index":"index","follow":"follow","max-snippet":"max-snippet:-1","max-image-preview":"max-image-preview:large","max-video-preview":"max-video-preview:-1"},"canonical":"https:\/\/www.erresse-shop.it\/de\/shop\/kleine-elektrogeraete\/ventilatoren\/olimpia-splendid-dolceclima-air-pro-13-wifimobile-klimaanlage\/","og_locale":"de_DE","og_type":"article","og_title":"OLIMPIA SPLENDID Dolceclima Air Pro 13 WiFiMobile Klimaanlage","og_description":"Entdecken Sie ILLY E.S.E. Kaffeepadmaschine Wei\u00df bei ErresseShop. Qualit\u00e4t, Stil und Funktionalit\u00e4t \u2013 jetzt online bestellen!","og_url":"https:\/\/www.erresse-shop.it\/de\/shop\/kleine-elektrogeraete\/ventilatoren\/olimpia-splendid-dolceclima-air-pro-13-wifimobile-klimaanlage\/","og_site_name":"Erresse Shop","article_modified_time":"2025-05-30T09:27:36+00:00","og_image":[{"width":1200,"height":1200,"url":"https:\/\/www.erresse-shop.it\/wp-content\/uploads\/2025\/05\/OLIMPIA-SPLENDID-Dolceclima-Air-Pro-13-WiFi.jpg","type":"image\/jpeg"}],"twitter_card":"summary_large_image","schema":{"@context":"https:\/\/schema.org","@graph":[{"@type":"WebPage","@id":"https:\/\/www.erresse-shop.it\/de\/shop\/kleine-elektrogeraete\/ventilatoren\/olimpia-splendid-dolceclima-air-pro-13-wifimobile-klimaanlage\/","url":"https:\/\/www.erresse-shop.it\/de\/shop\/kleine-elektrogeraete\/ventilatoren\/olimpia-splendid-dolceclima-air-pro-13-wifimobile-klimaanlage\/","name":"ILLY E.S.E. Kaffeepadmaschine Wei\u00df","isPartOf":{"@id":"https:\/\/www.erresse-shop.it\/de\/#website"},"datePublished":"2025-05-30T09:01:11+00:00","dateModified":"2025-05-30T09:27:36+00:00","description":"Entdecken Sie ILLY E.S.E. Kaffeepadmaschine Wei\u00df bei ErresseShop. Qualit\u00e4t, Stil und Funktionalit\u00e4t \u2013 jetzt online bestellen!","breadcrumb":{"@id":"https:\/\/www.erresse-shop.it\/de\/shop\/kleine-elektrogeraete\/ventilatoren\/olimpia-splendid-dolceclima-air-pro-13-wifimobile-klimaanlage\/#breadcrumb"},"inLanguage":"de-DE","potentialAction":[{"@type":"ReadAction","target":["https:\/\/www.erresse-shop.it\/de\/shop\/kleine-elektrogeraete\/ventilatoren\/olimpia-splendid-dolceclima-air-pro-13-wifimobile-klimaanlage\/"]}]},{"@type":"BreadcrumbList","@id":"https:\/\/www.erresse-shop.it\/de\/shop\/kleine-elektrogeraete\/ventilatoren\/olimpia-splendid-dolceclima-air-pro-13-wifimobile-klimaanlage\/#breadcrumb","itemListElement":[{"@type":"ListItem","position":1,"name":"Home","item":"https:\/\/www.erresse-shop.it\/de\/"},{"@type":"ListItem","position":2,"name":"Shop","item":"https:\/\/www.erresse-shop.it\/de\/shop\/"},{"@type":"ListItem","position":3,"name":"OLIMPIA SPLENDID Dolceclima Air Pro 13 WiFiMobile Klimaanlage"}]},{"@type":"WebSite","@id":"https:\/\/www.erresse-shop.it\/de\/#website","url":"https:\/\/www.erresse-shop.it\/de\/","name":"Erresse Shop","description":"Articoli di qualit\u00e0 per la casa","potentialAction":[{"@type":"SearchAction","target":{"@type":"EntryPoint","urlTemplate":"https:\/\/www.erresse-shop.it\/de\/?s={search_term_string}"},"query-input":"required name=search_term_string"}],"inLanguage":"de-DE"}]}},"df_price":498,"df_sale_price":498,"df_regular_price":498,"df_image_link":"https:\/\/www.erresse-shop.it\/wp-content\/uploads\/2025\/05\/OLIMPIA-SPLENDID-Dolceclima-Air-Pro-13-WiFi-300x300.jpg","_links":{"self":[{"href":"https:\/\/www.erresse-shop.it\/de\/wp-json\/wp\/v2\/product\/501590"}],"collection":[{"href":"https:\/\/www.erresse-shop.it\/de\/wp-json\/wp\/v2\/product"}],"about":[{"href":"https:\/\/www.erresse-shop.it\/de\/wp-json\/wp\/v2\/types\/product"}],"wp:featuredmedia":[{"embeddable":true,"href":"https:\/\/www.erresse-shop.it\/de\/wp-json\/wp\/v2\/media\/501604"}],"wp:attachment":[{"href":"https:\/\/www.erresse-shop.it\/de\/wp-json\/wp\/v2\/media?parent=501590"}],"wp:term":[{"taxonomy":"product_cat","embeddable":true,"href":"https:\/\/www.erresse-shop.it\/de\/wp-json\/wp\/v2\/product_cat?post=501590"},{"taxonomy":"product_tag","embeddable":true,"href":"https:\/\/www.erresse-shop.it\/de\/wp-json\/wp\/v2\/product_tag?post=501590"}],"curies":[{"name":"wp","href":"https:\/\/api.w.org\/{rel}","templated":true}]}}