{"id":501552,"date":"2025-05-30T08:09:54","date_gmt":"2025-05-30T08:09:56","guid":{"rendered":"https:\/\/www.erresse-shop.it\/?post_type=product&#038;p=501552"},"modified":"2025-05-30T08:39:25","modified_gmt":"2025-05-30T08:39:25","slug":"olimpia-splendid-dolceclima-compact-8-sw-mobile-klimaanlage","status":"publish","type":"product","link":"https:\/\/www.erresse-shop.it\/de\/shop\/kleine-elektrogeraete\/ventilatoren\/olimpia-splendid-dolceclima-compact-8-sw-mobile-klimaanlage\/","title":{"rendered":"OLIMPIA SPLENDID Dolceclima Compact 8 SW Mobile Klimaanlage"},"content":{"rendered":"<p>Dolceclima Compact 8 SW ist die ideale tragbare Klimaanlage f\u00fcr kleinere R\u00e4ume und vereint 8.000 BTU\/h* Leistung in einem ultraflachen Design.<\/p>\n<p>Dolceclima Compact 8 SW ist die perfekte L\u00f6sung f\u00fcr alle, die Funktionalit\u00e4t und Zweckm\u00e4\u00dfigkeit in einem einzigen Produkt suchen.<\/p>\n<h3><span style=\"font-size: 14pt;\"><strong>KOMPAKTE TECHNOLOGIE<\/strong><\/span><\/h3>\n<p>Schlankes Design mit reduzierter Breite und Tiefe im Vergleich zur vorherigen Dolceclima Compact M-Reihe, um den Platzbedarf zu optimieren.<\/p>\n<h3><span style=\"font-size: 14pt;\"><strong>DIGITALE BEFEHLE<\/strong><\/span><\/h3>\n<p>Bedienfeld der neuesten Generation f\u00fcr pr\u00e4zise Steuerung aller Funktionen.<\/p>\n<h3><span style=\"font-size: 14pt;\">FOLGE MIR<\/span><\/h3>\n<p>Die Fernbedienung fungiert als Fernthermostat, um eine angemessene Temperaturregelung am Standort der Raumnutzer sicherzustellen.<\/p>\n<h3><span style=\"font-size: 14pt;\">DREHR\u00c4DER<\/span><\/h3>\n<p>Dank der 360-Grad-Drehung l\u00e4sst es sich leicht transportieren und in jede Richtung bewegen.<\/p>\n<h3><span style=\"font-size: 14pt;\">FUNKTIONEN<\/span><\/h3>\n<ul>\n<li><strong>K\u00fchlung, Entfeuchtung und Bel\u00fcftung (2 Geschwindigkeiten + Auto-Modus) 24h-Timer<\/strong><\/li>\n<li><strong>Auto-Funktion:<\/strong> optimiert den Energieverbrauch durch Regulierung der K\u00fchlung in Abh\u00e4ngigkeit von der Raumtemperatur.<\/li>\n<li><strong>Auto-Modus:<\/strong> um die L\u00fcftergeschwindigkeit im Automatikmodus einzustellen.<\/li>\n<li><strong>Schlaffunktion:<\/strong> erh\u00f6ht schrittweise die eingestellte Temperatur f\u00fcr mehr thermischen Komfort.<\/li>\n<li><strong>Follow Me-Funktion:<\/strong> Pr\u00e4zise Temperaturerfassung an der Stelle, an der sich die Fernbedienung befindet.<\/li>\n<li><strong>Auto-Restart-Funktion:<\/strong> Nach einem Stromausfall erfolgt ein Neustart mit der zuletzt eingestellten Funktion.<\/li>\n<li><strong>Shortcut-Funktion:<\/strong> zum automatischen Zur\u00fcckkehren zu den vorherigen Einstellungen.<\/li>\n<\/ul>\n<h3><span style=\"font-size: 14pt;\">FUNKTIONEN<\/span><\/h3>\n<ul>\n<li>K\u00e4lteleistung: 2,1 kW**<\/li>\n<li>Energieklasse A (im Bereich zwischen A+++ und D)<\/li>\n<li>Schallleistung: 62 dB(A)<\/li>\n<li>Nominaler Energieeffizienzindex: EER 2,6**<\/li>\n<li>K\u00e4ltemittelgas: R290<\/li>\n<li>Kein Tank: automatische Kondensatentsorgung<\/li>\n<li>4 abnehmbare elektrostatische Filter mit Anti-Staub-Funktion<\/li>\n<li>Multifunktionale Fernbedienung und LCD-Display<\/li>\n<li>Praktische Seitengriffe und R\u00e4der<\/li>\n<li>Fenster-Kit und flexibler Abluftschlauch im Lieferumfang enthalten<\/li>\n<\/ul>\n<p>&nbsp;<\/p>\n","protected":false},"excerpt":{"rendered":"<p>Dolceclima Compact 8 SW ist die ideale tragbare Klimaanlage f\u00fcr kleinere R\u00e4ume und vereint 8.000 BTU\/h* Leistung in einem ultraflachen<\/p>\n","protected":false},"featured_media":501565,"template":"","meta":{"_acf_changed":false,"inline_featured_image":false},"product_cat":[6703,25276],"product_tag":[11415],"acf":[],"yoast_head":"<!-- This site is optimized with the Yoast SEO Premium plugin v18.6 (Yoast SEO v19.13) - https:\/\/yoast.com\/wordpress\/plugins\/seo\/ -->\n<title>ILLY E.S.E. Kaffeepadmaschine Wei\u00df<\/title>\n<meta name=\"description\" content=\"Entdecken Sie ILLY E.S.E. Kaffeepadmaschine Wei\u00df bei ErresseShop. Qualit\u00e4t, Stil und Funktionalit\u00e4t \u2013 jetzt online bestellen!\" \/>\n<meta name=\"robots\" content=\"index, follow, max-snippet:-1, max-image-preview:large, max-video-preview:-1\" \/>\n<link rel=\"canonical\" href=\"https:\/\/www.erresse-shop.it\/de\/shop\/kleine-elektrogeraete\/ventilatoren\/olimpia-splendid-dolceclima-compact-8-sw-mobile-klimaanlage\/\" \/>\n<meta property=\"og:locale\" content=\"de_DE\" \/>\n<meta property=\"og:type\" content=\"article\" \/>\n<meta property=\"og:title\" content=\"OLIMPIA SPLENDID Dolceclima Compact 8 SW Mobile Klimaanlage\" \/>\n<meta property=\"og:description\" content=\"Entdecken Sie ILLY E.S.E. Kaffeepadmaschine Wei\u00df bei ErresseShop. Qualit\u00e4t, Stil und Funktionalit\u00e4t \u2013 jetzt online bestellen!\" \/>\n<meta property=\"og:url\" content=\"https:\/\/www.erresse-shop.it\/de\/shop\/kleine-elektrogeraete\/ventilatoren\/olimpia-splendid-dolceclima-compact-8-sw-mobile-klimaanlage\/\" \/>\n<meta property=\"og:site_name\" content=\"Erresse Shop\" \/>\n<meta property=\"article:modified_time\" content=\"2025-05-30T08:39:25+00:00\" \/>\n<meta property=\"og:image\" content=\"https:\/\/www.erresse-shop.it\/wp-content\/uploads\/2025\/05\/OLIMPIA-SPLENDID-Dolceclima-Compact-8-SW-Condizionatore-Portatile.jpg\" \/>\n\t<meta property=\"og:image:width\" content=\"1200\" \/>\n\t<meta property=\"og:image:height\" content=\"1200\" \/>\n\t<meta property=\"og:image:type\" content=\"image\/jpeg\" \/>\n<meta name=\"twitter:card\" content=\"summary_large_image\" \/>\n<script type=\"application\/ld+json\" class=\"yoast-schema-graph\">{\"@context\":\"https:\/\/schema.org\",\"@graph\":[{\"@type\":\"WebPage\",\"@id\":\"https:\/\/www.erresse-shop.it\/de\/shop\/kleine-elektrogeraete\/ventilatoren\/olimpia-splendid-dolceclima-compact-8-sw-mobile-klimaanlage\/\",\"url\":\"https:\/\/www.erresse-shop.it\/de\/shop\/kleine-elektrogeraete\/ventilatoren\/olimpia-splendid-dolceclima-compact-8-sw-mobile-klimaanlage\/\",\"name\":\"ILLY E.S.E. Kaffeepadmaschine Wei\u00df\",\"isPartOf\":{\"@id\":\"https:\/\/www.erresse-shop.it\/de\/#website\"},\"datePublished\":\"2025-05-30T08:09:56+00:00\",\"dateModified\":\"2025-05-30T08:39:25+00:00\",\"description\":\"Entdecken Sie ILLY E.S.E. Kaffeepadmaschine Wei\u00df bei ErresseShop. Qualit\u00e4t, Stil und Funktionalit\u00e4t \u2013 jetzt online bestellen!\",\"breadcrumb\":{\"@id\":\"https:\/\/www.erresse-shop.it\/de\/shop\/kleine-elektrogeraete\/ventilatoren\/olimpia-splendid-dolceclima-compact-8-sw-mobile-klimaanlage\/#breadcrumb\"},\"inLanguage\":\"de-DE\",\"potentialAction\":[{\"@type\":\"ReadAction\",\"target\":[\"https:\/\/www.erresse-shop.it\/de\/shop\/kleine-elektrogeraete\/ventilatoren\/olimpia-splendid-dolceclima-compact-8-sw-mobile-klimaanlage\/\"]}]},{\"@type\":\"BreadcrumbList\",\"@id\":\"https:\/\/www.erresse-shop.it\/de\/shop\/kleine-elektrogeraete\/ventilatoren\/olimpia-splendid-dolceclima-compact-8-sw-mobile-klimaanlage\/#breadcrumb\",\"itemListElement\":[{\"@type\":\"ListItem\",\"position\":1,\"name\":\"Home\",\"item\":\"https:\/\/www.erresse-shop.it\/de\/\"},{\"@type\":\"ListItem\",\"position\":2,\"name\":\"Shop\",\"item\":\"https:\/\/www.erresse-shop.it\/de\/shop\/\"},{\"@type\":\"ListItem\",\"position\":3,\"name\":\"OLIMPIA SPLENDID Dolceclima Compact 8 SW Mobile Klimaanlage\"}]},{\"@type\":\"WebSite\",\"@id\":\"https:\/\/www.erresse-shop.it\/de\/#website\",\"url\":\"https:\/\/www.erresse-shop.it\/de\/\",\"name\":\"Erresse Shop\",\"description\":\"Articoli di qualit\u00e0 per la casa\",\"potentialAction\":[{\"@type\":\"SearchAction\",\"target\":{\"@type\":\"EntryPoint\",\"urlTemplate\":\"https:\/\/www.erresse-shop.it\/de\/?s={search_term_string}\"},\"query-input\":\"required name=search_term_string\"}],\"inLanguage\":\"de-DE\"}]}<\/script>\n<!-- \/ Yoast SEO Premium plugin. -->","yoast_head_json":{"title":"ILLY E.S.E. Kaffeepadmaschine Wei\u00df","description":"Entdecken Sie ILLY E.S.E. Kaffeepadmaschine Wei\u00df bei ErresseShop. Qualit\u00e4t, Stil und Funktionalit\u00e4t \u2013 jetzt online bestellen!","robots":{"index":"index","follow":"follow","max-snippet":"max-snippet:-1","max-image-preview":"max-image-preview:large","max-video-preview":"max-video-preview:-1"},"canonical":"https:\/\/www.erresse-shop.it\/de\/shop\/kleine-elektrogeraete\/ventilatoren\/olimpia-splendid-dolceclima-compact-8-sw-mobile-klimaanlage\/","og_locale":"de_DE","og_type":"article","og_title":"OLIMPIA SPLENDID Dolceclima Compact 8 SW Mobile Klimaanlage","og_description":"Entdecken Sie ILLY E.S.E. Kaffeepadmaschine Wei\u00df bei ErresseShop. Qualit\u00e4t, Stil und Funktionalit\u00e4t \u2013 jetzt online bestellen!","og_url":"https:\/\/www.erresse-shop.it\/de\/shop\/kleine-elektrogeraete\/ventilatoren\/olimpia-splendid-dolceclima-compact-8-sw-mobile-klimaanlage\/","og_site_name":"Erresse Shop","article_modified_time":"2025-05-30T08:39:25+00:00","og_image":[{"width":1200,"height":1200,"url":"https:\/\/www.erresse-shop.it\/wp-content\/uploads\/2025\/05\/OLIMPIA-SPLENDID-Dolceclima-Compact-8-SW-Condizionatore-Portatile.jpg","type":"image\/jpeg"}],"twitter_card":"summary_large_image","schema":{"@context":"https:\/\/schema.org","@graph":[{"@type":"WebPage","@id":"https:\/\/www.erresse-shop.it\/de\/shop\/kleine-elektrogeraete\/ventilatoren\/olimpia-splendid-dolceclima-compact-8-sw-mobile-klimaanlage\/","url":"https:\/\/www.erresse-shop.it\/de\/shop\/kleine-elektrogeraete\/ventilatoren\/olimpia-splendid-dolceclima-compact-8-sw-mobile-klimaanlage\/","name":"ILLY E.S.E. Kaffeepadmaschine Wei\u00df","isPartOf":{"@id":"https:\/\/www.erresse-shop.it\/de\/#website"},"datePublished":"2025-05-30T08:09:56+00:00","dateModified":"2025-05-30T08:39:25+00:00","description":"Entdecken Sie ILLY E.S.E. Kaffeepadmaschine Wei\u00df bei ErresseShop. Qualit\u00e4t, Stil und Funktionalit\u00e4t \u2013 jetzt online bestellen!","breadcrumb":{"@id":"https:\/\/www.erresse-shop.it\/de\/shop\/kleine-elektrogeraete\/ventilatoren\/olimpia-splendid-dolceclima-compact-8-sw-mobile-klimaanlage\/#breadcrumb"},"inLanguage":"de-DE","potentialAction":[{"@type":"ReadAction","target":["https:\/\/www.erresse-shop.it\/de\/shop\/kleine-elektrogeraete\/ventilatoren\/olimpia-splendid-dolceclima-compact-8-sw-mobile-klimaanlage\/"]}]},{"@type":"BreadcrumbList","@id":"https:\/\/www.erresse-shop.it\/de\/shop\/kleine-elektrogeraete\/ventilatoren\/olimpia-splendid-dolceclima-compact-8-sw-mobile-klimaanlage\/#breadcrumb","itemListElement":[{"@type":"ListItem","position":1,"name":"Home","item":"https:\/\/www.erresse-shop.it\/de\/"},{"@type":"ListItem","position":2,"name":"Shop","item":"https:\/\/www.erresse-shop.it\/de\/shop\/"},{"@type":"ListItem","position":3,"name":"OLIMPIA SPLENDID Dolceclima Compact 8 SW Mobile Klimaanlage"}]},{"@type":"WebSite","@id":"https:\/\/www.erresse-shop.it\/de\/#website","url":"https:\/\/www.erresse-shop.it\/de\/","name":"Erresse Shop","description":"Articoli di qualit\u00e0 per la casa","potentialAction":[{"@type":"SearchAction","target":{"@type":"EntryPoint","urlTemplate":"https:\/\/www.erresse-shop.it\/de\/?s={search_term_string}"},"query-input":"required name=search_term_string"}],"inLanguage":"de-DE"}]}},"df_price":309,"df_sale_price":309,"df_regular_price":309,"df_image_link":"https:\/\/www.erresse-shop.it\/wp-content\/uploads\/2025\/05\/OLIMPIA-SPLENDID-Dolceclima-Compact-8-SW-Condizionatore-Portatile-300x300.jpg","_links":{"self":[{"href":"https:\/\/www.erresse-shop.it\/de\/wp-json\/wp\/v2\/product\/501552"}],"collection":[{"href":"https:\/\/www.erresse-shop.it\/de\/wp-json\/wp\/v2\/product"}],"about":[{"href":"https:\/\/www.erresse-shop.it\/de\/wp-json\/wp\/v2\/types\/product"}],"wp:featuredmedia":[{"embeddable":true,"href":"https:\/\/www.erresse-shop.it\/de\/wp-json\/wp\/v2\/media\/501565"}],"wp:attachment":[{"href":"https:\/\/www.erresse-shop.it\/de\/wp-json\/wp\/v2\/media?parent=501552"}],"wp:term":[{"taxonomy":"product_cat","embeddable":true,"href":"https:\/\/www.erresse-shop.it\/de\/wp-json\/wp\/v2\/product_cat?post=501552"},{"taxonomy":"product_tag","embeddable":true,"href":"https:\/\/www.erresse-shop.it\/de\/wp-json\/wp\/v2\/product_tag?post=501552"}],"curies":[{"name":"wp","href":"https:\/\/api.w.org\/{rel}","templated":true}]}}