{"id":501404,"date":"2025-05-30T06:31:11","date_gmt":"2025-05-30T06:31:13","guid":{"rendered":"https:\/\/www.erresse-shop.it\/?post_type=product&#038;p=501404"},"modified":"2025-05-30T07:05:47","modified_gmt":"2025-05-30T07:05:47","slug":"borbone-didiesse-baby-frog-pad-kaffeemaschine-weiss","status":"publish","type":"product","link":"https:\/\/www.erresse-shop.it\/de\/shop\/kleine-elektrogeraete\/kaffeemaschinen-espresso\/pads-und-kapseln\/borbone-didiesse-baby-frog-pad-kaffeemaschine-weiss\/","title":{"rendered":"BORBONE Didiesse Baby Frog Pad-Kaffeemaschine Wei\u00df"},"content":{"rendered":"<p><strong>Klein in der Form, klein im Verbrauch, f\u00fcr alle, die den Geschmack eines gro\u00dfartigen Espressos wollen.<\/strong><\/p>\n<p>Baby Frog ist die kleinste und kompakteste Version der historischen Frog Didiesse. Es ist die perfekte Wahl f\u00fcr alle, die Design mit \u201eRetro\u201c-Charme lieben, aber Platz optimieren und Abfall reduzieren m\u00f6chten.<\/p>\n<p>Tats\u00e4chlich ist der neue Baby Frog wirklich <strong>umweltfreundlich<\/strong>, da er einen <strong>niedrigen Energieverbrauch<\/strong> hat und Ihnen erm\u00f6glicht, einen hervorragenden Kaffee zu genie\u00dfen und dabei die Umwelt voll und ganz zu respektieren.<\/p>\n<p>Sein Kapselsystem ist das nachhaltigste, dank der biologischen Abbaubarkeit des Papierfilters, der den Kaffee umh\u00fcllt und gleichzeitig sein unverwechselbares Aroma bewahrt.<\/p>\n<p><strong>Funktionen:<\/strong><br \/>\nGarantie: 2 Jahre<br \/>\n&#8211; Zwei H\u00f6hen f\u00fcr den Getr\u00e4nkehalter<br \/>\n&#8211; Automatischer Standby bei Nichtgebrauch<\/p>\n<p><strong>Noch kleiner, noch umweltfreundlicher.<\/strong><\/p>\n<p>Viele Farben, die zu Ihrem Zuhause oder B\u00fcro passen, kompakte Formen und reduzierter Verbrauch: Der neue <strong>Baby Frog<\/strong> ist kompakt, <strong>verbraucht nur minimal, wurde aber geschaffen, um Ihnen das Maximum zu bieten.<\/strong><\/p>\n<ul>\n<li><strong>ESE-Pad-System<\/strong>\u00a0(Easy Serving Espresso)<\/li>\n<li><strong>\u00d6ko-nachhaltig<\/strong>: Pod-System = Nachhaltigkeit dank Pods mit biologisch abbaubarem Papierfilter<\/li>\n<li><strong>Reduzierter Verbrauch und Standby<\/strong>: Baby Frog verbraucht nur 450 W; die integrierte Standby-Funktion begrenzt Abfall und unn\u00f6tigen Verbrauch.<\/li>\n<li><strong>Abnehmbarer Padhalter<\/strong>: f\u00fcr noch einfachere Reinigung<\/li>\n<li><strong>Patentierter Diffusor<\/strong>: f\u00fcr einen hei\u00dfen und cremigen Espresso ab der ersten Ausgabe<\/li>\n<li><strong>Tank-\/Flaschenhalter<\/strong>: Der 1,5-l-Tank kann auch als 0,5-l-Flaschenhalter verwendet werden, um maximale Hygiene und Funktionalit\u00e4t zu gew\u00e4hrleisten.<\/li>\n<li><strong>Einfache und intuitive Steuerung:<\/strong>\u00a0f\u00fcr alle, die schnell und einfach einen hervorragenden Kaffee genie\u00dfen m\u00f6chten<\/li>\n<li><strong>In vielen leuchtenden Farben erh\u00e4ltlich<\/strong><\/li>\n<\/ul>\n<p><strong>Garantie: 2 Jahre<\/strong><\/p>\n<p><strong>Hinweis: F\u00fcllen Sie ausschlie\u00dflich nat\u00fcrliches, trinkbares und stilles Wasser in das Tankfach.<\/strong><\/p>\n<p><strong>Technische Daten:<\/strong><\/p>\n<ul>\n<li><strong>Leistung:<\/strong> 450 W<\/li>\n<li><strong>Pumpendruck:<\/strong> 15 bar<\/li>\n<li><strong>Stromversorgung:<\/strong> 220 V<\/li>\n<li><strong>Gewicht:<\/strong> 2,9 kg<\/li>\n<li><strong>Ma\u00dfe:<\/strong> H 29,5 cm, B 17,1 cm, T 28,4 cm<\/li>\n<li><strong>Automatische Abschaltung:<\/strong> Nein<\/li>\n<li><strong>Entladen der Kapsel:<\/strong> Manuell<\/li>\n<li><strong>Pods:<\/strong> 44 mm<\/li>\n<li><strong>Tankinhalt:<\/strong> 1,5 l \/ 0,5 l<\/li>\n<\/ul>\n<p>&nbsp;<\/p>\n","protected":false},"excerpt":{"rendered":"<p>Klein in der Form, klein im Verbrauch, f\u00fcr alle, die den Geschmack eines gro\u00dfartigen Espressos wollen. Baby Frog ist die<\/p>\n","protected":false},"featured_media":501483,"template":"","meta":{"_acf_changed":false,"inline_featured_image":false},"product_cat":[6733,6703,25381],"product_tag":[23564,23233,11869,23587,11619],"acf":[],"yoast_head":"<!-- This site is optimized with the Yoast SEO Premium plugin v18.6 (Yoast SEO v19.13) - https:\/\/yoast.com\/wordpress\/plugins\/seo\/ -->\n<title>ILLY E.S.E. Kaffeepadmaschine Wei\u00df<\/title>\n<meta name=\"description\" content=\"Entdecken Sie ILLY E.S.E. Kaffeepadmaschine Wei\u00df bei ErresseShop. Qualit\u00e4t, Stil und Funktionalit\u00e4t \u2013 jetzt online bestellen!\" \/>\n<meta name=\"robots\" content=\"index, follow, max-snippet:-1, max-image-preview:large, max-video-preview:-1\" \/>\n<link rel=\"canonical\" href=\"https:\/\/www.erresse-shop.it\/de\/shop\/kleine-elektrogeraete\/kaffeemaschinen-espresso\/pads-und-kapseln\/borbone-didiesse-baby-frog-pad-kaffeemaschine-weiss\/\" \/>\n<meta property=\"og:locale\" content=\"de_DE\" \/>\n<meta property=\"og:type\" content=\"article\" \/>\n<meta property=\"og:title\" content=\"BORBONE Didiesse Baby Frog Pad-Kaffeemaschine Wei\u00df\" \/>\n<meta property=\"og:description\" content=\"Entdecken Sie ILLY E.S.E. Kaffeepadmaschine Wei\u00df bei ErresseShop. Qualit\u00e4t, Stil und Funktionalit\u00e4t \u2013 jetzt online bestellen!\" \/>\n<meta property=\"og:url\" content=\"https:\/\/www.erresse-shop.it\/de\/shop\/kleine-elektrogeraete\/kaffeemaschinen-espresso\/pads-und-kapseln\/borbone-didiesse-baby-frog-pad-kaffeemaschine-weiss\/\" \/>\n<meta property=\"og:site_name\" content=\"Erresse Shop\" \/>\n<meta property=\"article:modified_time\" content=\"2025-05-30T07:05:47+00:00\" \/>\n<meta property=\"og:image\" content=\"https:\/\/www.erresse-shop.it\/wp-content\/uploads\/2025\/05\/BORBONE-Didiesse-Baby-Frog-Macchina-da-Caffe-a-Cialde-Bianco.jpg\" \/>\n\t<meta property=\"og:image:width\" content=\"1200\" \/>\n\t<meta property=\"og:image:height\" content=\"1200\" \/>\n\t<meta property=\"og:image:type\" content=\"image\/jpeg\" \/>\n<meta name=\"twitter:card\" content=\"summary_large_image\" \/>\n<script type=\"application\/ld+json\" class=\"yoast-schema-graph\">{\"@context\":\"https:\/\/schema.org\",\"@graph\":[{\"@type\":\"WebPage\",\"@id\":\"https:\/\/www.erresse-shop.it\/de\/shop\/kleine-elektrogeraete\/kaffeemaschinen-espresso\/pads-und-kapseln\/borbone-didiesse-baby-frog-pad-kaffeemaschine-weiss\/\",\"url\":\"https:\/\/www.erresse-shop.it\/de\/shop\/kleine-elektrogeraete\/kaffeemaschinen-espresso\/pads-und-kapseln\/borbone-didiesse-baby-frog-pad-kaffeemaschine-weiss\/\",\"name\":\"ILLY E.S.E. Kaffeepadmaschine Wei\u00df\",\"isPartOf\":{\"@id\":\"https:\/\/www.erresse-shop.it\/de\/#website\"},\"datePublished\":\"2025-05-30T06:31:13+00:00\",\"dateModified\":\"2025-05-30T07:05:47+00:00\",\"description\":\"Entdecken Sie ILLY E.S.E. Kaffeepadmaschine Wei\u00df bei ErresseShop. Qualit\u00e4t, Stil und Funktionalit\u00e4t \u2013 jetzt online bestellen!\",\"breadcrumb\":{\"@id\":\"https:\/\/www.erresse-shop.it\/de\/shop\/kleine-elektrogeraete\/kaffeemaschinen-espresso\/pads-und-kapseln\/borbone-didiesse-baby-frog-pad-kaffeemaschine-weiss\/#breadcrumb\"},\"inLanguage\":\"de-DE\",\"potentialAction\":[{\"@type\":\"ReadAction\",\"target\":[\"https:\/\/www.erresse-shop.it\/de\/shop\/kleine-elektrogeraete\/kaffeemaschinen-espresso\/pads-und-kapseln\/borbone-didiesse-baby-frog-pad-kaffeemaschine-weiss\/\"]}]},{\"@type\":\"BreadcrumbList\",\"@id\":\"https:\/\/www.erresse-shop.it\/de\/shop\/kleine-elektrogeraete\/kaffeemaschinen-espresso\/pads-und-kapseln\/borbone-didiesse-baby-frog-pad-kaffeemaschine-weiss\/#breadcrumb\",\"itemListElement\":[{\"@type\":\"ListItem\",\"position\":1,\"name\":\"Home\",\"item\":\"https:\/\/www.erresse-shop.it\/de\/\"},{\"@type\":\"ListItem\",\"position\":2,\"name\":\"Shop\",\"item\":\"https:\/\/www.erresse-shop.it\/de\/shop\/\"},{\"@type\":\"ListItem\",\"position\":3,\"name\":\"BORBONE Didiesse Baby Frog Pad-Kaffeemaschine Wei\u00df\"}]},{\"@type\":\"WebSite\",\"@id\":\"https:\/\/www.erresse-shop.it\/de\/#website\",\"url\":\"https:\/\/www.erresse-shop.it\/de\/\",\"name\":\"Erresse Shop\",\"description\":\"Articoli di qualit\u00e0 per la casa\",\"potentialAction\":[{\"@type\":\"SearchAction\",\"target\":{\"@type\":\"EntryPoint\",\"urlTemplate\":\"https:\/\/www.erresse-shop.it\/de\/?s={search_term_string}\"},\"query-input\":\"required name=search_term_string\"}],\"inLanguage\":\"de-DE\"}]}<\/script>\n<!-- \/ Yoast SEO Premium plugin. -->","yoast_head_json":{"title":"ILLY E.S.E. Kaffeepadmaschine Wei\u00df","description":"Entdecken Sie ILLY E.S.E. Kaffeepadmaschine Wei\u00df bei ErresseShop. Qualit\u00e4t, Stil und Funktionalit\u00e4t \u2013 jetzt online bestellen!","robots":{"index":"index","follow":"follow","max-snippet":"max-snippet:-1","max-image-preview":"max-image-preview:large","max-video-preview":"max-video-preview:-1"},"canonical":"https:\/\/www.erresse-shop.it\/de\/shop\/kleine-elektrogeraete\/kaffeemaschinen-espresso\/pads-und-kapseln\/borbone-didiesse-baby-frog-pad-kaffeemaschine-weiss\/","og_locale":"de_DE","og_type":"article","og_title":"BORBONE Didiesse Baby Frog Pad-Kaffeemaschine Wei\u00df","og_description":"Entdecken Sie ILLY E.S.E. Kaffeepadmaschine Wei\u00df bei ErresseShop. Qualit\u00e4t, Stil und Funktionalit\u00e4t \u2013 jetzt online bestellen!","og_url":"https:\/\/www.erresse-shop.it\/de\/shop\/kleine-elektrogeraete\/kaffeemaschinen-espresso\/pads-und-kapseln\/borbone-didiesse-baby-frog-pad-kaffeemaschine-weiss\/","og_site_name":"Erresse Shop","article_modified_time":"2025-05-30T07:05:47+00:00","og_image":[{"width":1200,"height":1200,"url":"https:\/\/www.erresse-shop.it\/wp-content\/uploads\/2025\/05\/BORBONE-Didiesse-Baby-Frog-Macchina-da-Caffe-a-Cialde-Bianco.jpg","type":"image\/jpeg"}],"twitter_card":"summary_large_image","schema":{"@context":"https:\/\/schema.org","@graph":[{"@type":"WebPage","@id":"https:\/\/www.erresse-shop.it\/de\/shop\/kleine-elektrogeraete\/kaffeemaschinen-espresso\/pads-und-kapseln\/borbone-didiesse-baby-frog-pad-kaffeemaschine-weiss\/","url":"https:\/\/www.erresse-shop.it\/de\/shop\/kleine-elektrogeraete\/kaffeemaschinen-espresso\/pads-und-kapseln\/borbone-didiesse-baby-frog-pad-kaffeemaschine-weiss\/","name":"ILLY E.S.E. Kaffeepadmaschine Wei\u00df","isPartOf":{"@id":"https:\/\/www.erresse-shop.it\/de\/#website"},"datePublished":"2025-05-30T06:31:13+00:00","dateModified":"2025-05-30T07:05:47+00:00","description":"Entdecken Sie ILLY E.S.E. Kaffeepadmaschine Wei\u00df bei ErresseShop. Qualit\u00e4t, Stil und Funktionalit\u00e4t \u2013 jetzt online bestellen!","breadcrumb":{"@id":"https:\/\/www.erresse-shop.it\/de\/shop\/kleine-elektrogeraete\/kaffeemaschinen-espresso\/pads-und-kapseln\/borbone-didiesse-baby-frog-pad-kaffeemaschine-weiss\/#breadcrumb"},"inLanguage":"de-DE","potentialAction":[{"@type":"ReadAction","target":["https:\/\/www.erresse-shop.it\/de\/shop\/kleine-elektrogeraete\/kaffeemaschinen-espresso\/pads-und-kapseln\/borbone-didiesse-baby-frog-pad-kaffeemaschine-weiss\/"]}]},{"@type":"BreadcrumbList","@id":"https:\/\/www.erresse-shop.it\/de\/shop\/kleine-elektrogeraete\/kaffeemaschinen-espresso\/pads-und-kapseln\/borbone-didiesse-baby-frog-pad-kaffeemaschine-weiss\/#breadcrumb","itemListElement":[{"@type":"ListItem","position":1,"name":"Home","item":"https:\/\/www.erresse-shop.it\/de\/"},{"@type":"ListItem","position":2,"name":"Shop","item":"https:\/\/www.erresse-shop.it\/de\/shop\/"},{"@type":"ListItem","position":3,"name":"BORBONE Didiesse Baby Frog Pad-Kaffeemaschine Wei\u00df"}]},{"@type":"WebSite","@id":"https:\/\/www.erresse-shop.it\/de\/#website","url":"https:\/\/www.erresse-shop.it\/de\/","name":"Erresse Shop","description":"Articoli di qualit\u00e0 per la casa","potentialAction":[{"@type":"SearchAction","target":{"@type":"EntryPoint","urlTemplate":"https:\/\/www.erresse-shop.it\/de\/?s={search_term_string}"},"query-input":"required name=search_term_string"}],"inLanguage":"de-DE"}]}},"df_price":127.95,"df_sale_price":127.95,"df_regular_price":129,"df_image_link":"https:\/\/www.erresse-shop.it\/wp-content\/uploads\/2025\/05\/BORBONE-Baby-Frog-Macchina-Caffe-Bianco-300x300.jpg","_links":{"self":[{"href":"https:\/\/www.erresse-shop.it\/de\/wp-json\/wp\/v2\/product\/501404"}],"collection":[{"href":"https:\/\/www.erresse-shop.it\/de\/wp-json\/wp\/v2\/product"}],"about":[{"href":"https:\/\/www.erresse-shop.it\/de\/wp-json\/wp\/v2\/types\/product"}],"wp:featuredmedia":[{"embeddable":true,"href":"https:\/\/www.erresse-shop.it\/de\/wp-json\/wp\/v2\/media\/501483"}],"wp:attachment":[{"href":"https:\/\/www.erresse-shop.it\/de\/wp-json\/wp\/v2\/media?parent=501404"}],"wp:term":[{"taxonomy":"product_cat","embeddable":true,"href":"https:\/\/www.erresse-shop.it\/de\/wp-json\/wp\/v2\/product_cat?post=501404"},{"taxonomy":"product_tag","embeddable":true,"href":"https:\/\/www.erresse-shop.it\/de\/wp-json\/wp\/v2\/product_tag?post=501404"}],"curies":[{"name":"wp","href":"https:\/\/api.w.org\/{rel}","templated":true}]}}