{"id":501390,"date":"2025-05-30T06:02:27","date_gmt":"2025-05-30T06:02:29","guid":{"rendered":"https:\/\/www.erresse-shop.it\/?post_type=product&#038;p=501390"},"modified":"2025-05-30T06:14:05","modified_gmt":"2025-05-30T06:14:05","slug":"magimix-toaster-vision-poliertes-chrom","status":"publish","type":"product","link":"https:\/\/www.erresse-shop.it\/de\/shop\/kleine-elektrogeraete\/toaster\/magimix-toaster-vision-poliertes-chrom\/","title":{"rendered":"MAGIMIX Toaster Vision Poliertes Chrom"},"content":{"rendered":"<p><strong>MAGIMIX. ITALIENISCHE GARANTIE<\/strong><\/p>\n<p>In Frankreich, im Herzen Burgunds, einer f\u00fcr ihre Gastronomie ber\u00fchmten Region, erfand Magimix vor \u00fcber 40 Jahren die K\u00fcchenmaschine.<br \/>\nHeute sind Magimix-Ger\u00e4te die Haushaltsversion der Profi-Ger\u00e4te. Die gr\u00f6\u00dften Restaurants der Welt nutzen die Profi-Version unserer Produkte.<br \/>\nIm Magimix-Sortiment finden Sie die gesamte Palette an kleinen K\u00fcchenger\u00e4ten.<br \/>\nMagimix ist stets f\u00fchrend in Sachen Innovation in der K\u00fcche und freut sich, seine neueste Kollektion f\u00fcr das Vergn\u00fcgen am Kochen wie ein Spitzenkoch vorzustellen.<\/p>\n<p>Magimix gewinnt den Innovationspreis mit der Toaster-Vision: dem ersten Toaster mit Panoramasicht.<\/p>\n<h3><span style=\"font-size: 18pt;\">Funktionen<\/span><\/h3>\n<ul data-start=\"122\" data-end=\"876\">\n<li data-start=\"122\" data-end=\"187\">\n<p data-start=\"124\" data-end=\"187\"><strong data-start=\"124\" data-end=\"144\">Visuelle Kontrolle<\/strong>: Toasten genau nach Wunsch<\/p>\n<\/li>\n<li data-start=\"188\" data-end=\"235\">\n<p data-start=\"190\" data-end=\"235\"><strong data-start=\"190\" data-end=\"211\">Einfache Bedienung<\/strong>: 1 Taste = 1 Funktion<\/p>\n<\/li>\n<li data-start=\"236\" data-end=\"281\">\n<p data-start=\"238\" data-end=\"281\"><strong data-start=\"238\" data-end=\"259\">Baguette-Funktion<\/strong>: Toastet nur eine Seite<\/p>\n<\/li>\n<li data-start=\"282\" data-end=\"334\">\n<p data-start=\"284\" data-end=\"334\"><strong data-start=\"284\" data-end=\"310\">Aufw\u00e4rmfunktion<\/strong>: Erw\u00e4rmt, ohne auszutrocknen<\/p>\n<\/li>\n<li data-start=\"335\" data-end=\"402\">\n<p data-start=\"337\" data-end=\"402\"><strong data-start=\"337\" data-end=\"364\">Auftaufunktion<\/strong>: Taut gefrorenes Brot auf und toastet es<\/p>\n<\/li>\n<li data-start=\"403\" data-end=\"445\">\n<p data-start=\"405\" data-end=\"445\"><strong data-start=\"405\" data-end=\"419\">Thermostat<\/strong>: 8 Br\u00e4unungsstufen<\/p>\n<\/li>\n<li data-start=\"446\" data-end=\"504\">\n<p data-start=\"448\" data-end=\"504\"><strong data-start=\"448\" data-end=\"471\">Infrarot-Quarz<\/strong>: Hohe R\u00f6stleistung<\/p>\n<\/li>\n<li data-start=\"505\" data-end=\"558\">\n<p data-start=\"507\" data-end=\"558\"><strong data-start=\"507\" data-end=\"536\">Doppelwandige T\u00fcr<\/strong>: W\u00e4rmeisolierung<\/p>\n<\/li>\n<li data-start=\"559\" data-end=\"625\">\n<p data-start=\"561\" data-end=\"625\"><strong data-start=\"561\" data-end=\"592\">Extra gro\u00dfe Schlitze (38 mm)<\/strong>: Geeignet f\u00fcr alle Brotsorten<\/p>\n<\/li>\n<li data-start=\"626\" data-end=\"679\">\n<p data-start=\"628\" data-end=\"679\"><strong data-start=\"628\" data-end=\"651\">Extra hoher Hub<\/strong>: Praktisch f\u00fcr kleine Scheiben<\/p>\n<\/li>\n<li data-start=\"680\" data-end=\"729\">\n<p data-start=\"682\" data-end=\"729\"><strong data-start=\"682\" data-end=\"707\">Automatische Zentrierung<\/strong>: Gleichm\u00e4\u00dfiges Toasten<\/p>\n<\/li>\n<li data-start=\"730\" data-end=\"768\">\n<p data-start=\"732\" data-end=\"768\"><strong data-start=\"732\" data-end=\"766\">Automatische Brotaufstriche Auswurf<\/strong><\/p>\n<\/li>\n<li data-start=\"769\" data-end=\"820\">\n<p data-start=\"771\" data-end=\"820\"><strong data-start=\"771\" data-end=\"801\">Kr\u00fcmelschublade<\/strong>: gro\u00dfes Fassungsverm\u00f6gen<\/p>\n<\/li>\n<li data-start=\"821\" data-end=\"876\">\n<p data-start=\"823\" data-end=\"876\"><strong data-start=\"823\" data-end=\"841\">Einfache Reinigung<\/strong>: sicheres \u00d6ffnen der T\u00fcr<\/p>\n<\/li>\n<\/ul>\n<h3 data-start=\"878\" data-end=\"905\"><strong data-start=\"882\" data-end=\"905\">Technische Daten<\/strong><\/h3>\n<ul data-start=\"907\" data-end=\"1116\">\n<li data-start=\"907\" data-end=\"930\">\n<p data-start=\"909\" data-end=\"930\"><strong data-start=\"909\" data-end=\"920\">Leistung<\/strong>: 1450 W<\/p>\n<\/li>\n<li data-start=\"931\" data-end=\"981\">\n<p data-start=\"933\" data-end=\"981\"><strong data-start=\"933\" data-end=\"946\">Materialien<\/strong>: Glas, Edelstahl und Aluminium<\/p>\n<\/li>\n<li data-start=\"982\" data-end=\"1006\">\n<p data-start=\"984\" data-end=\"1006\"><strong data-start=\"984\" data-end=\"996\">Garantie<\/strong>: 3 Jahre<\/p>\n<\/li>\n<li data-start=\"1007\" data-end=\"1051\">\n<p data-start=\"1009\" data-end=\"1051\"><strong data-start=\"1009\" data-end=\"1023\">Abmessungen<\/strong>: H 225 \u00d7 B 395 \u00d7 T 180 mm<\/p>\n<\/li>\n<li data-start=\"1052\" data-end=\"1116\">\n<p data-start=\"1054\" data-end=\"1065\"><strong data-start=\"1054\" data-end=\"1062\">Gewicht<\/strong>:<\/p>\n<ul data-start=\"1068\" data-end=\"1116\">\n<li data-start=\"1068\" data-end=\"1084\">\n<p data-start=\"1070\" data-end=\"1084\">Edelstahl: 4,3 kg<\/p>\n<\/li>\n<li data-start=\"1087\" data-end=\"1116\">\n<p data-start=\"1089\" data-end=\"1116\">Farbige Versionen: 3,9 kg<\/p>\n<\/li>\n<\/ul>\n<\/li>\n<\/ul>\n<p><span style=\"text-decoration: underline;\"><strong>Nicht f\u00fcr den Verkauf au\u00dferhalb Europas<\/strong><\/span><\/p>\n","protected":false},"excerpt":{"rendered":"<p>MAGIMIX. ITALIENISCHE GARANTIE In Frankreich, im Herzen Burgunds, einer f\u00fcr ihre Gastronomie ber\u00fchmten Region, erfand Magimix vor \u00fcber 40 Jahren<\/p>\n","protected":false},"featured_media":501399,"template":"","meta":{"_acf_changed":false,"inline_featured_image":false},"product_cat":[6703,6865],"product_tag":[11415,12315,13008,11417],"acf":[],"yoast_head":"<!-- This site is optimized with the Yoast SEO Premium plugin v18.6 (Yoast SEO v19.13) - https:\/\/yoast.com\/wordpress\/plugins\/seo\/ -->\n<title>MAGIMIX Power Blender Chrom mit Mini Bol<\/title>\n<meta name=\"description\" content=\"Entdecken Sie MAGIMIX Power Blender Chrom mit Mini Bol bei ErresseShop. Qualit\u00e4t, Stil und Funktionalit\u00e4t \u2013 jetzt online bestellen!\" \/>\n<meta name=\"robots\" content=\"index, follow, max-snippet:-1, max-image-preview:large, max-video-preview:-1\" \/>\n<link rel=\"canonical\" href=\"https:\/\/www.erresse-shop.it\/de\/shop\/kleine-elektrogeraete\/toaster\/magimix-toaster-vision-poliertes-chrom\/\" \/>\n<meta property=\"og:locale\" content=\"de_DE\" \/>\n<meta property=\"og:type\" content=\"article\" \/>\n<meta property=\"og:title\" content=\"MAGIMIX Toaster Vision Poliertes Chrom\" \/>\n<meta property=\"og:description\" content=\"Entdecken Sie MAGIMIX Power Blender Chrom mit Mini Bol bei ErresseShop. Qualit\u00e4t, Stil und Funktionalit\u00e4t \u2013 jetzt online bestellen!\" \/>\n<meta property=\"og:url\" content=\"https:\/\/www.erresse-shop.it\/de\/shop\/kleine-elektrogeraete\/toaster\/magimix-toaster-vision-poliertes-chrom\/\" \/>\n<meta property=\"og:site_name\" content=\"Erresse Shop\" \/>\n<meta property=\"article:modified_time\" content=\"2025-05-30T06:14:05+00:00\" \/>\n<meta property=\"og:image\" content=\"https:\/\/www.erresse-shop.it\/wp-content\/uploads\/2025\/05\/MAGIMIX-Tostapane-Vision-Cromo-Lucido.jpg\" \/>\n\t<meta property=\"og:image:width\" content=\"1200\" \/>\n\t<meta property=\"og:image:height\" content=\"1200\" \/>\n\t<meta property=\"og:image:type\" content=\"image\/jpeg\" \/>\n<meta name=\"twitter:card\" content=\"summary_large_image\" \/>\n<script type=\"application\/ld+json\" class=\"yoast-schema-graph\">{\"@context\":\"https:\/\/schema.org\",\"@graph\":[{\"@type\":\"WebPage\",\"@id\":\"https:\/\/www.erresse-shop.it\/de\/shop\/kleine-elektrogeraete\/toaster\/magimix-toaster-vision-poliertes-chrom\/\",\"url\":\"https:\/\/www.erresse-shop.it\/de\/shop\/kleine-elektrogeraete\/toaster\/magimix-toaster-vision-poliertes-chrom\/\",\"name\":\"MAGIMIX Power Blender Chrom mit Mini Bol\",\"isPartOf\":{\"@id\":\"https:\/\/www.erresse-shop.it\/de\/#website\"},\"datePublished\":\"2025-05-30T06:02:29+00:00\",\"dateModified\":\"2025-05-30T06:14:05+00:00\",\"description\":\"Entdecken Sie MAGIMIX Power Blender Chrom mit Mini Bol bei ErresseShop. Qualit\u00e4t, Stil und Funktionalit\u00e4t \u2013 jetzt online bestellen!\",\"breadcrumb\":{\"@id\":\"https:\/\/www.erresse-shop.it\/de\/shop\/kleine-elektrogeraete\/toaster\/magimix-toaster-vision-poliertes-chrom\/#breadcrumb\"},\"inLanguage\":\"de-DE\",\"potentialAction\":[{\"@type\":\"ReadAction\",\"target\":[\"https:\/\/www.erresse-shop.it\/de\/shop\/kleine-elektrogeraete\/toaster\/magimix-toaster-vision-poliertes-chrom\/\"]}]},{\"@type\":\"BreadcrumbList\",\"@id\":\"https:\/\/www.erresse-shop.it\/de\/shop\/kleine-elektrogeraete\/toaster\/magimix-toaster-vision-poliertes-chrom\/#breadcrumb\",\"itemListElement\":[{\"@type\":\"ListItem\",\"position\":1,\"name\":\"Home\",\"item\":\"https:\/\/www.erresse-shop.it\/de\/\"},{\"@type\":\"ListItem\",\"position\":2,\"name\":\"Shop\",\"item\":\"https:\/\/www.erresse-shop.it\/de\/shop\/\"},{\"@type\":\"ListItem\",\"position\":3,\"name\":\"MAGIMIX Toaster Vision Poliertes Chrom\"}]},{\"@type\":\"WebSite\",\"@id\":\"https:\/\/www.erresse-shop.it\/de\/#website\",\"url\":\"https:\/\/www.erresse-shop.it\/de\/\",\"name\":\"Erresse Shop\",\"description\":\"Articoli di qualit\u00e0 per la casa\",\"potentialAction\":[{\"@type\":\"SearchAction\",\"target\":{\"@type\":\"EntryPoint\",\"urlTemplate\":\"https:\/\/www.erresse-shop.it\/de\/?s={search_term_string}\"},\"query-input\":\"required name=search_term_string\"}],\"inLanguage\":\"de-DE\"}]}<\/script>\n<!-- \/ Yoast SEO Premium plugin. -->","yoast_head_json":{"title":"MAGIMIX Power Blender Chrom mit Mini Bol","description":"Entdecken Sie MAGIMIX Power Blender Chrom mit Mini Bol bei ErresseShop. Qualit\u00e4t, Stil und Funktionalit\u00e4t \u2013 jetzt online bestellen!","robots":{"index":"index","follow":"follow","max-snippet":"max-snippet:-1","max-image-preview":"max-image-preview:large","max-video-preview":"max-video-preview:-1"},"canonical":"https:\/\/www.erresse-shop.it\/de\/shop\/kleine-elektrogeraete\/toaster\/magimix-toaster-vision-poliertes-chrom\/","og_locale":"de_DE","og_type":"article","og_title":"MAGIMIX Toaster Vision Poliertes Chrom","og_description":"Entdecken Sie MAGIMIX Power Blender Chrom mit Mini Bol bei ErresseShop. Qualit\u00e4t, Stil und Funktionalit\u00e4t \u2013 jetzt online bestellen!","og_url":"https:\/\/www.erresse-shop.it\/de\/shop\/kleine-elektrogeraete\/toaster\/magimix-toaster-vision-poliertes-chrom\/","og_site_name":"Erresse Shop","article_modified_time":"2025-05-30T06:14:05+00:00","og_image":[{"width":1200,"height":1200,"url":"https:\/\/www.erresse-shop.it\/wp-content\/uploads\/2025\/05\/MAGIMIX-Tostapane-Vision-Cromo-Lucido.jpg","type":"image\/jpeg"}],"twitter_card":"summary_large_image","schema":{"@context":"https:\/\/schema.org","@graph":[{"@type":"WebPage","@id":"https:\/\/www.erresse-shop.it\/de\/shop\/kleine-elektrogeraete\/toaster\/magimix-toaster-vision-poliertes-chrom\/","url":"https:\/\/www.erresse-shop.it\/de\/shop\/kleine-elektrogeraete\/toaster\/magimix-toaster-vision-poliertes-chrom\/","name":"MAGIMIX Power Blender Chrom mit Mini Bol","isPartOf":{"@id":"https:\/\/www.erresse-shop.it\/de\/#website"},"datePublished":"2025-05-30T06:02:29+00:00","dateModified":"2025-05-30T06:14:05+00:00","description":"Entdecken Sie MAGIMIX Power Blender Chrom mit Mini Bol bei ErresseShop. Qualit\u00e4t, Stil und Funktionalit\u00e4t \u2013 jetzt online bestellen!","breadcrumb":{"@id":"https:\/\/www.erresse-shop.it\/de\/shop\/kleine-elektrogeraete\/toaster\/magimix-toaster-vision-poliertes-chrom\/#breadcrumb"},"inLanguage":"de-DE","potentialAction":[{"@type":"ReadAction","target":["https:\/\/www.erresse-shop.it\/de\/shop\/kleine-elektrogeraete\/toaster\/magimix-toaster-vision-poliertes-chrom\/"]}]},{"@type":"BreadcrumbList","@id":"https:\/\/www.erresse-shop.it\/de\/shop\/kleine-elektrogeraete\/toaster\/magimix-toaster-vision-poliertes-chrom\/#breadcrumb","itemListElement":[{"@type":"ListItem","position":1,"name":"Home","item":"https:\/\/www.erresse-shop.it\/de\/"},{"@type":"ListItem","position":2,"name":"Shop","item":"https:\/\/www.erresse-shop.it\/de\/shop\/"},{"@type":"ListItem","position":3,"name":"MAGIMIX Toaster Vision Poliertes Chrom"}]},{"@type":"WebSite","@id":"https:\/\/www.erresse-shop.it\/de\/#website","url":"https:\/\/www.erresse-shop.it\/de\/","name":"Erresse Shop","description":"Articoli di qualit\u00e0 per la casa","potentialAction":[{"@type":"SearchAction","target":{"@type":"EntryPoint","urlTemplate":"https:\/\/www.erresse-shop.it\/de\/?s={search_term_string}"},"query-input":"required name=search_term_string"}],"inLanguage":"de-DE"}]}},"df_price":214.5,"df_sale_price":214.5,"df_regular_price":330,"df_image_link":"https:\/\/www.erresse-shop.it\/wp-content\/uploads\/2025\/05\/MAGIMIX-Tostapane-Vision-Cromo-Lucido-300x300.jpg","_links":{"self":[{"href":"https:\/\/www.erresse-shop.it\/de\/wp-json\/wp\/v2\/product\/501390"}],"collection":[{"href":"https:\/\/www.erresse-shop.it\/de\/wp-json\/wp\/v2\/product"}],"about":[{"href":"https:\/\/www.erresse-shop.it\/de\/wp-json\/wp\/v2\/types\/product"}],"wp:featuredmedia":[{"embeddable":true,"href":"https:\/\/www.erresse-shop.it\/de\/wp-json\/wp\/v2\/media\/501399"}],"wp:attachment":[{"href":"https:\/\/www.erresse-shop.it\/de\/wp-json\/wp\/v2\/media?parent=501390"}],"wp:term":[{"taxonomy":"product_cat","embeddable":true,"href":"https:\/\/www.erresse-shop.it\/de\/wp-json\/wp\/v2\/product_cat?post=501390"},{"taxonomy":"product_tag","embeddable":true,"href":"https:\/\/www.erresse-shop.it\/de\/wp-json\/wp\/v2\/product_tag?post=501390"}],"curies":[{"name":"wp","href":"https:\/\/api.w.org\/{rel}","templated":true}]}}