{"id":501329,"date":"2025-05-29T13:20:32","date_gmt":"2025-05-29T13:20:34","guid":{"rendered":"https:\/\/www.erresse-shop.it\/?post_type=product&#038;p=501329"},"modified":"2025-05-29T13:38:01","modified_gmt":"2025-05-29T13:38:01","slug":"magimix-power-blender-3-chrom","status":"publish","type":"product","link":"https:\/\/www.erresse-shop.it\/de\/shop\/kleine-elektrogeraete\/mixer\/magimix-power-blender-3-chrom\/","title":{"rendered":"MAGIMIX Power Blender 3 Chrom"},"content":{"rendered":"<p><strong>MAGIMIX. ITALIENISCHE GARANTIE<\/strong><\/p>\n<p>In Frankreich, im Herzen von Burgund, einer f\u00fcr ihre Gastronomie ber\u00fchmten Region, hat Magimix vor \u00fcber vierzig Jahren die K\u00fcchenmaschine erfunden.<br \/>\nHeute sind Magimix-Ger\u00e4te die Haushaltsversion der f\u00fcr Profis gedachten Ger\u00e4te. Die gr\u00f6\u00dften Restaurants der Welt verwenden die professionelle Version unserer Produkte.<br \/>\nIm Magimix-Sortiment finden Sie die gesamte Palette an kleinen K\u00fcchenger\u00e4ten.<br \/>\nMagimix ist immer an der Spitze der Innovation in der K\u00fcche und freut sich, seine neueste Kollektion f\u00fcr das Vergn\u00fcgen des Kochens wie ein gro\u00dfer Koch pr\u00e4sentieren zu k\u00f6nnen.<\/p>\n<p><strong>POWER-MIXER<\/strong><br \/>\nMit dem Blendermix erzielen Sie eine wahrhaft samtige Textur f\u00fcr Smoothies, Suppen und Cr\u00eape-Teige.<br \/>\nAuch Crushed Ice und Parfaits lassen sich im Handumdrehen zubereiten!<br \/>\nExklusives BlenderMix-System: optimierte Turbulenz f\u00fcr eine perfekte Emulsion.<br \/>\n600 bis 22.000 U\/min: gro\u00dfer Drehzahlbereich, Sanftanlauf, Turbo-Pulsmodus f\u00fcr cremigere Suppen.<br \/>\nHitzebest\u00e4ndige Glassch\u00fcssel f\u00fcr hei\u00dfe und kalte Zubereitungen.<\/p>\n<p><strong>TECHNISCHE BESCHREIBUNG<\/strong><\/p>\n<ul data-start=\"95\" data-end=\"636\">\n<li data-start=\"95\" data-end=\"194\">\n<p data-start=\"97\" data-end=\"194\"><strong data-start=\"97\" data-end=\"123\">5 Automatikprogramme<\/strong>: Crushed Ice, Getr\u00e4nke, Suppen, gefrorene Desserts, Sp\u00fclen<\/p>\n<\/li>\n<li data-start=\"195\" data-end=\"266\">\n<p data-start=\"197\" data-end=\"266\"><strong data-start=\"197\" data-end=\"217\">Manueller Modus<\/strong>: einstellbare Geschwindigkeit, Sanftanlauf, Turbo<\/p>\n<\/li>\n<li data-start=\"267\" data-end=\"348\">\n<p data-start=\"269\" data-end=\"348\"><strong data-start=\"269\" data-end=\"281\">Fassungsverm\u00f6gen<\/strong>: 1,2 L \u2013 <strong data-start=\"291\" data-end=\"302\">Leistung<\/strong>: 1000 W \u2013 <strong data-start=\"313\" data-end=\"325\">Drehzahl<\/strong>: 600\u201322.000 U\/min<\/p>\n<\/li>\n<li data-start=\"349\" data-end=\"407\">\n<p data-start=\"351\" data-end=\"407\"><strong data-start=\"351\" data-end=\"374\">Hitzebest\u00e4ndiger Glasbeh\u00e4lter (hei\u00df\/kalt)<\/p>\n<\/li>\n<li data-start=\"408\" data-end=\"509\">\n<p data-start=\"410\" data-end=\"427\"><strong data-start=\"410\" data-end=\"424\">Technologien<\/strong>:<\/p>\n<ol data-start=\"430\" data-end=\"509\">\n<li data-start=\"430\" data-end=\"469\">\n<p data-start=\"432\" data-end=\"469\"><strong data-start=\"432\" data-end=\"447\">Blendermix\u00ae<\/strong>: perfekte Emulsionen<\/p>\n<\/li>\n<li data-start=\"472\" data-end=\"509\">\n<p data-start=\"474\" data-end=\"509\"><strong data-start=\"474\" data-end=\"487\">Cold Mix\u00ae<\/strong>: kalte Zutaten<\/p>\n<\/li>\n<\/ol>\n<\/li>\n<li data-start=\"510\" data-end=\"549\">\n<p data-start=\"512\" data-end=\"549\"><strong data-start=\"512\" data-end=\"525\">Zubeh\u00f6r<\/strong>: Anr\u00fchrspatel<\/p>\n<\/li>\n<li data-start=\"550\" data-end=\"591\">\n<p data-start=\"552\" data-end=\"591\"><strong data-start=\"552\" data-end=\"563\">Reinigung<\/strong>: vollst\u00e4ndig entfernbar<\/p>\n<\/li>\n<li data-start=\"592\" data-end=\"636\">\n<p data-start=\"594\" data-end=\"636\"><strong data-start=\"594\" data-end=\"607\">Material<\/strong>: 0 % BPA \u2013 <strong data-start=\"618\" data-end=\"630\">Standby<\/strong>: 0 W<\/p>\n<\/li>\n<\/ul>\n<h3 data-start=\"638\" data-end=\"651\"><strong data-start=\"642\" data-end=\"651\">Extras<\/strong><\/h3>\n<ul data-start=\"652\" data-end=\"810\">\n<li data-start=\"682\" data-end=\"719\">\n<p data-start=\"684\" data-end=\"719\"><strong>Garantie:<\/strong> 3 Jahre<\/p>\n<\/li>\n<li data-start=\"754\" data-end=\"810\">\n<p data-start=\"756\" data-end=\"810\"><strong data-start=\"756\" data-end=\"770\">Ma\u00dfe<\/strong>: 38,5 \u00d7 16,5 \u00d7 16,5 cm<\/p>\n<\/li>\n<li data-start=\"754\" data-end=\"810\">\n<p data-start=\"756\" data-end=\"810\"><strong data-start=\"792\" data-end=\"800\">Gewicht<\/strong>: 4,9 kg<\/p>\n<\/li>\n<\/ul>\n<p><span style=\"text-decoration: underline;\"><strong>Nicht zum Verkauf au\u00dferhalb Europas<\/strong><\/span><\/p>\n","protected":false},"excerpt":{"rendered":"<p>MAGIMIX. ITALIENISCHE GARANTIE In Frankreich, im Herzen von Burgund, einer f\u00fcr ihre Gastronomie ber\u00fchmten Region, hat Magimix vor \u00fcber vierzig<\/p>\n","protected":false},"featured_media":501349,"template":"","meta":{"_acf_changed":false,"inline_featured_image":false},"product_cat":[6703,6886],"product_tag":[11923,11415,11925,12315,16842,13008],"acf":[],"yoast_head":"<!-- This site is optimized with the Yoast SEO Premium plugin v18.6 (Yoast SEO v19.13) - https:\/\/yoast.com\/wordpress\/plugins\/seo\/ -->\n<title>MAGIMIX Power Blender Chrom mit Mini Bol<\/title>\n<meta name=\"description\" content=\"Entdecken Sie MAGIMIX Power Blender Chrom mit Mini Bol bei ErresseShop. Qualit\u00e4t, Stil und Funktionalit\u00e4t \u2013 jetzt online bestellen!\" \/>\n<meta name=\"robots\" content=\"index, follow, max-snippet:-1, max-image-preview:large, max-video-preview:-1\" \/>\n<link rel=\"canonical\" href=\"https:\/\/www.erresse-shop.it\/de\/shop\/kleine-elektrogeraete\/mixer\/magimix-power-blender-3-chrom\/\" \/>\n<meta property=\"og:locale\" content=\"de_DE\" \/>\n<meta property=\"og:type\" content=\"article\" \/>\n<meta property=\"og:title\" content=\"MAGIMIX Power Blender 3 Chrom\" \/>\n<meta property=\"og:description\" content=\"Entdecken Sie MAGIMIX Power Blender Chrom mit Mini Bol bei ErresseShop. Qualit\u00e4t, Stil und Funktionalit\u00e4t \u2013 jetzt online bestellen!\" \/>\n<meta property=\"og:url\" content=\"https:\/\/www.erresse-shop.it\/de\/shop\/kleine-elektrogeraete\/mixer\/magimix-power-blender-3-chrom\/\" \/>\n<meta property=\"og:site_name\" content=\"Erresse Shop\" \/>\n<meta property=\"article:modified_time\" content=\"2025-05-29T13:38:01+00:00\" \/>\n<meta property=\"og:image\" content=\"https:\/\/www.erresse-shop.it\/wp-content\/uploads\/2025\/05\/MAGIMIX-Frullatore-Power-Blender-3-Cromo.jpg\" \/>\n\t<meta property=\"og:image:width\" content=\"1200\" \/>\n\t<meta property=\"og:image:height\" content=\"1200\" \/>\n\t<meta property=\"og:image:type\" content=\"image\/jpeg\" \/>\n<meta name=\"twitter:card\" content=\"summary_large_image\" \/>\n<script type=\"application\/ld+json\" class=\"yoast-schema-graph\">{\"@context\":\"https:\/\/schema.org\",\"@graph\":[{\"@type\":\"WebPage\",\"@id\":\"https:\/\/www.erresse-shop.it\/de\/shop\/kleine-elektrogeraete\/mixer\/magimix-power-blender-3-chrom\/\",\"url\":\"https:\/\/www.erresse-shop.it\/de\/shop\/kleine-elektrogeraete\/mixer\/magimix-power-blender-3-chrom\/\",\"name\":\"MAGIMIX Power Blender Chrom mit Mini Bol\",\"isPartOf\":{\"@id\":\"https:\/\/www.erresse-shop.it\/de\/#website\"},\"datePublished\":\"2025-05-29T13:20:34+00:00\",\"dateModified\":\"2025-05-29T13:38:01+00:00\",\"description\":\"Entdecken Sie MAGIMIX Power Blender Chrom mit Mini Bol bei ErresseShop. Qualit\u00e4t, Stil und Funktionalit\u00e4t \u2013 jetzt online bestellen!\",\"breadcrumb\":{\"@id\":\"https:\/\/www.erresse-shop.it\/de\/shop\/kleine-elektrogeraete\/mixer\/magimix-power-blender-3-chrom\/#breadcrumb\"},\"inLanguage\":\"de-DE\",\"potentialAction\":[{\"@type\":\"ReadAction\",\"target\":[\"https:\/\/www.erresse-shop.it\/de\/shop\/kleine-elektrogeraete\/mixer\/magimix-power-blender-3-chrom\/\"]}]},{\"@type\":\"BreadcrumbList\",\"@id\":\"https:\/\/www.erresse-shop.it\/de\/shop\/kleine-elektrogeraete\/mixer\/magimix-power-blender-3-chrom\/#breadcrumb\",\"itemListElement\":[{\"@type\":\"ListItem\",\"position\":1,\"name\":\"Home\",\"item\":\"https:\/\/www.erresse-shop.it\/de\/\"},{\"@type\":\"ListItem\",\"position\":2,\"name\":\"Shop\",\"item\":\"https:\/\/www.erresse-shop.it\/de\/shop\/\"},{\"@type\":\"ListItem\",\"position\":3,\"name\":\"MAGIMIX Power Blender 3 Chrom\"}]},{\"@type\":\"WebSite\",\"@id\":\"https:\/\/www.erresse-shop.it\/de\/#website\",\"url\":\"https:\/\/www.erresse-shop.it\/de\/\",\"name\":\"Erresse Shop\",\"description\":\"Articoli di qualit\u00e0 per la casa\",\"potentialAction\":[{\"@type\":\"SearchAction\",\"target\":{\"@type\":\"EntryPoint\",\"urlTemplate\":\"https:\/\/www.erresse-shop.it\/de\/?s={search_term_string}\"},\"query-input\":\"required name=search_term_string\"}],\"inLanguage\":\"de-DE\"}]}<\/script>\n<!-- \/ Yoast SEO Premium plugin. -->","yoast_head_json":{"title":"MAGIMIX Power Blender Chrom mit Mini Bol","description":"Entdecken Sie MAGIMIX Power Blender Chrom mit Mini Bol bei ErresseShop. Qualit\u00e4t, Stil und Funktionalit\u00e4t \u2013 jetzt online bestellen!","robots":{"index":"index","follow":"follow","max-snippet":"max-snippet:-1","max-image-preview":"max-image-preview:large","max-video-preview":"max-video-preview:-1"},"canonical":"https:\/\/www.erresse-shop.it\/de\/shop\/kleine-elektrogeraete\/mixer\/magimix-power-blender-3-chrom\/","og_locale":"de_DE","og_type":"article","og_title":"MAGIMIX Power Blender 3 Chrom","og_description":"Entdecken Sie MAGIMIX Power Blender Chrom mit Mini Bol bei ErresseShop. Qualit\u00e4t, Stil und Funktionalit\u00e4t \u2013 jetzt online bestellen!","og_url":"https:\/\/www.erresse-shop.it\/de\/shop\/kleine-elektrogeraete\/mixer\/magimix-power-blender-3-chrom\/","og_site_name":"Erresse Shop","article_modified_time":"2025-05-29T13:38:01+00:00","og_image":[{"width":1200,"height":1200,"url":"https:\/\/www.erresse-shop.it\/wp-content\/uploads\/2025\/05\/MAGIMIX-Frullatore-Power-Blender-3-Cromo.jpg","type":"image\/jpeg"}],"twitter_card":"summary_large_image","schema":{"@context":"https:\/\/schema.org","@graph":[{"@type":"WebPage","@id":"https:\/\/www.erresse-shop.it\/de\/shop\/kleine-elektrogeraete\/mixer\/magimix-power-blender-3-chrom\/","url":"https:\/\/www.erresse-shop.it\/de\/shop\/kleine-elektrogeraete\/mixer\/magimix-power-blender-3-chrom\/","name":"MAGIMIX Power Blender Chrom mit Mini Bol","isPartOf":{"@id":"https:\/\/www.erresse-shop.it\/de\/#website"},"datePublished":"2025-05-29T13:20:34+00:00","dateModified":"2025-05-29T13:38:01+00:00","description":"Entdecken Sie MAGIMIX Power Blender Chrom mit Mini Bol bei ErresseShop. Qualit\u00e4t, Stil und Funktionalit\u00e4t \u2013 jetzt online bestellen!","breadcrumb":{"@id":"https:\/\/www.erresse-shop.it\/de\/shop\/kleine-elektrogeraete\/mixer\/magimix-power-blender-3-chrom\/#breadcrumb"},"inLanguage":"de-DE","potentialAction":[{"@type":"ReadAction","target":["https:\/\/www.erresse-shop.it\/de\/shop\/kleine-elektrogeraete\/mixer\/magimix-power-blender-3-chrom\/"]}]},{"@type":"BreadcrumbList","@id":"https:\/\/www.erresse-shop.it\/de\/shop\/kleine-elektrogeraete\/mixer\/magimix-power-blender-3-chrom\/#breadcrumb","itemListElement":[{"@type":"ListItem","position":1,"name":"Home","item":"https:\/\/www.erresse-shop.it\/de\/"},{"@type":"ListItem","position":2,"name":"Shop","item":"https:\/\/www.erresse-shop.it\/de\/shop\/"},{"@type":"ListItem","position":3,"name":"MAGIMIX Power Blender 3 Chrom"}]},{"@type":"WebSite","@id":"https:\/\/www.erresse-shop.it\/de\/#website","url":"https:\/\/www.erresse-shop.it\/de\/","name":"Erresse Shop","description":"Articoli di qualit\u00e0 per la casa","potentialAction":[{"@type":"SearchAction","target":{"@type":"EntryPoint","urlTemplate":"https:\/\/www.erresse-shop.it\/de\/?s={search_term_string}"},"query-input":"required name=search_term_string"}],"inLanguage":"de-DE"}]}},"df_price":162.5,"df_sale_price":162.5,"df_regular_price":250,"df_image_link":"https:\/\/www.erresse-shop.it\/wp-content\/uploads\/2025\/05\/MAGIMIX-Frullatore-Power-Blender-3-Cromo-300x300.jpg","_links":{"self":[{"href":"https:\/\/www.erresse-shop.it\/de\/wp-json\/wp\/v2\/product\/501329"}],"collection":[{"href":"https:\/\/www.erresse-shop.it\/de\/wp-json\/wp\/v2\/product"}],"about":[{"href":"https:\/\/www.erresse-shop.it\/de\/wp-json\/wp\/v2\/types\/product"}],"wp:featuredmedia":[{"embeddable":true,"href":"https:\/\/www.erresse-shop.it\/de\/wp-json\/wp\/v2\/media\/501349"}],"wp:attachment":[{"href":"https:\/\/www.erresse-shop.it\/de\/wp-json\/wp\/v2\/media?parent=501329"}],"wp:term":[{"taxonomy":"product_cat","embeddable":true,"href":"https:\/\/www.erresse-shop.it\/de\/wp-json\/wp\/v2\/product_cat?post=501329"},{"taxonomy":"product_tag","embeddable":true,"href":"https:\/\/www.erresse-shop.it\/de\/wp-json\/wp\/v2\/product_tag?post=501329"}],"curies":[{"name":"wp","href":"https:\/\/api.w.org\/{rel}","templated":true}]}}