{"id":501137,"date":"2025-05-28T10:50:59","date_gmt":"2025-05-28T10:51:01","guid":{"rendered":"https:\/\/www.erresse-shop.it\/?post_type=product&#038;p=501137"},"modified":"2025-05-28T12:24:04","modified_gmt":"2025-05-28T12:24:04","slug":"villeroy-boch-oscar-service-68-stueck","status":"publish","type":"product","link":"https:\/\/www.erresse-shop.it\/de\/shop\/tisch\/besteck\/villeroy-boch-oscar-service-68-stueck\/","title":{"rendered":"VILLEROY &#038; BOCH Oscar Service 68 St\u00fcck"},"content":{"rendered":"<p><strong>Perfektes Design f\u00fcr jeden Anlass<\/strong><br \/>\nDie Besteckkollektion Oscar passt mit ihren klaren Linien und ihrer raffinierten Eleganz perfekt zu vielen Einrichtungsstilen. Das Besteck ist aus sp\u00fclmaschinenfestem Edelstahl gefertigt und wird in einer eleganten Kartonbox mit Produktbild geliefert. Mit diesem kompletten Besteckset und Service f\u00fcr bis zu zw\u00f6lf Personen sind Sie sowohl f\u00fcr den Alltag als auch f\u00fcr besondere Anl\u00e4sse stets bestens ger\u00fcstet. Auch ein tolles Geschenk. Entdecken Sie Stil mit Oscar.<\/p>\n<p>Das 68-teilige Set besteht aus:<\/p>\n<ul>\n<li class=\"a-spacing-mini\"><span class=\"a-list-item\">12 L\u00f6ffeln<\/span><\/li>\n<li class=\"a-spacing-mini\"><span class=\"a-list-item\">12 Gabeln<\/span><\/li>\n<li class=\"a-spacing-mini\"><span class=\"a-list-item\">12 Messern<\/span><\/li>\n<li class=\"a-spacing-mini\"><span class=\"a-list-item\">12 Teel\u00f6ffeln<\/span><\/li>\n<li class=\"a-spacing-mini\"><span class=\"a-list-item\">12 Dessertgabeln<\/span><\/li>\n<li class=\"a-spacing-mini\"><span class=\"a-list-item\">1 Suppenl\u00f6ffel<\/span><\/li>\n<li class=\"a-spacing-mini\"><span class=\"a-list-item\"> 1 Gabel<\/span><\/li>\n<li class=\"a-spacing-mini\"><span class=\"a-list-item\"> 1 Gem\u00fcsel\u00f6ffel<\/span><\/li>\n<li class=\"a-spacing-mini\"><span class=\"a-list-item\"> 1 Salatl\u00f6ffel<\/span><\/li>\n<li class=\"a-spacing-mini\"><span class=\"a-list-item\"> 1 Salatgabel<\/span><\/li>\n<li class=\"a-spacing-mini\"><span class=\"a-list-item\"> 1 Saucenkelle<\/span><\/li>\n<li class=\"a-spacing-mini\"><span class=\"a-list-item\"> 1 Tortenheber<\/span><\/li>\n<li class=\"a-spacing-mini\"><span class=\"a-list-item\"> 1 Zuckerl\u00f6ffel<\/span><\/li>\n<\/ul>\n<p><strong>Material<\/strong>: Edelstahl Stahl<br \/>\n<strong>Farbe<\/strong>: Silber\/Platin<br \/>\n<strong>Sp\u00fclmaschinenfest<\/strong>: Ja<br \/>\n<strong>Mikrowellengeeignet<\/strong>: Nein<\/p>\n","protected":false},"excerpt":{"rendered":"<p>Perfektes Design f\u00fcr jeden Anlass Die Besteckkollektion Oscar passt mit ihren klaren Linien und ihrer raffinierten Eleganz perfekt zu vielen<\/p>\n","protected":false},"featured_media":501154,"template":"","meta":{"_acf_changed":false,"inline_featured_image":false},"product_cat":[6790,6787],"product_tag":[25027,11529,17210,24398,25022],"acf":[],"yoast_head":"<!-- This site is optimized with the Yoast SEO Premium plugin v18.6 (Yoast SEO v19.13) - https:\/\/yoast.com\/wordpress\/plugins\/seo\/ -->\n<title>VILLEROY &amp; BOCH Oscar Service 68 St\u00fcck - Erresse Shop<\/title>\n<meta name=\"description\" content=\"Perfektes Design f\u00fcr jeden Anlass Die Besteckkollektion Oscar passt mit ihren klaren Linien und ihrer raffinierten Eleganz perfekt zu vielen\" \/>\n<meta name=\"robots\" content=\"index, follow, max-snippet:-1, max-image-preview:large, max-video-preview:-1\" \/>\n<link rel=\"canonical\" href=\"https:\/\/www.erresse-shop.it\/de\/shop\/tisch\/besteck\/villeroy-boch-oscar-service-68-stueck\/\" \/>\n<meta property=\"og:locale\" content=\"de_DE\" \/>\n<meta property=\"og:type\" content=\"article\" \/>\n<meta property=\"og:title\" content=\"VILLEROY &amp; BOCH Oscar Service 68 St\u00fcck\" \/>\n<meta property=\"og:description\" content=\"Perfektes Design f\u00fcr jeden Anlass Die Besteckkollektion Oscar passt mit ihren klaren Linien und ihrer raffinierten Eleganz perfekt zu vielen\" \/>\n<meta property=\"og:url\" content=\"https:\/\/www.erresse-shop.it\/de\/shop\/tisch\/besteck\/villeroy-boch-oscar-service-68-stueck\/\" \/>\n<meta property=\"og:site_name\" content=\"Erresse Shop\" \/>\n<meta property=\"article:modified_time\" content=\"2025-05-28T12:24:04+00:00\" \/>\n<meta property=\"og:image\" content=\"https:\/\/www.erresse-shop.it\/wp-content\/uploads\/2025\/05\/VILLEROY-BOCH-Oscar-Servizio-68-Pezzi.jpg\" \/>\n\t<meta property=\"og:image:width\" content=\"1200\" \/>\n\t<meta property=\"og:image:height\" content=\"1200\" \/>\n\t<meta property=\"og:image:type\" content=\"image\/jpeg\" \/>\n<meta name=\"twitter:card\" content=\"summary_large_image\" \/>\n<script type=\"application\/ld+json\" class=\"yoast-schema-graph\">{\"@context\":\"https:\/\/schema.org\",\"@graph\":[{\"@type\":\"WebPage\",\"@id\":\"https:\/\/www.erresse-shop.it\/de\/shop\/tisch\/besteck\/villeroy-boch-oscar-service-68-stueck\/\",\"url\":\"https:\/\/www.erresse-shop.it\/de\/shop\/tisch\/besteck\/villeroy-boch-oscar-service-68-stueck\/\",\"name\":\"VILLEROY & BOCH Oscar Service 68 St\u00fcck - Erresse Shop\",\"isPartOf\":{\"@id\":\"https:\/\/www.erresse-shop.it\/de\/#website\"},\"datePublished\":\"2025-05-28T10:51:01+00:00\",\"dateModified\":\"2025-05-28T12:24:04+00:00\",\"description\":\"Perfektes Design f\u00fcr jeden Anlass Die Besteckkollektion Oscar passt mit ihren klaren Linien und ihrer raffinierten Eleganz perfekt zu vielen\",\"breadcrumb\":{\"@id\":\"https:\/\/www.erresse-shop.it\/de\/shop\/tisch\/besteck\/villeroy-boch-oscar-service-68-stueck\/#breadcrumb\"},\"inLanguage\":\"de-DE\",\"potentialAction\":[{\"@type\":\"ReadAction\",\"target\":[\"https:\/\/www.erresse-shop.it\/de\/shop\/tisch\/besteck\/villeroy-boch-oscar-service-68-stueck\/\"]}]},{\"@type\":\"BreadcrumbList\",\"@id\":\"https:\/\/www.erresse-shop.it\/de\/shop\/tisch\/besteck\/villeroy-boch-oscar-service-68-stueck\/#breadcrumb\",\"itemListElement\":[{\"@type\":\"ListItem\",\"position\":1,\"name\":\"Home\",\"item\":\"https:\/\/www.erresse-shop.it\/de\/\"},{\"@type\":\"ListItem\",\"position\":2,\"name\":\"Shop\",\"item\":\"https:\/\/www.erresse-shop.it\/de\/shop\/\"},{\"@type\":\"ListItem\",\"position\":3,\"name\":\"VILLEROY &#038; BOCH Oscar Service 68 St\u00fcck\"}]},{\"@type\":\"WebSite\",\"@id\":\"https:\/\/www.erresse-shop.it\/de\/#website\",\"url\":\"https:\/\/www.erresse-shop.it\/de\/\",\"name\":\"Erresse Shop\",\"description\":\"Articoli di qualit\u00e0 per la casa\",\"potentialAction\":[{\"@type\":\"SearchAction\",\"target\":{\"@type\":\"EntryPoint\",\"urlTemplate\":\"https:\/\/www.erresse-shop.it\/de\/?s={search_term_string}\"},\"query-input\":\"required name=search_term_string\"}],\"inLanguage\":\"de-DE\"}]}<\/script>\n<!-- \/ Yoast SEO Premium plugin. -->","yoast_head_json":{"title":"VILLEROY & BOCH Oscar Service 68 St\u00fcck - Erresse Shop","description":"Perfektes Design f\u00fcr jeden Anlass Die Besteckkollektion Oscar passt mit ihren klaren Linien und ihrer raffinierten Eleganz perfekt zu vielen","robots":{"index":"index","follow":"follow","max-snippet":"max-snippet:-1","max-image-preview":"max-image-preview:large","max-video-preview":"max-video-preview:-1"},"canonical":"https:\/\/www.erresse-shop.it\/de\/shop\/tisch\/besteck\/villeroy-boch-oscar-service-68-stueck\/","og_locale":"de_DE","og_type":"article","og_title":"VILLEROY & BOCH Oscar Service 68 St\u00fcck","og_description":"Perfektes Design f\u00fcr jeden Anlass Die Besteckkollektion Oscar passt mit ihren klaren Linien und ihrer raffinierten Eleganz perfekt zu vielen","og_url":"https:\/\/www.erresse-shop.it\/de\/shop\/tisch\/besteck\/villeroy-boch-oscar-service-68-stueck\/","og_site_name":"Erresse Shop","article_modified_time":"2025-05-28T12:24:04+00:00","og_image":[{"width":1200,"height":1200,"url":"https:\/\/www.erresse-shop.it\/wp-content\/uploads\/2025\/05\/VILLEROY-BOCH-Oscar-Servizio-68-Pezzi.jpg","type":"image\/jpeg"}],"twitter_card":"summary_large_image","schema":{"@context":"https:\/\/schema.org","@graph":[{"@type":"WebPage","@id":"https:\/\/www.erresse-shop.it\/de\/shop\/tisch\/besteck\/villeroy-boch-oscar-service-68-stueck\/","url":"https:\/\/www.erresse-shop.it\/de\/shop\/tisch\/besteck\/villeroy-boch-oscar-service-68-stueck\/","name":"VILLEROY & BOCH Oscar Service 68 St\u00fcck - Erresse Shop","isPartOf":{"@id":"https:\/\/www.erresse-shop.it\/de\/#website"},"datePublished":"2025-05-28T10:51:01+00:00","dateModified":"2025-05-28T12:24:04+00:00","description":"Perfektes Design f\u00fcr jeden Anlass Die Besteckkollektion Oscar passt mit ihren klaren Linien und ihrer raffinierten Eleganz perfekt zu vielen","breadcrumb":{"@id":"https:\/\/www.erresse-shop.it\/de\/shop\/tisch\/besteck\/villeroy-boch-oscar-service-68-stueck\/#breadcrumb"},"inLanguage":"de-DE","potentialAction":[{"@type":"ReadAction","target":["https:\/\/www.erresse-shop.it\/de\/shop\/tisch\/besteck\/villeroy-boch-oscar-service-68-stueck\/"]}]},{"@type":"BreadcrumbList","@id":"https:\/\/www.erresse-shop.it\/de\/shop\/tisch\/besteck\/villeroy-boch-oscar-service-68-stueck\/#breadcrumb","itemListElement":[{"@type":"ListItem","position":1,"name":"Home","item":"https:\/\/www.erresse-shop.it\/de\/"},{"@type":"ListItem","position":2,"name":"Shop","item":"https:\/\/www.erresse-shop.it\/de\/shop\/"},{"@type":"ListItem","position":3,"name":"VILLEROY &#038; BOCH Oscar Service 68 St\u00fcck"}]},{"@type":"WebSite","@id":"https:\/\/www.erresse-shop.it\/de\/#website","url":"https:\/\/www.erresse-shop.it\/de\/","name":"Erresse Shop","description":"Articoli di qualit\u00e0 per la casa","potentialAction":[{"@type":"SearchAction","target":{"@type":"EntryPoint","urlTemplate":"https:\/\/www.erresse-shop.it\/de\/?s={search_term_string}"},"query-input":"required name=search_term_string"}],"inLanguage":"de-DE"}]}},"df_price":199.95,"df_sale_price":199.95,"df_regular_price":499,"df_image_link":"https:\/\/www.erresse-shop.it\/wp-content\/uploads\/2025\/05\/VILLEROY-BOCH-Oscar-Servizio-68-Pezzi-300x300.jpg","_links":{"self":[{"href":"https:\/\/www.erresse-shop.it\/de\/wp-json\/wp\/v2\/product\/501137"}],"collection":[{"href":"https:\/\/www.erresse-shop.it\/de\/wp-json\/wp\/v2\/product"}],"about":[{"href":"https:\/\/www.erresse-shop.it\/de\/wp-json\/wp\/v2\/types\/product"}],"wp:featuredmedia":[{"embeddable":true,"href":"https:\/\/www.erresse-shop.it\/de\/wp-json\/wp\/v2\/media\/501154"}],"wp:attachment":[{"href":"https:\/\/www.erresse-shop.it\/de\/wp-json\/wp\/v2\/media?parent=501137"}],"wp:term":[{"taxonomy":"product_cat","embeddable":true,"href":"https:\/\/www.erresse-shop.it\/de\/wp-json\/wp\/v2\/product_cat?post=501137"},{"taxonomy":"product_tag","embeddable":true,"href":"https:\/\/www.erresse-shop.it\/de\/wp-json\/wp\/v2\/product_tag?post=501137"}],"curies":[{"name":"wp","href":"https:\/\/api.w.org\/{rel}","templated":true}]}}