{"id":501005,"date":"2025-05-28T08:10:39","date_gmt":"2025-05-28T08:10:41","guid":{"rendered":"https:\/\/www.erresse-shop.it\/?post_type=product&#038;p=501005"},"modified":"2026-02-09T11:04:43","modified_gmt":"2026-02-09T11:04:43","slug":"villeroy-boch-boston-4er-set-weissweinglaeser-125-ml-mehrfarbig","status":"publish","type":"product","link":"https:\/\/www.erresse-shop.it\/de\/shop\/tisch\/weinbar-korkenzieher-dekanter-eiskubel\/weinglaeser\/villeroy-boch-boston-4er-set-weissweinglaeser-125-ml-mehrfarbig\/","title":{"rendered":"VILLEROY &#038; BOCH Boston 4er-Set Wei\u00dfweingl\u00e4ser 125 ml Mehrfarbig"},"content":{"rendered":"<p class=\"chakra-heading css-1djizvy\"><strong><span style=\"font-size: 14pt;\">Boston Wei\u00dfweinglas<br \/>\n<\/span><\/strong><\/p>\n<ul>\n<li>Mit 125 ml bietet dieses Glas Wei\u00dfwein ausreichend Platz, um seinen frischen Geschmack und seine feinen Aromen zu entfalten.<\/li>\n<li>Dekoratives und funktionales Element: Das Wei\u00dfweinglas schafft eine romantische Atmosph\u00e4re am Tisch f\u00fcr ein Abendessen oder Mittagessen zu zweit.<\/li>\n<li>Top-Qualit\u00e4t: Das Wei\u00dfweinglas aus Kristall ist geschmacksneutral und besonders hochwertig.<\/li>\n<li>Magischer Lichteffekt: Das facettierte Muster bricht das Licht und erzeugt ein einzigartiges Farbspiel in vier Nuancen.<\/li>\n<li>Maximal praktisch: Das Wei\u00dfweinglas ist sp\u00fclmaschinenfest.<\/li>\n<\/ul>\n<p><strong>Material:<\/strong> Kristall<br \/>\n<strong>Sp\u00fclmaschinenfest:<\/strong> Ja<br \/>\n<strong>Mikrowellengeeignet:<\/strong> Nein<\/p>\n<p><strong>Durchmesser:<\/strong> 83\u00a0mm<br \/>\n<strong>H\u00f6he:<\/strong> 120\u00a0mm<br \/>\n<strong>Volumen:<\/strong> 125\u00a0ml<\/p>\n","protected":false},"excerpt":{"rendered":"<p>Boston Wei\u00dfweinglas Mit 125 ml bietet dieses Glas Wei\u00dfwein ausreichend Platz, um seinen frischen Geschmack und seine feinen Aromen zu<\/p>\n","protected":false},"featured_media":501032,"template":"","meta":{"_acf_changed":false,"inline_featured_image":false},"product_cat":[6787,6850,14459],"product_tag":[25027,23911,19400,25022,23342],"acf":[],"yoast_head":"<!-- This site is optimized with the Yoast SEO Premium plugin v18.6 (Yoast SEO v19.13) - https:\/\/yoast.com\/wordpress\/plugins\/seo\/ -->\n<title>VILLEROY &amp; BOCH Boston 4er-Set Wei\u00dfweingl\u00e4ser 125 ml Mehrfarbig - Erresse Shop<\/title>\n<meta name=\"description\" content=\"Boston Wei\u00dfweinglas Mit 125 ml bietet dieses Glas Wei\u00dfwein ausreichend Platz, um seinen frischen Geschmack und seine feinen Aromen zu entfalten.\" \/>\n<meta name=\"robots\" content=\"index, follow, max-snippet:-1, max-image-preview:large, max-video-preview:-1\" \/>\n<link rel=\"canonical\" href=\"https:\/\/www.erresse-shop.it\/de\/shop\/tisch\/weinbar-korkenzieher-dekanter-eiskubel\/weinglaeser\/villeroy-boch-boston-4er-set-weissweinglaeser-125-ml-mehrfarbig\/\" \/>\n<meta property=\"og:locale\" content=\"de_DE\" \/>\n<meta property=\"og:type\" content=\"article\" \/>\n<meta property=\"og:title\" content=\"VILLEROY &amp; BOCH Boston 4er-Set Wei\u00dfweingl\u00e4ser 125 ml Mehrfarbig\" \/>\n<meta property=\"og:description\" content=\"Boston Wei\u00dfweinglas Mit 125 ml bietet dieses Glas Wei\u00dfwein ausreichend Platz, um seinen frischen Geschmack und seine feinen Aromen zu entfalten.\" \/>\n<meta property=\"og:url\" content=\"https:\/\/www.erresse-shop.it\/de\/shop\/tisch\/weinbar-korkenzieher-dekanter-eiskubel\/weinglaeser\/villeroy-boch-boston-4er-set-weissweinglaeser-125-ml-mehrfarbig\/\" \/>\n<meta property=\"og:site_name\" content=\"Erresse Shop\" \/>\n<meta property=\"article:modified_time\" content=\"2026-02-09T11:04:43+00:00\" \/>\n<meta property=\"og:image\" content=\"https:\/\/www.erresse-shop.it\/wp-content\/uploads\/2025\/05\/VILLEROY-BOCH-Boston-Calici-Vino-Bianco-125-ml-Multicolore.jpg\" \/>\n\t<meta property=\"og:image:width\" content=\"1200\" \/>\n\t<meta property=\"og:image:height\" content=\"1200\" \/>\n\t<meta property=\"og:image:type\" content=\"image\/jpeg\" \/>\n<meta name=\"twitter:card\" content=\"summary_large_image\" \/>\n<script type=\"application\/ld+json\" class=\"yoast-schema-graph\">{\"@context\":\"https:\/\/schema.org\",\"@graph\":[{\"@type\":\"WebPage\",\"@id\":\"https:\/\/www.erresse-shop.it\/de\/shop\/tisch\/weinbar-korkenzieher-dekanter-eiskubel\/weinglaeser\/villeroy-boch-boston-4er-set-weissweinglaeser-125-ml-mehrfarbig\/\",\"url\":\"https:\/\/www.erresse-shop.it\/de\/shop\/tisch\/weinbar-korkenzieher-dekanter-eiskubel\/weinglaeser\/villeroy-boch-boston-4er-set-weissweinglaeser-125-ml-mehrfarbig\/\",\"name\":\"VILLEROY & BOCH Boston 4er-Set Wei\u00dfweingl\u00e4ser 125 ml Mehrfarbig - Erresse Shop\",\"isPartOf\":{\"@id\":\"https:\/\/www.erresse-shop.it\/de\/#website\"},\"datePublished\":\"2025-05-28T08:10:41+00:00\",\"dateModified\":\"2026-02-09T11:04:43+00:00\",\"description\":\"Boston Wei\u00dfweinglas Mit 125 ml bietet dieses Glas Wei\u00dfwein ausreichend Platz, um seinen frischen Geschmack und seine feinen Aromen zu entfalten.\",\"breadcrumb\":{\"@id\":\"https:\/\/www.erresse-shop.it\/de\/shop\/tisch\/weinbar-korkenzieher-dekanter-eiskubel\/weinglaeser\/villeroy-boch-boston-4er-set-weissweinglaeser-125-ml-mehrfarbig\/#breadcrumb\"},\"inLanguage\":\"de-DE\",\"potentialAction\":[{\"@type\":\"ReadAction\",\"target\":[\"https:\/\/www.erresse-shop.it\/de\/shop\/tisch\/weinbar-korkenzieher-dekanter-eiskubel\/weinglaeser\/villeroy-boch-boston-4er-set-weissweinglaeser-125-ml-mehrfarbig\/\"]}]},{\"@type\":\"BreadcrumbList\",\"@id\":\"https:\/\/www.erresse-shop.it\/de\/shop\/tisch\/weinbar-korkenzieher-dekanter-eiskubel\/weinglaeser\/villeroy-boch-boston-4er-set-weissweinglaeser-125-ml-mehrfarbig\/#breadcrumb\",\"itemListElement\":[{\"@type\":\"ListItem\",\"position\":1,\"name\":\"Home\",\"item\":\"https:\/\/www.erresse-shop.it\/de\/\"},{\"@type\":\"ListItem\",\"position\":2,\"name\":\"Shop\",\"item\":\"https:\/\/www.erresse-shop.it\/de\/shop\/\"},{\"@type\":\"ListItem\",\"position\":3,\"name\":\"VILLEROY &#038; BOCH Boston 4er-Set Wei\u00dfweingl\u00e4ser 125 ml Mehrfarbig\"}]},{\"@type\":\"WebSite\",\"@id\":\"https:\/\/www.erresse-shop.it\/de\/#website\",\"url\":\"https:\/\/www.erresse-shop.it\/de\/\",\"name\":\"Erresse Shop\",\"description\":\"Articoli di qualit\u00e0 per la casa\",\"potentialAction\":[{\"@type\":\"SearchAction\",\"target\":{\"@type\":\"EntryPoint\",\"urlTemplate\":\"https:\/\/www.erresse-shop.it\/de\/?s={search_term_string}\"},\"query-input\":\"required name=search_term_string\"}],\"inLanguage\":\"de-DE\"}]}<\/script>\n<!-- \/ Yoast SEO Premium plugin. -->","yoast_head_json":{"title":"VILLEROY & BOCH Boston 4er-Set Wei\u00dfweingl\u00e4ser 125 ml Mehrfarbig - Erresse Shop","description":"Boston Wei\u00dfweinglas Mit 125 ml bietet dieses Glas Wei\u00dfwein ausreichend Platz, um seinen frischen Geschmack und seine feinen Aromen zu entfalten.","robots":{"index":"index","follow":"follow","max-snippet":"max-snippet:-1","max-image-preview":"max-image-preview:large","max-video-preview":"max-video-preview:-1"},"canonical":"https:\/\/www.erresse-shop.it\/de\/shop\/tisch\/weinbar-korkenzieher-dekanter-eiskubel\/weinglaeser\/villeroy-boch-boston-4er-set-weissweinglaeser-125-ml-mehrfarbig\/","og_locale":"de_DE","og_type":"article","og_title":"VILLEROY & BOCH Boston 4er-Set Wei\u00dfweingl\u00e4ser 125 ml Mehrfarbig","og_description":"Boston Wei\u00dfweinglas Mit 125 ml bietet dieses Glas Wei\u00dfwein ausreichend Platz, um seinen frischen Geschmack und seine feinen Aromen zu entfalten.","og_url":"https:\/\/www.erresse-shop.it\/de\/shop\/tisch\/weinbar-korkenzieher-dekanter-eiskubel\/weinglaeser\/villeroy-boch-boston-4er-set-weissweinglaeser-125-ml-mehrfarbig\/","og_site_name":"Erresse Shop","article_modified_time":"2026-02-09T11:04:43+00:00","og_image":[{"width":1200,"height":1200,"url":"https:\/\/www.erresse-shop.it\/wp-content\/uploads\/2025\/05\/VILLEROY-BOCH-Boston-Calici-Vino-Bianco-125-ml-Multicolore.jpg","type":"image\/jpeg"}],"twitter_card":"summary_large_image","schema":{"@context":"https:\/\/schema.org","@graph":[{"@type":"WebPage","@id":"https:\/\/www.erresse-shop.it\/de\/shop\/tisch\/weinbar-korkenzieher-dekanter-eiskubel\/weinglaeser\/villeroy-boch-boston-4er-set-weissweinglaeser-125-ml-mehrfarbig\/","url":"https:\/\/www.erresse-shop.it\/de\/shop\/tisch\/weinbar-korkenzieher-dekanter-eiskubel\/weinglaeser\/villeroy-boch-boston-4er-set-weissweinglaeser-125-ml-mehrfarbig\/","name":"VILLEROY & BOCH Boston 4er-Set Wei\u00dfweingl\u00e4ser 125 ml Mehrfarbig - Erresse Shop","isPartOf":{"@id":"https:\/\/www.erresse-shop.it\/de\/#website"},"datePublished":"2025-05-28T08:10:41+00:00","dateModified":"2026-02-09T11:04:43+00:00","description":"Boston Wei\u00dfweinglas Mit 125 ml bietet dieses Glas Wei\u00dfwein ausreichend Platz, um seinen frischen Geschmack und seine feinen Aromen zu entfalten.","breadcrumb":{"@id":"https:\/\/www.erresse-shop.it\/de\/shop\/tisch\/weinbar-korkenzieher-dekanter-eiskubel\/weinglaeser\/villeroy-boch-boston-4er-set-weissweinglaeser-125-ml-mehrfarbig\/#breadcrumb"},"inLanguage":"de-DE","potentialAction":[{"@type":"ReadAction","target":["https:\/\/www.erresse-shop.it\/de\/shop\/tisch\/weinbar-korkenzieher-dekanter-eiskubel\/weinglaeser\/villeroy-boch-boston-4er-set-weissweinglaeser-125-ml-mehrfarbig\/"]}]},{"@type":"BreadcrumbList","@id":"https:\/\/www.erresse-shop.it\/de\/shop\/tisch\/weinbar-korkenzieher-dekanter-eiskubel\/weinglaeser\/villeroy-boch-boston-4er-set-weissweinglaeser-125-ml-mehrfarbig\/#breadcrumb","itemListElement":[{"@type":"ListItem","position":1,"name":"Home","item":"https:\/\/www.erresse-shop.it\/de\/"},{"@type":"ListItem","position":2,"name":"Shop","item":"https:\/\/www.erresse-shop.it\/de\/shop\/"},{"@type":"ListItem","position":3,"name":"VILLEROY &#038; BOCH Boston 4er-Set Wei\u00dfweingl\u00e4ser 125 ml Mehrfarbig"}]},{"@type":"WebSite","@id":"https:\/\/www.erresse-shop.it\/de\/#website","url":"https:\/\/www.erresse-shop.it\/de\/","name":"Erresse Shop","description":"Articoli di qualit\u00e0 per la casa","potentialAction":[{"@type":"SearchAction","target":{"@type":"EntryPoint","urlTemplate":"https:\/\/www.erresse-shop.it\/de\/?s={search_term_string}"},"query-input":"required name=search_term_string"}],"inLanguage":"de-DE"}]}},"df_price":54.95,"df_sale_price":54.95,"df_regular_price":71.6,"df_image_link":"https:\/\/www.erresse-shop.it\/wp-content\/uploads\/2025\/05\/VILLEROY-BOCH-Boston-Calici-Vino-Bianco-125-ml-Multicolore-300x300.jpg","_links":{"self":[{"href":"https:\/\/www.erresse-shop.it\/de\/wp-json\/wp\/v2\/product\/501005"}],"collection":[{"href":"https:\/\/www.erresse-shop.it\/de\/wp-json\/wp\/v2\/product"}],"about":[{"href":"https:\/\/www.erresse-shop.it\/de\/wp-json\/wp\/v2\/types\/product"}],"wp:featuredmedia":[{"embeddable":true,"href":"https:\/\/www.erresse-shop.it\/de\/wp-json\/wp\/v2\/media\/501032"}],"wp:attachment":[{"href":"https:\/\/www.erresse-shop.it\/de\/wp-json\/wp\/v2\/media?parent=501005"}],"wp:term":[{"taxonomy":"product_cat","embeddable":true,"href":"https:\/\/www.erresse-shop.it\/de\/wp-json\/wp\/v2\/product_cat?post=501005"},{"taxonomy":"product_tag","embeddable":true,"href":"https:\/\/www.erresse-shop.it\/de\/wp-json\/wp\/v2\/product_tag?post=501005"}],"curies":[{"name":"wp","href":"https:\/\/api.w.org\/{rel}","templated":true}]}}