{"id":500971,"date":"2025-05-28T06:50:22","date_gmt":"2025-05-28T06:50:24","guid":{"rendered":"https:\/\/www.erresse-shop.it\/?post_type=product&#038;p=500971"},"modified":"2026-03-06T13:40:12","modified_gmt":"2026-03-06T13:40:12","slug":"joseph-joseph-tota-trio-luxe-waeschekorb-90-liter-ecru","status":"publish","type":"product","link":"https:\/\/www.erresse-shop.it\/de\/shop\/einrichtung-haus\/badezimmer\/joseph-joseph-tota-trio-luxe-waeschekorb-90-liter-ecru\/","title":{"rendered":"JOSEPH JOSEPH Tota Trio Luxe W\u00e4schekorb 90 Liter Ecru"},"content":{"rendered":"<p>Dieser elegante W\u00e4schekorb aus ecrufarbenem Bambus enth\u00e4lt drei 30-Liter-Beutel zum einfachen Trennen und Transportieren heller, dunkler und bunter Kleidung. Er passt in jede Umgebung und verleiht Ihrer W\u00e4sche Stil und Funktionalit\u00e4t.<\/p>\n<ul>\n<li>Luxuri\u00f6ses Bambusgeh\u00e4use und stoffbezogener Deckel mit Ledergriff.<\/li>\n<li>Drei 30-Liter-F\u00e4cher f\u00fcr einfaches Sortieren der Kleidung.<\/li>\n<li>Herausnehmbare Beutel mit praktischen Tragegriffen.<\/li>\n<li>St\u00fctzgriff am Boden jedes Beutels f\u00fcr einfaches Entleeren.<\/li>\n<li>Schnellr\u00fccklaufbeutel kehren automatisch in den Korb zur\u00fcck.<\/li>\n<\/ul>\n<p><strong>Pflege und Gebrauch:<\/strong><\/p>\n<ul>\n<li>Montageanleitung enthalten.<\/li>\n<li>Beutel: Maschinenwaschbar \u2013 siehe Produktetikett.<\/li>\n<li>Kunststoffverkleidung vor dem Waschen entfernen.<\/li>\n<li>Alle anderen Teile: Mit einem feuchten Tuch abwischen.<\/li>\n<li>Warnung: Nicht auf den Korb setzen oder schwere Gegenst\u00e4nde darauf abstellen.<\/li>\n<li>Kinder nicht mit dem Korb spielen lassen.<\/li>\n<\/ul>\n<p><strong>Ma\u00dfe:<\/strong><\/p>\n<p>H 73,5 x B 60,8 x T 40,6 cm<\/p>\n","protected":false},"excerpt":{"rendered":"<p>Dieser elegante W\u00e4schekorb aus ecrufarbenem Bambus enth\u00e4lt drei 30-Liter-Beutel zum einfachen Trennen und Transportieren heller, dunkler und bunter Kleidung. Er<\/p>\n","protected":false},"featured_media":500998,"template":"","meta":{"_acf_changed":false,"inline_featured_image":false},"product_cat":[6817,19010],"product_tag":[25027,21369,21371,13487,21227,21370,25022,18475,21372],"acf":[],"yoast_head":"<!-- This site is optimized with the Yoast SEO Premium plugin v18.6 (Yoast SEO v19.13) - https:\/\/yoast.com\/wordpress\/plugins\/seo\/ -->\n<title>JOSEPH JOSEPH Tota Trio Luxe W\u00e4schekorb 90 Liter Ecru - Erresse Shop<\/title>\n<meta name=\"description\" content=\"Dieser elegante W\u00e4schekorb aus ecrufarbenem Bambus enth\u00e4lt drei 30-Liter-Beutel zum einfachen Trennen und Transportieren heller, dunkler und bunter\" \/>\n<meta name=\"robots\" content=\"index, follow, max-snippet:-1, max-image-preview:large, max-video-preview:-1\" \/>\n<link rel=\"canonical\" href=\"https:\/\/www.erresse-shop.it\/de\/shop\/einrichtung-haus\/badezimmer\/joseph-joseph-tota-trio-luxe-waeschekorb-90-liter-ecru\/\" \/>\n<meta property=\"og:locale\" content=\"de_DE\" \/>\n<meta property=\"og:type\" content=\"article\" \/>\n<meta property=\"og:title\" content=\"JOSEPH JOSEPH Tota Trio Luxe W\u00e4schekorb 90 Liter Ecru\" \/>\n<meta property=\"og:description\" content=\"Dieser elegante W\u00e4schekorb aus ecrufarbenem Bambus enth\u00e4lt drei 30-Liter-Beutel zum einfachen Trennen und Transportieren heller, dunkler und bunter\" \/>\n<meta property=\"og:url\" content=\"https:\/\/www.erresse-shop.it\/de\/shop\/einrichtung-haus\/badezimmer\/joseph-joseph-tota-trio-luxe-waeschekorb-90-liter-ecru\/\" \/>\n<meta property=\"og:site_name\" content=\"Erresse Shop\" \/>\n<meta property=\"article:modified_time\" content=\"2026-03-06T13:40:12+00:00\" \/>\n<meta property=\"og:image\" content=\"https:\/\/www.erresse-shop.it\/wp-content\/uploads\/2025\/05\/JOSEPH-JOSEPH-Trio-Luxe-Cesto-Biancheria-90-litri-Ecru.jpg\" \/>\n\t<meta property=\"og:image:width\" content=\"1200\" \/>\n\t<meta property=\"og:image:height\" content=\"1200\" \/>\n\t<meta property=\"og:image:type\" content=\"image\/jpeg\" \/>\n<meta name=\"twitter:card\" content=\"summary_large_image\" \/>\n<script type=\"application\/ld+json\" class=\"yoast-schema-graph\">{\"@context\":\"https:\/\/schema.org\",\"@graph\":[{\"@type\":\"WebPage\",\"@id\":\"https:\/\/www.erresse-shop.it\/de\/shop\/einrichtung-haus\/badezimmer\/joseph-joseph-tota-trio-luxe-waeschekorb-90-liter-ecru\/\",\"url\":\"https:\/\/www.erresse-shop.it\/de\/shop\/einrichtung-haus\/badezimmer\/joseph-joseph-tota-trio-luxe-waeschekorb-90-liter-ecru\/\",\"name\":\"JOSEPH JOSEPH Tota Trio Luxe W\u00e4schekorb 90 Liter Ecru - Erresse Shop\",\"isPartOf\":{\"@id\":\"https:\/\/www.erresse-shop.it\/de\/#website\"},\"datePublished\":\"2025-05-28T06:50:24+00:00\",\"dateModified\":\"2026-03-06T13:40:12+00:00\",\"description\":\"Dieser elegante W\u00e4schekorb aus ecrufarbenem Bambus enth\u00e4lt drei 30-Liter-Beutel zum einfachen Trennen und Transportieren heller, dunkler und bunter\",\"breadcrumb\":{\"@id\":\"https:\/\/www.erresse-shop.it\/de\/shop\/einrichtung-haus\/badezimmer\/joseph-joseph-tota-trio-luxe-waeschekorb-90-liter-ecru\/#breadcrumb\"},\"inLanguage\":\"de-DE\",\"potentialAction\":[{\"@type\":\"ReadAction\",\"target\":[\"https:\/\/www.erresse-shop.it\/de\/shop\/einrichtung-haus\/badezimmer\/joseph-joseph-tota-trio-luxe-waeschekorb-90-liter-ecru\/\"]}]},{\"@type\":\"BreadcrumbList\",\"@id\":\"https:\/\/www.erresse-shop.it\/de\/shop\/einrichtung-haus\/badezimmer\/joseph-joseph-tota-trio-luxe-waeschekorb-90-liter-ecru\/#breadcrumb\",\"itemListElement\":[{\"@type\":\"ListItem\",\"position\":1,\"name\":\"Home\",\"item\":\"https:\/\/www.erresse-shop.it\/de\/\"},{\"@type\":\"ListItem\",\"position\":2,\"name\":\"Shop\",\"item\":\"https:\/\/www.erresse-shop.it\/de\/shop\/\"},{\"@type\":\"ListItem\",\"position\":3,\"name\":\"JOSEPH JOSEPH Tota Trio Luxe W\u00e4schekorb 90 Liter Ecru\"}]},{\"@type\":\"WebSite\",\"@id\":\"https:\/\/www.erresse-shop.it\/de\/#website\",\"url\":\"https:\/\/www.erresse-shop.it\/de\/\",\"name\":\"Erresse Shop\",\"description\":\"Articoli di qualit\u00e0 per la casa\",\"potentialAction\":[{\"@type\":\"SearchAction\",\"target\":{\"@type\":\"EntryPoint\",\"urlTemplate\":\"https:\/\/www.erresse-shop.it\/de\/?s={search_term_string}\"},\"query-input\":\"required name=search_term_string\"}],\"inLanguage\":\"de-DE\"}]}<\/script>\n<!-- \/ Yoast SEO Premium plugin. -->","yoast_head_json":{"title":"JOSEPH JOSEPH Tota Trio Luxe W\u00e4schekorb 90 Liter Ecru - Erresse Shop","description":"Dieser elegante W\u00e4schekorb aus ecrufarbenem Bambus enth\u00e4lt drei 30-Liter-Beutel zum einfachen Trennen und Transportieren heller, dunkler und bunter","robots":{"index":"index","follow":"follow","max-snippet":"max-snippet:-1","max-image-preview":"max-image-preview:large","max-video-preview":"max-video-preview:-1"},"canonical":"https:\/\/www.erresse-shop.it\/de\/shop\/einrichtung-haus\/badezimmer\/joseph-joseph-tota-trio-luxe-waeschekorb-90-liter-ecru\/","og_locale":"de_DE","og_type":"article","og_title":"JOSEPH JOSEPH Tota Trio Luxe W\u00e4schekorb 90 Liter Ecru","og_description":"Dieser elegante W\u00e4schekorb aus ecrufarbenem Bambus enth\u00e4lt drei 30-Liter-Beutel zum einfachen Trennen und Transportieren heller, dunkler und bunter","og_url":"https:\/\/www.erresse-shop.it\/de\/shop\/einrichtung-haus\/badezimmer\/joseph-joseph-tota-trio-luxe-waeschekorb-90-liter-ecru\/","og_site_name":"Erresse Shop","article_modified_time":"2026-03-06T13:40:12+00:00","og_image":[{"width":1200,"height":1200,"url":"https:\/\/www.erresse-shop.it\/wp-content\/uploads\/2025\/05\/JOSEPH-JOSEPH-Trio-Luxe-Cesto-Biancheria-90-litri-Ecru.jpg","type":"image\/jpeg"}],"twitter_card":"summary_large_image","schema":{"@context":"https:\/\/schema.org","@graph":[{"@type":"WebPage","@id":"https:\/\/www.erresse-shop.it\/de\/shop\/einrichtung-haus\/badezimmer\/joseph-joseph-tota-trio-luxe-waeschekorb-90-liter-ecru\/","url":"https:\/\/www.erresse-shop.it\/de\/shop\/einrichtung-haus\/badezimmer\/joseph-joseph-tota-trio-luxe-waeschekorb-90-liter-ecru\/","name":"JOSEPH JOSEPH Tota Trio Luxe W\u00e4schekorb 90 Liter Ecru - Erresse Shop","isPartOf":{"@id":"https:\/\/www.erresse-shop.it\/de\/#website"},"datePublished":"2025-05-28T06:50:24+00:00","dateModified":"2026-03-06T13:40:12+00:00","description":"Dieser elegante W\u00e4schekorb aus ecrufarbenem Bambus enth\u00e4lt drei 30-Liter-Beutel zum einfachen Trennen und Transportieren heller, dunkler und bunter","breadcrumb":{"@id":"https:\/\/www.erresse-shop.it\/de\/shop\/einrichtung-haus\/badezimmer\/joseph-joseph-tota-trio-luxe-waeschekorb-90-liter-ecru\/#breadcrumb"},"inLanguage":"de-DE","potentialAction":[{"@type":"ReadAction","target":["https:\/\/www.erresse-shop.it\/de\/shop\/einrichtung-haus\/badezimmer\/joseph-joseph-tota-trio-luxe-waeschekorb-90-liter-ecru\/"]}]},{"@type":"BreadcrumbList","@id":"https:\/\/www.erresse-shop.it\/de\/shop\/einrichtung-haus\/badezimmer\/joseph-joseph-tota-trio-luxe-waeschekorb-90-liter-ecru\/#breadcrumb","itemListElement":[{"@type":"ListItem","position":1,"name":"Home","item":"https:\/\/www.erresse-shop.it\/de\/"},{"@type":"ListItem","position":2,"name":"Shop","item":"https:\/\/www.erresse-shop.it\/de\/shop\/"},{"@type":"ListItem","position":3,"name":"JOSEPH JOSEPH Tota Trio Luxe W\u00e4schekorb 90 Liter Ecru"}]},{"@type":"WebSite","@id":"https:\/\/www.erresse-shop.it\/de\/#website","url":"https:\/\/www.erresse-shop.it\/de\/","name":"Erresse Shop","description":"Articoli di qualit\u00e0 per la casa","potentialAction":[{"@type":"SearchAction","target":{"@type":"EntryPoint","urlTemplate":"https:\/\/www.erresse-shop.it\/de\/?s={search_term_string}"},"query-input":"required name=search_term_string"}],"inLanguage":"de-DE"}]}},"df_price":99,"df_sale_price":99,"df_regular_price":219.99,"df_image_link":"https:\/\/www.erresse-shop.it\/wp-content\/uploads\/2025\/05\/JOSEPH-JOSEPH-Trio-Luxe-Cesto-Biancheria-90-litri-Ecru-300x300.jpg","_links":{"self":[{"href":"https:\/\/www.erresse-shop.it\/de\/wp-json\/wp\/v2\/product\/500971"}],"collection":[{"href":"https:\/\/www.erresse-shop.it\/de\/wp-json\/wp\/v2\/product"}],"about":[{"href":"https:\/\/www.erresse-shop.it\/de\/wp-json\/wp\/v2\/types\/product"}],"wp:featuredmedia":[{"embeddable":true,"href":"https:\/\/www.erresse-shop.it\/de\/wp-json\/wp\/v2\/media\/500998"}],"wp:attachment":[{"href":"https:\/\/www.erresse-shop.it\/de\/wp-json\/wp\/v2\/media?parent=500971"}],"wp:term":[{"taxonomy":"product_cat","embeddable":true,"href":"https:\/\/www.erresse-shop.it\/de\/wp-json\/wp\/v2\/product_cat?post=500971"},{"taxonomy":"product_tag","embeddable":true,"href":"https:\/\/www.erresse-shop.it\/de\/wp-json\/wp\/v2\/product_tag?post=500971"}],"curies":[{"name":"wp","href":"https:\/\/api.w.org\/{rel}","templated":true}]}}