{"id":500875,"date":"2025-05-27T07:54:28","date_gmt":"2025-05-27T07:54:29","guid":{"rendered":"https:\/\/www.erresse-shop.it\/?post_type=product&#038;p=500875"},"modified":"2026-02-09T11:11:26","modified_gmt":"2026-02-09T11:11:26","slug":"les-jardins-de-la-comtesse-runder-picknickkorb-2-personen-tuileries","status":"publish","type":"product","link":"https:\/\/www.erresse-shop.it\/de\/shop\/tisch\/picknickkoerbe\/les-jardins-de-la-comtesse-runder-picknickkorb-2-personen-tuileries\/","title":{"rendered":"LES JARDINS DE LA COMTESSE Runder Picknickkorb 2 Personen Tuileries"},"content":{"rendered":"<div style=\"text-align: justify;\">\n<div>Der runde Picknickkorb Tuileries ist f\u00fcr zwei Personen geeignet.<\/div>\n<div>\n<p class=\"Pa2dE\">Er ist f\u00fcr Verliebte konzipiert. Seine runde Form verleiht ihm den Charakter eines wahren Liebesnests. Perfekt f\u00fcr ein romantisches Picknick bei Kerzenschein oder in der Abendd\u00e4mmerung.<\/p>\n<p class=\"Pa2dE\">Der runde Korb wurde handgefertigt aus dunkelbraunem Naturweidengeflecht. Nach dem \u00d6ffnen besticht der blaue Baumwollstoff (Jeans-Optik).<\/p>\n<p class=\"Pa2dE\">Der runde Picknickkorb f\u00fcr zwei Personen verf\u00fcgt \u00fcber ein gro\u00dfes, geschlossenes Isolierfach mit integriertem Rei\u00dfverschluss. Dieses Fach bietet Platz f\u00fcr eine Flasche Wein oder ein anderes Getr\u00e4nk.<\/p>\n<\/div>\n<p><strong>INHALT<\/strong><\/p>\n<ul>\n<li>2 Teller (Durchmesser 20 cm) aus wei\u00dfer Keramik. Die Teller werden mit Riemen befestigt.<\/li>\n<li>2 gro\u00dfe Weingl\u00e4ser (12,5 cl)<\/li>\n<li>1 Tasche mit 2 Messern, 2 Gabeln und 2 Teel\u00f6ffeln aus poliertem Edelstahl.<\/li>\n<li>1 Salz- und Pfefferstreuer aus Metall mit Halterung.<\/li>\n<li>1 Korkenzieher mit Halterung.<\/li>\n<li>2 Schn\u00fcre zur Befestigung der Tasche mit Besteck.<\/li>\n<li>1 kleine Tasche zur Aufbewahrung von schmutzigem Geschirr.<\/li>\n<\/ul>\n<p>Ma\u00dfe: 40 x 30 x 23 cm<br \/>\nGewicht: 3000 g<\/p>\n<\/div>\n","protected":false},"excerpt":{"rendered":"<p>Der runde Picknickkorb Tuileries ist f\u00fcr zwei Personen geeignet. Er ist f\u00fcr Verliebte konzipiert. Seine runde Form verleiht ihm den<\/p>\n","protected":false},"featured_media":500915,"template":"","meta":{"_acf_changed":false,"inline_featured_image":false},"product_cat":[6787,15508],"product_tag":[24604,13487,15501],"acf":[],"yoast_head":"<!-- This site is optimized with the Yoast SEO Premium plugin v18.6 (Yoast SEO v19.13) - https:\/\/yoast.com\/wordpress\/plugins\/seo\/ -->\n<title>LES JARDINS DE LA COMTESSE Runder Picknickkorb 2 Personen Tuileries - Erresse Shop<\/title>\n<meta name=\"description\" content=\"Der runde Picknickkorb Tuileries ist f\u00fcr zwei Personen geeignet. Er ist f\u00fcr Verliebte konzipiert. Seine runde Form verleiht ihm den Charakter eines wahren\" \/>\n<meta name=\"robots\" content=\"index, follow, max-snippet:-1, max-image-preview:large, max-video-preview:-1\" \/>\n<link rel=\"canonical\" href=\"https:\/\/www.erresse-shop.it\/de\/shop\/tisch\/picknickkoerbe\/les-jardins-de-la-comtesse-runder-picknickkorb-2-personen-tuileries\/\" \/>\n<meta property=\"og:locale\" content=\"de_DE\" \/>\n<meta property=\"og:type\" content=\"article\" \/>\n<meta property=\"og:title\" content=\"LES JARDINS DE LA COMTESSE Runder Picknickkorb 2 Personen Tuileries\" \/>\n<meta property=\"og:description\" content=\"Der runde Picknickkorb Tuileries ist f\u00fcr zwei Personen geeignet. Er ist f\u00fcr Verliebte konzipiert. Seine runde Form verleiht ihm den Charakter eines wahren\" \/>\n<meta property=\"og:url\" content=\"https:\/\/www.erresse-shop.it\/de\/shop\/tisch\/picknickkoerbe\/les-jardins-de-la-comtesse-runder-picknickkorb-2-personen-tuileries\/\" \/>\n<meta property=\"og:site_name\" content=\"Erresse Shop\" \/>\n<meta property=\"article:modified_time\" content=\"2026-02-09T11:11:26+00:00\" \/>\n<meta property=\"og:image\" content=\"https:\/\/www.erresse-shop.it\/wp-content\/uploads\/2025\/05\/LES-JARDINS-DE-LA-COMTESSE-Cestino-Picnic-Tuileries.jpg\" \/>\n\t<meta property=\"og:image:width\" content=\"1200\" \/>\n\t<meta property=\"og:image:height\" content=\"1200\" \/>\n\t<meta property=\"og:image:type\" content=\"image\/jpeg\" \/>\n<meta name=\"twitter:card\" content=\"summary_large_image\" \/>\n<script type=\"application\/ld+json\" class=\"yoast-schema-graph\">{\"@context\":\"https:\/\/schema.org\",\"@graph\":[{\"@type\":\"WebPage\",\"@id\":\"https:\/\/www.erresse-shop.it\/de\/shop\/tisch\/picknickkoerbe\/les-jardins-de-la-comtesse-runder-picknickkorb-2-personen-tuileries\/\",\"url\":\"https:\/\/www.erresse-shop.it\/de\/shop\/tisch\/picknickkoerbe\/les-jardins-de-la-comtesse-runder-picknickkorb-2-personen-tuileries\/\",\"name\":\"LES JARDINS DE LA COMTESSE Runder Picknickkorb 2 Personen Tuileries - Erresse Shop\",\"isPartOf\":{\"@id\":\"https:\/\/www.erresse-shop.it\/de\/#website\"},\"datePublished\":\"2025-05-27T07:54:29+00:00\",\"dateModified\":\"2026-02-09T11:11:26+00:00\",\"description\":\"Der runde Picknickkorb Tuileries ist f\u00fcr zwei Personen geeignet. Er ist f\u00fcr Verliebte konzipiert. Seine runde Form verleiht ihm den Charakter eines wahren\",\"breadcrumb\":{\"@id\":\"https:\/\/www.erresse-shop.it\/de\/shop\/tisch\/picknickkoerbe\/les-jardins-de-la-comtesse-runder-picknickkorb-2-personen-tuileries\/#breadcrumb\"},\"inLanguage\":\"de-DE\",\"potentialAction\":[{\"@type\":\"ReadAction\",\"target\":[\"https:\/\/www.erresse-shop.it\/de\/shop\/tisch\/picknickkoerbe\/les-jardins-de-la-comtesse-runder-picknickkorb-2-personen-tuileries\/\"]}]},{\"@type\":\"BreadcrumbList\",\"@id\":\"https:\/\/www.erresse-shop.it\/de\/shop\/tisch\/picknickkoerbe\/les-jardins-de-la-comtesse-runder-picknickkorb-2-personen-tuileries\/#breadcrumb\",\"itemListElement\":[{\"@type\":\"ListItem\",\"position\":1,\"name\":\"Home\",\"item\":\"https:\/\/www.erresse-shop.it\/de\/\"},{\"@type\":\"ListItem\",\"position\":2,\"name\":\"Shop\",\"item\":\"https:\/\/www.erresse-shop.it\/de\/shop\/\"},{\"@type\":\"ListItem\",\"position\":3,\"name\":\"LES JARDINS DE LA COMTESSE Runder Picknickkorb 2 Personen Tuileries\"}]},{\"@type\":\"WebSite\",\"@id\":\"https:\/\/www.erresse-shop.it\/de\/#website\",\"url\":\"https:\/\/www.erresse-shop.it\/de\/\",\"name\":\"Erresse Shop\",\"description\":\"Articoli di qualit\u00e0 per la casa\",\"potentialAction\":[{\"@type\":\"SearchAction\",\"target\":{\"@type\":\"EntryPoint\",\"urlTemplate\":\"https:\/\/www.erresse-shop.it\/de\/?s={search_term_string}\"},\"query-input\":\"required name=search_term_string\"}],\"inLanguage\":\"de-DE\"}]}<\/script>\n<!-- \/ Yoast SEO Premium plugin. -->","yoast_head_json":{"title":"LES JARDINS DE LA COMTESSE Runder Picknickkorb 2 Personen Tuileries - Erresse Shop","description":"Der runde Picknickkorb Tuileries ist f\u00fcr zwei Personen geeignet. Er ist f\u00fcr Verliebte konzipiert. Seine runde Form verleiht ihm den Charakter eines wahren","robots":{"index":"index","follow":"follow","max-snippet":"max-snippet:-1","max-image-preview":"max-image-preview:large","max-video-preview":"max-video-preview:-1"},"canonical":"https:\/\/www.erresse-shop.it\/de\/shop\/tisch\/picknickkoerbe\/les-jardins-de-la-comtesse-runder-picknickkorb-2-personen-tuileries\/","og_locale":"de_DE","og_type":"article","og_title":"LES JARDINS DE LA COMTESSE Runder Picknickkorb 2 Personen Tuileries","og_description":"Der runde Picknickkorb Tuileries ist f\u00fcr zwei Personen geeignet. Er ist f\u00fcr Verliebte konzipiert. Seine runde Form verleiht ihm den Charakter eines wahren","og_url":"https:\/\/www.erresse-shop.it\/de\/shop\/tisch\/picknickkoerbe\/les-jardins-de-la-comtesse-runder-picknickkorb-2-personen-tuileries\/","og_site_name":"Erresse Shop","article_modified_time":"2026-02-09T11:11:26+00:00","og_image":[{"width":1200,"height":1200,"url":"https:\/\/www.erresse-shop.it\/wp-content\/uploads\/2025\/05\/LES-JARDINS-DE-LA-COMTESSE-Cestino-Picnic-Tuileries.jpg","type":"image\/jpeg"}],"twitter_card":"summary_large_image","schema":{"@context":"https:\/\/schema.org","@graph":[{"@type":"WebPage","@id":"https:\/\/www.erresse-shop.it\/de\/shop\/tisch\/picknickkoerbe\/les-jardins-de-la-comtesse-runder-picknickkorb-2-personen-tuileries\/","url":"https:\/\/www.erresse-shop.it\/de\/shop\/tisch\/picknickkoerbe\/les-jardins-de-la-comtesse-runder-picknickkorb-2-personen-tuileries\/","name":"LES JARDINS DE LA COMTESSE Runder Picknickkorb 2 Personen Tuileries - Erresse Shop","isPartOf":{"@id":"https:\/\/www.erresse-shop.it\/de\/#website"},"datePublished":"2025-05-27T07:54:29+00:00","dateModified":"2026-02-09T11:11:26+00:00","description":"Der runde Picknickkorb Tuileries ist f\u00fcr zwei Personen geeignet. Er ist f\u00fcr Verliebte konzipiert. Seine runde Form verleiht ihm den Charakter eines wahren","breadcrumb":{"@id":"https:\/\/www.erresse-shop.it\/de\/shop\/tisch\/picknickkoerbe\/les-jardins-de-la-comtesse-runder-picknickkorb-2-personen-tuileries\/#breadcrumb"},"inLanguage":"de-DE","potentialAction":[{"@type":"ReadAction","target":["https:\/\/www.erresse-shop.it\/de\/shop\/tisch\/picknickkoerbe\/les-jardins-de-la-comtesse-runder-picknickkorb-2-personen-tuileries\/"]}]},{"@type":"BreadcrumbList","@id":"https:\/\/www.erresse-shop.it\/de\/shop\/tisch\/picknickkoerbe\/les-jardins-de-la-comtesse-runder-picknickkorb-2-personen-tuileries\/#breadcrumb","itemListElement":[{"@type":"ListItem","position":1,"name":"Home","item":"https:\/\/www.erresse-shop.it\/de\/"},{"@type":"ListItem","position":2,"name":"Shop","item":"https:\/\/www.erresse-shop.it\/de\/shop\/"},{"@type":"ListItem","position":3,"name":"LES JARDINS DE LA COMTESSE Runder Picknickkorb 2 Personen Tuileries"}]},{"@type":"WebSite","@id":"https:\/\/www.erresse-shop.it\/de\/#website","url":"https:\/\/www.erresse-shop.it\/de\/","name":"Erresse Shop","description":"Articoli di qualit\u00e0 per la casa","potentialAction":[{"@type":"SearchAction","target":{"@type":"EntryPoint","urlTemplate":"https:\/\/www.erresse-shop.it\/de\/?s={search_term_string}"},"query-input":"required name=search_term_string"}],"inLanguage":"de-DE"}]}},"df_price":79,"df_sale_price":79,"df_regular_price":126.98,"df_image_link":"https:\/\/www.erresse-shop.it\/wp-content\/uploads\/2025\/05\/LES-JARDINS-DE-LA-COMTESSE-Cestino-Picnic-Tuileries-300x300.jpg","_links":{"self":[{"href":"https:\/\/www.erresse-shop.it\/de\/wp-json\/wp\/v2\/product\/500875"}],"collection":[{"href":"https:\/\/www.erresse-shop.it\/de\/wp-json\/wp\/v2\/product"}],"about":[{"href":"https:\/\/www.erresse-shop.it\/de\/wp-json\/wp\/v2\/types\/product"}],"wp:featuredmedia":[{"embeddable":true,"href":"https:\/\/www.erresse-shop.it\/de\/wp-json\/wp\/v2\/media\/500915"}],"wp:attachment":[{"href":"https:\/\/www.erresse-shop.it\/de\/wp-json\/wp\/v2\/media?parent=500875"}],"wp:term":[{"taxonomy":"product_cat","embeddable":true,"href":"https:\/\/www.erresse-shop.it\/de\/wp-json\/wp\/v2\/product_cat?post=500875"},{"taxonomy":"product_tag","embeddable":true,"href":"https:\/\/www.erresse-shop.it\/de\/wp-json\/wp\/v2\/product_tag?post=500875"}],"curies":[{"name":"wp","href":"https:\/\/api.w.org\/{rel}","templated":true}]}}