{"id":499851,"date":"2025-05-21T08:13:24","date_gmt":"2025-05-21T08:13:25","guid":{"rendered":"https:\/\/www.erresse-shop.it\/?post_type=product&#038;p=499851"},"modified":"2026-02-09T11:17:49","modified_gmt":"2026-02-09T11:17:49","slug":"emile-henry-tajine-32-cm-fusain-2","status":"publish","type":"product","link":"https:\/\/www.erresse-shop.it\/de\/shop\/toepfe-pfannen\/tajine-de\/emile-henry-tajine-32-cm-fusain-2\/","title":{"rendered":"EMILE HENRY Tajine 32 cm Fusain"},"content":{"rendered":"<p>Tajine steht f\u00fcr Begegnungen und Gro\u00dfz\u00fcgigkeit. Vielf\u00e4ltige Kontraste, geteilte W\u00fcnsche und Erinnerungen. Sie ist zudem eines der wenigen Rezepte, das sowohl ein Gericht als auch den Topf, in dem es zubereitet wird, beschreibt. Ein Beweis daf\u00fcr, wie wichtig es ist, bei der Zubereitung gut umgeben zu sein.<\/p>\n<p>Unsere Tajine wurde entwickelt, um dieses wandelbare Gericht mit seiner W\u00e4rme, seiner F\u00fclle und seinem Geschmack zu veredeln. Denn die beste Tajine ist nicht die komplizierteste! Sie ist die, die Sie sich vorstellen, indem Sie die Zutaten ausw\u00e4hlen, die Sie inspirieren und neue Emotionen wecken: Zitronen aus dem Garten, frische, schmelzende Datteln, saftige Zitrusfr\u00fcchte \u2026 alles k\u00f6stlich umh\u00fcllt von duftenden Gew\u00fcrzen.<\/p>\n<p>Dann einfach kochen, kandieren, k\u00f6cheln lassen, ohne sich Sorgen zu machen: Unsere Flame\u00ae-Keramik verbreitet eine zarte und gleichm\u00e4\u00dfige Hitze, die sich perfekt anpasst.<\/p>\n<p>Dank des konischen und geschlossenen Deckels zirkuliert der Dampf, die Aromen entfalten sich und die Aromen werden w\u00e4hrend des gesamten Kochvorgangs freigesetzt. Dank seiner Gr\u00f6\u00dfe bleibt er dem Geist dieses gro\u00dfz\u00fcgigen Gerichts treu und reicht f\u00fcr 8 bis 10 G\u00e4ste. Und nicht vergessen: Er sieht so sch\u00f6n aus, dass er sich w\u00e4rmstens zum Servieren eignet!<\/p>\n<p><strong>Ein paar Tipps zur Verwendung Ihrer Emile Henry Tajine:<\/strong><\/p>\n<p>Beginnen Sie die ersten 5 Minuten immer bei niedriger Hitze, um die Temperatur allm\u00e4hlich zu erh\u00f6hen. Erhitzen Sie den Boden Ihrer leeren Tajine nicht: Geben Sie immer etwas Wasser oder \u00d6l hinzu. Achten Sie darauf, dass sich w\u00e4hrend des Kochens immer Saft in Ihrer Tajine befindet. Bei Bedarf k\u00f6nnen Sie ein kleines Glas Wasser hinzuf\u00fcgen. Halten Sie die Tajine w\u00e4hrend des Kochens geschlossen. Sie k\u00f6nnen sie nat\u00fcrlich schnell \u00f6ffnen, um weitere Zutaten und Gew\u00fcrze hinzuzuf\u00fcgen.<\/p>\n<p><strong>L\u00e4nge\/Durchmesser:<\/strong> 32,5 cm<br \/>\n<strong>Breite:<\/strong> 27 cm<br \/>\n<strong>H\u00f6he:<\/strong> 23 cm<br \/>\n<strong>Gewicht (kg):<\/strong> 3,55 kg<br \/>\n<strong>Maximale Temperatur:<\/strong> 290 \u00b0C<br \/>\n<strong>Minimale Temperatur:<\/strong> -20 \u00b0C<\/p>\n","protected":false},"excerpt":{"rendered":"<p>Tajine steht f\u00fcr Begegnungen und Gro\u00dfz\u00fcgigkeit. Vielf\u00e4ltige Kontraste, geteilte W\u00fcnsche und Erinnerungen. Sie ist zudem eines der wenigen Rezepte, das<\/p>\n","protected":false},"featured_media":499880,"template":"","meta":{"_acf_changed":false,"inline_featured_image":false},"product_cat":[6709,14785],"product_tag":[11455,21533,18435,13534,11700],"acf":[],"yoast_head":"<!-- This site is optimized with the Yoast SEO Premium plugin v18.6 (Yoast SEO v19.13) - https:\/\/yoast.com\/wordpress\/plugins\/seo\/ -->\n<title>EMILE HENRY Tajine 32 cm Fusain - Erresse Shop<\/title>\n<meta name=\"description\" content=\"Tajine steht f\u00fcr Begegnungen und Gro\u00dfz\u00fcgigkeit. Vielf\u00e4ltige Kontraste, geteilte W\u00fcnsche und Erinnerungen. Sie ist zudem eines der wenigen Rezepte, das\" \/>\n<meta name=\"robots\" content=\"index, follow, max-snippet:-1, max-image-preview:large, max-video-preview:-1\" \/>\n<link rel=\"canonical\" href=\"https:\/\/www.erresse-shop.it\/de\/shop\/toepfe-pfannen\/tajine-de\/emile-henry-tajine-32-cm-fusain-2\/\" \/>\n<meta property=\"og:locale\" content=\"de_DE\" \/>\n<meta property=\"og:type\" content=\"article\" \/>\n<meta property=\"og:title\" content=\"EMILE HENRY Tajine 32 cm Fusain\" \/>\n<meta property=\"og:description\" content=\"Tajine steht f\u00fcr Begegnungen und Gro\u00dfz\u00fcgigkeit. Vielf\u00e4ltige Kontraste, geteilte W\u00fcnsche und Erinnerungen. Sie ist zudem eines der wenigen Rezepte, das\" \/>\n<meta property=\"og:url\" content=\"https:\/\/www.erresse-shop.it\/de\/shop\/toepfe-pfannen\/tajine-de\/emile-henry-tajine-32-cm-fusain-2\/\" \/>\n<meta property=\"og:site_name\" content=\"Erresse Shop\" \/>\n<meta property=\"article:modified_time\" content=\"2026-02-09T11:17:49+00:00\" \/>\n<meta property=\"og:image\" content=\"https:\/\/www.erresse-shop.it\/wp-content\/uploads\/2025\/05\/EMILE-HENRY-Tajine-32-cm-Fusain-1.jpg\" \/>\n\t<meta property=\"og:image:width\" content=\"1200\" \/>\n\t<meta property=\"og:image:height\" content=\"1200\" \/>\n\t<meta property=\"og:image:type\" content=\"image\/jpeg\" \/>\n<meta name=\"twitter:card\" content=\"summary_large_image\" \/>\n<script type=\"application\/ld+json\" class=\"yoast-schema-graph\">{\"@context\":\"https:\/\/schema.org\",\"@graph\":[{\"@type\":\"WebPage\",\"@id\":\"https:\/\/www.erresse-shop.it\/de\/shop\/toepfe-pfannen\/tajine-de\/emile-henry-tajine-32-cm-fusain-2\/\",\"url\":\"https:\/\/www.erresse-shop.it\/de\/shop\/toepfe-pfannen\/tajine-de\/emile-henry-tajine-32-cm-fusain-2\/\",\"name\":\"EMILE HENRY Tajine 32 cm Fusain - Erresse Shop\",\"isPartOf\":{\"@id\":\"https:\/\/www.erresse-shop.it\/de\/#website\"},\"datePublished\":\"2025-05-21T08:13:25+00:00\",\"dateModified\":\"2026-02-09T11:17:49+00:00\",\"description\":\"Tajine steht f\u00fcr Begegnungen und Gro\u00dfz\u00fcgigkeit. Vielf\u00e4ltige Kontraste, geteilte W\u00fcnsche und Erinnerungen. Sie ist zudem eines der wenigen Rezepte, das\",\"breadcrumb\":{\"@id\":\"https:\/\/www.erresse-shop.it\/de\/shop\/toepfe-pfannen\/tajine-de\/emile-henry-tajine-32-cm-fusain-2\/#breadcrumb\"},\"inLanguage\":\"de-DE\",\"potentialAction\":[{\"@type\":\"ReadAction\",\"target\":[\"https:\/\/www.erresse-shop.it\/de\/shop\/toepfe-pfannen\/tajine-de\/emile-henry-tajine-32-cm-fusain-2\/\"]}]},{\"@type\":\"BreadcrumbList\",\"@id\":\"https:\/\/www.erresse-shop.it\/de\/shop\/toepfe-pfannen\/tajine-de\/emile-henry-tajine-32-cm-fusain-2\/#breadcrumb\",\"itemListElement\":[{\"@type\":\"ListItem\",\"position\":1,\"name\":\"Home\",\"item\":\"https:\/\/www.erresse-shop.it\/de\/\"},{\"@type\":\"ListItem\",\"position\":2,\"name\":\"Shop\",\"item\":\"https:\/\/www.erresse-shop.it\/de\/shop\/\"},{\"@type\":\"ListItem\",\"position\":3,\"name\":\"EMILE HENRY Tajine 32 cm Fusain\"}]},{\"@type\":\"WebSite\",\"@id\":\"https:\/\/www.erresse-shop.it\/de\/#website\",\"url\":\"https:\/\/www.erresse-shop.it\/de\/\",\"name\":\"Erresse Shop\",\"description\":\"Articoli di qualit\u00e0 per la casa\",\"potentialAction\":[{\"@type\":\"SearchAction\",\"target\":{\"@type\":\"EntryPoint\",\"urlTemplate\":\"https:\/\/www.erresse-shop.it\/de\/?s={search_term_string}\"},\"query-input\":\"required name=search_term_string\"}],\"inLanguage\":\"de-DE\"}]}<\/script>\n<!-- \/ Yoast SEO Premium plugin. -->","yoast_head_json":{"title":"EMILE HENRY Tajine 32 cm Fusain - Erresse Shop","description":"Tajine steht f\u00fcr Begegnungen und Gro\u00dfz\u00fcgigkeit. Vielf\u00e4ltige Kontraste, geteilte W\u00fcnsche und Erinnerungen. Sie ist zudem eines der wenigen Rezepte, das","robots":{"index":"index","follow":"follow","max-snippet":"max-snippet:-1","max-image-preview":"max-image-preview:large","max-video-preview":"max-video-preview:-1"},"canonical":"https:\/\/www.erresse-shop.it\/de\/shop\/toepfe-pfannen\/tajine-de\/emile-henry-tajine-32-cm-fusain-2\/","og_locale":"de_DE","og_type":"article","og_title":"EMILE HENRY Tajine 32 cm Fusain","og_description":"Tajine steht f\u00fcr Begegnungen und Gro\u00dfz\u00fcgigkeit. Vielf\u00e4ltige Kontraste, geteilte W\u00fcnsche und Erinnerungen. Sie ist zudem eines der wenigen Rezepte, das","og_url":"https:\/\/www.erresse-shop.it\/de\/shop\/toepfe-pfannen\/tajine-de\/emile-henry-tajine-32-cm-fusain-2\/","og_site_name":"Erresse Shop","article_modified_time":"2026-02-09T11:17:49+00:00","og_image":[{"width":1200,"height":1200,"url":"https:\/\/www.erresse-shop.it\/wp-content\/uploads\/2025\/05\/EMILE-HENRY-Tajine-32-cm-Fusain-1.jpg","type":"image\/jpeg"}],"twitter_card":"summary_large_image","schema":{"@context":"https:\/\/schema.org","@graph":[{"@type":"WebPage","@id":"https:\/\/www.erresse-shop.it\/de\/shop\/toepfe-pfannen\/tajine-de\/emile-henry-tajine-32-cm-fusain-2\/","url":"https:\/\/www.erresse-shop.it\/de\/shop\/toepfe-pfannen\/tajine-de\/emile-henry-tajine-32-cm-fusain-2\/","name":"EMILE HENRY Tajine 32 cm Fusain - Erresse Shop","isPartOf":{"@id":"https:\/\/www.erresse-shop.it\/de\/#website"},"datePublished":"2025-05-21T08:13:25+00:00","dateModified":"2026-02-09T11:17:49+00:00","description":"Tajine steht f\u00fcr Begegnungen und Gro\u00dfz\u00fcgigkeit. Vielf\u00e4ltige Kontraste, geteilte W\u00fcnsche und Erinnerungen. Sie ist zudem eines der wenigen Rezepte, das","breadcrumb":{"@id":"https:\/\/www.erresse-shop.it\/de\/shop\/toepfe-pfannen\/tajine-de\/emile-henry-tajine-32-cm-fusain-2\/#breadcrumb"},"inLanguage":"de-DE","potentialAction":[{"@type":"ReadAction","target":["https:\/\/www.erresse-shop.it\/de\/shop\/toepfe-pfannen\/tajine-de\/emile-henry-tajine-32-cm-fusain-2\/"]}]},{"@type":"BreadcrumbList","@id":"https:\/\/www.erresse-shop.it\/de\/shop\/toepfe-pfannen\/tajine-de\/emile-henry-tajine-32-cm-fusain-2\/#breadcrumb","itemListElement":[{"@type":"ListItem","position":1,"name":"Home","item":"https:\/\/www.erresse-shop.it\/de\/"},{"@type":"ListItem","position":2,"name":"Shop","item":"https:\/\/www.erresse-shop.it\/de\/shop\/"},{"@type":"ListItem","position":3,"name":"EMILE HENRY Tajine 32 cm Fusain"}]},{"@type":"WebSite","@id":"https:\/\/www.erresse-shop.it\/de\/#website","url":"https:\/\/www.erresse-shop.it\/de\/","name":"Erresse Shop","description":"Articoli di qualit\u00e0 per la casa","potentialAction":[{"@type":"SearchAction","target":{"@type":"EntryPoint","urlTemplate":"https:\/\/www.erresse-shop.it\/de\/?s={search_term_string}"},"query-input":"required name=search_term_string"}],"inLanguage":"de-DE"}]}},"df_price":99.95,"df_sale_price":99.95,"df_regular_price":144.9,"df_image_link":"https:\/\/www.erresse-shop.it\/wp-content\/uploads\/2025\/05\/EMILE-HENRY-Tajine-32-cm-Fusain-1-300x300.jpg","_links":{"self":[{"href":"https:\/\/www.erresse-shop.it\/de\/wp-json\/wp\/v2\/product\/499851"}],"collection":[{"href":"https:\/\/www.erresse-shop.it\/de\/wp-json\/wp\/v2\/product"}],"about":[{"href":"https:\/\/www.erresse-shop.it\/de\/wp-json\/wp\/v2\/types\/product"}],"wp:featuredmedia":[{"embeddable":true,"href":"https:\/\/www.erresse-shop.it\/de\/wp-json\/wp\/v2\/media\/499880"}],"wp:attachment":[{"href":"https:\/\/www.erresse-shop.it\/de\/wp-json\/wp\/v2\/media?parent=499851"}],"wp:term":[{"taxonomy":"product_cat","embeddable":true,"href":"https:\/\/www.erresse-shop.it\/de\/wp-json\/wp\/v2\/product_cat?post=499851"},{"taxonomy":"product_tag","embeddable":true,"href":"https:\/\/www.erresse-shop.it\/de\/wp-json\/wp\/v2\/product_tag?post=499851"}],"curies":[{"name":"wp","href":"https:\/\/api.w.org\/{rel}","templated":true}]}}