{"id":499281,"date":"2025-05-16T08:27:38","date_gmt":"2025-05-16T08:27:39","guid":{"rendered":"https:\/\/www.erresse-shop.it\/?post_type=product&#038;p=499281"},"modified":"2026-03-10T08:49:43","modified_gmt":"2026-03-10T08:49:43","slug":"instant-pot-multicooker-plus-wifi-57-l-schwarz","status":"publish","type":"product","link":"https:\/\/www.erresse-shop.it\/de\/shop\/kleine-elektrogeraete\/kuechenmaschinen\/instant-pot-multicooker-plus-wifi-57-l-schwarz\/","title":{"rendered":"INSTANT POT Multicooker Plus Wifi 5,7 L Schwarz"},"content":{"rendered":"<div class=\"metafield-rich_text_field\">\n<p><span style=\"font-size: 14pt\"><strong>Die perfekte Kombination aus Technologie und Vielseitigkeit<\/strong><\/span><\/p>\n<\/div>\n<div class=\"product__description-formated \">\n<div class=\"metafield-rich_text_field\">\n<p>Der Instant Pot Plus ist die ultimative L\u00f6sung f\u00fcr alle, die ein Multitalent suchen. Mit neun Funktionen in einem Ger\u00e4t vereinfacht diese Version Ihre K\u00fcchenarbeit. Dank WLAN-Verbindung k\u00f6nnen Sie ihn bequem \u00fcber die Instant Brands Connect App fernsteuern und Ihre Gerichte so einfach und bequem verwalten.<\/p>\n<p><span style=\"font-size: 14pt\"><strong>Elegantes Design und Komfort<\/strong><\/span><br \/>\nMit seinem Geh\u00e4use aus geb\u00fcrstetem Edelstahl und der mattschwarzen Oberfl\u00e4che ist der Instant Pot Plus nicht nur leistungsstark, sondern auch \u00e4sthetisch elegant. Der Edelstahl-Innentopf mit verst\u00e4rktem Boden sorgt f\u00fcr gleichm\u00e4\u00dfige und schnelle Hitze. Die Silikongriffe erm\u00f6glichen den einfachen Transport von der Arbeitsplatte zum Herd, auch auf Induktionsherden.<\/p>\n<p><span style=\"font-size: 14pt\"><strong>Fortschrittliche Technologie f\u00fcr leises Kochen<\/strong><\/span><br \/>\nEin besonderes Merkmal des Instant Pot Plus ist die Whisper Quiet-Technologie, die dank des separaten Druckschalters f\u00fcr ger\u00e4uschlosen Dampfaustritt sorgt. Damit ist er ideal f\u00fcr alle, die eine ruhige K\u00fcche ohne den typischen L\u00e4rm herk\u00f6mmlicher Ger\u00e4te w\u00fcnschen.<\/p>\n<p><span style=\"font-size: 14pt\"><strong>9 Programme f\u00fcr jede Zubereitungsart<\/strong><\/span><br \/>\nDer Instant Pot Plus ist ein echtes Multitalent in der K\u00fcche. Mit 9 voreingestellten Programmen k\u00f6nnen Sie vom Schnellkochen \u00fcber die Zubereitung von Reis oder M\u00fcsli bis hin zum D\u00e4mpfen und Sous-vide-Garen wechseln. Dank seiner F\u00e4higkeit, Speisen warmzuhalten, langsam zu garen und Joghurt zuzubereiten, eignet er sich ideal f\u00fcr alle Arten von Gerichten.<\/p>\n<\/div>\n<div class=\"metafield-rich_text_field\">\n<p><span style=\"font-size: 14pt\"><strong>Vernetzt und smart f\u00fcr ein modernes Kocherlebnis<\/strong><\/span><br \/>\nDer Instant Pot Plus ist vollst\u00e4ndig vernetzt und bietet die M\u00f6glichkeit, die Instant Brands Connect App auf iOS- und Android-Ger\u00e4ten zu nutzen. Mit \u00fcber 800 verf\u00fcgbaren Rezepten k\u00f6nnen Sie jeden Tag kochen, ohne jemals die Inspiration zu verlieren. Dank des kabellosen Modus haben Sie immer Zugriff auf neue Tipps und Anleitungen, damit jedes Gericht gelingt.<\/p>\n<p><strong>Technische Daten:<\/strong><\/p>\n<ul class=\"product__spec-list\">\n<li class=\"product__tag\"><strong>Fassungsverm\u00f6gen:<\/strong> 5,7 l<\/li>\n<li class=\"product__tag\"><strong>Garantie:<\/strong> 2 Jahre<\/li>\n<li class=\"product__tag\"><strong>Abmessungen:<\/strong> 33 x 35 x 32,5 cm<\/li>\n<li class=\"product__tag\"><strong>Gewicht:<\/strong> 5900 g<\/li>\n<li class=\"product__tag\"><strong>Anzahl der Funktionen:<\/strong> 9 \u2013 One-Touch-Funktionen<\/li>\n<\/ul>\n<\/div>\n<\/div>\n<p><span style=\"text-decoration: underline\"><strong>Not for sale outside Europe<\/strong><\/span><\/p>\n","protected":false},"excerpt":{"rendered":"<p>Die perfekte Kombination aus Technologie und Vielseitigkeit Der Instant Pot Plus ist die ultimative L\u00f6sung f\u00fcr alle, die ein Multitalent<\/p>\n","protected":false},"featured_media":499302,"template":"","meta":{"_acf_changed":false,"inline_featured_image":false},"product_cat":[6703,6721],"product_tag":[12328,23661,24416,24455,17938,13436,12205,21822],"acf":[],"yoast_head":"<!-- This site is optimized with the Yoast SEO Premium plugin v18.6 (Yoast SEO v19.13) - https:\/\/yoast.com\/wordpress\/plugins\/seo\/ -->\n<title>INSTANT POT Multicooker Plus Wifi 5,7 L Schwarz - Erresse Shop<\/title>\n<meta name=\"description\" content=\"Die perfekte Kombination aus Technologie und Vielseitigkeit Der Instant Pot Plus ist die ultimative L\u00f6sung f\u00fcr alle, die ein Multitalent suchen. Mit neun\" \/>\n<meta name=\"robots\" content=\"index, follow, max-snippet:-1, max-image-preview:large, max-video-preview:-1\" \/>\n<link rel=\"canonical\" href=\"https:\/\/www.erresse-shop.it\/de\/shop\/kleine-elektrogeraete\/kuechenmaschinen\/instant-pot-multicooker-plus-wifi-57-l-schwarz\/\" \/>\n<meta property=\"og:locale\" content=\"de_DE\" \/>\n<meta property=\"og:type\" content=\"article\" \/>\n<meta property=\"og:title\" content=\"INSTANT POT Multicooker Plus Wifi 5,7 L Schwarz\" \/>\n<meta property=\"og:description\" content=\"Die perfekte Kombination aus Technologie und Vielseitigkeit Der Instant Pot Plus ist die ultimative L\u00f6sung f\u00fcr alle, die ein Multitalent suchen. Mit neun\" \/>\n<meta property=\"og:url\" content=\"https:\/\/www.erresse-shop.it\/de\/shop\/kleine-elektrogeraete\/kuechenmaschinen\/instant-pot-multicooker-plus-wifi-57-l-schwarz\/\" \/>\n<meta property=\"og:site_name\" content=\"Erresse Shop\" \/>\n<meta property=\"article:modified_time\" content=\"2026-03-10T08:49:43+00:00\" \/>\n<meta property=\"og:image\" content=\"https:\/\/www.erresse-shop.it\/wp-content\/uploads\/2025\/05\/INSTANT-POT-Multicooker-Plus-Wifi-57-L-Nero.jpg\" \/>\n\t<meta property=\"og:image:width\" content=\"1200\" \/>\n\t<meta property=\"og:image:height\" content=\"1200\" \/>\n\t<meta property=\"og:image:type\" content=\"image\/jpeg\" \/>\n<meta name=\"twitter:card\" content=\"summary_large_image\" \/>\n<script type=\"application\/ld+json\" class=\"yoast-schema-graph\">{\"@context\":\"https:\/\/schema.org\",\"@graph\":[{\"@type\":\"WebPage\",\"@id\":\"https:\/\/www.erresse-shop.it\/de\/shop\/kleine-elektrogeraete\/kuechenmaschinen\/instant-pot-multicooker-plus-wifi-57-l-schwarz\/\",\"url\":\"https:\/\/www.erresse-shop.it\/de\/shop\/kleine-elektrogeraete\/kuechenmaschinen\/instant-pot-multicooker-plus-wifi-57-l-schwarz\/\",\"name\":\"INSTANT POT Multicooker Plus Wifi 5,7 L Schwarz - Erresse Shop\",\"isPartOf\":{\"@id\":\"https:\/\/www.erresse-shop.it\/de\/#website\"},\"datePublished\":\"2025-05-16T08:27:39+00:00\",\"dateModified\":\"2026-03-10T08:49:43+00:00\",\"description\":\"Die perfekte Kombination aus Technologie und Vielseitigkeit Der Instant Pot Plus ist die ultimative L\u00f6sung f\u00fcr alle, die ein Multitalent suchen. Mit neun\",\"breadcrumb\":{\"@id\":\"https:\/\/www.erresse-shop.it\/de\/shop\/kleine-elektrogeraete\/kuechenmaschinen\/instant-pot-multicooker-plus-wifi-57-l-schwarz\/#breadcrumb\"},\"inLanguage\":\"de-DE\",\"potentialAction\":[{\"@type\":\"ReadAction\",\"target\":[\"https:\/\/www.erresse-shop.it\/de\/shop\/kleine-elektrogeraete\/kuechenmaschinen\/instant-pot-multicooker-plus-wifi-57-l-schwarz\/\"]}]},{\"@type\":\"BreadcrumbList\",\"@id\":\"https:\/\/www.erresse-shop.it\/de\/shop\/kleine-elektrogeraete\/kuechenmaschinen\/instant-pot-multicooker-plus-wifi-57-l-schwarz\/#breadcrumb\",\"itemListElement\":[{\"@type\":\"ListItem\",\"position\":1,\"name\":\"Home\",\"item\":\"https:\/\/www.erresse-shop.it\/de\/\"},{\"@type\":\"ListItem\",\"position\":2,\"name\":\"Shop\",\"item\":\"https:\/\/www.erresse-shop.it\/de\/shop\/\"},{\"@type\":\"ListItem\",\"position\":3,\"name\":\"INSTANT POT Multicooker Plus Wifi 5,7 L Schwarz\"}]},{\"@type\":\"WebSite\",\"@id\":\"https:\/\/www.erresse-shop.it\/de\/#website\",\"url\":\"https:\/\/www.erresse-shop.it\/de\/\",\"name\":\"Erresse Shop\",\"description\":\"Articoli di qualit\u00e0 per la casa\",\"potentialAction\":[{\"@type\":\"SearchAction\",\"target\":{\"@type\":\"EntryPoint\",\"urlTemplate\":\"https:\/\/www.erresse-shop.it\/de\/?s={search_term_string}\"},\"query-input\":\"required name=search_term_string\"}],\"inLanguage\":\"de-DE\"}]}<\/script>\n<!-- \/ Yoast SEO Premium plugin. -->","yoast_head_json":{"title":"INSTANT POT Multicooker Plus Wifi 5,7 L Schwarz - Erresse Shop","description":"Die perfekte Kombination aus Technologie und Vielseitigkeit Der Instant Pot Plus ist die ultimative L\u00f6sung f\u00fcr alle, die ein Multitalent suchen. Mit neun","robots":{"index":"index","follow":"follow","max-snippet":"max-snippet:-1","max-image-preview":"max-image-preview:large","max-video-preview":"max-video-preview:-1"},"canonical":"https:\/\/www.erresse-shop.it\/de\/shop\/kleine-elektrogeraete\/kuechenmaschinen\/instant-pot-multicooker-plus-wifi-57-l-schwarz\/","og_locale":"de_DE","og_type":"article","og_title":"INSTANT POT Multicooker Plus Wifi 5,7 L Schwarz","og_description":"Die perfekte Kombination aus Technologie und Vielseitigkeit Der Instant Pot Plus ist die ultimative L\u00f6sung f\u00fcr alle, die ein Multitalent suchen. Mit neun","og_url":"https:\/\/www.erresse-shop.it\/de\/shop\/kleine-elektrogeraete\/kuechenmaschinen\/instant-pot-multicooker-plus-wifi-57-l-schwarz\/","og_site_name":"Erresse Shop","article_modified_time":"2026-03-10T08:49:43+00:00","og_image":[{"width":1200,"height":1200,"url":"https:\/\/www.erresse-shop.it\/wp-content\/uploads\/2025\/05\/INSTANT-POT-Multicooker-Plus-Wifi-57-L-Nero.jpg","type":"image\/jpeg"}],"twitter_card":"summary_large_image","schema":{"@context":"https:\/\/schema.org","@graph":[{"@type":"WebPage","@id":"https:\/\/www.erresse-shop.it\/de\/shop\/kleine-elektrogeraete\/kuechenmaschinen\/instant-pot-multicooker-plus-wifi-57-l-schwarz\/","url":"https:\/\/www.erresse-shop.it\/de\/shop\/kleine-elektrogeraete\/kuechenmaschinen\/instant-pot-multicooker-plus-wifi-57-l-schwarz\/","name":"INSTANT POT Multicooker Plus Wifi 5,7 L Schwarz - Erresse Shop","isPartOf":{"@id":"https:\/\/www.erresse-shop.it\/de\/#website"},"datePublished":"2025-05-16T08:27:39+00:00","dateModified":"2026-03-10T08:49:43+00:00","description":"Die perfekte Kombination aus Technologie und Vielseitigkeit Der Instant Pot Plus ist die ultimative L\u00f6sung f\u00fcr alle, die ein Multitalent suchen. Mit neun","breadcrumb":{"@id":"https:\/\/www.erresse-shop.it\/de\/shop\/kleine-elektrogeraete\/kuechenmaschinen\/instant-pot-multicooker-plus-wifi-57-l-schwarz\/#breadcrumb"},"inLanguage":"de-DE","potentialAction":[{"@type":"ReadAction","target":["https:\/\/www.erresse-shop.it\/de\/shop\/kleine-elektrogeraete\/kuechenmaschinen\/instant-pot-multicooker-plus-wifi-57-l-schwarz\/"]}]},{"@type":"BreadcrumbList","@id":"https:\/\/www.erresse-shop.it\/de\/shop\/kleine-elektrogeraete\/kuechenmaschinen\/instant-pot-multicooker-plus-wifi-57-l-schwarz\/#breadcrumb","itemListElement":[{"@type":"ListItem","position":1,"name":"Home","item":"https:\/\/www.erresse-shop.it\/de\/"},{"@type":"ListItem","position":2,"name":"Shop","item":"https:\/\/www.erresse-shop.it\/de\/shop\/"},{"@type":"ListItem","position":3,"name":"INSTANT POT Multicooker Plus Wifi 5,7 L Schwarz"}]},{"@type":"WebSite","@id":"https:\/\/www.erresse-shop.it\/de\/#website","url":"https:\/\/www.erresse-shop.it\/de\/","name":"Erresse Shop","description":"Articoli di qualit\u00e0 per la casa","potentialAction":[{"@type":"SearchAction","target":{"@type":"EntryPoint","urlTemplate":"https:\/\/www.erresse-shop.it\/de\/?s={search_term_string}"},"query-input":"required name=search_term_string"}],"inLanguage":"de-DE"}]}},"df_price":139,"df_sale_price":139,"df_regular_price":219.99,"df_image_link":"https:\/\/www.erresse-shop.it\/wp-content\/uploads\/2025\/05\/INSTANT-POT-Multicooker-Plus-Wifi-57-L-Nero-300x300.jpg","_links":{"self":[{"href":"https:\/\/www.erresse-shop.it\/de\/wp-json\/wp\/v2\/product\/499281"}],"collection":[{"href":"https:\/\/www.erresse-shop.it\/de\/wp-json\/wp\/v2\/product"}],"about":[{"href":"https:\/\/www.erresse-shop.it\/de\/wp-json\/wp\/v2\/types\/product"}],"wp:featuredmedia":[{"embeddable":true,"href":"https:\/\/www.erresse-shop.it\/de\/wp-json\/wp\/v2\/media\/499302"}],"wp:attachment":[{"href":"https:\/\/www.erresse-shop.it\/de\/wp-json\/wp\/v2\/media?parent=499281"}],"wp:term":[{"taxonomy":"product_cat","embeddable":true,"href":"https:\/\/www.erresse-shop.it\/de\/wp-json\/wp\/v2\/product_cat?post=499281"},{"taxonomy":"product_tag","embeddable":true,"href":"https:\/\/www.erresse-shop.it\/de\/wp-json\/wp\/v2\/product_tag?post=499281"}],"curies":[{"name":"wp","href":"https:\/\/api.w.org\/{rel}","templated":true}]}}