{"id":499177,"date":"2025-05-14T13:04:46","date_gmt":"2025-05-14T13:04:47","guid":{"rendered":"https:\/\/www.erresse-shop.it\/?post_type=product&#038;p=499177"},"modified":"2026-02-09T11:28:02","modified_gmt":"2026-02-09T11:28:02","slug":"villeroy-boch-lave-schuessel-gruen","status":"publish","type":"product","link":"https:\/\/www.erresse-shop.it\/de\/shop\/tisch\/koerbe-und-schalen\/villeroy-boch-lave-schuessel-gruen\/","title":{"rendered":"VILLEROY &#038; BOCH Lave Sch\u00fcssel Gr\u00fcn"},"content":{"rendered":"<p class=\"p1\"><strong>Serviersch\u00fcssel<\/strong><\/p>\n<ul>\n<li>Die Sch\u00fcssel eignet sich ideal zum Anrichten und Servieren gr\u00f6\u00dferer Portionen.<\/li>\n<li>Harmonisches Farbspiel: Die reaktive Glasur erzeugt zarte, organische Farbverl\u00e4ufe, die jedes St\u00fcck einzigartig machen.<\/li>\n<li>Nat\u00fcrlich inspiriert: Die aufeinander abgestimmten Farben der Lave-Kollektion sorgen f\u00fcr ein harmonisches Gesamtbild.<\/li>\n<\/ul>\n<p><strong>Material:<\/strong> Terrakotta<br \/>\n<strong>Sp\u00fclmaschinenfest:<\/strong> Ja<br \/>\n<strong>Mikrowellengeeignet:<\/strong> Ja<\/p>\n<p><span style=\"font-size: 14pt;\"><strong>Ma\u00dfe:<\/strong><\/span><\/p>\n<div>\n<div>\n<ul>\n<li><strong>Durchmesser:<\/strong> 270 mm<\/li>\n<li><strong>H\u00f6he:<\/strong> 43 mm<\/li>\n<li><strong>Volumen:<\/strong>600 ml<\/li>\n<\/ul>\n<\/div>\n<\/div>\n","protected":false},"excerpt":{"rendered":"<p>Serviersch\u00fcssel Die Sch\u00fcssel eignet sich ideal zum Anrichten und Servieren gr\u00f6\u00dferer Portionen. Harmonisches Farbspiel: Die reaktive Glasur erzeugt zarte, organische<\/p>\n","protected":false},"featured_media":499199,"template":"","meta":{"_acf_changed":false,"inline_featured_image":false},"product_cat":[6787,14243],"product_tag":[25027,24398,11563,16526],"acf":[],"yoast_head":"<!-- This site is optimized with the Yoast SEO Premium plugin v18.6 (Yoast SEO v19.13) - https:\/\/yoast.com\/wordpress\/plugins\/seo\/ -->\n<title>VILLEROY &amp; BOCH Lave Sch\u00fcssel Gr\u00fcn - Erresse Shop<\/title>\n<meta name=\"description\" content=\"Serviersch\u00fcssel Die Sch\u00fcssel eignet sich ideal zum Anrichten und Servieren gr\u00f6\u00dferer Portionen. Harmonisches Farbspiel: Die reaktive Glasur erzeugt zarte,\" \/>\n<meta name=\"robots\" content=\"index, follow, max-snippet:-1, max-image-preview:large, max-video-preview:-1\" \/>\n<link rel=\"canonical\" href=\"https:\/\/www.erresse-shop.it\/de\/shop\/tisch\/koerbe-und-schalen\/villeroy-boch-lave-schuessel-gruen\/\" \/>\n<meta property=\"og:locale\" content=\"de_DE\" \/>\n<meta property=\"og:type\" content=\"article\" \/>\n<meta property=\"og:title\" content=\"VILLEROY &amp; BOCH Lave Sch\u00fcssel Gr\u00fcn\" \/>\n<meta property=\"og:description\" content=\"Serviersch\u00fcssel Die Sch\u00fcssel eignet sich ideal zum Anrichten und Servieren gr\u00f6\u00dferer Portionen. Harmonisches Farbspiel: Die reaktive Glasur erzeugt zarte,\" \/>\n<meta property=\"og:url\" content=\"https:\/\/www.erresse-shop.it\/de\/shop\/tisch\/koerbe-und-schalen\/villeroy-boch-lave-schuessel-gruen\/\" \/>\n<meta property=\"og:site_name\" content=\"Erresse Shop\" \/>\n<meta property=\"article:modified_time\" content=\"2026-02-09T11:28:02+00:00\" \/>\n<meta property=\"og:image\" content=\"https:\/\/www.erresse-shop.it\/wp-content\/uploads\/2025\/05\/VILLEROY-BOCH-Lave-Ciotola-Verde.jpg\" \/>\n\t<meta property=\"og:image:width\" content=\"1200\" \/>\n\t<meta property=\"og:image:height\" content=\"1200\" \/>\n\t<meta property=\"og:image:type\" content=\"image\/jpeg\" \/>\n<meta name=\"twitter:card\" content=\"summary_large_image\" \/>\n<script type=\"application\/ld+json\" class=\"yoast-schema-graph\">{\"@context\":\"https:\/\/schema.org\",\"@graph\":[{\"@type\":\"WebPage\",\"@id\":\"https:\/\/www.erresse-shop.it\/de\/shop\/tisch\/koerbe-und-schalen\/villeroy-boch-lave-schuessel-gruen\/\",\"url\":\"https:\/\/www.erresse-shop.it\/de\/shop\/tisch\/koerbe-und-schalen\/villeroy-boch-lave-schuessel-gruen\/\",\"name\":\"VILLEROY & BOCH Lave Sch\u00fcssel Gr\u00fcn - Erresse Shop\",\"isPartOf\":{\"@id\":\"https:\/\/www.erresse-shop.it\/de\/#website\"},\"datePublished\":\"2025-05-14T13:04:47+00:00\",\"dateModified\":\"2026-02-09T11:28:02+00:00\",\"description\":\"Serviersch\u00fcssel Die Sch\u00fcssel eignet sich ideal zum Anrichten und Servieren gr\u00f6\u00dferer Portionen. Harmonisches Farbspiel: Die reaktive Glasur erzeugt zarte,\",\"breadcrumb\":{\"@id\":\"https:\/\/www.erresse-shop.it\/de\/shop\/tisch\/koerbe-und-schalen\/villeroy-boch-lave-schuessel-gruen\/#breadcrumb\"},\"inLanguage\":\"de-DE\",\"potentialAction\":[{\"@type\":\"ReadAction\",\"target\":[\"https:\/\/www.erresse-shop.it\/de\/shop\/tisch\/koerbe-und-schalen\/villeroy-boch-lave-schuessel-gruen\/\"]}]},{\"@type\":\"BreadcrumbList\",\"@id\":\"https:\/\/www.erresse-shop.it\/de\/shop\/tisch\/koerbe-und-schalen\/villeroy-boch-lave-schuessel-gruen\/#breadcrumb\",\"itemListElement\":[{\"@type\":\"ListItem\",\"position\":1,\"name\":\"Home\",\"item\":\"https:\/\/www.erresse-shop.it\/de\/\"},{\"@type\":\"ListItem\",\"position\":2,\"name\":\"Shop\",\"item\":\"https:\/\/www.erresse-shop.it\/de\/shop\/\"},{\"@type\":\"ListItem\",\"position\":3,\"name\":\"VILLEROY &#038; BOCH Lave Sch\u00fcssel Gr\u00fcn\"}]},{\"@type\":\"WebSite\",\"@id\":\"https:\/\/www.erresse-shop.it\/de\/#website\",\"url\":\"https:\/\/www.erresse-shop.it\/de\/\",\"name\":\"Erresse Shop\",\"description\":\"Articoli di qualit\u00e0 per la casa\",\"potentialAction\":[{\"@type\":\"SearchAction\",\"target\":{\"@type\":\"EntryPoint\",\"urlTemplate\":\"https:\/\/www.erresse-shop.it\/de\/?s={search_term_string}\"},\"query-input\":\"required name=search_term_string\"}],\"inLanguage\":\"de-DE\"}]}<\/script>\n<!-- \/ Yoast SEO Premium plugin. -->","yoast_head_json":{"title":"VILLEROY & BOCH Lave Sch\u00fcssel Gr\u00fcn - Erresse Shop","description":"Serviersch\u00fcssel Die Sch\u00fcssel eignet sich ideal zum Anrichten und Servieren gr\u00f6\u00dferer Portionen. Harmonisches Farbspiel: Die reaktive Glasur erzeugt zarte,","robots":{"index":"index","follow":"follow","max-snippet":"max-snippet:-1","max-image-preview":"max-image-preview:large","max-video-preview":"max-video-preview:-1"},"canonical":"https:\/\/www.erresse-shop.it\/de\/shop\/tisch\/koerbe-und-schalen\/villeroy-boch-lave-schuessel-gruen\/","og_locale":"de_DE","og_type":"article","og_title":"VILLEROY & BOCH Lave Sch\u00fcssel Gr\u00fcn","og_description":"Serviersch\u00fcssel Die Sch\u00fcssel eignet sich ideal zum Anrichten und Servieren gr\u00f6\u00dferer Portionen. Harmonisches Farbspiel: Die reaktive Glasur erzeugt zarte,","og_url":"https:\/\/www.erresse-shop.it\/de\/shop\/tisch\/koerbe-und-schalen\/villeroy-boch-lave-schuessel-gruen\/","og_site_name":"Erresse Shop","article_modified_time":"2026-02-09T11:28:02+00:00","og_image":[{"width":1200,"height":1200,"url":"https:\/\/www.erresse-shop.it\/wp-content\/uploads\/2025\/05\/VILLEROY-BOCH-Lave-Ciotola-Verde.jpg","type":"image\/jpeg"}],"twitter_card":"summary_large_image","schema":{"@context":"https:\/\/schema.org","@graph":[{"@type":"WebPage","@id":"https:\/\/www.erresse-shop.it\/de\/shop\/tisch\/koerbe-und-schalen\/villeroy-boch-lave-schuessel-gruen\/","url":"https:\/\/www.erresse-shop.it\/de\/shop\/tisch\/koerbe-und-schalen\/villeroy-boch-lave-schuessel-gruen\/","name":"VILLEROY & BOCH Lave Sch\u00fcssel Gr\u00fcn - Erresse Shop","isPartOf":{"@id":"https:\/\/www.erresse-shop.it\/de\/#website"},"datePublished":"2025-05-14T13:04:47+00:00","dateModified":"2026-02-09T11:28:02+00:00","description":"Serviersch\u00fcssel Die Sch\u00fcssel eignet sich ideal zum Anrichten und Servieren gr\u00f6\u00dferer Portionen. Harmonisches Farbspiel: Die reaktive Glasur erzeugt zarte,","breadcrumb":{"@id":"https:\/\/www.erresse-shop.it\/de\/shop\/tisch\/koerbe-und-schalen\/villeroy-boch-lave-schuessel-gruen\/#breadcrumb"},"inLanguage":"de-DE","potentialAction":[{"@type":"ReadAction","target":["https:\/\/www.erresse-shop.it\/de\/shop\/tisch\/koerbe-und-schalen\/villeroy-boch-lave-schuessel-gruen\/"]}]},{"@type":"BreadcrumbList","@id":"https:\/\/www.erresse-shop.it\/de\/shop\/tisch\/koerbe-und-schalen\/villeroy-boch-lave-schuessel-gruen\/#breadcrumb","itemListElement":[{"@type":"ListItem","position":1,"name":"Home","item":"https:\/\/www.erresse-shop.it\/de\/"},{"@type":"ListItem","position":2,"name":"Shop","item":"https:\/\/www.erresse-shop.it\/de\/shop\/"},{"@type":"ListItem","position":3,"name":"VILLEROY &#038; BOCH Lave Sch\u00fcssel Gr\u00fcn"}]},{"@type":"WebSite","@id":"https:\/\/www.erresse-shop.it\/de\/#website","url":"https:\/\/www.erresse-shop.it\/de\/","name":"Erresse Shop","description":"Articoli di qualit\u00e0 per la casa","potentialAction":[{"@type":"SearchAction","target":{"@type":"EntryPoint","urlTemplate":"https:\/\/www.erresse-shop.it\/de\/?s={search_term_string}"},"query-input":"required name=search_term_string"}],"inLanguage":"de-DE"}]}},"df_price":12.45,"df_sale_price":12.45,"df_regular_price":24.9,"df_image_link":"https:\/\/www.erresse-shop.it\/wp-content\/uploads\/2025\/05\/VILLEROY-BOCH-Lave-Ciotola-Verde-300x300.jpg","_links":{"self":[{"href":"https:\/\/www.erresse-shop.it\/de\/wp-json\/wp\/v2\/product\/499177"}],"collection":[{"href":"https:\/\/www.erresse-shop.it\/de\/wp-json\/wp\/v2\/product"}],"about":[{"href":"https:\/\/www.erresse-shop.it\/de\/wp-json\/wp\/v2\/types\/product"}],"wp:featuredmedia":[{"embeddable":true,"href":"https:\/\/www.erresse-shop.it\/de\/wp-json\/wp\/v2\/media\/499199"}],"wp:attachment":[{"href":"https:\/\/www.erresse-shop.it\/de\/wp-json\/wp\/v2\/media?parent=499177"}],"wp:term":[{"taxonomy":"product_cat","embeddable":true,"href":"https:\/\/www.erresse-shop.it\/de\/wp-json\/wp\/v2\/product_cat?post=499177"},{"taxonomy":"product_tag","embeddable":true,"href":"https:\/\/www.erresse-shop.it\/de\/wp-json\/wp\/v2\/product_tag?post=499177"}],"curies":[{"name":"wp","href":"https:\/\/api.w.org\/{rel}","templated":true}]}}