{"id":499098,"date":"2025-05-14T08:41:13","date_gmt":"2025-05-14T08:41:17","guid":{"rendered":"https:\/\/www.erresse-shop.it\/?post_type=product&#038;p=499098"},"modified":"2025-05-14T09:12:30","modified_gmt":"2025-05-14T09:12:30","slug":"smeg-manuelle-espressomaschine-mit-dampfduese-schwarz","status":"publish","type":"product","link":"https:\/\/www.erresse-shop.it\/de\/shop\/kleine-elektrogeraete\/kaffeemaschinen-espresso\/handbuecher\/smeg-manuelle-espressomaschine-mit-dampfduese-schwarz\/","title":{"rendered":"SMEG Manuelle Espressomaschine mit Dampfd\u00fcse Schwarz"},"content":{"rendered":"<div class=\"main__description\">Machen Sie jeden Morgen zu einem authentischen Barista-Erlebnis mit der Kaffeemaschine von Smeg, bei der Eleganz auf professionelle Leistung trifft. Genie\u00dfen Sie echten italienischen Espresso bequem in Ihrer K\u00fcche und kreieren Sie jede Tasse ganz nach Ihrem Geschmack.<\/div>\n<div class=\"main__description\">\n<ul>\n<li>Schnellstart: Dank des dreifachen Thermoblock-Heizsystems erreicht die Maschine in wenigen Minuten die ideale Temperatur, wobei die Dampffunktion stets einsatzbereit ist.<\/li>\n<li>Mitgeliefertes Zubeh\u00f6rset f\u00fcr das perfekte Barista-Erlebnis: Einfach- und Doppelkaffeefilter (mit und ohne Druck), Edelstahlkanne, Edelstahlstampfer, Wasserh\u00e4rtemesser, Reinigungsscheibe, B\u00fcrste und Reinigungsnadel.<\/li>\n<li>Das Display erleichtert die Anpassung der Einstellungen und Parameter f\u00fcr perfekten Kaffee.<\/li>\n<li>Ausgestattet mit einer 15-bar-Pumpe f\u00fcr optimale Espresso-Extraktion.<\/li>\n<li>Kaffeemaschine komplett in Italien entwickelt und hergestellt.<\/li>\n<li>Pr\u00e4zise Druck\u00fcberwachung: Das integrierte Manometer erm\u00f6glicht die einfache \u00dcberwachung des Extraktionsdrucks und stellt sicher, dass jedes Getr\u00e4nk optimal zubereitet wird. Perfektion.<\/li>\n<li>Professioneller Siebtr\u00e4ger: Mit einem 58-mm-Siebtr\u00e4ger garantiert die Maschine au\u00dfergew\u00f6hnliche Ergebnisse.<\/li>\n<\/ul>\n<\/div>\n<h3 class=\"title\"><span style=\"font-size: 14pt;\">Professionelle Extraktion<\/span><\/h3>\n<div class=\"text\">Die semiprofessionelle Espressomaschine verf\u00fcgt \u00fcber <strong>zwei voreingestellte Espressofunktionen<\/strong>,<br \/>\neine f\u00fcr einen einfachen und eine f\u00fcr einen doppelten Kaffee. Dank des Hebels l\u00e4sst sich der Kaffee aber auch manuell dosieren, um die gew\u00fcnschte Menge zu w\u00e4hlen. W\u00e4hrend der Ausgabe zeigt das Display den Countdown der f\u00fcr die Extraktion ben\u00f6tigten Sekunden an, w\u00e4hrend Sie mit dem <strong>professionellen Druckmesser<\/strong> den Extraktionsfortschritt verfolgen k\u00f6nnen.<\/div>\n<h3 class=\"title\"><span style=\"font-size: 14pt;\">3 Thermobl\u00f6cke<\/span><\/h3>\n<div class=\"text\">Mit <strong>drei Thermobl\u00f6cken<\/strong> ist die Kaffeemaschine in wenigen Minuten einsatzbereit, sodass die Wartezeit zwischen Kaffeezubereitung und Milchaufsch\u00e4umen entf\u00e4llt. Ein Thermoblock ist f\u00fcr den Kaffee, ein anderer f\u00fcr den Dampfkreislauf zust\u00e4ndig. Der Kopf der Br\u00fchgruppe hingegen wird aktiv beheizt, um eine pr\u00e4zise Temperaturkontrolle w\u00e4hrend des Extraktionsprozesses zu gew\u00e4hrleisten.<\/div>\n<p><strong>\u00c4STHETIK<br \/>\n<\/strong><\/p>\n<div class=\"col-sm\">\n<div id=\"sectionDetail-9\" class=\"detail\"><strong><span class=\"detail__label\">Farbe: <\/span><\/strong><span class=\"detail__txt\">Schwarz<\/span><\/div>\n<div id=\"sectionDetail-9\" class=\"detail\"><strong><span class=\"detail__label\">Oberfl\u00e4che: <\/span><\/strong><span class=\"detail__txt\">Matt<\/span><\/div>\n<div id=\"sectionDetail-9\" class=\"detail\"><strong><span class=\"detail__label\">\u00c4sthetik:\u00a0<\/span><\/strong><span class=\"detail__label\">Collezione<\/span><\/div>\n<div id=\"sectionDetail-9\" class=\"detail\"><strong><span class=\"detail__label\">Knopfmaterial: <\/span><\/strong><span class=\"detail__txt\">ZAMA<\/span><\/div>\n<div id=\"sectionDetail-9\" class=\"detail\"><strong><span class=\"detail__label\">Geh\u00e4usematerial: <\/span><\/strong><span class=\"detail__txt\">Edelstahl\/Kunststoff<\/span><\/div>\n<div id=\"sectionDetail-9\" class=\"detail\"><strong><span class=\"detail__label\">Frontplattenmaterial: <\/span><\/strong><span class=\"detail__txt\">Aluminium<\/span><\/div>\n<div id=\"sectionDetail-9\" class=\"detail\"><strong><span class=\"detail__label\">Frontplattenoberfl\u00e4che: <\/span><\/strong><span class=\"detail__txt\">Geb\u00fcrstet mit polierter Kante<\/span><\/div>\n<div id=\"sectionDetail-9\" class=\"detail\"><strong><span class=\"detail__label\">Tankmaterial: <\/span><\/strong><span class=\"detail__txt\">SAN<\/span><\/div>\n<div id=\"sectionDetail-9\" class=\"detail\"><strong><span class=\"detail__label\">Material Tassenw\u00e4rmer: <\/span><\/strong><span class=\"detail__txt\">Edelstahl<\/span><\/div>\n<\/div>\n<div class=\"col-sm\">\n<div id=\"sectionDetail-9\" class=\"detail\"><strong><span class=\"detail__label\">Material Spendergruppe: <\/span><\/strong><span class=\"detail__txt\">ZAMA<\/span><\/div>\n<div id=\"sectionDetail-9\" class=\"detail\"><strong><span class=\"detail__label\">Material Filterhalter: <\/span><\/strong><span class=\"detail__txt\">Messing verchromt<\/span><\/div>\n<div id=\"sectionDetail-9\" class=\"detail\"><strong><span class=\"detail__label\">Farbe Filterhalterarm: <\/span><\/strong><span class=\"detail__txt\">Grau<\/span><\/div>\n<div id=\"sectionDetail-9\" class=\"detail\"><span class=\"detail__label\"><strong>Material Siebtr\u00e4gerarm:<\/strong> <\/span><span class=\"detail__txt\">Stahl und Kunststoff<\/span><\/div>\n<div id=\"sectionDetail-9\" class=\"detail\"><strong><span class=\"detail__label\">Material Tassenablage:<\/span><\/strong><span class=\"detail__txt\">Aluminium<\/span><\/div>\n<div id=\"sectionDetail-9\" class=\"detail\"><span class=\"detail__label\"><strong>Material Tamper:<\/strong> <\/span><span class=\"detail__txt\">Edelstahl<\/span><\/div>\n<div id=\"sectionDetail-9\" class=\"detail\"><strong><span class=\"detail__label\">Material Milchk\u00e4nnchen: <\/span><\/strong><span class=\"detail__txt\">Edelstahl<\/span><\/div>\n<div id=\"sectionDetail-9\" class=\"detail\"><strong><span class=\"detail__label\">Material Dampf-\/Hei\u00dfwasserd\u00fcse: <\/span><\/strong><span class=\"detail__txt\">Edelstahl<\/span><\/div>\n<div id=\"sectionDetail-9\" class=\"detail\"><span class=\"detail__label\"><strong>Material Tropfschale:<\/strong> <\/span><span class=\"detail__txt\">Edelstahl<\/span><\/div>\n<\/div>\n<p><strong>FUNKTIONEN<br \/>\n<\/strong><\/p>\n<div class=\"col-sm\">\n<div id=\"sectionDetail-128\" class=\"detail\"><strong><span class=\"detail__label\">Kaffeefunktion: <\/span><\/strong><span class=\"detail__txt\">Einzeln, Doppelt, Manuell<\/span><\/div>\n<div id=\"sectionDetail-128\" class=\"detail\"><strong><span class=\"detail__label\">Einstellbare Kaffeemenge: <\/span><\/strong><span class=\"detail__txt\">Ja<\/span><\/div>\n<div id=\"sectionDetail-128\" class=\"detail\"><strong><span class=\"detail__label\">Wassereinstellung: <\/span><\/strong><span class=\"detail__txt\">weich \/ mittel \/ hart<\/span><\/div>\n<div id=\"sectionDetail-128\" class=\"detail\"><strong><span class=\"detail__label\">Entkalkungswarnung: <\/span><\/strong><span class=\"detail__txt\">Ja<\/span><\/div>\n<div id=\"sectionDetail-128\" class=\"detail\"><span class=\"detail__label\"><strong>Warnung bei leerem\/fehlendem Wassertank:<\/strong> <\/span><span class=\"detail__txt\">Ja<\/span><\/div>\n<div id=\"sectionDetail-128\" class=\"detail\"><strong><span class=\"detail__label\">Hei\u00dfwasserfunktion f\u00fcr Tee und andere Getr\u00e4nke: <\/span><\/strong><span class=\"detail__txt\">Ja<\/span><\/div>\n<div id=\"sectionDetail-128\" class=\"detail\"><strong><span class=\"detail__label\">Einstellbare Standby-Funktion: <\/span><\/strong><span class=\"detail__txt\">Ja<\/span><\/div>\n<\/div>\n<div class=\"col-sm\">\n<div id=\"sectionDetail-128\" class=\"detail\"><strong><span class=\"detail__label\">ECO-MODE-Einstellung: <\/span><\/strong><span class=\"detail__txt\">Ja<\/span><\/div>\n<div id=\"sectionDetail-128\" class=\"detail\"><strong><span class=\"detail__label\">Standby-Einstellung: <\/span><\/strong><span class=\"detail__txt\">5 Min.\/10 Min.\/30 Min.\/60 Min.<\/span><\/div>\n<div id=\"sectionDetail-128\" class=\"detail\"><span class=\"detail__label\"><strong>Ma\u00dfeinheit einstellen:<\/strong> <\/span><span class=\"detail__txt\">\u00b0C \/ \u00b0F<\/span><\/div>\n<div id=\"sectionDetail-128\" class=\"detail\"><span class=\"detail__label\"><strong>Vorbr\u00fchprofile einrichten:<\/strong> <\/span><span class=\"detail__txt\">Von 0 bis 4<\/span><\/div>\n<div id=\"sectionDetail-128\" class=\"detail\"><strong><span class=\"detail__label\">Spracheinstellung: <\/span><\/strong><span class=\"detail__txt\">IT &#8211; EN &#8211; FR &#8211; ES &#8211; DE<\/span><\/div>\n<div id=\"sectionDetail-128\" class=\"detail\"><strong><span class=\"detail__label\">Dampfintensit\u00e4t: <\/span><\/strong><span class=\"detail__txt\">3 Stufen<\/span><\/div>\n<div id=\"sectionDetail-128\" class=\"detail\"><strong><span class=\"detail__label\">Kaffee-Zubereitungstemperatur: <\/span><\/strong><span class=\"detail__txt\">Von 90 \u00b0C bis 100 \u00b0C<\/span><\/div>\n<\/div>\n<p><strong>BEFEHLE<\/strong><\/p>\n<div class=\"col-sm\">\n<div id=\"sectionDetail-24\" class=\"detail\"><span class=\"detail__label\"><strong>Anzeige:<\/strong> <\/span><span class=\"detail__txt\">Ja<\/span><\/div>\n<div id=\"sectionDetail-24\" class=\"detail\"><span class=\"detail__label\"><strong>Bedienelemente:<\/strong> <\/span><span class=\"detail__txt\">Tasten, Hebel, Drehknopf<\/span><\/div>\n<div id=\"sectionDetail-24\" class=\"detail\"><strong><span class=\"detail__label\">Tastenmaterial: <\/span><\/strong><span class=\"detail__txt\">Kunststoff<\/span><\/div>\n<div id=\"sectionDetail-24\" class=\"detail\"><strong><span class=\"detail__label\">Tastenfarbe: <\/span><\/strong><span class=\"detail__txt\">Silber<\/span><\/div>\n<\/div>\n<div class=\"col-sm\">\n<div id=\"sectionDetail-24\" class=\"detail\"><strong><span class=\"detail__label\">EIN\/AUS-Schalter: <\/span><\/strong><span class=\"detail__txt\">Ja<\/span><\/div>\n<div id=\"sectionDetail-24\" class=\"detail\"><span class=\"detail__label\"><strong>Nein. Anzahl der Tasten:<\/strong> <\/span><span class=\"detail__txt\">3<\/span><\/div>\n<div id=\"sectionDetail-24\" class=\"detail\"><span class=\"detail__label\"><strong>Dampfausgabe:<\/strong> <\/span><span class=\"detail__txt\">Drehknopf<\/span><\/div>\n<\/div>\n<p><strong>FUNKTIONEN TECHNIKEN<\/strong><\/p>\n<div class=\"col-sm\">\n<div id=\"sectionDetail-13\" class=\"detail\"><span class=\"detail__label\"><strong>Heizsystem:<\/strong> <\/span><span class=\"detail__txt\">Dreifach-Thermoblock<\/span><\/div>\n<div id=\"sectionDetail-13\" class=\"detail\"><span class=\"detail__label\"><strong>Kaffeeauslauf:<\/strong> <\/span><span class=\"detail__txt\">Doppelt<\/span><\/div>\n<div id=\"sectionDetail-13\" class=\"detail\"><span class=\"detail__label\"><strong>Wassertankkapazit\u00e4t:<\/strong> <\/span><span class=\"detail__txt\">1,7 l<\/span><\/div>\n<div id=\"sectionDetail-13\" class=\"detail\"><strong><span class=\"detail__label\">Abnehmbarer Wassertank: <\/span><\/strong><span class=\"detail__txt\">Ja<\/span><\/div>\n<div id=\"sectionDetail-13\" class=\"detail\"><strong><span class=\"detail__label\">Abnehmbare Abtropfschale: <\/span><\/strong><span class=\"detail__txt\">Ja<\/span><\/div>\n<div id=\"sectionDetail-13\" class=\"detail\"><strong><span class=\"detail__label\">Dosierdruckanzeige: <\/span><\/strong><span class=\"detail__txt\">Ja<\/span><\/div>\n<\/div>\n<div class=\"col-sm\">\n<div id=\"sectionDetail-13\" class=\"detail\"><span class=\"detail__label\"><strong>Tassenw\u00e4rmer:<\/strong> <\/span><span class=\"detail__txt\">Passiv<\/span><\/div>\n<div id=\"sectionDetail-13\" class=\"detail\"><strong><span class=\"detail__label\">Durchmesser Filterhalter: <\/span><\/strong><span class=\"detail__txt\">58 mm<\/span><\/div>\n<div id=\"sectionDetail-13\" class=\"detail\"><strong><span class=\"detail__label\">Pumpendruck: <\/span><\/strong><span class=\"detail__txt\">15 bar<\/span><\/div>\n<div id=\"sectionDetail-13\" class=\"detail\"><strong><span class=\"detail__label\">Professionelle Dampfd\u00fcse: <\/span><\/strong><span class=\"detail__txt\">Ja<\/span><\/div>\n<div id=\"sectionDetail-13\" class=\"detail\"><strong><span class=\"detail__label\">Rutschfeste Unterseite:<\/span><\/strong><span class=\"detail__txt\">Ja<\/span><\/div>\n<\/div>\n<p><strong>ELEKTRISCHE ANGABEN<br \/>\n<\/strong><\/p>\n<div class=\"col-sm\">\n<div id=\"sectionDetail-15\" class=\"detail\"><strong><span class=\"detail__label\">Stecker: <\/span><\/strong><span class=\"detail__txt\">(F;E) Schuko<\/span><\/div>\n<div id=\"sectionDetail-15\" class=\"detail\"><strong><span class=\"detail__label\">Spannung (V): <\/span><\/strong><span class=\"detail__txt\">220 V<\/span><\/div>\n<\/div>\n<div class=\"col-sm\">\n<div id=\"sectionDetail-15\" class=\"detail\"><strong><span class=\"detail__label\">Hz-Frequenz: <\/span><\/strong><span class=\"detail__txt\">50\/60 Hz<\/span><\/div>\n<div id=\"sectionDetail-15\" class=\"detail\"><span class=\"detail__label\"><strong>Netzkabell\u00e4nge:<\/strong> <\/span><span class=\"detail__txt\">1 m<\/span><\/div>\n<\/div>\n<p><span style=\"text-decoration: underline;\"><strong>Not for sale outside Europe<\/strong><\/span><\/p>\n","protected":false},"excerpt":{"rendered":"<p>Machen Sie jeden Morgen zu einem authentischen Barista-Erlebnis mit der Kaffeemaschine von Smeg, bei der Eleganz auf professionelle Leistung trifft.<\/p>\n","protected":false},"featured_media":499130,"template":"","meta":{"_acf_changed":false,"inline_featured_image":false},"product_cat":[6733,6703,25366],"product_tag":[23564,11619,23582,25022],"acf":[],"yoast_head":"<!-- This site is optimized with the Yoast SEO Premium plugin v18.6 (Yoast SEO v19.13) - https:\/\/yoast.com\/wordpress\/plugins\/seo\/ -->\n<title>SMEG Manuelle Espresso-Kaffeemaschine Rosa<\/title>\n<meta name=\"description\" content=\"Entdecken Sie SMEG Manuelle Espresso-Kaffeemaschine Rosa bei ErresseShop. Qualit\u00e4t, Stil und Funktionalit\u00e4t \u2013 jetzt online bestellen!\" \/>\n<meta name=\"robots\" content=\"index, follow, max-snippet:-1, max-image-preview:large, max-video-preview:-1\" \/>\n<link rel=\"canonical\" href=\"https:\/\/www.erresse-shop.it\/de\/shop\/kleine-elektrogeraete\/kaffeemaschinen-espresso\/handbuecher\/smeg-manuelle-espressomaschine-mit-dampfduese-schwarz\/\" \/>\n<meta property=\"og:locale\" content=\"de_DE\" \/>\n<meta property=\"og:type\" content=\"article\" \/>\n<meta property=\"og:title\" content=\"SMEG Manuelle Espressomaschine mit Dampfd\u00fcse Schwarz\" \/>\n<meta property=\"og:description\" content=\"Entdecken Sie SMEG Manuelle Espresso-Kaffeemaschine Rosa bei ErresseShop. Qualit\u00e4t, Stil und Funktionalit\u00e4t \u2013 jetzt online bestellen!\" \/>\n<meta property=\"og:url\" content=\"https:\/\/www.erresse-shop.it\/de\/shop\/kleine-elektrogeraete\/kaffeemaschinen-espresso\/handbuecher\/smeg-manuelle-espressomaschine-mit-dampfduese-schwarz\/\" \/>\n<meta property=\"og:site_name\" content=\"Erresse Shop\" \/>\n<meta property=\"article:modified_time\" content=\"2025-05-14T09:12:30+00:00\" \/>\n<meta property=\"og:image\" content=\"https:\/\/www.erresse-shop.it\/wp-content\/uploads\/2025\/05\/SMEG-Macchina-da-Caffe-Espresso-Manuale-con-Lancia-Vapore-Nero.jpg\" \/>\n\t<meta property=\"og:image:width\" content=\"1200\" \/>\n\t<meta property=\"og:image:height\" content=\"1200\" \/>\n\t<meta property=\"og:image:type\" content=\"image\/jpeg\" \/>\n<meta name=\"twitter:card\" content=\"summary_large_image\" \/>\n<script type=\"application\/ld+json\" class=\"yoast-schema-graph\">{\"@context\":\"https:\/\/schema.org\",\"@graph\":[{\"@type\":\"WebPage\",\"@id\":\"https:\/\/www.erresse-shop.it\/de\/shop\/kleine-elektrogeraete\/kaffeemaschinen-espresso\/handbuecher\/smeg-manuelle-espressomaschine-mit-dampfduese-schwarz\/\",\"url\":\"https:\/\/www.erresse-shop.it\/de\/shop\/kleine-elektrogeraete\/kaffeemaschinen-espresso\/handbuecher\/smeg-manuelle-espressomaschine-mit-dampfduese-schwarz\/\",\"name\":\"SMEG Manuelle Espresso-Kaffeemaschine Rosa\",\"isPartOf\":{\"@id\":\"https:\/\/www.erresse-shop.it\/de\/#website\"},\"datePublished\":\"2025-05-14T08:41:17+00:00\",\"dateModified\":\"2025-05-14T09:12:30+00:00\",\"description\":\"Entdecken Sie SMEG Manuelle Espresso-Kaffeemaschine Rosa bei ErresseShop. Qualit\u00e4t, Stil und Funktionalit\u00e4t \u2013 jetzt online bestellen!\",\"breadcrumb\":{\"@id\":\"https:\/\/www.erresse-shop.it\/de\/shop\/kleine-elektrogeraete\/kaffeemaschinen-espresso\/handbuecher\/smeg-manuelle-espressomaschine-mit-dampfduese-schwarz\/#breadcrumb\"},\"inLanguage\":\"de-DE\",\"potentialAction\":[{\"@type\":\"ReadAction\",\"target\":[\"https:\/\/www.erresse-shop.it\/de\/shop\/kleine-elektrogeraete\/kaffeemaschinen-espresso\/handbuecher\/smeg-manuelle-espressomaschine-mit-dampfduese-schwarz\/\"]}]},{\"@type\":\"BreadcrumbList\",\"@id\":\"https:\/\/www.erresse-shop.it\/de\/shop\/kleine-elektrogeraete\/kaffeemaschinen-espresso\/handbuecher\/smeg-manuelle-espressomaschine-mit-dampfduese-schwarz\/#breadcrumb\",\"itemListElement\":[{\"@type\":\"ListItem\",\"position\":1,\"name\":\"Home\",\"item\":\"https:\/\/www.erresse-shop.it\/de\/\"},{\"@type\":\"ListItem\",\"position\":2,\"name\":\"Shop\",\"item\":\"https:\/\/www.erresse-shop.it\/de\/shop\/\"},{\"@type\":\"ListItem\",\"position\":3,\"name\":\"SMEG Manuelle Espressomaschine mit Dampfd\u00fcse Schwarz\"}]},{\"@type\":\"WebSite\",\"@id\":\"https:\/\/www.erresse-shop.it\/de\/#website\",\"url\":\"https:\/\/www.erresse-shop.it\/de\/\",\"name\":\"Erresse Shop\",\"description\":\"Articoli di qualit\u00e0 per la casa\",\"potentialAction\":[{\"@type\":\"SearchAction\",\"target\":{\"@type\":\"EntryPoint\",\"urlTemplate\":\"https:\/\/www.erresse-shop.it\/de\/?s={search_term_string}\"},\"query-input\":\"required name=search_term_string\"}],\"inLanguage\":\"de-DE\"}]}<\/script>\n<!-- \/ Yoast SEO Premium plugin. -->","yoast_head_json":{"title":"SMEG Manuelle Espresso-Kaffeemaschine Rosa","description":"Entdecken Sie SMEG Manuelle Espresso-Kaffeemaschine Rosa bei ErresseShop. Qualit\u00e4t, Stil und Funktionalit\u00e4t \u2013 jetzt online bestellen!","robots":{"index":"index","follow":"follow","max-snippet":"max-snippet:-1","max-image-preview":"max-image-preview:large","max-video-preview":"max-video-preview:-1"},"canonical":"https:\/\/www.erresse-shop.it\/de\/shop\/kleine-elektrogeraete\/kaffeemaschinen-espresso\/handbuecher\/smeg-manuelle-espressomaschine-mit-dampfduese-schwarz\/","og_locale":"de_DE","og_type":"article","og_title":"SMEG Manuelle Espressomaschine mit Dampfd\u00fcse Schwarz","og_description":"Entdecken Sie SMEG Manuelle Espresso-Kaffeemaschine Rosa bei ErresseShop. Qualit\u00e4t, Stil und Funktionalit\u00e4t \u2013 jetzt online bestellen!","og_url":"https:\/\/www.erresse-shop.it\/de\/shop\/kleine-elektrogeraete\/kaffeemaschinen-espresso\/handbuecher\/smeg-manuelle-espressomaschine-mit-dampfduese-schwarz\/","og_site_name":"Erresse Shop","article_modified_time":"2025-05-14T09:12:30+00:00","og_image":[{"width":1200,"height":1200,"url":"https:\/\/www.erresse-shop.it\/wp-content\/uploads\/2025\/05\/SMEG-Macchina-da-Caffe-Espresso-Manuale-con-Lancia-Vapore-Nero.jpg","type":"image\/jpeg"}],"twitter_card":"summary_large_image","schema":{"@context":"https:\/\/schema.org","@graph":[{"@type":"WebPage","@id":"https:\/\/www.erresse-shop.it\/de\/shop\/kleine-elektrogeraete\/kaffeemaschinen-espresso\/handbuecher\/smeg-manuelle-espressomaschine-mit-dampfduese-schwarz\/","url":"https:\/\/www.erresse-shop.it\/de\/shop\/kleine-elektrogeraete\/kaffeemaschinen-espresso\/handbuecher\/smeg-manuelle-espressomaschine-mit-dampfduese-schwarz\/","name":"SMEG Manuelle Espresso-Kaffeemaschine Rosa","isPartOf":{"@id":"https:\/\/www.erresse-shop.it\/de\/#website"},"datePublished":"2025-05-14T08:41:17+00:00","dateModified":"2025-05-14T09:12:30+00:00","description":"Entdecken Sie SMEG Manuelle Espresso-Kaffeemaschine Rosa bei ErresseShop. Qualit\u00e4t, Stil und Funktionalit\u00e4t \u2013 jetzt online bestellen!","breadcrumb":{"@id":"https:\/\/www.erresse-shop.it\/de\/shop\/kleine-elektrogeraete\/kaffeemaschinen-espresso\/handbuecher\/smeg-manuelle-espressomaschine-mit-dampfduese-schwarz\/#breadcrumb"},"inLanguage":"de-DE","potentialAction":[{"@type":"ReadAction","target":["https:\/\/www.erresse-shop.it\/de\/shop\/kleine-elektrogeraete\/kaffeemaschinen-espresso\/handbuecher\/smeg-manuelle-espressomaschine-mit-dampfduese-schwarz\/"]}]},{"@type":"BreadcrumbList","@id":"https:\/\/www.erresse-shop.it\/de\/shop\/kleine-elektrogeraete\/kaffeemaschinen-espresso\/handbuecher\/smeg-manuelle-espressomaschine-mit-dampfduese-schwarz\/#breadcrumb","itemListElement":[{"@type":"ListItem","position":1,"name":"Home","item":"https:\/\/www.erresse-shop.it\/de\/"},{"@type":"ListItem","position":2,"name":"Shop","item":"https:\/\/www.erresse-shop.it\/de\/shop\/"},{"@type":"ListItem","position":3,"name":"SMEG Manuelle Espressomaschine mit Dampfd\u00fcse Schwarz"}]},{"@type":"WebSite","@id":"https:\/\/www.erresse-shop.it\/de\/#website","url":"https:\/\/www.erresse-shop.it\/de\/","name":"Erresse Shop","description":"Articoli di qualit\u00e0 per la casa","potentialAction":[{"@type":"SearchAction","target":{"@type":"EntryPoint","urlTemplate":"https:\/\/www.erresse-shop.it\/de\/?s={search_term_string}"},"query-input":"required name=search_term_string"}],"inLanguage":"de-DE"}]}},"df_price":1299.95,"df_sale_price":1299.95,"df_regular_price":1499,"df_image_link":"https:\/\/www.erresse-shop.it\/wp-content\/uploads\/2025\/05\/SMEG-Macchina-da-Caffe-Espresso-Manuale-con-Lancia-Vapore-Nero-300x300.jpg","_links":{"self":[{"href":"https:\/\/www.erresse-shop.it\/de\/wp-json\/wp\/v2\/product\/499098"}],"collection":[{"href":"https:\/\/www.erresse-shop.it\/de\/wp-json\/wp\/v2\/product"}],"about":[{"href":"https:\/\/www.erresse-shop.it\/de\/wp-json\/wp\/v2\/types\/product"}],"wp:featuredmedia":[{"embeddable":true,"href":"https:\/\/www.erresse-shop.it\/de\/wp-json\/wp\/v2\/media\/499130"}],"wp:attachment":[{"href":"https:\/\/www.erresse-shop.it\/de\/wp-json\/wp\/v2\/media?parent=499098"}],"wp:term":[{"taxonomy":"product_cat","embeddable":true,"href":"https:\/\/www.erresse-shop.it\/de\/wp-json\/wp\/v2\/product_cat?post=499098"},{"taxonomy":"product_tag","embeddable":true,"href":"https:\/\/www.erresse-shop.it\/de\/wp-json\/wp\/v2\/product_tag?post=499098"}],"curies":[{"name":"wp","href":"https:\/\/api.w.org\/{rel}","templated":true}]}}