{"id":497117,"date":"2025-05-05T07:03:06","date_gmt":"2025-05-05T07:03:07","guid":{"rendered":"https:\/\/www.erresse-shop.it\/?post_type=product&#038;p=497117"},"modified":"2026-02-09T11:42:58","modified_gmt":"2026-02-09T11:42:58","slug":"lego-room-copenhagen-desk-drawer-8-schwarz","status":"publish","type":"product","link":"https:\/\/www.erresse-shop.it\/de\/shop\/einrichtung-haus\/moebel\/lego-room-copenhagen-desk-drawer-8-schwarz\/","title":{"rendered":"LEGO &#8211; ROOM COPENHAGEN Desk Drawer 8 Schwarz"},"content":{"rendered":"<div class=\"metafield-rich_text_field\">Diese rechteckige Schublade in Form eines 2&#215;4 LEGO\u00ae-Steins passt perfekt auf Schreibtische oder Regale und bietet praktischen, leicht zug\u00e4nglichen Stauraum f\u00fcr eine Vielzahl von Anwendungen. Es eignet sich ideal f\u00fcr den Einsatz in B\u00fcros, Schlafzimmern, Badezimmern und \u00fcberall dort, wo Ordnung und Organisation gefragt sind. Die 8 \u00fcbergro\u00dfen Stifte auf der Oberseite erm\u00f6glichen Ihnen die Erstellung farbenfroher und individueller Aufbewahrungssysteme, die sich an wechselnde Aufbewahrungsbed\u00fcrfnisse anpassen lassen.<\/div>\n<div class=\"product__description-formatiert \">\n<ul>\n<li class=\"product__description-text\">Vielseitig und funktional: In diesem robusten, stapelbaren und leicht zu reinigenden Kunststoff-Baustein mit ausziehbarer Schublade lassen sich die unterschiedlichsten Gegenst\u00e4nde verstauen.<\/li>\n<li class=\"product__description-text\">Stapelbar wie LEGO\u00ae-Steine: Mit 8 \u00fcbergro\u00dfen LEGO-Stiften auf der Oberseite kann jede Schreibtischschublade einfach mit den anderen verbunden werden, um ein stapelbares Aufbewahrungssystem zu schaffen.<\/li>\n<\/ul>\n<\/div>\n<p><strong>Produktspezifikationen:<\/strong><\/p>\n<ul class=\"product__spec-list\">\n<li class=\"product__tag\">Material: Polypropylen (PP)<\/li>\n<li class=\"product__tag\">Abmessungen: 11 x 31 x 15 cm<\/li>\n<li>Gewicht: 2 kg<\/li>\n<\/ul>\n","protected":false},"excerpt":{"rendered":"<p>Diese rechteckige Schublade in Form eines 2&#215;4 LEGO\u00ae-Steins passt perfekt auf Schreibtische oder Regale und bietet praktischen, leicht zug\u00e4nglichen Stauraum<\/p>\n","protected":false},"featured_media":497132,"template":"","meta":{"_acf_changed":false,"inline_featured_image":false},"product_cat":[6817,17095],"product_tag":[17134],"acf":[],"yoast_head":"<!-- This site is optimized with the Yoast SEO Premium plugin v18.6 (Yoast SEO v19.13) - https:\/\/yoast.com\/wordpress\/plugins\/seo\/ -->\n<title>LEGO - ROOM COPENHAGEN Desk Drawer 8 Schwarz - Erresse Shop<\/title>\n<meta name=\"description\" content=\"Diese rechteckige Schublade in Form eines 2x4 LEGO\u00ae-Steins passt perfekt auf Schreibtische oder Regale und bietet praktischen, leicht zug\u00e4nglichen\" \/>\n<meta name=\"robots\" content=\"index, follow, max-snippet:-1, max-image-preview:large, max-video-preview:-1\" \/>\n<link rel=\"canonical\" href=\"https:\/\/www.erresse-shop.it\/de\/shop\/einrichtung-haus\/moebel\/lego-room-copenhagen-desk-drawer-8-schwarz\/\" \/>\n<meta property=\"og:locale\" content=\"de_DE\" \/>\n<meta property=\"og:type\" content=\"article\" \/>\n<meta property=\"og:title\" content=\"LEGO - ROOM COPENHAGEN Desk Drawer 8 Schwarz\" \/>\n<meta property=\"og:description\" content=\"Diese rechteckige Schublade in Form eines 2x4 LEGO\u00ae-Steins passt perfekt auf Schreibtische oder Regale und bietet praktischen, leicht zug\u00e4nglichen\" \/>\n<meta property=\"og:url\" content=\"https:\/\/www.erresse-shop.it\/de\/shop\/einrichtung-haus\/moebel\/lego-room-copenhagen-desk-drawer-8-schwarz\/\" \/>\n<meta property=\"og:site_name\" content=\"Erresse Shop\" \/>\n<meta property=\"article:modified_time\" content=\"2026-02-09T11:42:58+00:00\" \/>\n<meta property=\"og:image\" content=\"https:\/\/www.erresse-shop.it\/wp-content\/uploads\/2025\/05\/LEGO-ROOM-COPENHAGEN-Desk-Drawer-8-Nero.jpg\" \/>\n\t<meta property=\"og:image:width\" content=\"1200\" \/>\n\t<meta property=\"og:image:height\" content=\"1200\" \/>\n\t<meta property=\"og:image:type\" content=\"image\/jpeg\" \/>\n<meta name=\"twitter:card\" content=\"summary_large_image\" \/>\n<script type=\"application\/ld+json\" class=\"yoast-schema-graph\">{\"@context\":\"https:\/\/schema.org\",\"@graph\":[{\"@type\":\"WebPage\",\"@id\":\"https:\/\/www.erresse-shop.it\/de\/shop\/einrichtung-haus\/moebel\/lego-room-copenhagen-desk-drawer-8-schwarz\/\",\"url\":\"https:\/\/www.erresse-shop.it\/de\/shop\/einrichtung-haus\/moebel\/lego-room-copenhagen-desk-drawer-8-schwarz\/\",\"name\":\"LEGO - ROOM COPENHAGEN Desk Drawer 8 Schwarz - Erresse Shop\",\"isPartOf\":{\"@id\":\"https:\/\/www.erresse-shop.it\/de\/#website\"},\"datePublished\":\"2025-05-05T07:03:07+00:00\",\"dateModified\":\"2026-02-09T11:42:58+00:00\",\"description\":\"Diese rechteckige Schublade in Form eines 2x4 LEGO\u00ae-Steins passt perfekt auf Schreibtische oder Regale und bietet praktischen, leicht zug\u00e4nglichen\",\"breadcrumb\":{\"@id\":\"https:\/\/www.erresse-shop.it\/de\/shop\/einrichtung-haus\/moebel\/lego-room-copenhagen-desk-drawer-8-schwarz\/#breadcrumb\"},\"inLanguage\":\"de-DE\",\"potentialAction\":[{\"@type\":\"ReadAction\",\"target\":[\"https:\/\/www.erresse-shop.it\/de\/shop\/einrichtung-haus\/moebel\/lego-room-copenhagen-desk-drawer-8-schwarz\/\"]}]},{\"@type\":\"BreadcrumbList\",\"@id\":\"https:\/\/www.erresse-shop.it\/de\/shop\/einrichtung-haus\/moebel\/lego-room-copenhagen-desk-drawer-8-schwarz\/#breadcrumb\",\"itemListElement\":[{\"@type\":\"ListItem\",\"position\":1,\"name\":\"Home\",\"item\":\"https:\/\/www.erresse-shop.it\/de\/\"},{\"@type\":\"ListItem\",\"position\":2,\"name\":\"Shop\",\"item\":\"https:\/\/www.erresse-shop.it\/de\/shop\/\"},{\"@type\":\"ListItem\",\"position\":3,\"name\":\"LEGO &#8211; ROOM COPENHAGEN Desk Drawer 8 Schwarz\"}]},{\"@type\":\"WebSite\",\"@id\":\"https:\/\/www.erresse-shop.it\/de\/#website\",\"url\":\"https:\/\/www.erresse-shop.it\/de\/\",\"name\":\"Erresse Shop\",\"description\":\"Articoli di qualit\u00e0 per la casa\",\"potentialAction\":[{\"@type\":\"SearchAction\",\"target\":{\"@type\":\"EntryPoint\",\"urlTemplate\":\"https:\/\/www.erresse-shop.it\/de\/?s={search_term_string}\"},\"query-input\":\"required name=search_term_string\"}],\"inLanguage\":\"de-DE\"}]}<\/script>\n<!-- \/ Yoast SEO Premium plugin. -->","yoast_head_json":{"title":"LEGO - ROOM COPENHAGEN Desk Drawer 8 Schwarz - Erresse Shop","description":"Diese rechteckige Schublade in Form eines 2x4 LEGO\u00ae-Steins passt perfekt auf Schreibtische oder Regale und bietet praktischen, leicht zug\u00e4nglichen","robots":{"index":"index","follow":"follow","max-snippet":"max-snippet:-1","max-image-preview":"max-image-preview:large","max-video-preview":"max-video-preview:-1"},"canonical":"https:\/\/www.erresse-shop.it\/de\/shop\/einrichtung-haus\/moebel\/lego-room-copenhagen-desk-drawer-8-schwarz\/","og_locale":"de_DE","og_type":"article","og_title":"LEGO - ROOM COPENHAGEN Desk Drawer 8 Schwarz","og_description":"Diese rechteckige Schublade in Form eines 2x4 LEGO\u00ae-Steins passt perfekt auf Schreibtische oder Regale und bietet praktischen, leicht zug\u00e4nglichen","og_url":"https:\/\/www.erresse-shop.it\/de\/shop\/einrichtung-haus\/moebel\/lego-room-copenhagen-desk-drawer-8-schwarz\/","og_site_name":"Erresse Shop","article_modified_time":"2026-02-09T11:42:58+00:00","og_image":[{"width":1200,"height":1200,"url":"https:\/\/www.erresse-shop.it\/wp-content\/uploads\/2025\/05\/LEGO-ROOM-COPENHAGEN-Desk-Drawer-8-Nero.jpg","type":"image\/jpeg"}],"twitter_card":"summary_large_image","schema":{"@context":"https:\/\/schema.org","@graph":[{"@type":"WebPage","@id":"https:\/\/www.erresse-shop.it\/de\/shop\/einrichtung-haus\/moebel\/lego-room-copenhagen-desk-drawer-8-schwarz\/","url":"https:\/\/www.erresse-shop.it\/de\/shop\/einrichtung-haus\/moebel\/lego-room-copenhagen-desk-drawer-8-schwarz\/","name":"LEGO - ROOM COPENHAGEN Desk Drawer 8 Schwarz - Erresse Shop","isPartOf":{"@id":"https:\/\/www.erresse-shop.it\/de\/#website"},"datePublished":"2025-05-05T07:03:07+00:00","dateModified":"2026-02-09T11:42:58+00:00","description":"Diese rechteckige Schublade in Form eines 2x4 LEGO\u00ae-Steins passt perfekt auf Schreibtische oder Regale und bietet praktischen, leicht zug\u00e4nglichen","breadcrumb":{"@id":"https:\/\/www.erresse-shop.it\/de\/shop\/einrichtung-haus\/moebel\/lego-room-copenhagen-desk-drawer-8-schwarz\/#breadcrumb"},"inLanguage":"de-DE","potentialAction":[{"@type":"ReadAction","target":["https:\/\/www.erresse-shop.it\/de\/shop\/einrichtung-haus\/moebel\/lego-room-copenhagen-desk-drawer-8-schwarz\/"]}]},{"@type":"BreadcrumbList","@id":"https:\/\/www.erresse-shop.it\/de\/shop\/einrichtung-haus\/moebel\/lego-room-copenhagen-desk-drawer-8-schwarz\/#breadcrumb","itemListElement":[{"@type":"ListItem","position":1,"name":"Home","item":"https:\/\/www.erresse-shop.it\/de\/"},{"@type":"ListItem","position":2,"name":"Shop","item":"https:\/\/www.erresse-shop.it\/de\/shop\/"},{"@type":"ListItem","position":3,"name":"LEGO &#8211; ROOM COPENHAGEN Desk Drawer 8 Schwarz"}]},{"@type":"WebSite","@id":"https:\/\/www.erresse-shop.it\/de\/#website","url":"https:\/\/www.erresse-shop.it\/de\/","name":"Erresse Shop","description":"Articoli di qualit\u00e0 per la casa","potentialAction":[{"@type":"SearchAction","target":{"@type":"EntryPoint","urlTemplate":"https:\/\/www.erresse-shop.it\/de\/?s={search_term_string}"},"query-input":"required name=search_term_string"}],"inLanguage":"de-DE"}]}},"df_price":39,"df_sale_price":39,"df_regular_price":54.99,"df_image_link":"https:\/\/www.erresse-shop.it\/wp-content\/uploads\/2025\/05\/LEGO-ROOM-COPENHAGEN-Desk-Drawer-8-Nero-300x300.jpg","_links":{"self":[{"href":"https:\/\/www.erresse-shop.it\/de\/wp-json\/wp\/v2\/product\/497117"}],"collection":[{"href":"https:\/\/www.erresse-shop.it\/de\/wp-json\/wp\/v2\/product"}],"about":[{"href":"https:\/\/www.erresse-shop.it\/de\/wp-json\/wp\/v2\/types\/product"}],"wp:featuredmedia":[{"embeddable":true,"href":"https:\/\/www.erresse-shop.it\/de\/wp-json\/wp\/v2\/media\/497132"}],"wp:attachment":[{"href":"https:\/\/www.erresse-shop.it\/de\/wp-json\/wp\/v2\/media?parent=497117"}],"wp:term":[{"taxonomy":"product_cat","embeddable":true,"href":"https:\/\/www.erresse-shop.it\/de\/wp-json\/wp\/v2\/product_cat?post=497117"},{"taxonomy":"product_tag","embeddable":true,"href":"https:\/\/www.erresse-shop.it\/de\/wp-json\/wp\/v2\/product_tag?post=497117"}],"curies":[{"name":"wp","href":"https:\/\/api.w.org\/{rel}","templated":true}]}}