{"id":497063,"date":"2025-05-05T06:27:10","date_gmt":"2025-05-05T06:27:11","guid":{"rendered":"https:\/\/www.erresse-shop.it\/?post_type=product&#038;p=497063"},"modified":"2026-02-27T08:46:56","modified_gmt":"2026-02-27T08:46:56","slug":"staub-cocotte-rund-20-cm-salbei","status":"publish","type":"product","link":"https:\/\/www.erresse-shop.it\/de\/shop\/toepfe-pfannen\/schalldaempfer-und-kokotten\/staub-cocotte-rund-20-cm-salbei\/","title":{"rendered":"STAUB Cocotte Rund 20 cm Salbei"},"content":{"rendered":"<p>Kochen in einer Cocotte ist einfach und gesund. Sternek\u00f6che und Gourmets verwenden diesen Topf franz\u00f6sischen Ursprungs seit Jahrhunderten. Er besteht aus Gusseisen, das nicht nur f\u00fcr eine perfekte Temperaturverteilung sorgt, sondern auch den Erhalt von Fl\u00fcssigkeiten und Aromen gew\u00e4hrleistet. Die Emaillebeschichtung verbessert diese Eigenschaften zus\u00e4tzlich und macht die Cocotte noch praktischer. Diese runde Cocotte mit einem Durchmesser von 20 cm und einem Fassungsverm\u00f6gen von 2,2 l eignet sich perfekt f\u00fcr 2 Personen oder gr\u00f6\u00dfere Portionen Beilagen. Sie k\u00f6nnen sie zum K\u00f6cheln, f\u00fcr Suppen sowie f\u00fcr Fisch- und Gem\u00fcsegerichte verwenden. Dank des speziellen Deckeldesigns mit Selbstspr\u00fchsystem wird der gesamte Wasserdampf aufgefangen und gleichm\u00e4\u00dfig \u00fcber das Gargut geleitet. So bleiben Fleisch und Fisch saftig, Gem\u00fcse wird besonders zart und alle Aromen der k\u00f6stlichen Sauce bleiben erhalten. Ihre dezente Optik macht diese Cocotte zur perfekten Kulisse f\u00fcr farbenfrohe Gerichte wie \u201eTomaten-Gazpacho\u201c, die in der Cocotte serviert selbst an den hei\u00dfesten Tagen herrlich k\u00fchl bleibt. Aber auch warme Gerichte lassen sich in der Cocotte servieren, beispielsweise ein leckeres Ratatouille, das lange seine Temperatur beh\u00e4lt.<\/p>\n<ul>\n<li>Ideal zum Anbraten und langsamen Garen von Fleisch, Fisch oder Gem\u00fcse<\/li>\n<li>F\u00fcr ein saftiges und zartes Garergebnis dank Deckel<\/li>\n<li>Die mattschwarze Innenemaillierung ist ideal f\u00fcr besonders knuspriges Braten und sehr widerstandsf\u00e4hig<\/li>\n<li>F\u00fcr alle Herdarten geeignet, inklusive Induktion, auch f\u00fcr den Backofen\/Grill geeignet<\/li>\n<li>Intensive Farbe<\/li>\n<\/ul>\n<p><strong>Eigenschaften<\/strong><\/p>\n<ul>\n<li class=\"attribute\"><span class=\"label\">Hitzebest\u00e4ndigkeit: <\/span><span class=\"value\">260 \u00baC<\/span><\/li>\n<li class=\"attribute\"><span class=\"label\">K\u00e4ltebest\u00e4ndigkeit: <\/span><span class=\"value\">-20 \u00baC<\/span><\/li>\n<li class=\"attribute\"><span class=\"label\">Material: <\/span><span class=\"value\">Gusseisen<\/span><\/li>\n<li class=\"attribute\"><span class=\"label\">Innenbeschichtung: <\/span><span class=\"value\">Emaille<\/span><\/li>\n<li class=\"attribute\"><span class=\"label\">Vorhandener Deckel: <\/span><span class=\"value\">Ja<\/span><\/li>\n<li class=\"attribute\"><span class=\"label\">Induktion: <\/span><span class=\"value\">Ja<\/span><\/li>\n<li class=\"attribute\"><span class=\"label\">Backofengeeignet: <\/span><span class=\"value\">Ja<\/span><\/li>\n<li class=\"attribute\"><span class=\"label\">Gefrierschrankgeeignet: <\/span><span class=\"value\">Ja<\/span><\/li>\n<li class=\"attribute\"><span class=\"label\">Herdplattengeeignet: <\/span><span class=\"value\">Ja<\/span><\/li>\n<li class=\"attribute\"><span class=\"label\">Sp\u00fclmaschinenfest: <\/span><span class=\"value\">Ja<\/span><\/li>\n<\/ul>\n<p><strong>Abmessungen<\/strong><\/p>\n<ul>\n<li class=\"attribute\"><span class=\"label\">Nettogewicht: <\/span><span class=\"value\">3,50 kg<\/span><\/li>\n<li class=\"attribute\"><span class=\"label\">Fassungsverm\u00f6gen: <\/span><span class=\"value\">2,20 l<\/span><\/li>\n<li class=\"attribute\"><span class=\"label\">Produktl\u00e4nge: <\/span><span class=\"value\">26,30 cm<\/span><\/li>\n<li class=\"attribute\"><span class=\"label\">Produktbreite: <\/span><span class=\"value\">20,00 cm<\/span><\/li>\n<li class=\"attribute\"><span class=\"label\">Produkth\u00f6he: <\/span><span class=\"value\">14,20 cm<\/span><\/li>\n<li class=\"attribute\"><span class=\"label\">H\u00f6he ohne Deckel: <\/span><span class=\"value\">9,50 cm<\/span><\/li>\n<li class=\"attribute\"><span class=\"label\">Durchmesser oben: <\/span><span class=\"value\">20,00 cm<\/span><\/li>\n<li class=\"attribute\"><span class=\"label\">Durchmesser unten: <\/span><span class=\"value\">16,10 cm<\/span><\/li>\n<\/ul>\n","protected":false},"excerpt":{"rendered":"<p>Kochen in einer Cocotte ist einfach und gesund. Sternek\u00f6che und Gourmets verwenden diesen Topf franz\u00f6sischen Ursprungs seit Jahrhunderten. Er besteht<\/p>\n","protected":false},"featured_media":497102,"template":"","meta":{"_acf_changed":false,"inline_featured_image":false},"product_cat":[6709,14793],"product_tag":[25088,11387,11381,11385,21533,12315,25022],"acf":[],"yoast_head":"<!-- This site is optimized with the Yoast SEO Premium plugin v18.6 (Yoast SEO v19.13) - https:\/\/yoast.com\/wordpress\/plugins\/seo\/ -->\n<title>STAUB Cocotte Rund 20 cm Salbei - Erresse Shop<\/title>\n<meta name=\"description\" content=\"Kochen in einer Cocotte ist einfach und gesund. Sternek\u00f6che und Gourmets verwenden diesen Topf franz\u00f6sischen Ursprungs seit Jahrhunderten. Er besteht aus\" \/>\n<meta name=\"robots\" content=\"index, follow, max-snippet:-1, max-image-preview:large, max-video-preview:-1\" \/>\n<link rel=\"canonical\" href=\"https:\/\/www.erresse-shop.it\/de\/shop\/toepfe-pfannen\/schalldaempfer-und-kokotten\/staub-cocotte-rund-20-cm-salbei\/\" \/>\n<meta property=\"og:locale\" content=\"de_DE\" \/>\n<meta property=\"og:type\" content=\"article\" \/>\n<meta property=\"og:title\" content=\"STAUB Cocotte Rund 20 cm Salbei\" \/>\n<meta property=\"og:description\" content=\"Kochen in einer Cocotte ist einfach und gesund. Sternek\u00f6che und Gourmets verwenden diesen Topf franz\u00f6sischen Ursprungs seit Jahrhunderten. Er besteht aus\" \/>\n<meta property=\"og:url\" content=\"https:\/\/www.erresse-shop.it\/de\/shop\/toepfe-pfannen\/schalldaempfer-und-kokotten\/staub-cocotte-rund-20-cm-salbei\/\" \/>\n<meta property=\"og:site_name\" content=\"Erresse Shop\" \/>\n<meta property=\"article:modified_time\" content=\"2026-02-27T08:46:56+00:00\" \/>\n<meta property=\"og:image\" content=\"https:\/\/www.erresse-shop.it\/wp-content\/uploads\/2025\/05\/STAUB-Cocotte-Tonda-20-cm-Salvia.jpg\" \/>\n\t<meta property=\"og:image:width\" content=\"1200\" \/>\n\t<meta property=\"og:image:height\" content=\"1200\" \/>\n\t<meta property=\"og:image:type\" content=\"image\/jpeg\" \/>\n<meta name=\"twitter:card\" content=\"summary_large_image\" \/>\n<script type=\"application\/ld+json\" class=\"yoast-schema-graph\">{\"@context\":\"https:\/\/schema.org\",\"@graph\":[{\"@type\":\"WebPage\",\"@id\":\"https:\/\/www.erresse-shop.it\/de\/shop\/toepfe-pfannen\/schalldaempfer-und-kokotten\/staub-cocotte-rund-20-cm-salbei\/\",\"url\":\"https:\/\/www.erresse-shop.it\/de\/shop\/toepfe-pfannen\/schalldaempfer-und-kokotten\/staub-cocotte-rund-20-cm-salbei\/\",\"name\":\"STAUB Cocotte Rund 20 cm Salbei - Erresse Shop\",\"isPartOf\":{\"@id\":\"https:\/\/www.erresse-shop.it\/de\/#website\"},\"datePublished\":\"2025-05-05T06:27:11+00:00\",\"dateModified\":\"2026-02-27T08:46:56+00:00\",\"description\":\"Kochen in einer Cocotte ist einfach und gesund. Sternek\u00f6che und Gourmets verwenden diesen Topf franz\u00f6sischen Ursprungs seit Jahrhunderten. Er besteht aus\",\"breadcrumb\":{\"@id\":\"https:\/\/www.erresse-shop.it\/de\/shop\/toepfe-pfannen\/schalldaempfer-und-kokotten\/staub-cocotte-rund-20-cm-salbei\/#breadcrumb\"},\"inLanguage\":\"de-DE\",\"potentialAction\":[{\"@type\":\"ReadAction\",\"target\":[\"https:\/\/www.erresse-shop.it\/de\/shop\/toepfe-pfannen\/schalldaempfer-und-kokotten\/staub-cocotte-rund-20-cm-salbei\/\"]}]},{\"@type\":\"BreadcrumbList\",\"@id\":\"https:\/\/www.erresse-shop.it\/de\/shop\/toepfe-pfannen\/schalldaempfer-und-kokotten\/staub-cocotte-rund-20-cm-salbei\/#breadcrumb\",\"itemListElement\":[{\"@type\":\"ListItem\",\"position\":1,\"name\":\"Home\",\"item\":\"https:\/\/www.erresse-shop.it\/de\/\"},{\"@type\":\"ListItem\",\"position\":2,\"name\":\"Shop\",\"item\":\"https:\/\/www.erresse-shop.it\/de\/shop\/\"},{\"@type\":\"ListItem\",\"position\":3,\"name\":\"STAUB Cocotte Rund 20 cm Salbei\"}]},{\"@type\":\"WebSite\",\"@id\":\"https:\/\/www.erresse-shop.it\/de\/#website\",\"url\":\"https:\/\/www.erresse-shop.it\/de\/\",\"name\":\"Erresse Shop\",\"description\":\"Articoli di qualit\u00e0 per la casa\",\"potentialAction\":[{\"@type\":\"SearchAction\",\"target\":{\"@type\":\"EntryPoint\",\"urlTemplate\":\"https:\/\/www.erresse-shop.it\/de\/?s={search_term_string}\"},\"query-input\":\"required name=search_term_string\"}],\"inLanguage\":\"de-DE\"}]}<\/script>\n<!-- \/ Yoast SEO Premium plugin. -->","yoast_head_json":{"title":"STAUB Cocotte Rund 20 cm Salbei - Erresse Shop","description":"Kochen in einer Cocotte ist einfach und gesund. Sternek\u00f6che und Gourmets verwenden diesen Topf franz\u00f6sischen Ursprungs seit Jahrhunderten. Er besteht aus","robots":{"index":"index","follow":"follow","max-snippet":"max-snippet:-1","max-image-preview":"max-image-preview:large","max-video-preview":"max-video-preview:-1"},"canonical":"https:\/\/www.erresse-shop.it\/de\/shop\/toepfe-pfannen\/schalldaempfer-und-kokotten\/staub-cocotte-rund-20-cm-salbei\/","og_locale":"de_DE","og_type":"article","og_title":"STAUB Cocotte Rund 20 cm Salbei","og_description":"Kochen in einer Cocotte ist einfach und gesund. Sternek\u00f6che und Gourmets verwenden diesen Topf franz\u00f6sischen Ursprungs seit Jahrhunderten. Er besteht aus","og_url":"https:\/\/www.erresse-shop.it\/de\/shop\/toepfe-pfannen\/schalldaempfer-und-kokotten\/staub-cocotte-rund-20-cm-salbei\/","og_site_name":"Erresse Shop","article_modified_time":"2026-02-27T08:46:56+00:00","og_image":[{"width":1200,"height":1200,"url":"https:\/\/www.erresse-shop.it\/wp-content\/uploads\/2025\/05\/STAUB-Cocotte-Tonda-20-cm-Salvia.jpg","type":"image\/jpeg"}],"twitter_card":"summary_large_image","schema":{"@context":"https:\/\/schema.org","@graph":[{"@type":"WebPage","@id":"https:\/\/www.erresse-shop.it\/de\/shop\/toepfe-pfannen\/schalldaempfer-und-kokotten\/staub-cocotte-rund-20-cm-salbei\/","url":"https:\/\/www.erresse-shop.it\/de\/shop\/toepfe-pfannen\/schalldaempfer-und-kokotten\/staub-cocotte-rund-20-cm-salbei\/","name":"STAUB Cocotte Rund 20 cm Salbei - Erresse Shop","isPartOf":{"@id":"https:\/\/www.erresse-shop.it\/de\/#website"},"datePublished":"2025-05-05T06:27:11+00:00","dateModified":"2026-02-27T08:46:56+00:00","description":"Kochen in einer Cocotte ist einfach und gesund. Sternek\u00f6che und Gourmets verwenden diesen Topf franz\u00f6sischen Ursprungs seit Jahrhunderten. Er besteht aus","breadcrumb":{"@id":"https:\/\/www.erresse-shop.it\/de\/shop\/toepfe-pfannen\/schalldaempfer-und-kokotten\/staub-cocotte-rund-20-cm-salbei\/#breadcrumb"},"inLanguage":"de-DE","potentialAction":[{"@type":"ReadAction","target":["https:\/\/www.erresse-shop.it\/de\/shop\/toepfe-pfannen\/schalldaempfer-und-kokotten\/staub-cocotte-rund-20-cm-salbei\/"]}]},{"@type":"BreadcrumbList","@id":"https:\/\/www.erresse-shop.it\/de\/shop\/toepfe-pfannen\/schalldaempfer-und-kokotten\/staub-cocotte-rund-20-cm-salbei\/#breadcrumb","itemListElement":[{"@type":"ListItem","position":1,"name":"Home","item":"https:\/\/www.erresse-shop.it\/de\/"},{"@type":"ListItem","position":2,"name":"Shop","item":"https:\/\/www.erresse-shop.it\/de\/shop\/"},{"@type":"ListItem","position":3,"name":"STAUB Cocotte Rund 20 cm Salbei"}]},{"@type":"WebSite","@id":"https:\/\/www.erresse-shop.it\/de\/#website","url":"https:\/\/www.erresse-shop.it\/de\/","name":"Erresse Shop","description":"Articoli di qualit\u00e0 per la casa","potentialAction":[{"@type":"SearchAction","target":{"@type":"EntryPoint","urlTemplate":"https:\/\/www.erresse-shop.it\/de\/?s={search_term_string}"},"query-input":"required name=search_term_string"}],"inLanguage":"de-DE"}]}},"df_price":114.5,"df_sale_price":114.5,"df_regular_price":229,"df_image_link":"https:\/\/www.erresse-shop.it\/wp-content\/uploads\/2025\/05\/STAUB-Cocotte-Tonda-20-cm-Salvia-300x300.jpg","_links":{"self":[{"href":"https:\/\/www.erresse-shop.it\/de\/wp-json\/wp\/v2\/product\/497063"}],"collection":[{"href":"https:\/\/www.erresse-shop.it\/de\/wp-json\/wp\/v2\/product"}],"about":[{"href":"https:\/\/www.erresse-shop.it\/de\/wp-json\/wp\/v2\/types\/product"}],"wp:featuredmedia":[{"embeddable":true,"href":"https:\/\/www.erresse-shop.it\/de\/wp-json\/wp\/v2\/media\/497102"}],"wp:attachment":[{"href":"https:\/\/www.erresse-shop.it\/de\/wp-json\/wp\/v2\/media?parent=497063"}],"wp:term":[{"taxonomy":"product_cat","embeddable":true,"href":"https:\/\/www.erresse-shop.it\/de\/wp-json\/wp\/v2\/product_cat?post=497063"},{"taxonomy":"product_tag","embeddable":true,"href":"https:\/\/www.erresse-shop.it\/de\/wp-json\/wp\/v2\/product_tag?post=497063"}],"curies":[{"name":"wp","href":"https:\/\/api.w.org\/{rel}","templated":true}]}}