{"id":496753,"date":"2025-05-02T10:39:36","date_gmt":"2025-05-02T10:39:40","guid":{"rendered":"https:\/\/www.erresse-shop.it\/?post_type=product&#038;p=496753"},"modified":"2026-02-10T07:20:57","modified_gmt":"2026-02-10T07:20:57","slug":"villeroy-boch-boston-4er-set-champagnerglaeser-120-ml-mehrfarbig","status":"publish","type":"product","link":"https:\/\/www.erresse-shop.it\/de\/shop\/tisch\/weinbar-korkenzieher-dekanter-eiskubel\/weinglaeser\/villeroy-boch-boston-4er-set-champagnerglaeser-120-ml-mehrfarbig\/","title":{"rendered":"VILLEROY &#038; BOCH Boston 4er-Set Champagnergl\u00e4ser 120 ml Mehrfarbig"},"content":{"rendered":"<p class=\"chakra-heading css-1djizvy\"><strong><span style=\"font-size: 14pt;\">Boston Champagnerglas<br \/>\n<\/span><\/strong><\/p>\n<div class=\"css-1ljfi2m\">\n<div class=\"editor-text css-14bs28v\">\n<ul>\n<li>Dieses 120-ml-Glas vereint Funktionalit\u00e4t und Stil f\u00fcr den Genuss prickelnder Getr\u00e4nke.<\/li>\n<li>Vielseitig: Das Sekt-\/Champagnerglas sorgt f\u00fcr romantische Atmosph\u00e4re bei einem Candlelight Dinner.<\/li>\n<li>Hochwertig: Das Sekt-\/Champagnerglas aus Kristallglas ist besonders hochwertig und geschmacksneutral.<\/li>\n<li>Elegantes Farbspiel: Die Gl\u00e4ser leuchten in vier Farbt\u00f6nen und setzen mit ihrem Lichtspiel stilvolle Akzente.<\/li>\n<li>Bequemlichkeit: Das Sekt-\/Champagnerglas ist sp\u00fclmaschinenfest.<\/li>\n<\/ul>\n<\/div>\n<\/div>\n<p><strong>Material:<\/strong> Kristall<br \/>\n<strong>Sp\u00fclmaschinenfest:<\/strong> Ja<br \/>\n<strong>Mikrowellengeeignet:<\/strong> Nein<\/p>\n<p><strong>Durchmesser:<\/strong> 70 mm<br \/>\n<strong>H\u00f6he:<\/strong> 163 mm<br \/>\n<strong>Volumen:<\/strong> 120 ml<\/p>\n","protected":false},"excerpt":{"rendered":"<p>Boston Champagnerglas Dieses 120-ml-Glas vereint Funktionalit\u00e4t und Stil f\u00fcr den Genuss prickelnder Getr\u00e4nke. Vielseitig: Das Sekt-\/Champagnerglas sorgt f\u00fcr romantische Atmosph\u00e4re<\/p>\n","protected":false},"featured_media":496774,"template":"","meta":{"_acf_changed":false,"inline_featured_image":false},"product_cat":[6787,6850,14459],"product_tag":[25027,23911,19400,25022,23342],"acf":[],"yoast_head":"<!-- This site is optimized with the Yoast SEO Premium plugin v18.6 (Yoast SEO v19.13) - https:\/\/yoast.com\/wordpress\/plugins\/seo\/ -->\n<title>VILLEROY &amp; BOCH Boston 4er-Set Champagnergl\u00e4ser 120 ml Mehrfarbig - Erresse Shop<\/title>\n<meta name=\"description\" content=\"Boston Champagnerglas Dieses 120-ml-Glas vereint Funktionalit\u00e4t und Stil f\u00fcr den Genuss prickelnder Getr\u00e4nke. Vielseitig: Das Sekt-\/Champagnerglas sorgt\" \/>\n<meta name=\"robots\" content=\"index, follow, max-snippet:-1, max-image-preview:large, max-video-preview:-1\" \/>\n<link rel=\"canonical\" href=\"https:\/\/www.erresse-shop.it\/de\/shop\/tisch\/weinbar-korkenzieher-dekanter-eiskubel\/weinglaeser\/villeroy-boch-boston-4er-set-champagnerglaeser-120-ml-mehrfarbig\/\" \/>\n<meta property=\"og:locale\" content=\"de_DE\" \/>\n<meta property=\"og:type\" content=\"article\" \/>\n<meta property=\"og:title\" content=\"VILLEROY &amp; BOCH Boston 4er-Set Champagnergl\u00e4ser 120 ml Mehrfarbig\" \/>\n<meta property=\"og:description\" content=\"Boston Champagnerglas Dieses 120-ml-Glas vereint Funktionalit\u00e4t und Stil f\u00fcr den Genuss prickelnder Getr\u00e4nke. Vielseitig: Das Sekt-\/Champagnerglas sorgt\" \/>\n<meta property=\"og:url\" content=\"https:\/\/www.erresse-shop.it\/de\/shop\/tisch\/weinbar-korkenzieher-dekanter-eiskubel\/weinglaeser\/villeroy-boch-boston-4er-set-champagnerglaeser-120-ml-mehrfarbig\/\" \/>\n<meta property=\"og:site_name\" content=\"Erresse Shop\" \/>\n<meta property=\"article:modified_time\" content=\"2026-02-10T07:20:57+00:00\" \/>\n<meta property=\"og:image\" content=\"https:\/\/www.erresse-shop.it\/wp-content\/uploads\/2025\/05\/VILLEROY-BOCH-Boston-Set-4-Calici-Champagne-120-ml-Multicolore.jpg\" \/>\n\t<meta property=\"og:image:width\" content=\"1200\" \/>\n\t<meta property=\"og:image:height\" content=\"1200\" \/>\n\t<meta property=\"og:image:type\" content=\"image\/jpeg\" \/>\n<meta name=\"twitter:card\" content=\"summary_large_image\" \/>\n<script type=\"application\/ld+json\" class=\"yoast-schema-graph\">{\"@context\":\"https:\/\/schema.org\",\"@graph\":[{\"@type\":\"WebPage\",\"@id\":\"https:\/\/www.erresse-shop.it\/de\/shop\/tisch\/weinbar-korkenzieher-dekanter-eiskubel\/weinglaeser\/villeroy-boch-boston-4er-set-champagnerglaeser-120-ml-mehrfarbig\/\",\"url\":\"https:\/\/www.erresse-shop.it\/de\/shop\/tisch\/weinbar-korkenzieher-dekanter-eiskubel\/weinglaeser\/villeroy-boch-boston-4er-set-champagnerglaeser-120-ml-mehrfarbig\/\",\"name\":\"VILLEROY & BOCH Boston 4er-Set Champagnergl\u00e4ser 120 ml Mehrfarbig - Erresse Shop\",\"isPartOf\":{\"@id\":\"https:\/\/www.erresse-shop.it\/de\/#website\"},\"datePublished\":\"2025-05-02T10:39:40+00:00\",\"dateModified\":\"2026-02-10T07:20:57+00:00\",\"description\":\"Boston Champagnerglas Dieses 120-ml-Glas vereint Funktionalit\u00e4t und Stil f\u00fcr den Genuss prickelnder Getr\u00e4nke. Vielseitig: Das Sekt-\/Champagnerglas sorgt\",\"breadcrumb\":{\"@id\":\"https:\/\/www.erresse-shop.it\/de\/shop\/tisch\/weinbar-korkenzieher-dekanter-eiskubel\/weinglaeser\/villeroy-boch-boston-4er-set-champagnerglaeser-120-ml-mehrfarbig\/#breadcrumb\"},\"inLanguage\":\"de-DE\",\"potentialAction\":[{\"@type\":\"ReadAction\",\"target\":[\"https:\/\/www.erresse-shop.it\/de\/shop\/tisch\/weinbar-korkenzieher-dekanter-eiskubel\/weinglaeser\/villeroy-boch-boston-4er-set-champagnerglaeser-120-ml-mehrfarbig\/\"]}]},{\"@type\":\"BreadcrumbList\",\"@id\":\"https:\/\/www.erresse-shop.it\/de\/shop\/tisch\/weinbar-korkenzieher-dekanter-eiskubel\/weinglaeser\/villeroy-boch-boston-4er-set-champagnerglaeser-120-ml-mehrfarbig\/#breadcrumb\",\"itemListElement\":[{\"@type\":\"ListItem\",\"position\":1,\"name\":\"Home\",\"item\":\"https:\/\/www.erresse-shop.it\/de\/\"},{\"@type\":\"ListItem\",\"position\":2,\"name\":\"Shop\",\"item\":\"https:\/\/www.erresse-shop.it\/de\/shop\/\"},{\"@type\":\"ListItem\",\"position\":3,\"name\":\"VILLEROY &#038; BOCH Boston 4er-Set Champagnergl\u00e4ser 120 ml Mehrfarbig\"}]},{\"@type\":\"WebSite\",\"@id\":\"https:\/\/www.erresse-shop.it\/de\/#website\",\"url\":\"https:\/\/www.erresse-shop.it\/de\/\",\"name\":\"Erresse Shop\",\"description\":\"Articoli di qualit\u00e0 per la casa\",\"potentialAction\":[{\"@type\":\"SearchAction\",\"target\":{\"@type\":\"EntryPoint\",\"urlTemplate\":\"https:\/\/www.erresse-shop.it\/de\/?s={search_term_string}\"},\"query-input\":\"required name=search_term_string\"}],\"inLanguage\":\"de-DE\"}]}<\/script>\n<!-- \/ Yoast SEO Premium plugin. -->","yoast_head_json":{"title":"VILLEROY & BOCH Boston 4er-Set Champagnergl\u00e4ser 120 ml Mehrfarbig - Erresse Shop","description":"Boston Champagnerglas Dieses 120-ml-Glas vereint Funktionalit\u00e4t und Stil f\u00fcr den Genuss prickelnder Getr\u00e4nke. Vielseitig: Das Sekt-\/Champagnerglas sorgt","robots":{"index":"index","follow":"follow","max-snippet":"max-snippet:-1","max-image-preview":"max-image-preview:large","max-video-preview":"max-video-preview:-1"},"canonical":"https:\/\/www.erresse-shop.it\/de\/shop\/tisch\/weinbar-korkenzieher-dekanter-eiskubel\/weinglaeser\/villeroy-boch-boston-4er-set-champagnerglaeser-120-ml-mehrfarbig\/","og_locale":"de_DE","og_type":"article","og_title":"VILLEROY & BOCH Boston 4er-Set Champagnergl\u00e4ser 120 ml Mehrfarbig","og_description":"Boston Champagnerglas Dieses 120-ml-Glas vereint Funktionalit\u00e4t und Stil f\u00fcr den Genuss prickelnder Getr\u00e4nke. Vielseitig: Das Sekt-\/Champagnerglas sorgt","og_url":"https:\/\/www.erresse-shop.it\/de\/shop\/tisch\/weinbar-korkenzieher-dekanter-eiskubel\/weinglaeser\/villeroy-boch-boston-4er-set-champagnerglaeser-120-ml-mehrfarbig\/","og_site_name":"Erresse Shop","article_modified_time":"2026-02-10T07:20:57+00:00","og_image":[{"width":1200,"height":1200,"url":"https:\/\/www.erresse-shop.it\/wp-content\/uploads\/2025\/05\/VILLEROY-BOCH-Boston-Set-4-Calici-Champagne-120-ml-Multicolore.jpg","type":"image\/jpeg"}],"twitter_card":"summary_large_image","schema":{"@context":"https:\/\/schema.org","@graph":[{"@type":"WebPage","@id":"https:\/\/www.erresse-shop.it\/de\/shop\/tisch\/weinbar-korkenzieher-dekanter-eiskubel\/weinglaeser\/villeroy-boch-boston-4er-set-champagnerglaeser-120-ml-mehrfarbig\/","url":"https:\/\/www.erresse-shop.it\/de\/shop\/tisch\/weinbar-korkenzieher-dekanter-eiskubel\/weinglaeser\/villeroy-boch-boston-4er-set-champagnerglaeser-120-ml-mehrfarbig\/","name":"VILLEROY & BOCH Boston 4er-Set Champagnergl\u00e4ser 120 ml Mehrfarbig - Erresse Shop","isPartOf":{"@id":"https:\/\/www.erresse-shop.it\/de\/#website"},"datePublished":"2025-05-02T10:39:40+00:00","dateModified":"2026-02-10T07:20:57+00:00","description":"Boston Champagnerglas Dieses 120-ml-Glas vereint Funktionalit\u00e4t und Stil f\u00fcr den Genuss prickelnder Getr\u00e4nke. Vielseitig: Das Sekt-\/Champagnerglas sorgt","breadcrumb":{"@id":"https:\/\/www.erresse-shop.it\/de\/shop\/tisch\/weinbar-korkenzieher-dekanter-eiskubel\/weinglaeser\/villeroy-boch-boston-4er-set-champagnerglaeser-120-ml-mehrfarbig\/#breadcrumb"},"inLanguage":"de-DE","potentialAction":[{"@type":"ReadAction","target":["https:\/\/www.erresse-shop.it\/de\/shop\/tisch\/weinbar-korkenzieher-dekanter-eiskubel\/weinglaeser\/villeroy-boch-boston-4er-set-champagnerglaeser-120-ml-mehrfarbig\/"]}]},{"@type":"BreadcrumbList","@id":"https:\/\/www.erresse-shop.it\/de\/shop\/tisch\/weinbar-korkenzieher-dekanter-eiskubel\/weinglaeser\/villeroy-boch-boston-4er-set-champagnerglaeser-120-ml-mehrfarbig\/#breadcrumb","itemListElement":[{"@type":"ListItem","position":1,"name":"Home","item":"https:\/\/www.erresse-shop.it\/de\/"},{"@type":"ListItem","position":2,"name":"Shop","item":"https:\/\/www.erresse-shop.it\/de\/shop\/"},{"@type":"ListItem","position":3,"name":"VILLEROY &#038; BOCH Boston 4er-Set Champagnergl\u00e4ser 120 ml Mehrfarbig"}]},{"@type":"WebSite","@id":"https:\/\/www.erresse-shop.it\/de\/#website","url":"https:\/\/www.erresse-shop.it\/de\/","name":"Erresse Shop","description":"Articoli di qualit\u00e0 per la casa","potentialAction":[{"@type":"SearchAction","target":{"@type":"EntryPoint","urlTemplate":"https:\/\/www.erresse-shop.it\/de\/?s={search_term_string}"},"query-input":"required name=search_term_string"}],"inLanguage":"de-DE"}]}},"df_price":49,"df_sale_price":49,"df_regular_price":71.6,"df_image_link":"https:\/\/www.erresse-shop.it\/wp-content\/uploads\/2025\/05\/VILLEROY-BOCH-Boston-Set-4-Calici-Champagne-120-ml-Multicolore-300x300.jpg","_links":{"self":[{"href":"https:\/\/www.erresse-shop.it\/de\/wp-json\/wp\/v2\/product\/496753"}],"collection":[{"href":"https:\/\/www.erresse-shop.it\/de\/wp-json\/wp\/v2\/product"}],"about":[{"href":"https:\/\/www.erresse-shop.it\/de\/wp-json\/wp\/v2\/types\/product"}],"wp:featuredmedia":[{"embeddable":true,"href":"https:\/\/www.erresse-shop.it\/de\/wp-json\/wp\/v2\/media\/496774"}],"wp:attachment":[{"href":"https:\/\/www.erresse-shop.it\/de\/wp-json\/wp\/v2\/media?parent=496753"}],"wp:term":[{"taxonomy":"product_cat","embeddable":true,"href":"https:\/\/www.erresse-shop.it\/de\/wp-json\/wp\/v2\/product_cat?post=496753"},{"taxonomy":"product_tag","embeddable":true,"href":"https:\/\/www.erresse-shop.it\/de\/wp-json\/wp\/v2\/product_tag?post=496753"}],"curies":[{"name":"wp","href":"https:\/\/api.w.org\/{rel}","templated":true}]}}