{"id":496698,"date":"2025-05-02T09:59:02","date_gmt":"2025-05-02T09:59:04","guid":{"rendered":"https:\/\/www.erresse-shop.it\/?post_type=product&#038;p=496698"},"modified":"2026-02-27T08:52:29","modified_gmt":"2026-02-27T08:52:29","slug":"villeroy-boch-lave-set-mit-6-tiefen-tellern-22-cm-gruen","status":"publish","type":"product","link":"https:\/\/www.erresse-shop.it\/de\/shop\/tisch\/teller-geschirr\/villeroy-boch-lave-set-mit-6-tiefen-tellern-22-cm-gruen\/","title":{"rendered":"VILLEROY &#038; BOCH Lave Set mit 6 tiefen Tellern 22 cm Gr\u00fcn"},"content":{"rendered":"<p class=\"p1\"><strong>Tiefe Teller-Set<\/strong><\/p>\n<ul>\n<li>Mit den Ma\u00dfen 22 cm x 21 cm eignet sich die Sch\u00fcssel ideal zum Servieren von Pasta.<\/li>\n<li>Harmonisches Farbspiel: Die reaktive Glasur erzeugt zarte, organische Farbnuancen, die jedes St\u00fcck einzigartig machen.<\/li>\n<li>Perfekt zum Kombinieren: Die nat\u00fcrlichen Erdt\u00f6ne der Lave-Kollektion sorgen f\u00fcr harmonische und elegante Kompositionen.<\/li>\n<\/ul>\n<p><strong>Material:<\/strong> Terrakotta<br \/>\n<strong>Sp\u00fclmaschinenfest:<\/strong> Ja<br \/>\n<strong>Mikrowellengeeignet:<\/strong> Ja<\/p>\n<p><span style=\"font-size: 14pt;\"><strong>Ma\u00dfe:<\/strong><\/span><\/p>\n<div>\n<ul>\n<li><b>L\u00e4nge:<\/b>220 mm<\/li>\n<li><strong>Breite:<\/strong>210 mm<\/li>\n<li><strong>H\u00f6he:<\/strong> 42 mm<\/li>\n<li><strong>Volumen:<\/strong> 470 ml<\/li>\n<\/ul>\n<\/div>\n","protected":false},"excerpt":{"rendered":"<p>Tiefe Teller-Set Mit den Ma\u00dfen 22 cm x 21 cm eignet sich die Sch\u00fcssel ideal zum Servieren von Pasta. Harmonisches<\/p>\n","protected":false},"featured_media":496720,"template":"","meta":{"_acf_changed":false,"inline_featured_image":false},"product_cat":[6793,6787],"product_tag":[25027,24398,22042,21970,14289,11827],"acf":[],"yoast_head":"<!-- This site is optimized with the Yoast SEO Premium plugin v18.6 (Yoast SEO v19.13) - https:\/\/yoast.com\/wordpress\/plugins\/seo\/ -->\n<title>VILLEROY &amp; BOCH Lave Set mit 6 tiefen Tellern 22 cm Gr\u00fcn - Erresse Shop<\/title>\n<meta name=\"description\" content=\"Tiefe Teller-Set Mit den Ma\u00dfen 22 cm x 21 cm eignet sich die Sch\u00fcssel ideal zum Servieren von Pasta. Harmonisches Farbspiel: Die reaktive Glasur erzeugt\" \/>\n<meta name=\"robots\" content=\"index, follow, max-snippet:-1, max-image-preview:large, max-video-preview:-1\" \/>\n<link rel=\"canonical\" href=\"https:\/\/www.erresse-shop.it\/de\/shop\/tisch\/teller-geschirr\/villeroy-boch-lave-set-mit-6-tiefen-tellern-22-cm-gruen\/\" \/>\n<meta property=\"og:locale\" content=\"de_DE\" \/>\n<meta property=\"og:type\" content=\"article\" \/>\n<meta property=\"og:title\" content=\"VILLEROY &amp; BOCH Lave Set mit 6 tiefen Tellern 22 cm Gr\u00fcn\" \/>\n<meta property=\"og:description\" content=\"Tiefe Teller-Set Mit den Ma\u00dfen 22 cm x 21 cm eignet sich die Sch\u00fcssel ideal zum Servieren von Pasta. Harmonisches Farbspiel: Die reaktive Glasur erzeugt\" \/>\n<meta property=\"og:url\" content=\"https:\/\/www.erresse-shop.it\/de\/shop\/tisch\/teller-geschirr\/villeroy-boch-lave-set-mit-6-tiefen-tellern-22-cm-gruen\/\" \/>\n<meta property=\"og:site_name\" content=\"Erresse Shop\" \/>\n<meta property=\"article:modified_time\" content=\"2026-02-27T08:52:29+00:00\" \/>\n<meta property=\"og:image\" content=\"https:\/\/www.erresse-shop.it\/wp-content\/uploads\/2025\/05\/VILLEROY-BOCH-Lave-Set-6-Piatti-Fondi-22-cm-Verde.jpg\" \/>\n\t<meta property=\"og:image:width\" content=\"1200\" \/>\n\t<meta property=\"og:image:height\" content=\"1200\" \/>\n\t<meta property=\"og:image:type\" content=\"image\/jpeg\" \/>\n<meta name=\"twitter:card\" content=\"summary_large_image\" \/>\n<script type=\"application\/ld+json\" class=\"yoast-schema-graph\">{\"@context\":\"https:\/\/schema.org\",\"@graph\":[{\"@type\":\"WebPage\",\"@id\":\"https:\/\/www.erresse-shop.it\/de\/shop\/tisch\/teller-geschirr\/villeroy-boch-lave-set-mit-6-tiefen-tellern-22-cm-gruen\/\",\"url\":\"https:\/\/www.erresse-shop.it\/de\/shop\/tisch\/teller-geschirr\/villeroy-boch-lave-set-mit-6-tiefen-tellern-22-cm-gruen\/\",\"name\":\"VILLEROY & BOCH Lave Set mit 6 tiefen Tellern 22 cm Gr\u00fcn - Erresse Shop\",\"isPartOf\":{\"@id\":\"https:\/\/www.erresse-shop.it\/de\/#website\"},\"datePublished\":\"2025-05-02T09:59:04+00:00\",\"dateModified\":\"2026-02-27T08:52:29+00:00\",\"description\":\"Tiefe Teller-Set Mit den Ma\u00dfen 22 cm x 21 cm eignet sich die Sch\u00fcssel ideal zum Servieren von Pasta. Harmonisches Farbspiel: Die reaktive Glasur erzeugt\",\"breadcrumb\":{\"@id\":\"https:\/\/www.erresse-shop.it\/de\/shop\/tisch\/teller-geschirr\/villeroy-boch-lave-set-mit-6-tiefen-tellern-22-cm-gruen\/#breadcrumb\"},\"inLanguage\":\"de-DE\",\"potentialAction\":[{\"@type\":\"ReadAction\",\"target\":[\"https:\/\/www.erresse-shop.it\/de\/shop\/tisch\/teller-geschirr\/villeroy-boch-lave-set-mit-6-tiefen-tellern-22-cm-gruen\/\"]}]},{\"@type\":\"BreadcrumbList\",\"@id\":\"https:\/\/www.erresse-shop.it\/de\/shop\/tisch\/teller-geschirr\/villeroy-boch-lave-set-mit-6-tiefen-tellern-22-cm-gruen\/#breadcrumb\",\"itemListElement\":[{\"@type\":\"ListItem\",\"position\":1,\"name\":\"Home\",\"item\":\"https:\/\/www.erresse-shop.it\/de\/\"},{\"@type\":\"ListItem\",\"position\":2,\"name\":\"Shop\",\"item\":\"https:\/\/www.erresse-shop.it\/de\/shop\/\"},{\"@type\":\"ListItem\",\"position\":3,\"name\":\"VILLEROY &#038; BOCH Lave Set mit 6 tiefen Tellern 22 cm Gr\u00fcn\"}]},{\"@type\":\"WebSite\",\"@id\":\"https:\/\/www.erresse-shop.it\/de\/#website\",\"url\":\"https:\/\/www.erresse-shop.it\/de\/\",\"name\":\"Erresse Shop\",\"description\":\"Articoli di qualit\u00e0 per la casa\",\"potentialAction\":[{\"@type\":\"SearchAction\",\"target\":{\"@type\":\"EntryPoint\",\"urlTemplate\":\"https:\/\/www.erresse-shop.it\/de\/?s={search_term_string}\"},\"query-input\":\"required name=search_term_string\"}],\"inLanguage\":\"de-DE\"}]}<\/script>\n<!-- \/ Yoast SEO Premium plugin. -->","yoast_head_json":{"title":"VILLEROY & BOCH Lave Set mit 6 tiefen Tellern 22 cm Gr\u00fcn - Erresse Shop","description":"Tiefe Teller-Set Mit den Ma\u00dfen 22 cm x 21 cm eignet sich die Sch\u00fcssel ideal zum Servieren von Pasta. Harmonisches Farbspiel: Die reaktive Glasur erzeugt","robots":{"index":"index","follow":"follow","max-snippet":"max-snippet:-1","max-image-preview":"max-image-preview:large","max-video-preview":"max-video-preview:-1"},"canonical":"https:\/\/www.erresse-shop.it\/de\/shop\/tisch\/teller-geschirr\/villeroy-boch-lave-set-mit-6-tiefen-tellern-22-cm-gruen\/","og_locale":"de_DE","og_type":"article","og_title":"VILLEROY & BOCH Lave Set mit 6 tiefen Tellern 22 cm Gr\u00fcn","og_description":"Tiefe Teller-Set Mit den Ma\u00dfen 22 cm x 21 cm eignet sich die Sch\u00fcssel ideal zum Servieren von Pasta. Harmonisches Farbspiel: Die reaktive Glasur erzeugt","og_url":"https:\/\/www.erresse-shop.it\/de\/shop\/tisch\/teller-geschirr\/villeroy-boch-lave-set-mit-6-tiefen-tellern-22-cm-gruen\/","og_site_name":"Erresse Shop","article_modified_time":"2026-02-27T08:52:29+00:00","og_image":[{"width":1200,"height":1200,"url":"https:\/\/www.erresse-shop.it\/wp-content\/uploads\/2025\/05\/VILLEROY-BOCH-Lave-Set-6-Piatti-Fondi-22-cm-Verde.jpg","type":"image\/jpeg"}],"twitter_card":"summary_large_image","schema":{"@context":"https:\/\/schema.org","@graph":[{"@type":"WebPage","@id":"https:\/\/www.erresse-shop.it\/de\/shop\/tisch\/teller-geschirr\/villeroy-boch-lave-set-mit-6-tiefen-tellern-22-cm-gruen\/","url":"https:\/\/www.erresse-shop.it\/de\/shop\/tisch\/teller-geschirr\/villeroy-boch-lave-set-mit-6-tiefen-tellern-22-cm-gruen\/","name":"VILLEROY & BOCH Lave Set mit 6 tiefen Tellern 22 cm Gr\u00fcn - Erresse Shop","isPartOf":{"@id":"https:\/\/www.erresse-shop.it\/de\/#website"},"datePublished":"2025-05-02T09:59:04+00:00","dateModified":"2026-02-27T08:52:29+00:00","description":"Tiefe Teller-Set Mit den Ma\u00dfen 22 cm x 21 cm eignet sich die Sch\u00fcssel ideal zum Servieren von Pasta. Harmonisches Farbspiel: Die reaktive Glasur erzeugt","breadcrumb":{"@id":"https:\/\/www.erresse-shop.it\/de\/shop\/tisch\/teller-geschirr\/villeroy-boch-lave-set-mit-6-tiefen-tellern-22-cm-gruen\/#breadcrumb"},"inLanguage":"de-DE","potentialAction":[{"@type":"ReadAction","target":["https:\/\/www.erresse-shop.it\/de\/shop\/tisch\/teller-geschirr\/villeroy-boch-lave-set-mit-6-tiefen-tellern-22-cm-gruen\/"]}]},{"@type":"BreadcrumbList","@id":"https:\/\/www.erresse-shop.it\/de\/shop\/tisch\/teller-geschirr\/villeroy-boch-lave-set-mit-6-tiefen-tellern-22-cm-gruen\/#breadcrumb","itemListElement":[{"@type":"ListItem","position":1,"name":"Home","item":"https:\/\/www.erresse-shop.it\/de\/"},{"@type":"ListItem","position":2,"name":"Shop","item":"https:\/\/www.erresse-shop.it\/de\/shop\/"},{"@type":"ListItem","position":3,"name":"VILLEROY &#038; BOCH Lave Set mit 6 tiefen Tellern 22 cm Gr\u00fcn"}]},{"@type":"WebSite","@id":"https:\/\/www.erresse-shop.it\/de\/#website","url":"https:\/\/www.erresse-shop.it\/de\/","name":"Erresse Shop","description":"Articoli di qualit\u00e0 per la casa","potentialAction":[{"@type":"SearchAction","target":{"@type":"EntryPoint","urlTemplate":"https:\/\/www.erresse-shop.it\/de\/?s={search_term_string}"},"query-input":"required name=search_term_string"}],"inLanguage":"de-DE"}]}},"df_price":68.7,"df_sale_price":68.7,"df_regular_price":137.4,"df_image_link":"https:\/\/www.erresse-shop.it\/wp-content\/uploads\/2025\/05\/VILLEROY-BOCH-Lave-Set-6-Piatti-Fondi-22-cm-Verde-300x300.jpg","_links":{"self":[{"href":"https:\/\/www.erresse-shop.it\/de\/wp-json\/wp\/v2\/product\/496698"}],"collection":[{"href":"https:\/\/www.erresse-shop.it\/de\/wp-json\/wp\/v2\/product"}],"about":[{"href":"https:\/\/www.erresse-shop.it\/de\/wp-json\/wp\/v2\/types\/product"}],"wp:featuredmedia":[{"embeddable":true,"href":"https:\/\/www.erresse-shop.it\/de\/wp-json\/wp\/v2\/media\/496720"}],"wp:attachment":[{"href":"https:\/\/www.erresse-shop.it\/de\/wp-json\/wp\/v2\/media?parent=496698"}],"wp:term":[{"taxonomy":"product_cat","embeddable":true,"href":"https:\/\/www.erresse-shop.it\/de\/wp-json\/wp\/v2\/product_cat?post=496698"},{"taxonomy":"product_tag","embeddable":true,"href":"https:\/\/www.erresse-shop.it\/de\/wp-json\/wp\/v2\/product_tag?post=496698"}],"curies":[{"name":"wp","href":"https:\/\/api.w.org\/{rel}","templated":true}]}}