{"id":496228,"date":"2025-04-30T13:44:47","date_gmt":"2025-04-30T13:44:48","guid":{"rendered":"https:\/\/www.erresse-shop.it\/?post_type=product&#038;p=496228"},"modified":"2026-02-10T08:29:56","modified_gmt":"2026-02-10T08:29:56","slug":"villeroy-boch-afina-4er-set-weissweinglaeser-125-ml","status":"publish","type":"product","link":"https:\/\/www.erresse-shop.it\/de\/shop\/tisch\/weinbar-korkenzieher-dekanter-eiskubel\/weinglaeser\/villeroy-boch-afina-4er-set-weissweinglaeser-125-ml\/","title":{"rendered":"VILLEROY &#038; BOCH Afina 4er-Set Wei\u00dfweingl\u00e4ser 125 ml"},"content":{"rendered":"<p class=\"chakra-heading css-1djizvy\"><strong><span style=\"font-size: 14pt;\">Afina Wei\u00dfweinglas<br \/>\n<\/span><\/strong><\/p>\n<div>\n<div class=\"editor-text css-14bs28v\">\n<ul>\n<li>Mit seinen 125 ml bietet dieses Glas Wei\u00dfwein ausreichend Raum, um seinen frischen Geschmack und seine raffinierten Aromen zu entfalten.<\/li>\n<li>Vielseitig einsetzbar: Das Wei\u00dfweinglas f\u00fcgt sich harmonisch in eine romantische Tischdekoration ein<\/li>\n<li>Top-Qualit\u00e4t: Das Wei\u00dfweinglas ist d\u00fcnn und sehr langlebig<\/li>\n<li>Pflegeleicht: Kann nach Gebrauch oder zur Entfernung von Schmutz problemlos in der Sp\u00fclmaschine gereinigt werden<\/li>\n<\/ul>\n<\/div>\n<\/div>\n<p><strong>Material:<\/strong> Kristall<br \/>\n<strong>Sp\u00fclmaschinenfest:<\/strong> ja<br \/>\n<strong>Geeignet f\u00fcr die Mikrowelle:<\/strong> nein<br \/>\n<strong>Durchmesser:<\/strong> 82 mm<br \/>\n<strong>H\u00f6he:<\/strong> 220 mm<br \/>\n<strong>Volumen:<\/strong> 125 ml<\/p>\n","protected":false},"excerpt":{"rendered":"<p>Afina Wei\u00dfweinglas Mit seinen 125 ml bietet dieses Glas Wei\u00dfwein ausreichend Raum, um seinen frischen Geschmack und seine raffinierten Aromen<\/p>\n","protected":false},"featured_media":496243,"template":"","meta":{"_acf_changed":false,"inline_featured_image":false},"product_cat":[6787,6850,14459],"product_tag":[25027,23911,19400,25022,23342],"acf":[],"yoast_head":"<!-- This site is optimized with the Yoast SEO Premium plugin v18.6 (Yoast SEO v19.13) - https:\/\/yoast.com\/wordpress\/plugins\/seo\/ -->\n<title>VILLEROY &amp; BOCH Afina 4er-Set Wei\u00dfweingl\u00e4ser 125 ml - Erresse Shop<\/title>\n<meta name=\"description\" content=\"Afina Wei\u00dfweinglas Mit seinen 125 ml bietet dieses Glas Wei\u00dfwein ausreichend Raum, um seinen frischen Geschmack und seine raffinierten Aromen zu\" \/>\n<meta name=\"robots\" content=\"index, follow, max-snippet:-1, max-image-preview:large, max-video-preview:-1\" \/>\n<link rel=\"canonical\" href=\"https:\/\/www.erresse-shop.it\/de\/shop\/tisch\/weinbar-korkenzieher-dekanter-eiskubel\/weinglaeser\/villeroy-boch-afina-4er-set-weissweinglaeser-125-ml\/\" \/>\n<meta property=\"og:locale\" content=\"de_DE\" \/>\n<meta property=\"og:type\" content=\"article\" \/>\n<meta property=\"og:title\" content=\"VILLEROY &amp; BOCH Afina 4er-Set Wei\u00dfweingl\u00e4ser 125 ml\" \/>\n<meta property=\"og:description\" content=\"Afina Wei\u00dfweinglas Mit seinen 125 ml bietet dieses Glas Wei\u00dfwein ausreichend Raum, um seinen frischen Geschmack und seine raffinierten Aromen zu\" \/>\n<meta property=\"og:url\" content=\"https:\/\/www.erresse-shop.it\/de\/shop\/tisch\/weinbar-korkenzieher-dekanter-eiskubel\/weinglaeser\/villeroy-boch-afina-4er-set-weissweinglaeser-125-ml\/\" \/>\n<meta property=\"og:site_name\" content=\"Erresse Shop\" \/>\n<meta property=\"article:modified_time\" content=\"2026-02-10T08:29:56+00:00\" \/>\n<meta property=\"og:image\" content=\"https:\/\/www.erresse-shop.it\/wp-content\/uploads\/2025\/04\/VILLEROY-BOCH-Afina-Set-4-Calici-Vino-Bianco-125-ml.jpg\" \/>\n\t<meta property=\"og:image:width\" content=\"1200\" \/>\n\t<meta property=\"og:image:height\" content=\"1200\" \/>\n\t<meta property=\"og:image:type\" content=\"image\/jpeg\" \/>\n<meta name=\"twitter:card\" content=\"summary_large_image\" \/>\n<script type=\"application\/ld+json\" class=\"yoast-schema-graph\">{\"@context\":\"https:\/\/schema.org\",\"@graph\":[{\"@type\":\"WebPage\",\"@id\":\"https:\/\/www.erresse-shop.it\/de\/shop\/tisch\/weinbar-korkenzieher-dekanter-eiskubel\/weinglaeser\/villeroy-boch-afina-4er-set-weissweinglaeser-125-ml\/\",\"url\":\"https:\/\/www.erresse-shop.it\/de\/shop\/tisch\/weinbar-korkenzieher-dekanter-eiskubel\/weinglaeser\/villeroy-boch-afina-4er-set-weissweinglaeser-125-ml\/\",\"name\":\"VILLEROY & BOCH Afina 4er-Set Wei\u00dfweingl\u00e4ser 125 ml - Erresse Shop\",\"isPartOf\":{\"@id\":\"https:\/\/www.erresse-shop.it\/de\/#website\"},\"datePublished\":\"2025-04-30T13:44:48+00:00\",\"dateModified\":\"2026-02-10T08:29:56+00:00\",\"description\":\"Afina Wei\u00dfweinglas Mit seinen 125 ml bietet dieses Glas Wei\u00dfwein ausreichend Raum, um seinen frischen Geschmack und seine raffinierten Aromen zu\",\"breadcrumb\":{\"@id\":\"https:\/\/www.erresse-shop.it\/de\/shop\/tisch\/weinbar-korkenzieher-dekanter-eiskubel\/weinglaeser\/villeroy-boch-afina-4er-set-weissweinglaeser-125-ml\/#breadcrumb\"},\"inLanguage\":\"de-DE\",\"potentialAction\":[{\"@type\":\"ReadAction\",\"target\":[\"https:\/\/www.erresse-shop.it\/de\/shop\/tisch\/weinbar-korkenzieher-dekanter-eiskubel\/weinglaeser\/villeroy-boch-afina-4er-set-weissweinglaeser-125-ml\/\"]}]},{\"@type\":\"BreadcrumbList\",\"@id\":\"https:\/\/www.erresse-shop.it\/de\/shop\/tisch\/weinbar-korkenzieher-dekanter-eiskubel\/weinglaeser\/villeroy-boch-afina-4er-set-weissweinglaeser-125-ml\/#breadcrumb\",\"itemListElement\":[{\"@type\":\"ListItem\",\"position\":1,\"name\":\"Home\",\"item\":\"https:\/\/www.erresse-shop.it\/de\/\"},{\"@type\":\"ListItem\",\"position\":2,\"name\":\"Shop\",\"item\":\"https:\/\/www.erresse-shop.it\/de\/shop\/\"},{\"@type\":\"ListItem\",\"position\":3,\"name\":\"VILLEROY &#038; BOCH Afina 4er-Set Wei\u00dfweingl\u00e4ser 125 ml\"}]},{\"@type\":\"WebSite\",\"@id\":\"https:\/\/www.erresse-shop.it\/de\/#website\",\"url\":\"https:\/\/www.erresse-shop.it\/de\/\",\"name\":\"Erresse Shop\",\"description\":\"Articoli di qualit\u00e0 per la casa\",\"potentialAction\":[{\"@type\":\"SearchAction\",\"target\":{\"@type\":\"EntryPoint\",\"urlTemplate\":\"https:\/\/www.erresse-shop.it\/de\/?s={search_term_string}\"},\"query-input\":\"required name=search_term_string\"}],\"inLanguage\":\"de-DE\"}]}<\/script>\n<!-- \/ Yoast SEO Premium plugin. -->","yoast_head_json":{"title":"VILLEROY & BOCH Afina 4er-Set Wei\u00dfweingl\u00e4ser 125 ml - Erresse Shop","description":"Afina Wei\u00dfweinglas Mit seinen 125 ml bietet dieses Glas Wei\u00dfwein ausreichend Raum, um seinen frischen Geschmack und seine raffinierten Aromen zu","robots":{"index":"index","follow":"follow","max-snippet":"max-snippet:-1","max-image-preview":"max-image-preview:large","max-video-preview":"max-video-preview:-1"},"canonical":"https:\/\/www.erresse-shop.it\/de\/shop\/tisch\/weinbar-korkenzieher-dekanter-eiskubel\/weinglaeser\/villeroy-boch-afina-4er-set-weissweinglaeser-125-ml\/","og_locale":"de_DE","og_type":"article","og_title":"VILLEROY & BOCH Afina 4er-Set Wei\u00dfweingl\u00e4ser 125 ml","og_description":"Afina Wei\u00dfweinglas Mit seinen 125 ml bietet dieses Glas Wei\u00dfwein ausreichend Raum, um seinen frischen Geschmack und seine raffinierten Aromen zu","og_url":"https:\/\/www.erresse-shop.it\/de\/shop\/tisch\/weinbar-korkenzieher-dekanter-eiskubel\/weinglaeser\/villeroy-boch-afina-4er-set-weissweinglaeser-125-ml\/","og_site_name":"Erresse Shop","article_modified_time":"2026-02-10T08:29:56+00:00","og_image":[{"width":1200,"height":1200,"url":"https:\/\/www.erresse-shop.it\/wp-content\/uploads\/2025\/04\/VILLEROY-BOCH-Afina-Set-4-Calici-Vino-Bianco-125-ml.jpg","type":"image\/jpeg"}],"twitter_card":"summary_large_image","schema":{"@context":"https:\/\/schema.org","@graph":[{"@type":"WebPage","@id":"https:\/\/www.erresse-shop.it\/de\/shop\/tisch\/weinbar-korkenzieher-dekanter-eiskubel\/weinglaeser\/villeroy-boch-afina-4er-set-weissweinglaeser-125-ml\/","url":"https:\/\/www.erresse-shop.it\/de\/shop\/tisch\/weinbar-korkenzieher-dekanter-eiskubel\/weinglaeser\/villeroy-boch-afina-4er-set-weissweinglaeser-125-ml\/","name":"VILLEROY & BOCH Afina 4er-Set Wei\u00dfweingl\u00e4ser 125 ml - Erresse Shop","isPartOf":{"@id":"https:\/\/www.erresse-shop.it\/de\/#website"},"datePublished":"2025-04-30T13:44:48+00:00","dateModified":"2026-02-10T08:29:56+00:00","description":"Afina Wei\u00dfweinglas Mit seinen 125 ml bietet dieses Glas Wei\u00dfwein ausreichend Raum, um seinen frischen Geschmack und seine raffinierten Aromen zu","breadcrumb":{"@id":"https:\/\/www.erresse-shop.it\/de\/shop\/tisch\/weinbar-korkenzieher-dekanter-eiskubel\/weinglaeser\/villeroy-boch-afina-4er-set-weissweinglaeser-125-ml\/#breadcrumb"},"inLanguage":"de-DE","potentialAction":[{"@type":"ReadAction","target":["https:\/\/www.erresse-shop.it\/de\/shop\/tisch\/weinbar-korkenzieher-dekanter-eiskubel\/weinglaeser\/villeroy-boch-afina-4er-set-weissweinglaeser-125-ml\/"]}]},{"@type":"BreadcrumbList","@id":"https:\/\/www.erresse-shop.it\/de\/shop\/tisch\/weinbar-korkenzieher-dekanter-eiskubel\/weinglaeser\/villeroy-boch-afina-4er-set-weissweinglaeser-125-ml\/#breadcrumb","itemListElement":[{"@type":"ListItem","position":1,"name":"Home","item":"https:\/\/www.erresse-shop.it\/de\/"},{"@type":"ListItem","position":2,"name":"Shop","item":"https:\/\/www.erresse-shop.it\/de\/shop\/"},{"@type":"ListItem","position":3,"name":"VILLEROY &#038; BOCH Afina 4er-Set Wei\u00dfweingl\u00e4ser 125 ml"}]},{"@type":"WebSite","@id":"https:\/\/www.erresse-shop.it\/de\/#website","url":"https:\/\/www.erresse-shop.it\/de\/","name":"Erresse Shop","description":"Articoli di qualit\u00e0 per la casa","potentialAction":[{"@type":"SearchAction","target":{"@type":"EntryPoint","urlTemplate":"https:\/\/www.erresse-shop.it\/de\/?s={search_term_string}"},"query-input":"required name=search_term_string"}],"inLanguage":"de-DE"}]}},"df_price":24.95,"df_sale_price":24.95,"df_regular_price":49.9,"df_image_link":"https:\/\/www.erresse-shop.it\/wp-content\/uploads\/2025\/04\/VILLEROY-BOCH-Afina-Set-4-Calici-Vino-Bianco-125-ml-300x300.jpg","_links":{"self":[{"href":"https:\/\/www.erresse-shop.it\/de\/wp-json\/wp\/v2\/product\/496228"}],"collection":[{"href":"https:\/\/www.erresse-shop.it\/de\/wp-json\/wp\/v2\/product"}],"about":[{"href":"https:\/\/www.erresse-shop.it\/de\/wp-json\/wp\/v2\/types\/product"}],"wp:featuredmedia":[{"embeddable":true,"href":"https:\/\/www.erresse-shop.it\/de\/wp-json\/wp\/v2\/media\/496243"}],"wp:attachment":[{"href":"https:\/\/www.erresse-shop.it\/de\/wp-json\/wp\/v2\/media?parent=496228"}],"wp:term":[{"taxonomy":"product_cat","embeddable":true,"href":"https:\/\/www.erresse-shop.it\/de\/wp-json\/wp\/v2\/product_cat?post=496228"},{"taxonomy":"product_tag","embeddable":true,"href":"https:\/\/www.erresse-shop.it\/de\/wp-json\/wp\/v2\/product_tag?post=496228"}],"curies":[{"name":"wp","href":"https:\/\/api.w.org\/{rel}","templated":true}]}}