{"id":495735,"date":"2025-04-29T10:33:08","date_gmt":"2025-04-29T10:33:09","guid":{"rendered":"https:\/\/www.erresse-shop.it\/?post_type=product&#038;p=495735"},"modified":"2026-02-10T09:01:21","modified_gmt":"2026-02-10T09:01:21","slug":"villeroy-boch-fleur-set-mit-6-tiefen-tellern-24-cm-gelb","status":"publish","type":"product","link":"https:\/\/www.erresse-shop.it\/de\/shop\/tisch\/teller-geschirr\/villeroy-boch-fleur-set-mit-6-tiefen-tellern-24-cm-gelb\/","title":{"rendered":"VILLEROY &#038; BOCH Fleur Set mit 6 tiefen Tellern 24 cm Gelb"},"content":{"rendered":"<p class=\"p1\"><strong>Tiefe Teller-Set<\/strong><\/p>\n<ul>\n<li>Mit einem Fassungsverm\u00f6gen von 620 ml ist die Sch\u00fcssel ideal f\u00fcr alle, die nicht genug Pasta bekommen k\u00f6nnen.<\/li>\n<li>Vielseitige Kombinationsm\u00f6glichkeiten: Geeignet f\u00fcr den Alltag und festliche Anl\u00e4sse.<\/li>\n<li>Authentische Qualit\u00e4t: Der Pastateller ist besonders hochwertig und sehr langlebig.<\/li>\n<li>Die nat\u00fcrliche Sch\u00f6nheit der Blume \u2013 neu interpretiert: Frische Farben und moderne Formen lassen traditionelle Elemente in zeitgen\u00f6ssischem Glanz erstrahlen.<\/li>\n<li>Pflegeleicht: Der Pastateller ist sp\u00fclmaschinen- und mikrowellengeeignet.<\/li>\n<\/ul>\n<p><strong>Material:<\/strong> Premium Porzellan<br \/>\n<strong>Sp\u00fclmaschinenfest:<\/strong> Ja<br \/>\n<strong>Mikrowellengeeignet:<\/strong> Ja<\/p>\n<p><span style=\"font-size: 14pt;\"><strong>Ma\u00dfe:<\/strong><\/span><\/p>\n<div>\n<div>\n<ul>\n<li><strong>Durchmesser:<\/strong> 240 mm<\/li>\n<li><strong>H\u00f6he:<\/strong> 51 mm<\/li>\n<li><strong>Volumen:<\/strong> 620 ml<\/li>\n<\/ul>\n<\/div>\n<\/div>\n","protected":false},"excerpt":{"rendered":"<p>Tiefe Teller-Set Mit einem Fassungsverm\u00f6gen von 620 ml ist die Sch\u00fcssel ideal f\u00fcr alle, die nicht genug Pasta bekommen k\u00f6nnen.<\/p>\n","protected":false},"featured_media":495756,"template":"","meta":{"_acf_changed":false,"inline_featured_image":false},"product_cat":[6793,6787],"product_tag":[25027,24398,22042,21970,14289,11827],"acf":[],"yoast_head":"<!-- This site is optimized with the Yoast SEO Premium plugin v18.6 (Yoast SEO v19.13) - https:\/\/yoast.com\/wordpress\/plugins\/seo\/ -->\n<title>VILLEROY &amp; BOCH Fleur Set mit 6 tiefen Tellern 24 cm Gelb - Erresse Shop<\/title>\n<meta name=\"description\" content=\"Tiefe Teller-Set Mit einem Fassungsverm\u00f6gen von 620 ml ist die Sch\u00fcssel ideal f\u00fcr alle, die nicht genug Pasta bekommen k\u00f6nnen. Vielseitige\" \/>\n<meta name=\"robots\" content=\"index, follow, max-snippet:-1, max-image-preview:large, max-video-preview:-1\" \/>\n<link rel=\"canonical\" href=\"https:\/\/www.erresse-shop.it\/de\/shop\/tisch\/teller-geschirr\/villeroy-boch-fleur-set-mit-6-tiefen-tellern-24-cm-gelb\/\" \/>\n<meta property=\"og:locale\" content=\"de_DE\" \/>\n<meta property=\"og:type\" content=\"article\" \/>\n<meta property=\"og:title\" content=\"VILLEROY &amp; BOCH Fleur Set mit 6 tiefen Tellern 24 cm Gelb\" \/>\n<meta property=\"og:description\" content=\"Tiefe Teller-Set Mit einem Fassungsverm\u00f6gen von 620 ml ist die Sch\u00fcssel ideal f\u00fcr alle, die nicht genug Pasta bekommen k\u00f6nnen. Vielseitige\" \/>\n<meta property=\"og:url\" content=\"https:\/\/www.erresse-shop.it\/de\/shop\/tisch\/teller-geschirr\/villeroy-boch-fleur-set-mit-6-tiefen-tellern-24-cm-gelb\/\" \/>\n<meta property=\"og:site_name\" content=\"Erresse Shop\" \/>\n<meta property=\"article:modified_time\" content=\"2026-02-10T09:01:21+00:00\" \/>\n<meta property=\"og:image\" content=\"https:\/\/www.erresse-shop.it\/wp-content\/uploads\/2025\/04\/VILLEROY-BOCH-Fleur-Set-6-Piatti-Fondi-24-cm-Giallo.jpg\" \/>\n\t<meta property=\"og:image:width\" content=\"1200\" \/>\n\t<meta property=\"og:image:height\" content=\"1200\" \/>\n\t<meta property=\"og:image:type\" content=\"image\/jpeg\" \/>\n<meta name=\"twitter:card\" content=\"summary_large_image\" \/>\n<script type=\"application\/ld+json\" class=\"yoast-schema-graph\">{\"@context\":\"https:\/\/schema.org\",\"@graph\":[{\"@type\":\"WebPage\",\"@id\":\"https:\/\/www.erresse-shop.it\/de\/shop\/tisch\/teller-geschirr\/villeroy-boch-fleur-set-mit-6-tiefen-tellern-24-cm-gelb\/\",\"url\":\"https:\/\/www.erresse-shop.it\/de\/shop\/tisch\/teller-geschirr\/villeroy-boch-fleur-set-mit-6-tiefen-tellern-24-cm-gelb\/\",\"name\":\"VILLEROY & BOCH Fleur Set mit 6 tiefen Tellern 24 cm Gelb - Erresse Shop\",\"isPartOf\":{\"@id\":\"https:\/\/www.erresse-shop.it\/de\/#website\"},\"datePublished\":\"2025-04-29T10:33:09+00:00\",\"dateModified\":\"2026-02-10T09:01:21+00:00\",\"description\":\"Tiefe Teller-Set Mit einem Fassungsverm\u00f6gen von 620 ml ist die Sch\u00fcssel ideal f\u00fcr alle, die nicht genug Pasta bekommen k\u00f6nnen. Vielseitige\",\"breadcrumb\":{\"@id\":\"https:\/\/www.erresse-shop.it\/de\/shop\/tisch\/teller-geschirr\/villeroy-boch-fleur-set-mit-6-tiefen-tellern-24-cm-gelb\/#breadcrumb\"},\"inLanguage\":\"de-DE\",\"potentialAction\":[{\"@type\":\"ReadAction\",\"target\":[\"https:\/\/www.erresse-shop.it\/de\/shop\/tisch\/teller-geschirr\/villeroy-boch-fleur-set-mit-6-tiefen-tellern-24-cm-gelb\/\"]}]},{\"@type\":\"BreadcrumbList\",\"@id\":\"https:\/\/www.erresse-shop.it\/de\/shop\/tisch\/teller-geschirr\/villeroy-boch-fleur-set-mit-6-tiefen-tellern-24-cm-gelb\/#breadcrumb\",\"itemListElement\":[{\"@type\":\"ListItem\",\"position\":1,\"name\":\"Home\",\"item\":\"https:\/\/www.erresse-shop.it\/de\/\"},{\"@type\":\"ListItem\",\"position\":2,\"name\":\"Shop\",\"item\":\"https:\/\/www.erresse-shop.it\/de\/shop\/\"},{\"@type\":\"ListItem\",\"position\":3,\"name\":\"VILLEROY &#038; BOCH Fleur Set mit 6 tiefen Tellern 24 cm Gelb\"}]},{\"@type\":\"WebSite\",\"@id\":\"https:\/\/www.erresse-shop.it\/de\/#website\",\"url\":\"https:\/\/www.erresse-shop.it\/de\/\",\"name\":\"Erresse Shop\",\"description\":\"Articoli di qualit\u00e0 per la casa\",\"potentialAction\":[{\"@type\":\"SearchAction\",\"target\":{\"@type\":\"EntryPoint\",\"urlTemplate\":\"https:\/\/www.erresse-shop.it\/de\/?s={search_term_string}\"},\"query-input\":\"required name=search_term_string\"}],\"inLanguage\":\"de-DE\"}]}<\/script>\n<!-- \/ Yoast SEO Premium plugin. -->","yoast_head_json":{"title":"VILLEROY & BOCH Fleur Set mit 6 tiefen Tellern 24 cm Gelb - Erresse Shop","description":"Tiefe Teller-Set Mit einem Fassungsverm\u00f6gen von 620 ml ist die Sch\u00fcssel ideal f\u00fcr alle, die nicht genug Pasta bekommen k\u00f6nnen. Vielseitige","robots":{"index":"index","follow":"follow","max-snippet":"max-snippet:-1","max-image-preview":"max-image-preview:large","max-video-preview":"max-video-preview:-1"},"canonical":"https:\/\/www.erresse-shop.it\/de\/shop\/tisch\/teller-geschirr\/villeroy-boch-fleur-set-mit-6-tiefen-tellern-24-cm-gelb\/","og_locale":"de_DE","og_type":"article","og_title":"VILLEROY & BOCH Fleur Set mit 6 tiefen Tellern 24 cm Gelb","og_description":"Tiefe Teller-Set Mit einem Fassungsverm\u00f6gen von 620 ml ist die Sch\u00fcssel ideal f\u00fcr alle, die nicht genug Pasta bekommen k\u00f6nnen. Vielseitige","og_url":"https:\/\/www.erresse-shop.it\/de\/shop\/tisch\/teller-geschirr\/villeroy-boch-fleur-set-mit-6-tiefen-tellern-24-cm-gelb\/","og_site_name":"Erresse Shop","article_modified_time":"2026-02-10T09:01:21+00:00","og_image":[{"width":1200,"height":1200,"url":"https:\/\/www.erresse-shop.it\/wp-content\/uploads\/2025\/04\/VILLEROY-BOCH-Fleur-Set-6-Piatti-Fondi-24-cm-Giallo.jpg","type":"image\/jpeg"}],"twitter_card":"summary_large_image","schema":{"@context":"https:\/\/schema.org","@graph":[{"@type":"WebPage","@id":"https:\/\/www.erresse-shop.it\/de\/shop\/tisch\/teller-geschirr\/villeroy-boch-fleur-set-mit-6-tiefen-tellern-24-cm-gelb\/","url":"https:\/\/www.erresse-shop.it\/de\/shop\/tisch\/teller-geschirr\/villeroy-boch-fleur-set-mit-6-tiefen-tellern-24-cm-gelb\/","name":"VILLEROY & BOCH Fleur Set mit 6 tiefen Tellern 24 cm Gelb - Erresse Shop","isPartOf":{"@id":"https:\/\/www.erresse-shop.it\/de\/#website"},"datePublished":"2025-04-29T10:33:09+00:00","dateModified":"2026-02-10T09:01:21+00:00","description":"Tiefe Teller-Set Mit einem Fassungsverm\u00f6gen von 620 ml ist die Sch\u00fcssel ideal f\u00fcr alle, die nicht genug Pasta bekommen k\u00f6nnen. Vielseitige","breadcrumb":{"@id":"https:\/\/www.erresse-shop.it\/de\/shop\/tisch\/teller-geschirr\/villeroy-boch-fleur-set-mit-6-tiefen-tellern-24-cm-gelb\/#breadcrumb"},"inLanguage":"de-DE","potentialAction":[{"@type":"ReadAction","target":["https:\/\/www.erresse-shop.it\/de\/shop\/tisch\/teller-geschirr\/villeroy-boch-fleur-set-mit-6-tiefen-tellern-24-cm-gelb\/"]}]},{"@type":"BreadcrumbList","@id":"https:\/\/www.erresse-shop.it\/de\/shop\/tisch\/teller-geschirr\/villeroy-boch-fleur-set-mit-6-tiefen-tellern-24-cm-gelb\/#breadcrumb","itemListElement":[{"@type":"ListItem","position":1,"name":"Home","item":"https:\/\/www.erresse-shop.it\/de\/"},{"@type":"ListItem","position":2,"name":"Shop","item":"https:\/\/www.erresse-shop.it\/de\/shop\/"},{"@type":"ListItem","position":3,"name":"VILLEROY &#038; BOCH Fleur Set mit 6 tiefen Tellern 24 cm Gelb"}]},{"@type":"WebSite","@id":"https:\/\/www.erresse-shop.it\/de\/#website","url":"https:\/\/www.erresse-shop.it\/de\/","name":"Erresse Shop","description":"Articoli di qualit\u00e0 per la casa","potentialAction":[{"@type":"SearchAction","target":{"@type":"EntryPoint","urlTemplate":"https:\/\/www.erresse-shop.it\/de\/?s={search_term_string}"},"query-input":"required name=search_term_string"}],"inLanguage":"de-DE"}]}},"df_price":68.7,"df_sale_price":68.7,"df_regular_price":137.4,"df_image_link":"https:\/\/www.erresse-shop.it\/wp-content\/uploads\/2025\/04\/VILLEROY-BOCH-Fleur-Set-6-Piatti-Fondi-24-cm-Giallo-300x300.jpg","_links":{"self":[{"href":"https:\/\/www.erresse-shop.it\/de\/wp-json\/wp\/v2\/product\/495735"}],"collection":[{"href":"https:\/\/www.erresse-shop.it\/de\/wp-json\/wp\/v2\/product"}],"about":[{"href":"https:\/\/www.erresse-shop.it\/de\/wp-json\/wp\/v2\/types\/product"}],"wp:featuredmedia":[{"embeddable":true,"href":"https:\/\/www.erresse-shop.it\/de\/wp-json\/wp\/v2\/media\/495756"}],"wp:attachment":[{"href":"https:\/\/www.erresse-shop.it\/de\/wp-json\/wp\/v2\/media?parent=495735"}],"wp:term":[{"taxonomy":"product_cat","embeddable":true,"href":"https:\/\/www.erresse-shop.it\/de\/wp-json\/wp\/v2\/product_cat?post=495735"},{"taxonomy":"product_tag","embeddable":true,"href":"https:\/\/www.erresse-shop.it\/de\/wp-json\/wp\/v2\/product_tag?post=495735"}],"curies":[{"name":"wp","href":"https:\/\/api.w.org\/{rel}","templated":true}]}}