{"id":495661,"date":"2025-04-29T09:53:21","date_gmt":"2025-04-29T09:53:22","guid":{"rendered":"https:\/\/www.erresse-shop.it\/?post_type=product&#038;p=495661"},"modified":"2026-02-27T09:18:56","modified_gmt":"2026-02-27T09:18:56","slug":"villeroy-boch-fleur-6er-set-dessertteller-21-cm-gelb","status":"publish","type":"product","link":"https:\/\/www.erresse-shop.it\/de\/shop\/tisch\/teller-geschirr\/villeroy-boch-fleur-6er-set-dessertteller-21-cm-gelb\/","title":{"rendered":"VILLEROY &#038; BOCH Fleur 6er-Set Dessertteller 21 cm Gelb"},"content":{"rendered":"<p class=\"p1\"><strong>Dessertteller-Set<\/strong><\/p>\n<ul>\n<li>Mit seinen Ma\u00dfen von 21,2 cm x 21,2 cm eignet sich der Teller perfekt f\u00fcr ein herzhaftes Fr\u00fchst\u00fcck.<\/li>\n<li>Dekorativ und praktisch: Der Dessert-\/Fr\u00fchst\u00fccksteller ist ideal f\u00fcr einen Brunch mit den Liebsten.<\/li>\n<li>Jeden Tag neu kombinieren: Die vielseitigen Artikel lassen sich flexibel im Alltag einsetzen und individuell kombinieren.<\/li>\n<li>Hochwertig: Der Dessert-\/Fr\u00fchst\u00fccksteller ist hochwertig und langlebig.<\/li>\n<li>Blumenpracht mit modernem Touch: Traditionelle Muster werden neu interpretiert und verschmelzen mit klaren Linien und modernen Farbgebungen zu einem einzigartigen Designkonzept.<\/li>\n<li>Pflegeleicht und praktisch: Der Dessert-\/Fr\u00fchst\u00fccksteller ist sp\u00fclmaschinenfest und kann gleichzeitig in der Mikrowelle verwendet werden.<\/li>\n<\/ul>\n<p><strong>Material:<\/strong> Premium-Porzellan<br \/>\n<strong>Sp\u00fclmaschinenfest:<\/strong> Ja<br \/>\n<strong>Mikrowellengeeignet:<\/strong> Ja<\/p>\n<p><span style=\"font-size: 14pt;\"><strong>Gr\u00f6\u00dfe:<\/strong><\/span><\/p>\n<div>\n<div>\n<ul>\n<li><strong>Durchmesser:<\/strong> 212 mm<\/li>\n<li><strong>H\u00f6he:<\/strong> 24 mm<\/li>\n<li><strong>Gewicht:<\/strong> 380 g<\/li>\n<\/ul>\n<\/div>\n<\/div>\n","protected":false},"excerpt":{"rendered":"<p>Dessertteller-Set Mit seinen Ma\u00dfen von 21,2 cm x 21,2 cm eignet sich der Teller perfekt f\u00fcr ein herzhaftes Fr\u00fchst\u00fcck. Dekorativ<\/p>\n","protected":false},"featured_media":495676,"template":"","meta":{"_acf_changed":false,"inline_featured_image":false},"product_cat":[6793,6787],"product_tag":[25027,14286,14552,20877,24398,21970,11827,16717],"acf":[],"yoast_head":"<!-- This site is optimized with the Yoast SEO Premium plugin v18.6 (Yoast SEO v19.13) - https:\/\/yoast.com\/wordpress\/plugins\/seo\/ -->\n<title>VILLEROY &amp; BOCH Fleur 6er-Set Dessertteller 21 cm Gelb - Erresse Shop<\/title>\n<meta name=\"description\" content=\"Dessertteller-Set Mit seinen Ma\u00dfen von 21,2 cm x 21,2 cm eignet sich der Teller perfekt f\u00fcr ein herzhaftes Fr\u00fchst\u00fcck. Dekorativ und praktisch: Der\" \/>\n<meta name=\"robots\" content=\"index, follow, max-snippet:-1, max-image-preview:large, max-video-preview:-1\" \/>\n<link rel=\"canonical\" href=\"https:\/\/www.erresse-shop.it\/de\/shop\/tisch\/teller-geschirr\/villeroy-boch-fleur-6er-set-dessertteller-21-cm-gelb\/\" \/>\n<meta property=\"og:locale\" content=\"de_DE\" \/>\n<meta property=\"og:type\" content=\"article\" \/>\n<meta property=\"og:title\" content=\"VILLEROY &amp; BOCH Fleur 6er-Set Dessertteller 21 cm Gelb\" \/>\n<meta property=\"og:description\" content=\"Dessertteller-Set Mit seinen Ma\u00dfen von 21,2 cm x 21,2 cm eignet sich der Teller perfekt f\u00fcr ein herzhaftes Fr\u00fchst\u00fcck. Dekorativ und praktisch: Der\" \/>\n<meta property=\"og:url\" content=\"https:\/\/www.erresse-shop.it\/de\/shop\/tisch\/teller-geschirr\/villeroy-boch-fleur-6er-set-dessertteller-21-cm-gelb\/\" \/>\n<meta property=\"og:site_name\" content=\"Erresse Shop\" \/>\n<meta property=\"article:modified_time\" content=\"2026-02-27T09:18:56+00:00\" \/>\n<meta property=\"og:image\" content=\"https:\/\/www.erresse-shop.it\/wp-content\/uploads\/2025\/04\/VILLEROY-BOCH-Fleur-Set-6-Piatti-Dessert-21-cm-Giallo.jpg\" \/>\n\t<meta property=\"og:image:width\" content=\"1200\" \/>\n\t<meta property=\"og:image:height\" content=\"1200\" \/>\n\t<meta property=\"og:image:type\" content=\"image\/jpeg\" \/>\n<meta name=\"twitter:card\" content=\"summary_large_image\" \/>\n<script type=\"application\/ld+json\" class=\"yoast-schema-graph\">{\"@context\":\"https:\/\/schema.org\",\"@graph\":[{\"@type\":\"WebPage\",\"@id\":\"https:\/\/www.erresse-shop.it\/de\/shop\/tisch\/teller-geschirr\/villeroy-boch-fleur-6er-set-dessertteller-21-cm-gelb\/\",\"url\":\"https:\/\/www.erresse-shop.it\/de\/shop\/tisch\/teller-geschirr\/villeroy-boch-fleur-6er-set-dessertteller-21-cm-gelb\/\",\"name\":\"VILLEROY & BOCH Fleur 6er-Set Dessertteller 21 cm Gelb - Erresse Shop\",\"isPartOf\":{\"@id\":\"https:\/\/www.erresse-shop.it\/de\/#website\"},\"datePublished\":\"2025-04-29T09:53:22+00:00\",\"dateModified\":\"2026-02-27T09:18:56+00:00\",\"description\":\"Dessertteller-Set Mit seinen Ma\u00dfen von 21,2 cm x 21,2 cm eignet sich der Teller perfekt f\u00fcr ein herzhaftes Fr\u00fchst\u00fcck. Dekorativ und praktisch: Der\",\"breadcrumb\":{\"@id\":\"https:\/\/www.erresse-shop.it\/de\/shop\/tisch\/teller-geschirr\/villeroy-boch-fleur-6er-set-dessertteller-21-cm-gelb\/#breadcrumb\"},\"inLanguage\":\"de-DE\",\"potentialAction\":[{\"@type\":\"ReadAction\",\"target\":[\"https:\/\/www.erresse-shop.it\/de\/shop\/tisch\/teller-geschirr\/villeroy-boch-fleur-6er-set-dessertteller-21-cm-gelb\/\"]}]},{\"@type\":\"BreadcrumbList\",\"@id\":\"https:\/\/www.erresse-shop.it\/de\/shop\/tisch\/teller-geschirr\/villeroy-boch-fleur-6er-set-dessertteller-21-cm-gelb\/#breadcrumb\",\"itemListElement\":[{\"@type\":\"ListItem\",\"position\":1,\"name\":\"Home\",\"item\":\"https:\/\/www.erresse-shop.it\/de\/\"},{\"@type\":\"ListItem\",\"position\":2,\"name\":\"Shop\",\"item\":\"https:\/\/www.erresse-shop.it\/de\/shop\/\"},{\"@type\":\"ListItem\",\"position\":3,\"name\":\"VILLEROY &#038; BOCH Fleur 6er-Set Dessertteller 21 cm Gelb\"}]},{\"@type\":\"WebSite\",\"@id\":\"https:\/\/www.erresse-shop.it\/de\/#website\",\"url\":\"https:\/\/www.erresse-shop.it\/de\/\",\"name\":\"Erresse Shop\",\"description\":\"Articoli di qualit\u00e0 per la casa\",\"potentialAction\":[{\"@type\":\"SearchAction\",\"target\":{\"@type\":\"EntryPoint\",\"urlTemplate\":\"https:\/\/www.erresse-shop.it\/de\/?s={search_term_string}\"},\"query-input\":\"required name=search_term_string\"}],\"inLanguage\":\"de-DE\"}]}<\/script>\n<!-- \/ Yoast SEO Premium plugin. -->","yoast_head_json":{"title":"VILLEROY & BOCH Fleur 6er-Set Dessertteller 21 cm Gelb - Erresse Shop","description":"Dessertteller-Set Mit seinen Ma\u00dfen von 21,2 cm x 21,2 cm eignet sich der Teller perfekt f\u00fcr ein herzhaftes Fr\u00fchst\u00fcck. Dekorativ und praktisch: Der","robots":{"index":"index","follow":"follow","max-snippet":"max-snippet:-1","max-image-preview":"max-image-preview:large","max-video-preview":"max-video-preview:-1"},"canonical":"https:\/\/www.erresse-shop.it\/de\/shop\/tisch\/teller-geschirr\/villeroy-boch-fleur-6er-set-dessertteller-21-cm-gelb\/","og_locale":"de_DE","og_type":"article","og_title":"VILLEROY & BOCH Fleur 6er-Set Dessertteller 21 cm Gelb","og_description":"Dessertteller-Set Mit seinen Ma\u00dfen von 21,2 cm x 21,2 cm eignet sich der Teller perfekt f\u00fcr ein herzhaftes Fr\u00fchst\u00fcck. Dekorativ und praktisch: Der","og_url":"https:\/\/www.erresse-shop.it\/de\/shop\/tisch\/teller-geschirr\/villeroy-boch-fleur-6er-set-dessertteller-21-cm-gelb\/","og_site_name":"Erresse Shop","article_modified_time":"2026-02-27T09:18:56+00:00","og_image":[{"width":1200,"height":1200,"url":"https:\/\/www.erresse-shop.it\/wp-content\/uploads\/2025\/04\/VILLEROY-BOCH-Fleur-Set-6-Piatti-Dessert-21-cm-Giallo.jpg","type":"image\/jpeg"}],"twitter_card":"summary_large_image","schema":{"@context":"https:\/\/schema.org","@graph":[{"@type":"WebPage","@id":"https:\/\/www.erresse-shop.it\/de\/shop\/tisch\/teller-geschirr\/villeroy-boch-fleur-6er-set-dessertteller-21-cm-gelb\/","url":"https:\/\/www.erresse-shop.it\/de\/shop\/tisch\/teller-geschirr\/villeroy-boch-fleur-6er-set-dessertteller-21-cm-gelb\/","name":"VILLEROY & BOCH Fleur 6er-Set Dessertteller 21 cm Gelb - Erresse Shop","isPartOf":{"@id":"https:\/\/www.erresse-shop.it\/de\/#website"},"datePublished":"2025-04-29T09:53:22+00:00","dateModified":"2026-02-27T09:18:56+00:00","description":"Dessertteller-Set Mit seinen Ma\u00dfen von 21,2 cm x 21,2 cm eignet sich der Teller perfekt f\u00fcr ein herzhaftes Fr\u00fchst\u00fcck. Dekorativ und praktisch: Der","breadcrumb":{"@id":"https:\/\/www.erresse-shop.it\/de\/shop\/tisch\/teller-geschirr\/villeroy-boch-fleur-6er-set-dessertteller-21-cm-gelb\/#breadcrumb"},"inLanguage":"de-DE","potentialAction":[{"@type":"ReadAction","target":["https:\/\/www.erresse-shop.it\/de\/shop\/tisch\/teller-geschirr\/villeroy-boch-fleur-6er-set-dessertteller-21-cm-gelb\/"]}]},{"@type":"BreadcrumbList","@id":"https:\/\/www.erresse-shop.it\/de\/shop\/tisch\/teller-geschirr\/villeroy-boch-fleur-6er-set-dessertteller-21-cm-gelb\/#breadcrumb","itemListElement":[{"@type":"ListItem","position":1,"name":"Home","item":"https:\/\/www.erresse-shop.it\/de\/"},{"@type":"ListItem","position":2,"name":"Shop","item":"https:\/\/www.erresse-shop.it\/de\/shop\/"},{"@type":"ListItem","position":3,"name":"VILLEROY &#038; BOCH Fleur 6er-Set Dessertteller 21 cm Gelb"}]},{"@type":"WebSite","@id":"https:\/\/www.erresse-shop.it\/de\/#website","url":"https:\/\/www.erresse-shop.it\/de\/","name":"Erresse Shop","description":"Articoli di qualit\u00e0 per la casa","potentialAction":[{"@type":"SearchAction","target":{"@type":"EntryPoint","urlTemplate":"https:\/\/www.erresse-shop.it\/de\/?s={search_term_string}"},"query-input":"required name=search_term_string"}],"inLanguage":"de-DE"}]}},"df_price":56.7,"df_sale_price":56.7,"df_regular_price":113.4,"df_image_link":"https:\/\/www.erresse-shop.it\/wp-content\/uploads\/2025\/04\/VILLEROY-BOCH-Fleur-Set-6-Piatti-Dessert-21-cm-Giallo-300x300.jpg","_links":{"self":[{"href":"https:\/\/www.erresse-shop.it\/de\/wp-json\/wp\/v2\/product\/495661"}],"collection":[{"href":"https:\/\/www.erresse-shop.it\/de\/wp-json\/wp\/v2\/product"}],"about":[{"href":"https:\/\/www.erresse-shop.it\/de\/wp-json\/wp\/v2\/types\/product"}],"wp:featuredmedia":[{"embeddable":true,"href":"https:\/\/www.erresse-shop.it\/de\/wp-json\/wp\/v2\/media\/495676"}],"wp:attachment":[{"href":"https:\/\/www.erresse-shop.it\/de\/wp-json\/wp\/v2\/media?parent=495661"}],"wp:term":[{"taxonomy":"product_cat","embeddable":true,"href":"https:\/\/www.erresse-shop.it\/de\/wp-json\/wp\/v2\/product_cat?post=495661"},{"taxonomy":"product_tag","embeddable":true,"href":"https:\/\/www.erresse-shop.it\/de\/wp-json\/wp\/v2\/product_tag?post=495661"}],"curies":[{"name":"wp","href":"https:\/\/api.w.org\/{rel}","templated":true}]}}