{"id":495303,"date":"2025-04-28T06:21:11","date_gmt":"2025-04-28T06:21:32","guid":{"rendered":"https:\/\/www.erresse-shop.it\/?post_type=product&#038;p=495303"},"modified":"2026-02-27T09:32:07","modified_gmt":"2026-02-27T09:32:07","slug":"staub-cocotte-rund-mit-daempfeinsatz-24-cm-weiss","status":"publish","type":"product","link":"https:\/\/www.erresse-shop.it\/de\/shop\/toepfe-pfannen\/schalldaempfer-und-kokotten\/staub-cocotte-rund-mit-daempfeinsatz-24-cm-weiss\/","title":{"rendered":"STAUB Cocotte Rund mit D\u00e4mpfeinsatz 24 cm Wei\u00df"},"content":{"rendered":"<p>Die Cocotte mit speziellem Dampfkorb aus hochwertigem 18\/10 Edelstahl erm\u00f6glicht das gleichzeitige Garen mehrerer Zutaten. Dank der dicken Silikondichtung und der L\u00f6cher in der Oberfl\u00e4che des Korbes wird die Hitze gleichm\u00e4\u00dfig in der Pfanne verteilt. Die Cocotte hat einen Durchmesser von 24 cm und ein Fassungsverm\u00f6gen von 3,7 Litern. Sie k\u00f6nnen die Cocotte auf allen Herdarten, einschlie\u00dflich Induktion, und sogar im Backofen verwenden. Die Innenseite ist mit mattschwarzem Emaille versehen. Das Material ist langlebig, leicht zu reinigen und wird aufgrund seiner au\u00dfergew\u00f6hnlichen Eigenschaften sowohl von Spitzenk\u00f6chen als auch von K\u00fcchenneulingen gesch\u00e4tzt. Mit der Cocotte k\u00f6nnen Sie Lebensmittel effizient schmoren und die nat\u00fcrlichen Aromen Ihrer Zutaten bewahren. Die Emaillebeschichtung speichert die W\u00e4rme und gibt sie allm\u00e4hlich und gleichm\u00e4\u00dfig ab. Durch die spezielle \u201eHalbkugel\u201c-Struktur im Deckelinneren tropft das Kondenswasser gleichm\u00e4\u00dfig auf das Gargut und h\u00e4lt es sch\u00f6n saftig und zart. Nach dem Entfernen des Korbes k\u00f6nnen in der schwarzen Cocotte von Staub Gerichte stilvoll serviert werden.<\/p>\n<p>&#8211; Ideal zum gleichzeitigen Schmoren und D\u00fcnsten, zB. Kochen des Reis unten und des Fischs oben<br \/>\nF\u00fcr ein saftiges und zartes Garergebnis dank Deckel<br \/>\n&#8211; Die mattschwarze Innenemaillierung eignet sich optimal zum besonders knusprigen Schmoren und ist sehr widerstandsf\u00e4hig<br \/>\n&#8211; F\u00fcr alle Herdarten geeignet, auch Induktion, auch f\u00fcr den Backofen\/Grill geeignet<br \/>\n&#8211; Intensive Farbe<\/p>\n<p><strong>Funktionen<\/strong><\/p>\n<p>-Hitzebest\u00e4ndigkeit (\u00b0C): 240,00 \u00baC<br \/>\n&#8211; K\u00e4ltebest\u00e4ndigkeit: -20,00 \u00baC<br \/>\n&#8211; Material: Gusseisen<br \/>\n&#8211; Vorhandener Deckel: ja<br \/>\n-Induktion: Ja<br \/>\n-Ofenfest: Ja<br \/>\n-Gefrierschranksicher: Ja<br \/>\n-Geeignet f\u00fcr Kochfeld: Ja<br \/>\n-Sp\u00fclmaschinenfest: Ja<\/p>\n<p><strong>Gr\u00f6\u00dfe<\/strong><\/p>\n<p>-Nettogewicht: 5,5 kg<br \/>\n-Fassungsverm\u00f6gen: 3,70 l<br \/>\n-Durchmesser: 24 cm<br \/>\n-H\u00f6he: 22,6 cm<\/p>\n","protected":false},"excerpt":{"rendered":"<p>Die Cocotte mit speziellem Dampfkorb aus hochwertigem 18\/10 Edelstahl erm\u00f6glicht das gleichzeitige Garen mehrerer Zutaten. Dank der dicken Silikondichtung und<\/p>\n","protected":false},"featured_media":495328,"template":"","meta":{"_acf_changed":false,"inline_featured_image":false},"product_cat":[6709,14793],"product_tag":[25088,11811,11381,11385,21533,12315,25022],"acf":[],"yoast_head":"<!-- This site is optimized with the Yoast SEO Premium plugin v18.6 (Yoast SEO v19.13) - https:\/\/yoast.com\/wordpress\/plugins\/seo\/ -->\n<title>STAUB Cocotte Rund mit D\u00e4mpfeinsatz 24 cm Wei\u00df - Erresse Shop<\/title>\n<meta name=\"description\" content=\"Die Cocotte mit speziellem Dampfkorb aus hochwertigem 18\/10 Edelstahl erm\u00f6glicht das gleichzeitige Garen mehrerer Zutaten. Dank der dicken Silikondichtung\" \/>\n<meta name=\"robots\" content=\"index, follow, max-snippet:-1, max-image-preview:large, max-video-preview:-1\" \/>\n<link rel=\"canonical\" href=\"https:\/\/www.erresse-shop.it\/de\/shop\/toepfe-pfannen\/schalldaempfer-und-kokotten\/staub-cocotte-rund-mit-daempfeinsatz-24-cm-weiss\/\" \/>\n<meta property=\"og:locale\" content=\"de_DE\" \/>\n<meta property=\"og:type\" content=\"article\" \/>\n<meta property=\"og:title\" content=\"STAUB Cocotte Rund mit D\u00e4mpfeinsatz 24 cm Wei\u00df\" \/>\n<meta property=\"og:description\" content=\"Die Cocotte mit speziellem Dampfkorb aus hochwertigem 18\/10 Edelstahl erm\u00f6glicht das gleichzeitige Garen mehrerer Zutaten. Dank der dicken Silikondichtung\" \/>\n<meta property=\"og:url\" content=\"https:\/\/www.erresse-shop.it\/de\/shop\/toepfe-pfannen\/schalldaempfer-und-kokotten\/staub-cocotte-rund-mit-daempfeinsatz-24-cm-weiss\/\" \/>\n<meta property=\"og:site_name\" content=\"Erresse Shop\" \/>\n<meta property=\"article:modified_time\" content=\"2026-02-27T09:32:07+00:00\" \/>\n<meta property=\"og:image\" content=\"https:\/\/www.erresse-shop.it\/wp-content\/uploads\/2025\/04\/STAUB-Cocotte-Tonda-con-Cestello-a-Vapore-24-cm-Bianco.jpg\" \/>\n\t<meta property=\"og:image:width\" content=\"1200\" \/>\n\t<meta property=\"og:image:height\" content=\"1200\" \/>\n\t<meta property=\"og:image:type\" content=\"image\/jpeg\" \/>\n<meta name=\"twitter:card\" content=\"summary_large_image\" \/>\n<script type=\"application\/ld+json\" class=\"yoast-schema-graph\">{\"@context\":\"https:\/\/schema.org\",\"@graph\":[{\"@type\":\"WebPage\",\"@id\":\"https:\/\/www.erresse-shop.it\/de\/shop\/toepfe-pfannen\/schalldaempfer-und-kokotten\/staub-cocotte-rund-mit-daempfeinsatz-24-cm-weiss\/\",\"url\":\"https:\/\/www.erresse-shop.it\/de\/shop\/toepfe-pfannen\/schalldaempfer-und-kokotten\/staub-cocotte-rund-mit-daempfeinsatz-24-cm-weiss\/\",\"name\":\"STAUB Cocotte Rund mit D\u00e4mpfeinsatz 24 cm Wei\u00df - Erresse Shop\",\"isPartOf\":{\"@id\":\"https:\/\/www.erresse-shop.it\/de\/#website\"},\"datePublished\":\"2025-04-28T06:21:32+00:00\",\"dateModified\":\"2026-02-27T09:32:07+00:00\",\"description\":\"Die Cocotte mit speziellem Dampfkorb aus hochwertigem 18\/10 Edelstahl erm\u00f6glicht das gleichzeitige Garen mehrerer Zutaten. Dank der dicken Silikondichtung\",\"breadcrumb\":{\"@id\":\"https:\/\/www.erresse-shop.it\/de\/shop\/toepfe-pfannen\/schalldaempfer-und-kokotten\/staub-cocotte-rund-mit-daempfeinsatz-24-cm-weiss\/#breadcrumb\"},\"inLanguage\":\"de-DE\",\"potentialAction\":[{\"@type\":\"ReadAction\",\"target\":[\"https:\/\/www.erresse-shop.it\/de\/shop\/toepfe-pfannen\/schalldaempfer-und-kokotten\/staub-cocotte-rund-mit-daempfeinsatz-24-cm-weiss\/\"]}]},{\"@type\":\"BreadcrumbList\",\"@id\":\"https:\/\/www.erresse-shop.it\/de\/shop\/toepfe-pfannen\/schalldaempfer-und-kokotten\/staub-cocotte-rund-mit-daempfeinsatz-24-cm-weiss\/#breadcrumb\",\"itemListElement\":[{\"@type\":\"ListItem\",\"position\":1,\"name\":\"Home\",\"item\":\"https:\/\/www.erresse-shop.it\/de\/\"},{\"@type\":\"ListItem\",\"position\":2,\"name\":\"Shop\",\"item\":\"https:\/\/www.erresse-shop.it\/de\/shop\/\"},{\"@type\":\"ListItem\",\"position\":3,\"name\":\"STAUB Cocotte Rund mit D\u00e4mpfeinsatz 24 cm Wei\u00df\"}]},{\"@type\":\"WebSite\",\"@id\":\"https:\/\/www.erresse-shop.it\/de\/#website\",\"url\":\"https:\/\/www.erresse-shop.it\/de\/\",\"name\":\"Erresse Shop\",\"description\":\"Articoli di qualit\u00e0 per la casa\",\"potentialAction\":[{\"@type\":\"SearchAction\",\"target\":{\"@type\":\"EntryPoint\",\"urlTemplate\":\"https:\/\/www.erresse-shop.it\/de\/?s={search_term_string}\"},\"query-input\":\"required name=search_term_string\"}],\"inLanguage\":\"de-DE\"}]}<\/script>\n<!-- \/ Yoast SEO Premium plugin. -->","yoast_head_json":{"title":"STAUB Cocotte Rund mit D\u00e4mpfeinsatz 24 cm Wei\u00df - Erresse Shop","description":"Die Cocotte mit speziellem Dampfkorb aus hochwertigem 18\/10 Edelstahl erm\u00f6glicht das gleichzeitige Garen mehrerer Zutaten. Dank der dicken Silikondichtung","robots":{"index":"index","follow":"follow","max-snippet":"max-snippet:-1","max-image-preview":"max-image-preview:large","max-video-preview":"max-video-preview:-1"},"canonical":"https:\/\/www.erresse-shop.it\/de\/shop\/toepfe-pfannen\/schalldaempfer-und-kokotten\/staub-cocotte-rund-mit-daempfeinsatz-24-cm-weiss\/","og_locale":"de_DE","og_type":"article","og_title":"STAUB Cocotte Rund mit D\u00e4mpfeinsatz 24 cm Wei\u00df","og_description":"Die Cocotte mit speziellem Dampfkorb aus hochwertigem 18\/10 Edelstahl erm\u00f6glicht das gleichzeitige Garen mehrerer Zutaten. Dank der dicken Silikondichtung","og_url":"https:\/\/www.erresse-shop.it\/de\/shop\/toepfe-pfannen\/schalldaempfer-und-kokotten\/staub-cocotte-rund-mit-daempfeinsatz-24-cm-weiss\/","og_site_name":"Erresse Shop","article_modified_time":"2026-02-27T09:32:07+00:00","og_image":[{"width":1200,"height":1200,"url":"https:\/\/www.erresse-shop.it\/wp-content\/uploads\/2025\/04\/STAUB-Cocotte-Tonda-con-Cestello-a-Vapore-24-cm-Bianco.jpg","type":"image\/jpeg"}],"twitter_card":"summary_large_image","schema":{"@context":"https:\/\/schema.org","@graph":[{"@type":"WebPage","@id":"https:\/\/www.erresse-shop.it\/de\/shop\/toepfe-pfannen\/schalldaempfer-und-kokotten\/staub-cocotte-rund-mit-daempfeinsatz-24-cm-weiss\/","url":"https:\/\/www.erresse-shop.it\/de\/shop\/toepfe-pfannen\/schalldaempfer-und-kokotten\/staub-cocotte-rund-mit-daempfeinsatz-24-cm-weiss\/","name":"STAUB Cocotte Rund mit D\u00e4mpfeinsatz 24 cm Wei\u00df - Erresse Shop","isPartOf":{"@id":"https:\/\/www.erresse-shop.it\/de\/#website"},"datePublished":"2025-04-28T06:21:32+00:00","dateModified":"2026-02-27T09:32:07+00:00","description":"Die Cocotte mit speziellem Dampfkorb aus hochwertigem 18\/10 Edelstahl erm\u00f6glicht das gleichzeitige Garen mehrerer Zutaten. Dank der dicken Silikondichtung","breadcrumb":{"@id":"https:\/\/www.erresse-shop.it\/de\/shop\/toepfe-pfannen\/schalldaempfer-und-kokotten\/staub-cocotte-rund-mit-daempfeinsatz-24-cm-weiss\/#breadcrumb"},"inLanguage":"de-DE","potentialAction":[{"@type":"ReadAction","target":["https:\/\/www.erresse-shop.it\/de\/shop\/toepfe-pfannen\/schalldaempfer-und-kokotten\/staub-cocotte-rund-mit-daempfeinsatz-24-cm-weiss\/"]}]},{"@type":"BreadcrumbList","@id":"https:\/\/www.erresse-shop.it\/de\/shop\/toepfe-pfannen\/schalldaempfer-und-kokotten\/staub-cocotte-rund-mit-daempfeinsatz-24-cm-weiss\/#breadcrumb","itemListElement":[{"@type":"ListItem","position":1,"name":"Home","item":"https:\/\/www.erresse-shop.it\/de\/"},{"@type":"ListItem","position":2,"name":"Shop","item":"https:\/\/www.erresse-shop.it\/de\/shop\/"},{"@type":"ListItem","position":3,"name":"STAUB Cocotte Rund mit D\u00e4mpfeinsatz 24 cm Wei\u00df"}]},{"@type":"WebSite","@id":"https:\/\/www.erresse-shop.it\/de\/#website","url":"https:\/\/www.erresse-shop.it\/de\/","name":"Erresse Shop","description":"Articoli di qualit\u00e0 per la casa","potentialAction":[{"@type":"SearchAction","target":{"@type":"EntryPoint","urlTemplate":"https:\/\/www.erresse-shop.it\/de\/?s={search_term_string}"},"query-input":"required name=search_term_string"}],"inLanguage":"de-DE"}]}},"df_price":149.5,"df_sale_price":149.5,"df_regular_price":299,"df_image_link":"https:\/\/www.erresse-shop.it\/wp-content\/uploads\/2025\/04\/STAUB-Cocotte-Tonda-con-Cestello-a-Vapore-24-cm-Bianco-300x300.jpg","_links":{"self":[{"href":"https:\/\/www.erresse-shop.it\/de\/wp-json\/wp\/v2\/product\/495303"}],"collection":[{"href":"https:\/\/www.erresse-shop.it\/de\/wp-json\/wp\/v2\/product"}],"about":[{"href":"https:\/\/www.erresse-shop.it\/de\/wp-json\/wp\/v2\/types\/product"}],"wp:featuredmedia":[{"embeddable":true,"href":"https:\/\/www.erresse-shop.it\/de\/wp-json\/wp\/v2\/media\/495328"}],"wp:attachment":[{"href":"https:\/\/www.erresse-shop.it\/de\/wp-json\/wp\/v2\/media?parent=495303"}],"wp:term":[{"taxonomy":"product_cat","embeddable":true,"href":"https:\/\/www.erresse-shop.it\/de\/wp-json\/wp\/v2\/product_cat?post=495303"},{"taxonomy":"product_tag","embeddable":true,"href":"https:\/\/www.erresse-shop.it\/de\/wp-json\/wp\/v2\/product_tag?post=495303"}],"curies":[{"name":"wp","href":"https:\/\/api.w.org\/{rel}","templated":true}]}}