{"id":495265,"date":"2025-04-28T05:53:34","date_gmt":"2025-04-28T05:53:35","guid":{"rendered":"https:\/\/www.erresse-shop.it\/?post_type=product&#038;p=495265"},"modified":"2026-02-27T09:34:40","modified_gmt":"2026-02-27T09:34:40","slug":"staub-tajine-aus-gusseisen-20-cm-creme","status":"publish","type":"product","link":"https:\/\/www.erresse-shop.it\/de\/shop\/toepfe-pfannen\/tajine-de\/staub-tajine-aus-gusseisen-20-cm-creme\/","title":{"rendered":"STAUB Tajine aus Gusseisen 20 cm Creme"},"content":{"rendered":"<p>Mit der runden Tajine aus der Spezialit\u00e4tenserie von Staub k\u00f6nnen Sie exquisite kulinarische Spezialit\u00e4ten zubereiten. Diese T\u00f6pfe stammen urspr\u00fcnglich aus Marokko und wurden vor langer Zeit von den Berberst\u00e4mmen hergestellt und entwickelt. Durch ihre besondere Form und den luftdichten Deckel k\u00f6nnen sich die Aromen der Zutaten optimal entfalten und vermischen. Der Tajine hat einen schwarzen Gusseisenboden, der die W\u00e4rme perfekt speichert und sie langsam und gleichm\u00e4\u00dfig neu verteilt. Die Gerichte werden schonend und gesund zubereitet. Der cremefarbene Keramikdeckel bildet einen sch\u00f6nen Kontrast zum Unterteil. Sie k\u00f6nnen diesen Topf auf allen Herdarten und nat\u00fcrlich auch im Backofen verwenden. Ihre G\u00e4ste werden von der exotischen Optik dieses Topfes begeistert sein und Ihre k\u00f6stlichen Kreationen mit Spannung probieren wollen. Dieser Tajine mit 20 cm Durchmesser ist gro\u00df genug, um mehrere Schichten von Zutaten darin unterzubringen. Sie k\u00f6nnen Fleisch, Gem\u00fcse und leckere Eint\u00f6pfe mit zahlreichen Zutaten zubereiten. Nutzen Sie diesen Topf f\u00fcr marokkanische Spezialit\u00e4ten und lassen Sie sich zu einer Entdeckungsreise durch die gesunde und leckere K\u00fcche Nordafrikas inspirieren.<\/p>\n<ul>\n<li>Es ist ideal f\u00fcr die Zubereitung traditioneller marokkanischer Gerichte<\/li>\n<li>Fleisch auf dem Gusseisensockel anbraten<\/li>\n<li>Gew\u00fcrze und Gem\u00fcse hinzuf\u00fcgen und im Ofen mit dem Keramikdeckel weiterschmoren<\/li>\n<li>Die mattschwarze Innenemaillierung eignet sich ideal zum besonders knusprigen Schmoren und ist sehr widerstandsf\u00e4hig<\/li>\n<li>F\u00fcr alle Herdarten geeignet, auch Induktion, auch f\u00fcr den Backofen\/Grill geeignet<\/li>\n<\/ul>\n<div class=\"dimensions-content\">\n<p><strong><span class=\"dimensions\">Funktionen<\/span><\/strong><\/p>\n<div>\n<ul>\n<li class=\"attribute\"><strong><span class=\"label\">Hitzebest\u00e4ndigkeit: <\/span><\/strong><span class=\"value\">260 \u00baC<\/span><\/li>\n<li class=\"attribute\"><strong><span class=\"label\">K\u00e4ltebest\u00e4ndigkeit: <\/span><\/strong><span class=\"value\">-20 \u00baC<\/span><\/li>\n<li class=\"attribute\"><strong><span class=\"label\">Material: <\/span><\/strong><span class=\"value\">Gusseisen<\/span><\/li>\n<li class=\"attribute\"><span class=\"label\"><strong>Innenbeschichtung:<\/strong> <\/span><span class=\"value\">Emaille<\/span><\/li>\n<li class=\"attribute\"><strong><span class=\"label\">Induktion: <\/span><\/strong><span class=\"value\">Ja<\/span><\/li>\n<li class=\"attribute\"><strong><span class=\"label\">Backofenfest: <\/span><\/strong><span class=\"value\">Ja<\/span><\/li>\n<li class=\"attribute\"><span class=\"label\"><strong>Herdplattengeeignet:<\/strong> <\/span><span class=\"value\">Ja<\/span><\/li>\n<li class=\"attribute\"><span class=\"label\"><strong>Sp\u00fclmaschinenfest:<\/strong> <\/span><span class=\"value\">Ja<\/span><\/li>\n<\/ul>\n<\/div>\n<\/div>\n<div class=\"dimensions-content\">\n<p><strong><span class=\"dimensions\">ABMESSUNGEN<\/span><\/strong><\/p>\n<div>\n<ul>\n<li class=\"attribute\"><strong><span class=\"label\">Nettogewicht: <\/span><\/strong><span class=\"value\">1,80 kg<\/span><\/li>\n<li class=\"attribute\"><span class=\"label\"><strong>Fassungsverm\u00f6gen:<\/strong> <\/span><span class=\"value\">0,60 l<\/span><\/li>\n<li class=\"attribute\"><strong><span class=\"label\">Produktl\u00e4nge: <\/span><\/strong><span class=\"value\">20,00 cm<\/span><\/li>\n<li class=\"attribute\"><strong><span class=\"label\">Produktbreite: <\/span><\/strong><span class=\"value\">20,00 cm<\/span><\/li>\n<li class=\"attribute\"><strong><span class=\"label\">Produkth\u00f6he: <\/span><\/strong><span class=\"value\">15,60 cm<\/span><\/li>\n<li class=\"attribute\"><strong><span class=\"label\">H\u00f6he ohne Deckel: <\/span><\/strong><span class=\"value\">4,00 cm<\/span><\/li>\n<li class=\"attribute\"><strong><span class=\"label\">Oberer Durchmesser: <\/span><\/strong><span class=\"value\">20,00 cm<\/span><\/li>\n<li class=\"attribute\"><strong><span class=\"label\">Bodendurchmesser: <\/span><\/strong><span class=\"value\">14,00 cm<\/span><\/li>\n<\/ul>\n<\/div>\n<\/div>\n","protected":false},"excerpt":{"rendered":"<p>Mit der runden Tajine aus der Spezialit\u00e4tenserie von Staub k\u00f6nnen Sie exquisite kulinarische Spezialit\u00e4ten zubereiten. Diese T\u00f6pfe stammen urspr\u00fcnglich aus<\/p>\n","protected":false},"featured_media":495293,"template":"","meta":{"_acf_changed":false,"inline_featured_image":false},"product_cat":[6709,14785],"product_tag":[25088,11387,11385,21533,12315,25022,13534,12205],"acf":[],"yoast_head":"<!-- This site is optimized with the Yoast SEO Premium plugin v18.6 (Yoast SEO v19.13) - https:\/\/yoast.com\/wordpress\/plugins\/seo\/ -->\n<title>STAUB Tajine aus Gusseisen 20 cm Creme - Erresse Shop<\/title>\n<meta name=\"description\" content=\"Mit der runden Tajine aus der Spezialit\u00e4tenserie von Staub k\u00f6nnen Sie exquisite kulinarische Spezialit\u00e4ten zubereiten. Diese T\u00f6pfe stammen urspr\u00fcnglich\" \/>\n<meta name=\"robots\" content=\"index, follow, max-snippet:-1, max-image-preview:large, max-video-preview:-1\" \/>\n<link rel=\"canonical\" href=\"https:\/\/www.erresse-shop.it\/de\/shop\/toepfe-pfannen\/tajine-de\/staub-tajine-aus-gusseisen-20-cm-creme\/\" \/>\n<meta property=\"og:locale\" content=\"de_DE\" \/>\n<meta property=\"og:type\" content=\"article\" \/>\n<meta property=\"og:title\" content=\"STAUB Tajine aus Gusseisen 20 cm Creme\" \/>\n<meta property=\"og:description\" content=\"Mit der runden Tajine aus der Spezialit\u00e4tenserie von Staub k\u00f6nnen Sie exquisite kulinarische Spezialit\u00e4ten zubereiten. Diese T\u00f6pfe stammen urspr\u00fcnglich\" \/>\n<meta property=\"og:url\" content=\"https:\/\/www.erresse-shop.it\/de\/shop\/toepfe-pfannen\/tajine-de\/staub-tajine-aus-gusseisen-20-cm-creme\/\" \/>\n<meta property=\"og:site_name\" content=\"Erresse Shop\" \/>\n<meta property=\"article:modified_time\" content=\"2026-02-27T09:34:40+00:00\" \/>\n<meta property=\"og:image\" content=\"https:\/\/www.erresse-shop.it\/wp-content\/uploads\/2025\/04\/STAUB-Tajine-Ghisa-20-cm-Crema.jpg\" \/>\n\t<meta property=\"og:image:width\" content=\"1200\" \/>\n\t<meta property=\"og:image:height\" content=\"1200\" \/>\n\t<meta property=\"og:image:type\" content=\"image\/jpeg\" \/>\n<meta name=\"twitter:card\" content=\"summary_large_image\" \/>\n<script type=\"application\/ld+json\" class=\"yoast-schema-graph\">{\"@context\":\"https:\/\/schema.org\",\"@graph\":[{\"@type\":\"WebPage\",\"@id\":\"https:\/\/www.erresse-shop.it\/de\/shop\/toepfe-pfannen\/tajine-de\/staub-tajine-aus-gusseisen-20-cm-creme\/\",\"url\":\"https:\/\/www.erresse-shop.it\/de\/shop\/toepfe-pfannen\/tajine-de\/staub-tajine-aus-gusseisen-20-cm-creme\/\",\"name\":\"STAUB Tajine aus Gusseisen 20 cm Creme - Erresse Shop\",\"isPartOf\":{\"@id\":\"https:\/\/www.erresse-shop.it\/de\/#website\"},\"datePublished\":\"2025-04-28T05:53:35+00:00\",\"dateModified\":\"2026-02-27T09:34:40+00:00\",\"description\":\"Mit der runden Tajine aus der Spezialit\u00e4tenserie von Staub k\u00f6nnen Sie exquisite kulinarische Spezialit\u00e4ten zubereiten. Diese T\u00f6pfe stammen urspr\u00fcnglich\",\"breadcrumb\":{\"@id\":\"https:\/\/www.erresse-shop.it\/de\/shop\/toepfe-pfannen\/tajine-de\/staub-tajine-aus-gusseisen-20-cm-creme\/#breadcrumb\"},\"inLanguage\":\"de-DE\",\"potentialAction\":[{\"@type\":\"ReadAction\",\"target\":[\"https:\/\/www.erresse-shop.it\/de\/shop\/toepfe-pfannen\/tajine-de\/staub-tajine-aus-gusseisen-20-cm-creme\/\"]}]},{\"@type\":\"BreadcrumbList\",\"@id\":\"https:\/\/www.erresse-shop.it\/de\/shop\/toepfe-pfannen\/tajine-de\/staub-tajine-aus-gusseisen-20-cm-creme\/#breadcrumb\",\"itemListElement\":[{\"@type\":\"ListItem\",\"position\":1,\"name\":\"Home\",\"item\":\"https:\/\/www.erresse-shop.it\/de\/\"},{\"@type\":\"ListItem\",\"position\":2,\"name\":\"Shop\",\"item\":\"https:\/\/www.erresse-shop.it\/de\/shop\/\"},{\"@type\":\"ListItem\",\"position\":3,\"name\":\"STAUB Tajine aus Gusseisen 20 cm Creme\"}]},{\"@type\":\"WebSite\",\"@id\":\"https:\/\/www.erresse-shop.it\/de\/#website\",\"url\":\"https:\/\/www.erresse-shop.it\/de\/\",\"name\":\"Erresse Shop\",\"description\":\"Articoli di qualit\u00e0 per la casa\",\"potentialAction\":[{\"@type\":\"SearchAction\",\"target\":{\"@type\":\"EntryPoint\",\"urlTemplate\":\"https:\/\/www.erresse-shop.it\/de\/?s={search_term_string}\"},\"query-input\":\"required name=search_term_string\"}],\"inLanguage\":\"de-DE\"}]}<\/script>\n<!-- \/ Yoast SEO Premium plugin. -->","yoast_head_json":{"title":"STAUB Tajine aus Gusseisen 20 cm Creme - Erresse Shop","description":"Mit der runden Tajine aus der Spezialit\u00e4tenserie von Staub k\u00f6nnen Sie exquisite kulinarische Spezialit\u00e4ten zubereiten. Diese T\u00f6pfe stammen urspr\u00fcnglich","robots":{"index":"index","follow":"follow","max-snippet":"max-snippet:-1","max-image-preview":"max-image-preview:large","max-video-preview":"max-video-preview:-1"},"canonical":"https:\/\/www.erresse-shop.it\/de\/shop\/toepfe-pfannen\/tajine-de\/staub-tajine-aus-gusseisen-20-cm-creme\/","og_locale":"de_DE","og_type":"article","og_title":"STAUB Tajine aus Gusseisen 20 cm Creme","og_description":"Mit der runden Tajine aus der Spezialit\u00e4tenserie von Staub k\u00f6nnen Sie exquisite kulinarische Spezialit\u00e4ten zubereiten. Diese T\u00f6pfe stammen urspr\u00fcnglich","og_url":"https:\/\/www.erresse-shop.it\/de\/shop\/toepfe-pfannen\/tajine-de\/staub-tajine-aus-gusseisen-20-cm-creme\/","og_site_name":"Erresse Shop","article_modified_time":"2026-02-27T09:34:40+00:00","og_image":[{"width":1200,"height":1200,"url":"https:\/\/www.erresse-shop.it\/wp-content\/uploads\/2025\/04\/STAUB-Tajine-Ghisa-20-cm-Crema.jpg","type":"image\/jpeg"}],"twitter_card":"summary_large_image","schema":{"@context":"https:\/\/schema.org","@graph":[{"@type":"WebPage","@id":"https:\/\/www.erresse-shop.it\/de\/shop\/toepfe-pfannen\/tajine-de\/staub-tajine-aus-gusseisen-20-cm-creme\/","url":"https:\/\/www.erresse-shop.it\/de\/shop\/toepfe-pfannen\/tajine-de\/staub-tajine-aus-gusseisen-20-cm-creme\/","name":"STAUB Tajine aus Gusseisen 20 cm Creme - Erresse Shop","isPartOf":{"@id":"https:\/\/www.erresse-shop.it\/de\/#website"},"datePublished":"2025-04-28T05:53:35+00:00","dateModified":"2026-02-27T09:34:40+00:00","description":"Mit der runden Tajine aus der Spezialit\u00e4tenserie von Staub k\u00f6nnen Sie exquisite kulinarische Spezialit\u00e4ten zubereiten. Diese T\u00f6pfe stammen urspr\u00fcnglich","breadcrumb":{"@id":"https:\/\/www.erresse-shop.it\/de\/shop\/toepfe-pfannen\/tajine-de\/staub-tajine-aus-gusseisen-20-cm-creme\/#breadcrumb"},"inLanguage":"de-DE","potentialAction":[{"@type":"ReadAction","target":["https:\/\/www.erresse-shop.it\/de\/shop\/toepfe-pfannen\/tajine-de\/staub-tajine-aus-gusseisen-20-cm-creme\/"]}]},{"@type":"BreadcrumbList","@id":"https:\/\/www.erresse-shop.it\/de\/shop\/toepfe-pfannen\/tajine-de\/staub-tajine-aus-gusseisen-20-cm-creme\/#breadcrumb","itemListElement":[{"@type":"ListItem","position":1,"name":"Home","item":"https:\/\/www.erresse-shop.it\/de\/"},{"@type":"ListItem","position":2,"name":"Shop","item":"https:\/\/www.erresse-shop.it\/de\/shop\/"},{"@type":"ListItem","position":3,"name":"STAUB Tajine aus Gusseisen 20 cm Creme"}]},{"@type":"WebSite","@id":"https:\/\/www.erresse-shop.it\/de\/#website","url":"https:\/\/www.erresse-shop.it\/de\/","name":"Erresse Shop","description":"Articoli di qualit\u00e0 per la casa","potentialAction":[{"@type":"SearchAction","target":{"@type":"EntryPoint","urlTemplate":"https:\/\/www.erresse-shop.it\/de\/?s={search_term_string}"},"query-input":"required name=search_term_string"}],"inLanguage":"de-DE"}]}},"df_price":49.975,"df_sale_price":49.975,"df_regular_price":99.95,"df_image_link":"https:\/\/www.erresse-shop.it\/wp-content\/uploads\/2025\/04\/STAUB-Tajine-Ghisa-20-cm-Crema-300x300.jpg","_links":{"self":[{"href":"https:\/\/www.erresse-shop.it\/de\/wp-json\/wp\/v2\/product\/495265"}],"collection":[{"href":"https:\/\/www.erresse-shop.it\/de\/wp-json\/wp\/v2\/product"}],"about":[{"href":"https:\/\/www.erresse-shop.it\/de\/wp-json\/wp\/v2\/types\/product"}],"wp:featuredmedia":[{"embeddable":true,"href":"https:\/\/www.erresse-shop.it\/de\/wp-json\/wp\/v2\/media\/495293"}],"wp:attachment":[{"href":"https:\/\/www.erresse-shop.it\/de\/wp-json\/wp\/v2\/media?parent=495265"}],"wp:term":[{"taxonomy":"product_cat","embeddable":true,"href":"https:\/\/www.erresse-shop.it\/de\/wp-json\/wp\/v2\/product_cat?post=495265"},{"taxonomy":"product_tag","embeddable":true,"href":"https:\/\/www.erresse-shop.it\/de\/wp-json\/wp\/v2\/product_tag?post=495265"}],"curies":[{"name":"wp","href":"https:\/\/api.w.org\/{rel}","templated":true}]}}