{"id":495098,"date":"2025-04-24T13:44:01","date_gmt":"2025-04-24T13:44:03","guid":{"rendered":"https:\/\/www.erresse-shop.it\/?post_type=product&#038;p=495098"},"modified":"2026-02-27T09:36:35","modified_gmt":"2026-02-27T09:36:35","slug":"smeg-aesthetic-50s-gruen-milchaufschaeumer","status":"publish","type":"product","link":"https:\/\/www.erresse-shop.it\/de\/shop\/kleine-elektrogeraete\/milchaufschaumer\/smeg-aesthetic-50s-gruen-milchaufschaeumer\/","title":{"rendered":"SMEG Aesthetic 50s Gr\u00fcn Milchaufsch\u00e4umer"},"content":{"rendered":"<p><b>SMEG<\/b> 50er-Jahre-Serie<br \/>\nSymbolische Begegnungsobjekte, Ikonen, die R\u00e4ume verwandeln \u2013 die neuen Kleinger\u00e4te der 50er-Jahre-Linie, entworfen in Zusammenarbeit mit Matteo Bazzicalupo und Raffaella Mangiarotti von deepdesign, rufen vergangene Zeiten in Erinnerung und pr\u00e4gen den Alltag neu. Sie verleihen Bestehendem eine neue Bedeutung, wie es Kunst und Erinnerung tun.<br \/>\nMit ihren runden, kompakten Formen sind sie die Stars der K\u00fcche \u2013 f\u00fcr alle, die ein echtes Chef-Erlebnis suchen, aber auch f\u00fcr Designliebhaber, die keine Kompromisse bei der Leistung eingehen wollen.<\/p>\n<p><strong>EIN DESIGNOBJEKT VOLLER TECHNOLOGIE<\/strong><br \/>\nEntwickelt f\u00fcr hohe Leistung, Benutzerfreundlichkeit, Sicherheit und Komfort. Das schnelle und sichere Induktionsheizsystem aktiviert sich nur bei Auswahl eines Programms und schaltet sich nach dem Ende automatisch ab.<\/p>\n<p><strong>CAPPUCCINO, HEISSE MILCH ODER HEISSE SCHOKOLADE? G\u00d6NNEN SIE SICH EINE PAUSE<\/strong><br \/>\nDer MFF01 ist mehr als ein Milchaufsch\u00e4umer. Mit 6 automatischen Programmen und einer manuellen Funktion bereitet er hei\u00dfe und kalte Getr\u00e4nke mit oder ohne Schaum zu, ganz nach pers\u00f6nlichem Geschmack. Mit den mitgelieferten Quirlen lassen sich auch Tee, Kr\u00e4uteraufg\u00fcsse und andere l\u00f6sliche Hei\u00dfgetr\u00e4nke zubereiten.<\/p>\n<p><strong>SCHOKOLADEN-FUNKTION<\/strong><br \/>\nDurch Auswahl der Schokoladenfunktion und Verwendung der traditionellen Zutaten \u2013 Milch und Schokoladenst\u00fccke \u2013 entsteht dank der gleichm\u00e4\u00dfigen R\u00fchrbewegung und voreingestellten Idealtemperatur m\u00fchelos eine vollmundige, cremige und echte hei\u00dfe Schokolade.<\/p>\n<p><strong>DESIGN<\/strong><br \/>\nFarbe: Pastellgr\u00fcn<\/p>\n<p>Finish: Gl\u00e4nzend<\/p>\n<p>Designstil: 50\u2019s Style<\/p>\n<p>Geh\u00e4usematerial: Edelstahl<\/p>\n<p>Deckelmaterial: Tritan\u2122 Renew<\/p>\n<p>Messdeckel: Tritan\u2122 Renew<\/p>\n<p>Kanne: Edelstahl<\/p>\n<p>Grifffarbe: Innen grau \/ Au\u00dfen Chrom gl\u00e4nzend<\/p>\n<p>Griffmaterial: Innen Kunststoff \/ Au\u00dfen Edelstahl<\/p>\n<p>Kragenmaterial: Kunststoff<\/p>\n<p>Kragenfarbe: Chrom gl\u00e4nzend<\/p>\n<p>Sockelfarbe: Chrom gl\u00e4nzend<\/p>\n<p>Sockelmaterial: Kunststoff<\/p>\n<p>Kabelfarbe: Grau<\/p>\n<p><strong>BEDIENUNG<\/strong><br \/>\nTyp: Taste, Drehknopf<\/p>\n<p>Knopfmaterial: Kunststoff<\/p>\n<p>Tastenmaterial: Kunststoff<\/p>\n<p><strong>PROGRAMME \/ FUNKTIONEN<\/strong><br \/>\nHei\u00dfe Schokolade: Ja<\/p>\n<p>Hei\u00dfe Milch: Ja<\/p>\n<p>Hei\u00dfe Milch mit leichtem Schaum: Ja<\/p>\n<p>Hei\u00dfe Milch mit festem Schaum: Ja<\/p>\n<p>Kalte Milch mit leichtem Schaum: Ja<\/p>\n<p>Kalte Milch mit festem Schaum: Ja<\/p>\n<p>Manuelle Hei\u00dffunktion: Ja<\/p>\n<p>Manuelle Kaltfunktion: Ja<\/p>\n<p><strong>TECHNISCHE DATEN<\/strong><br \/>\nInduktionssystem mit automatischer Abschaltung: Ja<\/p>\n<p>Abnehmbarer Messdeckel: Ja<\/p>\n<p>Abnehmbare Kanne: Ja<\/p>\n<p>Kapazit\u00e4t f\u00fcr Milchaufsch\u00e4umen: 250 ml \/ 1 Tasse<\/p>\n<p>Kapazit\u00e4t f\u00fcr Erw\u00e4rmen: 600 ml \/ 2,5 Tassen<\/p>\n<p>Rutschfester Boden: Ja<\/p>\n<p>Integrierte Kabelaufwicklung: Ja<\/p>\n<p><strong>ELEKTRISCHER ANSCHLUSS<\/strong><br \/>\nSpannung: 220\u2013240 V<\/p>\n<p>Frequenz: 50\/60 Hz<\/p>\n<p>Steckertyp: Schuko<\/p>\n<p>Leistung: 500 W<\/p>\n<p>Kabell\u00e4nge: 1 m<\/p>\n<p><strong>LIEFERUMFANG<\/strong><br \/>\nGlatter Quirl f\u00fcr hei\u00dfe Milch &amp; manuell: Ja<\/p>\n<p>Gezahnter Quirl f\u00fcr Sch\u00e4umen &amp; manuell: Ja<\/p>\n<p>Quirlmaterial: Kunststoff<\/p>\n<p>Quirlfarbe: Grau<\/p>\n<p><u><strong>Nicht au\u00dferhalb Europas erh\u00e4ltlich<\/strong><\/u><\/p>\n","protected":false},"excerpt":{"rendered":"<p>SMEG 50er-Jahre-Serie Symbolische Begegnungsobjekte, Ikonen, die R\u00e4ume verwandeln \u2013 die neuen Kleinger\u00e4te der 50er-Jahre-Linie, entworfen in Zusammenarbeit mit Matteo Bazzicalupo<\/p>\n","protected":false},"featured_media":495139,"template":"","meta":{"_acf_changed":false,"inline_featured_image":false},"product_cat":[6703,20619],"product_tag":[25182,23624,11837,23564,11718,20627,12357,25022],"acf":[],"yoast_head":"<!-- This site is optimized with the Yoast SEO Premium plugin v18.6 (Yoast SEO v19.13) - https:\/\/yoast.com\/wordpress\/plugins\/seo\/ -->\n<title>SMEG Aesthetic 50s Gr\u00fcn Milchaufsch\u00e4umer - Erresse Shop<\/title>\n<meta name=\"description\" content=\"SMEG 50er-Jahre-Serie Symbolische Begegnungsobjekte, Ikonen, die R\u00e4ume verwandeln \u2013 die neuen Kleinger\u00e4te der 50er-Jahre-Linie, entworfen in\" \/>\n<meta name=\"robots\" content=\"index, follow, max-snippet:-1, max-image-preview:large, max-video-preview:-1\" \/>\n<link rel=\"canonical\" href=\"https:\/\/www.erresse-shop.it\/de\/shop\/kleine-elektrogeraete\/milchaufschaumer\/smeg-aesthetic-50s-gruen-milchaufschaeumer\/\" \/>\n<meta property=\"og:locale\" content=\"de_DE\" \/>\n<meta property=\"og:type\" content=\"article\" \/>\n<meta property=\"og:title\" content=\"SMEG Aesthetic 50s Gr\u00fcn Milchaufsch\u00e4umer\" \/>\n<meta property=\"og:description\" content=\"SMEG 50er-Jahre-Serie Symbolische Begegnungsobjekte, Ikonen, die R\u00e4ume verwandeln \u2013 die neuen Kleinger\u00e4te der 50er-Jahre-Linie, entworfen in\" \/>\n<meta property=\"og:url\" content=\"https:\/\/www.erresse-shop.it\/de\/shop\/kleine-elektrogeraete\/milchaufschaumer\/smeg-aesthetic-50s-gruen-milchaufschaeumer\/\" \/>\n<meta property=\"og:site_name\" content=\"Erresse Shop\" \/>\n<meta property=\"article:modified_time\" content=\"2026-02-27T09:36:35+00:00\" \/>\n<meta property=\"og:image\" content=\"https:\/\/www.erresse-shop.it\/wp-content\/uploads\/2025\/04\/SMEG-Estetica-Anni-50-Montalatte-Verde.jpg\" \/>\n\t<meta property=\"og:image:width\" content=\"1200\" \/>\n\t<meta property=\"og:image:height\" content=\"1200\" \/>\n\t<meta property=\"og:image:type\" content=\"image\/jpeg\" \/>\n<meta name=\"twitter:card\" content=\"summary_large_image\" \/>\n<script type=\"application\/ld+json\" class=\"yoast-schema-graph\">{\"@context\":\"https:\/\/schema.org\",\"@graph\":[{\"@type\":\"WebPage\",\"@id\":\"https:\/\/www.erresse-shop.it\/de\/shop\/kleine-elektrogeraete\/milchaufschaumer\/smeg-aesthetic-50s-gruen-milchaufschaeumer\/\",\"url\":\"https:\/\/www.erresse-shop.it\/de\/shop\/kleine-elektrogeraete\/milchaufschaumer\/smeg-aesthetic-50s-gruen-milchaufschaeumer\/\",\"name\":\"SMEG Aesthetic 50s Gr\u00fcn Milchaufsch\u00e4umer - Erresse Shop\",\"isPartOf\":{\"@id\":\"https:\/\/www.erresse-shop.it\/de\/#website\"},\"datePublished\":\"2025-04-24T13:44:03+00:00\",\"dateModified\":\"2026-02-27T09:36:35+00:00\",\"description\":\"SMEG 50er-Jahre-Serie Symbolische Begegnungsobjekte, Ikonen, die R\u00e4ume verwandeln \u2013 die neuen Kleinger\u00e4te der 50er-Jahre-Linie, entworfen in\",\"breadcrumb\":{\"@id\":\"https:\/\/www.erresse-shop.it\/de\/shop\/kleine-elektrogeraete\/milchaufschaumer\/smeg-aesthetic-50s-gruen-milchaufschaeumer\/#breadcrumb\"},\"inLanguage\":\"de-DE\",\"potentialAction\":[{\"@type\":\"ReadAction\",\"target\":[\"https:\/\/www.erresse-shop.it\/de\/shop\/kleine-elektrogeraete\/milchaufschaumer\/smeg-aesthetic-50s-gruen-milchaufschaeumer\/\"]}]},{\"@type\":\"BreadcrumbList\",\"@id\":\"https:\/\/www.erresse-shop.it\/de\/shop\/kleine-elektrogeraete\/milchaufschaumer\/smeg-aesthetic-50s-gruen-milchaufschaeumer\/#breadcrumb\",\"itemListElement\":[{\"@type\":\"ListItem\",\"position\":1,\"name\":\"Home\",\"item\":\"https:\/\/www.erresse-shop.it\/de\/\"},{\"@type\":\"ListItem\",\"position\":2,\"name\":\"Shop\",\"item\":\"https:\/\/www.erresse-shop.it\/de\/shop\/\"},{\"@type\":\"ListItem\",\"position\":3,\"name\":\"SMEG Aesthetic 50s Gr\u00fcn Milchaufsch\u00e4umer\"}]},{\"@type\":\"WebSite\",\"@id\":\"https:\/\/www.erresse-shop.it\/de\/#website\",\"url\":\"https:\/\/www.erresse-shop.it\/de\/\",\"name\":\"Erresse Shop\",\"description\":\"Articoli di qualit\u00e0 per la casa\",\"potentialAction\":[{\"@type\":\"SearchAction\",\"target\":{\"@type\":\"EntryPoint\",\"urlTemplate\":\"https:\/\/www.erresse-shop.it\/de\/?s={search_term_string}\"},\"query-input\":\"required name=search_term_string\"}],\"inLanguage\":\"de-DE\"}]}<\/script>\n<!-- \/ Yoast SEO Premium plugin. -->","yoast_head_json":{"title":"SMEG Aesthetic 50s Gr\u00fcn Milchaufsch\u00e4umer - Erresse Shop","description":"SMEG 50er-Jahre-Serie Symbolische Begegnungsobjekte, Ikonen, die R\u00e4ume verwandeln \u2013 die neuen Kleinger\u00e4te der 50er-Jahre-Linie, entworfen in","robots":{"index":"index","follow":"follow","max-snippet":"max-snippet:-1","max-image-preview":"max-image-preview:large","max-video-preview":"max-video-preview:-1"},"canonical":"https:\/\/www.erresse-shop.it\/de\/shop\/kleine-elektrogeraete\/milchaufschaumer\/smeg-aesthetic-50s-gruen-milchaufschaeumer\/","og_locale":"de_DE","og_type":"article","og_title":"SMEG Aesthetic 50s Gr\u00fcn Milchaufsch\u00e4umer","og_description":"SMEG 50er-Jahre-Serie Symbolische Begegnungsobjekte, Ikonen, die R\u00e4ume verwandeln \u2013 die neuen Kleinger\u00e4te der 50er-Jahre-Linie, entworfen in","og_url":"https:\/\/www.erresse-shop.it\/de\/shop\/kleine-elektrogeraete\/milchaufschaumer\/smeg-aesthetic-50s-gruen-milchaufschaeumer\/","og_site_name":"Erresse Shop","article_modified_time":"2026-02-27T09:36:35+00:00","og_image":[{"width":1200,"height":1200,"url":"https:\/\/www.erresse-shop.it\/wp-content\/uploads\/2025\/04\/SMEG-Estetica-Anni-50-Montalatte-Verde.jpg","type":"image\/jpeg"}],"twitter_card":"summary_large_image","schema":{"@context":"https:\/\/schema.org","@graph":[{"@type":"WebPage","@id":"https:\/\/www.erresse-shop.it\/de\/shop\/kleine-elektrogeraete\/milchaufschaumer\/smeg-aesthetic-50s-gruen-milchaufschaeumer\/","url":"https:\/\/www.erresse-shop.it\/de\/shop\/kleine-elektrogeraete\/milchaufschaumer\/smeg-aesthetic-50s-gruen-milchaufschaeumer\/","name":"SMEG Aesthetic 50s Gr\u00fcn Milchaufsch\u00e4umer - Erresse Shop","isPartOf":{"@id":"https:\/\/www.erresse-shop.it\/de\/#website"},"datePublished":"2025-04-24T13:44:03+00:00","dateModified":"2026-02-27T09:36:35+00:00","description":"SMEG 50er-Jahre-Serie Symbolische Begegnungsobjekte, Ikonen, die R\u00e4ume verwandeln \u2013 die neuen Kleinger\u00e4te der 50er-Jahre-Linie, entworfen in","breadcrumb":{"@id":"https:\/\/www.erresse-shop.it\/de\/shop\/kleine-elektrogeraete\/milchaufschaumer\/smeg-aesthetic-50s-gruen-milchaufschaeumer\/#breadcrumb"},"inLanguage":"de-DE","potentialAction":[{"@type":"ReadAction","target":["https:\/\/www.erresse-shop.it\/de\/shop\/kleine-elektrogeraete\/milchaufschaumer\/smeg-aesthetic-50s-gruen-milchaufschaeumer\/"]}]},{"@type":"BreadcrumbList","@id":"https:\/\/www.erresse-shop.it\/de\/shop\/kleine-elektrogeraete\/milchaufschaumer\/smeg-aesthetic-50s-gruen-milchaufschaeumer\/#breadcrumb","itemListElement":[{"@type":"ListItem","position":1,"name":"Home","item":"https:\/\/www.erresse-shop.it\/de\/"},{"@type":"ListItem","position":2,"name":"Shop","item":"https:\/\/www.erresse-shop.it\/de\/shop\/"},{"@type":"ListItem","position":3,"name":"SMEG Aesthetic 50s Gr\u00fcn Milchaufsch\u00e4umer"}]},{"@type":"WebSite","@id":"https:\/\/www.erresse-shop.it\/de\/#website","url":"https:\/\/www.erresse-shop.it\/de\/","name":"Erresse Shop","description":"Articoli di qualit\u00e0 per la casa","potentialAction":[{"@type":"SearchAction","target":{"@type":"EntryPoint","urlTemplate":"https:\/\/www.erresse-shop.it\/de\/?s={search_term_string}"},"query-input":"required name=search_term_string"}],"inLanguage":"de-DE"}]}},"df_price":139.29999999999998,"df_sale_price":139.29999999999998,"df_regular_price":199,"df_image_link":"https:\/\/www.erresse-shop.it\/wp-content\/uploads\/2025\/04\/SMEG-Estetica-Anni-50-Montalatte-Verde-300x300.jpg","_links":{"self":[{"href":"https:\/\/www.erresse-shop.it\/de\/wp-json\/wp\/v2\/product\/495098"}],"collection":[{"href":"https:\/\/www.erresse-shop.it\/de\/wp-json\/wp\/v2\/product"}],"about":[{"href":"https:\/\/www.erresse-shop.it\/de\/wp-json\/wp\/v2\/types\/product"}],"wp:featuredmedia":[{"embeddable":true,"href":"https:\/\/www.erresse-shop.it\/de\/wp-json\/wp\/v2\/media\/495139"}],"wp:attachment":[{"href":"https:\/\/www.erresse-shop.it\/de\/wp-json\/wp\/v2\/media?parent=495098"}],"wp:term":[{"taxonomy":"product_cat","embeddable":true,"href":"https:\/\/www.erresse-shop.it\/de\/wp-json\/wp\/v2\/product_cat?post=495098"},{"taxonomy":"product_tag","embeddable":true,"href":"https:\/\/www.erresse-shop.it\/de\/wp-json\/wp\/v2\/product_tag?post=495098"}],"curies":[{"name":"wp","href":"https:\/\/api.w.org\/{rel}","templated":true}]}}